{"id":1346,"date":"2013-07-19T09:48:40","date_gmt":"2013-07-19T09:48:40","guid":{"rendered":"http:\/\/predmetyreklamni.eu\/vyrobce\/?page_id=1346"},"modified":"2014-03-12T14:53:38","modified_gmt":"2014-03-12T14:53:38","slug":"kytky-v-plechovce-vyrobce","status":"publish","type":"page","link":"https:\/\/predmetyreklamni.eu\/vyrobce\/kytky-v-plechovce-vyrobce\/","title":{"rendered":"Kytky v plechovce v\u00fdrobce"},"content":{"rendered":"<h1 style=\"text-align: justify;\">KYTKY V PLECHOVCE V\u00ddROBCE<\/h1>\n<h2 style=\"text-align: justify;\">Kytky v plechovce p\u0159\u00edmo od v\u00fdrobce<\/h2>\n<p style=\"text-align: justify;\">Z pozice profesion\u00e1ln\u00edho z\u00e1stupce v\u00fdrobce pro kytky v plechovce, jsme schopni <a href=\"http:\/\/predmetyreklamni.eu\/vyrobce\/wp-content\/uploads\/kytky-v-plechovce-v\u00fdrobce.jpg\"><img decoding=\"async\" loading=\"lazy\" class=\"alignright size-full wp-image-1762\" title=\"kytky v plechovce v\u00fdrobce\" alt=\"kytky v plechovce v\u00fdrobce\" src=\"http:\/\/predmetyreklamni.eu\/vyrobce\/wp-content\/uploads\/kytky-v-plechovce-v\u00fdrobce.jpg\" width=\"300\" height=\"225\" \/><\/a>p\u0159izp\u016fsobit v\u00fdrobu na p\u0159\u00e1n\u00ed klienta. Zastupujeme kvalitn\u00edho v\u00fdrobce pro kytky v plechovce, kter\u00fd je schopen na zak\u00e1zku vyrobit kytky v plechovce, kytky v plastov\u00e9m kel\u00edmku nebo kytky v pap\u00edrov\u00e9m obalu. N\u00e1\u0161 v\u00fdrobce disponuje tov\u00e1rnou o rozloze 4000 m\u00b2, kde je pro V\u00e1s na zak\u00e1zku schopen vyrobit kytky v plechovce v r\u016fzn\u00fdch podob\u00e1ch. P\u0159i mno\u017estv\u00edch nad 5000 ks je v\u00fdrobce schopen maxim\u00e1ln\u011b p\u0159izp\u016fsobit v\u00fdrobu a ve velmi kr\u00e1tk\u00e9m \u010dase je dodat vzorek produktu.<\/p>\n<h2 style=\"text-align: justify;\">Kytky v plechovce od v\u00fdrobce na zak\u00e1zku<\/h2>\n<p style=\"text-align: justify;\">N\u00e1\u0161 v\u00fdrobce nab\u00edz\u00ed ekologicky \u0161etrn\u00e9 reklamn\u00ed rostliny a kv\u011btiny, pomoc\u00ed kter\u00fdm m\u016f\u017eete origin\u00e1ln\u011b propagovat svoj\u00ed firmu a zna\u010dku. \u00a0V dne\u0161n\u00ed dob\u011b, kdy t\u00e9m\u011b\u0159 ka\u017ed\u00fd sleduje trendy v oblasti ekologie jsou ekologick\u00e9 reklamn\u00ed p\u0159edm\u011bty opravdu hitem, a proto nechat si na zak\u00e1zku vyrobit reklamn\u00ed kytky v plechovce p\u0159\u00edmo od v\u00fdrobce, tud\u00ed\u017e za skv\u011bl\u00e9 ceny, je opravdu trefou do \u010dern\u00e9ho. V\u00fdrobce na zak\u00e1zku m\u016f\u017ee kytky v plechovce opat\u0159it potiskem, kter\u00fd je um\u00edst\u011bn na obalu plechovky. Vy tak jednodu\u0161e a efektivn\u011b propagujete svoj\u00ed zna\u010dku a obdarovan\u00fd p\u011bstuje svoj\u00ed obl\u00edbenou kv\u011btinu, rostlinku, bylinku \u010di kouzelnou fazoli.<\/p>\n<p style=\"text-align: justify;\"><a href=\"http:\/\/predmetyreklamni.eu\/vyrobce\/wp-content\/uploads\/can_flower_production-1.jpg\"><img decoding=\"async\" loading=\"lazy\" class=\"size-full wp-image-1767 alignleft\" title=\"Kytky v plechovce od v\u00fdrobce na zak\u00e1zku\" alt=\"Kytky v plechovce od v\u00fdrobce na zak\u00e1zku\" src=\"http:\/\/predmetyreklamni.eu\/vyrobce\/wp-content\/uploads\/can_flower_production-1.jpg\" width=\"250\" height=\"169\" \/><\/a><\/p>\n<p style=\"text-align: justify;\"><a href=\"http:\/\/predmetyreklamni.eu\/vyrobce\/wp-content\/uploads\/magic_egg-manufacturer.jpg\"><img decoding=\"async\" loading=\"lazy\" class=\"alignleft size-full wp-image-1768\" title=\"Kytky v plechovce od v\u00fdrobce za skv\u011bl\u00e9 ceny\" alt=\"Kytky v plechovce od v\u00fdrobce za skv\u011bl\u00e9 ceny\" src=\"http:\/\/predmetyreklamni.eu\/vyrobce\/wp-content\/uploads\/magic_egg-manufacturer.jpg\" width=\"250\" height=\"169\" \/><\/a><\/p>\n<h2 style=\"text-align: justify;\">Kontaktuje v\u00fdrobce pro kytky v plechovce<\/h2>\n<p style=\"text-align: justify;\">Zaujaly V\u00e1s na\u0161e kytky v plechovce a chcete si je nechat na zak\u00e1zku vyrobit p\u0159\u00edmo od v\u00fdrobce za velkoobchodn\u00ed ceny o obdarovat sv\u00e9 z\u00e1kazn\u00edky \u010di obchodn\u00ed partnery? Kontaktujte n\u00e1s pro cenovou nab\u00eddku na emailu:<a href=\"mailto:info@predmetyreklamni.eu\">\u00a0info@predmetyreklamni.eu<\/a><\/p>\n<p style=\"text-align: justify;\"><strong>Do cenov\u00e9 popt\u00e1vky pros\u00edm uve\u010fte pot\u0159ebn\u00e9 informace pro cenovou nab\u00eddku jako<\/strong>: mno\u017estv\u00ed, velikost, barevn\u00e9 proveden\u00ed nebo kombinaci barev, dobu dod\u00e1n\u00ed. V\u0161echny tyto informace n\u00e1m pomohou k rychlej\u0161\u00edmu zpracov\u00e1n\u00ed cenov\u00e9 nab\u00eddky pr\u00e1v\u011b pro V\u00e1s.<\/p>\n<p style=\"text-align: justify;\">T\u011b\u0161\u00edme se na spolupr\u00e1ci! Team Gifts Service<\/p>\n","protected":false},"excerpt":{"rendered":"<p>KYTKY V PLECHOVCE V\u00ddROBCE Kytky v plechovce p\u0159\u00edmo od v\u00fdrobce Z pozice profesion\u00e1ln\u00edho z\u00e1stupce v\u00fdrobce pro kytky v plechovce, jsme schopni p\u0159izp\u016fsobit v\u00fdrobu na p\u0159\u00e1n\u00ed klienta. Zastupujeme kvalitn\u00edho v\u00fdrobce pro kytky v plechovce, kter\u00fd je schopen na zak\u00e1zku vyrobit kytky &hellip; <a href=\"https:\/\/predmetyreklamni.eu\/vyrobce\/kytky-v-plechovce-vyrobce\/\">Continue reading <span class=\"meta-nav\">&rarr;<\/span><\/a><\/p>\n","protected":false},"author":1,"featured_media":0,"parent":0,"menu_order":16,"comment_status":"closed","ping_status":"open","template":"sidebar-page.php","meta":[],"_links":{"self":[{"href":"https:\/\/predmetyreklamni.eu\/vyrobce\/wp-json\/wp\/v2\/pages\/1346"}],"collection":[{"href":"https:\/\/predmetyreklamni.eu\/vyrobce\/wp-json\/wp\/v2\/pages"}],"about":[{"href":"https:\/\/predmetyreklamni.eu\/vyrobce\/wp-json\/wp\/v2\/types\/page"}],"author":[{"embeddable":true,"href":"https:\/\/predmetyreklamni.eu\/vyrobce\/wp-json\/wp\/v2\/users\/1"}],"replies":[{"embeddable":true,"href":"https:\/\/predmetyreklamni.eu\/vyrobce\/wp-json\/wp\/v2\/comments?post=1346"}],"version-history":[{"count":19,"href":"https:\/\/predmetyreklamni.eu\/vyrobce\/wp-json\/wp\/v2\/pages\/1346\/revisions"}],"predecessor-version":[{"id":2907,"href":"https:\/\/predmetyreklamni.eu\/vyrobce\/wp-json\/wp\/v2\/pages\/1346\/revisions\/2907"}],"wp:attachment":[{"href":"https:\/\/predmetyreklamni.eu\/vyrobce\/wp-json\/wp\/v2\/media?parent=1346"}],"curies":[{"name":"wp","href":"https:\/\/api.w.org\/{rel}","templated":true}]}}