{"id":1583,"date":"2013-07-25T16:20:22","date_gmt":"2013-07-25T16:20:22","guid":{"rendered":"http:\/\/predmetyreklamni.eu\/vyrobce\/?page_id=1583"},"modified":"2014-03-12T14:34:53","modified_gmt":"2014-03-12T14:34:53","slug":"rostlinky-ovoce-a-zelenina-v-plechovce-s-potiskem","status":"publish","type":"page","link":"https:\/\/predmetyreklamni.eu\/vyrobce\/rostlinky-ovoce-a-zelenina-v-plechovce-s-potiskem\/","title":{"rendered":"Rostlinky ovoce a zelenina v plechovce s potiskem"},"content":{"rendered":"<h1 style=\"text-align: justify;\">ROSTLINKY OVOCE A ZELENINA V PLECHOVCE S POTISKEM<\/h1>\n<h2 style=\"text-align: justify;\">Nab\u00edz\u00edme rostlinky ovoce a zelenina v plechovce s potiskem<\/h2>\n<p style=\"text-align: justify;\">N\u00ed\u017ee V\u00e1m p\u0159edstav\u00edme \u0161irokou nab\u00eddku jakou nab\u00edz\u00edme v s\u00e9rii rostlinky ovoce a zelenina v plechovce, z kter\u00e9 v\u011b\u0159\u00edme, \u017ee si vyberete. V\u011bnujte sv\u00fdm zam\u011bstnanc\u016fm, klient\u016fm, obchodn\u00edm partner\u016fm \u010di z\u00e1kazn\u00edk\u016fm jednoduch\u00fd a kr\u00e1sn\u00fd d\u00e1rek v podob\u011b rostlinky ovoce nebo zelenina v plechovce, kterou m\u016f\u017eete nechat opat\u0159it potiskem loga, zna\u010dky, n\u00e1zvem propaga\u010dn\u00ed akce nebo jak\u00fdmkoliv designem. Zvy\u0161te pov\u011bdom\u00ed o Va\u0161\u00ed firm\u011b ekologicky \u0161etrn\u00fdm reklamn\u00edm p\u0159edm\u011btem, kter\u00fdm reklamn\u00ed rostlinky ovoce a zelenina v plechovce bezpochyby jsou. Sta\u010d\u00ed si jen rozmyslet, co chcete aby Va\u0161e kv\u011btiny a bylinky v plechovce potiskem sd\u011blovaly.<\/p>\n<h2 style=\"text-align: justify;\">Rostlinky ovoce v plechovce s potiskem &#8211; jahody<\/h2>\n<p style=\"text-align: justify;\"><a href=\"http:\/\/predmetyreklamni.eu\/vyrobce\/wp-content\/uploads\/imprinted-mini-plants1.jpg\"><img decoding=\"async\" loading=\"lazy\" class=\"alignleft size-full wp-image-1591\" title=\"Rostlinky ovoce v plechovce s potiskem - jahody\" alt=\"Rostlinky ovoce v plechovce s potiskem - jahody\" src=\"http:\/\/predmetyreklamni.eu\/vyrobce\/wp-content\/uploads\/imprinted-mini-plants1.jpg\" width=\"240\" height=\"240\" srcset=\"https:\/\/predmetyreklamni.eu\/vyrobce\/wp-content\/uploads\/imprinted-mini-plants1.jpg 240w, https:\/\/predmetyreklamni.eu\/vyrobce\/wp-content\/uploads\/imprinted-mini-plants1-150x150.jpg 150w\" sizes=\"(max-width: 240px) 100vw, 240px\" \/><\/a><\/p>\n<p style=\"text-align: justify;\">Jednodu\u0161e otev\u0159ete plechovku a postupujte dle pokyn\u016f na zadn\u00ed stran\u011b plechovky a ji\u017e brzy V\u00e1m vyrostou skute\u010dn\u00e9 jahody.<br \/>\n<strong>Minim\u00e1ln\u00ed odb\u011br:<\/strong>\u00a05000 ks<br \/>\n<strong>Cena<\/strong>: 19.90 K\u010d\/ks (p\u0159i odb\u011bru 5000 ks)<br \/>\n<strong>Rozm\u011bry<\/strong>: \u00d8\u00a06.5 x 9.5 cm<br \/>\n<strong>Potisk<\/strong>: na zak\u00e1zku<br \/>\n<strong>Cena<\/strong>:\u00a0<a title=\"ZASLAT POPT\u00c1VKU\" href=\"mailto:info@predmetyreklamni.eu\">ZASLAT POPT\u00c1VKU\u00a0<\/a><\/p>\n<h2 style=\"text-align: justify;\">Rostlinky ovoce v plechovce s potiskem &#8211; vi\u0161n\u011b<\/h2>\n<p style=\"text-align: justify;\"><a href=\"http:\/\/predmetyreklamni.eu\/vyrobce\/wp-content\/uploads\/Cherry-Tin-Plant.jpg\"><img decoding=\"async\" loading=\"lazy\" class=\"alignleft size-full wp-image-1594\" title=\"Rostlinky ovoce v plechovce s potiskem - vi\u0161n\u011b\" alt=\"Rostlinky ovoce v plechovce s potiskem - vi\u0161n\u011b\" src=\"http:\/\/predmetyreklamni.eu\/vyrobce\/wp-content\/uploads\/Cherry-Tin-Plant.jpg\" width=\"200\" height=\"200\" srcset=\"https:\/\/predmetyreklamni.eu\/vyrobce\/wp-content\/uploads\/Cherry-Tin-Plant.jpg 200w, https:\/\/predmetyreklamni.eu\/vyrobce\/wp-content\/uploads\/Cherry-Tin-Plant-150x150.jpg 150w\" sizes=\"(max-width: 200px) 100vw, 200px\" \/><\/a><\/p>\n<p style=\"text-align: justify;\">Jednodu\u0161e otev\u0159ete plechovku a postupujte dle pokyn\u016f na zadn\u00ed stran\u011b plechovky a m\u016f\u017eete si vyp\u011bstovat sv\u016fj vlastn\u00ed strom vi\u0161n\u011b.<br \/>\n<strong>Minim\u00e1ln\u00ed odb\u011br:<\/strong>\u00a05000 ks<br \/>\n<strong>Cena<\/strong>: 19.90 K\u010d\/ks (p\u0159i odb\u011bru 5000 ks)<br \/>\n<strong>Rozm\u011bry<\/strong>: \u00d8\u00a06.5 x 9.5 cm<br \/>\n<strong>Potisk<\/strong>: na zak\u00e1zku<br \/>\n<strong>Cena<\/strong>:\u00a0<a title=\"ZASLAT POPT\u00c1VKU\" href=\"mailto:info@predmetyreklamni.eu\">ZASLAT POPT\u00c1VKU\u00a0<\/a><\/p>\n<h2 style=\"text-align: justify;\">Rostlinky zeleniny v plechovce s potiskem &#8211; d\u00fdn\u011b<\/h2>\n<p style=\"text-align: justify;\"><a href=\"http:\/\/predmetyreklamni.eu\/vyrobce\/wp-content\/uploads\/Pumpkin-in-a-Advertising-Tin-Plant.jpg\"><img decoding=\"async\" loading=\"lazy\" class=\"alignleft size-full wp-image-1596\" title=\"Rostlinky zeleniny v plechovce s potiskem - d\u00fdn\u011b\" alt=\"Rostlinky zeleniny v plechovce s potiskem - d\u00fdn\u011b\" src=\"http:\/\/predmetyreklamni.eu\/vyrobce\/wp-content\/uploads\/Pumpkin-in-a-Advertising-Tin-Plant.jpg\" width=\"200\" height=\"200\" srcset=\"https:\/\/predmetyreklamni.eu\/vyrobce\/wp-content\/uploads\/Pumpkin-in-a-Advertising-Tin-Plant.jpg 200w, https:\/\/predmetyreklamni.eu\/vyrobce\/wp-content\/uploads\/Pumpkin-in-a-Advertising-Tin-Plant-150x150.jpg 150w\" sizes=\"(max-width: 200px) 100vw, 200px\" \/><\/a><\/p>\n<p style=\"text-align: justify;\">Jednodu\u0161e otev\u0159ete plechovku a postupujte dle pokyn\u016f na zadn\u00ed stran\u011b plechovky a ji\u017e brzy V\u00e1m vyroste skute\u010dn\u00e1 d\u00fdn\u011b.<br \/>\n<strong>Minim\u00e1ln\u00ed odb\u011br:<\/strong>\u00a05000 ks<br \/>\n<strong>Cena<\/strong>: 19.90 K\u010d\/ks (p\u0159i odb\u011bru 5000 ks)<br \/>\n<strong>Rozm\u011bry<\/strong>: \u00d8\u00a06.5 x 9.5 cm<br \/>\n<strong>Potisk<\/strong>: na zak\u00e1zku<br \/>\n<strong>Cena<\/strong>:\u00a0<a title=\"ZASLAT POPT\u00c1VKU\" href=\"mailto:info@predmetyreklamni.eu\">ZASLAT POPT\u00c1VKU\u00a0<\/a><\/p>\n<h2 style=\"text-align: justify;\">\u00a0Rostlinky zelenina v plechovce s potiskem &#8211; raj\u010de<\/h2>\n<p style=\"text-align: justify;\"><a href=\"http:\/\/predmetyreklamni.eu\/vyrobce\/wp-content\/uploads\/Advertising-Tomato-Tin-Plant.jpg\"><img decoding=\"async\" loading=\"lazy\" class=\"alignleft size-full wp-image-1598\" title=\" Rostlinky zelenina v plechovce s potiskem - raj\u010de\" alt=\" Rostlinky zelenina v plechovce s potiskem - raj\u010de\" src=\"http:\/\/predmetyreklamni.eu\/vyrobce\/wp-content\/uploads\/Advertising-Tomato-Tin-Plant.jpg\" width=\"200\" height=\"200\" srcset=\"https:\/\/predmetyreklamni.eu\/vyrobce\/wp-content\/uploads\/Advertising-Tomato-Tin-Plant.jpg 200w, https:\/\/predmetyreklamni.eu\/vyrobce\/wp-content\/uploads\/Advertising-Tomato-Tin-Plant-150x150.jpg 150w\" sizes=\"(max-width: 200px) 100vw, 200px\" \/><\/a><\/p>\n<p style=\"text-align: justify;\">Jednodu\u0161e otev\u0159ete plechovku a postupujte dle pokyn\u016f na zadn\u00ed stran\u011b plechovky a ji\u017e brzy V\u00e1m vyroste skute\u010dn\u00e9 raj\u010de.<br \/>\n<strong>Minim\u00e1ln\u00ed odb\u011br:<\/strong>\u00a05000 ks<br \/>\n<strong>Cena<\/strong>: 19.90 K\u010d\/ks (p\u0159i odb\u011bru 5000 ks)<br \/>\n<strong>Rozm\u011bry<\/strong>: \u00d8\u00a06.5 x 9.5 cm<br \/>\n<strong>Potisk<\/strong>: na zak\u00e1zku<br \/>\n<strong>Cena<\/strong>:\u00a0<a title=\"ZASLAT POPT\u00c1VKU\" href=\"mailto:info@predmetyreklamni.eu\">ZASLAT POPT\u00c1VKU\u00a0<\/a><\/p>\n<h2 style=\"text-align: justify;\">Rostlinky zelenina v plechovce s potiskem &#8211; mrkev<\/h2>\n<p style=\"text-align: justify;\"><a href=\"http:\/\/predmetyreklamni.eu\/vyrobce\/wp-content\/uploads\/Carrot-Advertising-Tin-Plant.jpg\"><img decoding=\"async\" loading=\"lazy\" class=\"size-full wp-image-1600 alignright\" title=\"Rostlinky zelenina v plechovce s potiskem - mrkev\" alt=\"Rostlinky zelenina v plechovce s potiskem - mrkev\" src=\"http:\/\/predmetyreklamni.eu\/vyrobce\/wp-content\/uploads\/Carrot-Advertising-Tin-Plant.jpg\" width=\"200\" height=\"200\" srcset=\"https:\/\/predmetyreklamni.eu\/vyrobce\/wp-content\/uploads\/Carrot-Advertising-Tin-Plant.jpg 200w, https:\/\/predmetyreklamni.eu\/vyrobce\/wp-content\/uploads\/Carrot-Advertising-Tin-Plant-150x150.jpg 150w\" sizes=\"(max-width: 200px) 100vw, 200px\" \/><\/a><\/p>\n<p style=\"text-align: justify;\">Jednodu\u0161e otev\u0159ete plechovku a postupujte dle pokyn\u016f na zadn\u00ed stran\u011b plechovky a ji\u017e brzy V\u00e1m vyroste skute\u010dn\u00e1 mrkev.<br \/>\n<strong>Minim\u00e1ln\u00ed odb\u011br:<\/strong>\u00a05000 ks<br \/>\n<strong>Cena<\/strong>: 19.90 K\u010d\/ks (p\u0159i odb\u011bru 5000 ks)<br \/>\n<strong>Rozm\u011bry<\/strong>: \u00d8\u00a06.5 x 9.5 cm<br \/>\n<strong>Potisk<\/strong>: na zak\u00e1zku<br \/>\n<strong>Cena<\/strong>:\u00a0<a title=\"ZASLAT POPT\u00c1VKU\" href=\"mailto:info@predmetyreklamni.eu\">ZASLAT POPT\u00c1VKU\u00a0<\/a><\/p>\n<h2 style=\"text-align: justify;\">Rostlinky zelenina v plechovce s potiskem &#8211; celer<\/h2>\n<h2 style=\"text-align: justify;\"><a href=\"http:\/\/predmetyreklamni.eu\/vyrobce\/wp-content\/uploads\/Celery-Tin-Plant.jpg\"><img decoding=\"async\" loading=\"lazy\" class=\"alignright size-full wp-image-1602\" title=\"Rostlinky zelenina v plechovce s potiskem - celer\" alt=\"Rostlinky zelenina v plechovce s potiskem - celer\" src=\"http:\/\/predmetyreklamni.eu\/vyrobce\/wp-content\/uploads\/Celery-Tin-Plant.jpg\" width=\"200\" height=\"200\" srcset=\"https:\/\/predmetyreklamni.eu\/vyrobce\/wp-content\/uploads\/Celery-Tin-Plant.jpg 200w, https:\/\/predmetyreklamni.eu\/vyrobce\/wp-content\/uploads\/Celery-Tin-Plant-150x150.jpg 150w\" sizes=\"(max-width: 200px) 100vw, 200px\" \/><\/a><\/h2>\n<div style=\"text-align: justify;\">Jednodu\u0161e otev\u0159ete plechovku a postupujte dle pokyn\u016f na zadn\u00ed stran\u011b plechovky a ji\u017e brzy V\u00e1m vyroste skute\u010dn\u00fd celer.<\/div>\n<div style=\"text-align: justify;\"><strong>Minim\u00e1ln\u00ed odb\u011br:<\/strong>\u00a05000 ks<br \/>\n<strong>Cena<\/strong>: 19.90 K\u010d\/ks (p\u0159i odb\u011bru 5000 ks)<br \/>\n<strong>Rozm\u011bry<\/strong>: \u00d8\u00a06.5 x 9.5 cm<br \/>\n<strong>Potisk<\/strong>: na zak\u00e1zku<br \/>\n<strong>Cena<\/strong>:\u00a0<a title=\"ZASLAT POPT\u00c1VKU\" href=\"mailto:info@predmetyreklamni.eu\">ZASLAT POPT\u00c1VKU\u00a0<\/a><\/div>\n<div style=\"text-align: justify;\"><\/div>\n<h2 style=\"text-align: justify;\">Rostlinky zelenina v plechovce s potiskem &#8211; okurka<\/h2>\n<p style=\"text-align: justify;\"><a href=\"http:\/\/predmetyreklamni.eu\/vyrobce\/wp-content\/uploads\/Cucumber-in-a-Advertising-Tin-Plant.jpg\"><img decoding=\"async\" loading=\"lazy\" class=\"size-full wp-image-1609 alignleft\" title=\"Rostlinky zelenina v plechovce s potiskem - okurka\" alt=\"Rostlinky zelenina v plechovce s potiskem - okurka\" src=\"http:\/\/predmetyreklamni.eu\/vyrobce\/wp-content\/uploads\/Cucumber-in-a-Advertising-Tin-Plant.jpg\" width=\"200\" height=\"200\" srcset=\"https:\/\/predmetyreklamni.eu\/vyrobce\/wp-content\/uploads\/Cucumber-in-a-Advertising-Tin-Plant.jpg 200w, https:\/\/predmetyreklamni.eu\/vyrobce\/wp-content\/uploads\/Cucumber-in-a-Advertising-Tin-Plant-150x150.jpg 150w\" sizes=\"(max-width: 200px) 100vw, 200px\" \/><\/a><\/p>\n<div style=\"text-align: justify;\">\n<div>Jednodu\u0161e otev\u0159ete plechovku a postupujte dle pokyn\u016f na zadn\u00ed stran\u011b plechovky a ji\u017e brzy V\u00e1m vyroste skute\u010dn\u00e1 okurka.<\/div>\n<div><strong>Minim\u00e1ln\u00ed odb\u011br:<\/strong>\u00a05000 ks<br \/>\n<strong>Cena<\/strong>: 19.90 K\u010d\/ks (p\u0159i odb\u011bru 5000 ks)<br \/>\n<strong>Rozm\u011bry<\/strong>: \u00d8\u00a06.5 x 9.5 cm<br \/>\n<strong>Potisk<\/strong>: na zak\u00e1zku<br \/>\n<strong>Cena<\/strong>:\u00a0<a title=\"ZASLAT POPT\u00c1VKU\" href=\"mailto:info@predmetyreklamni.eu\">ZASLAT POPT\u00c1VKU\u00a0<\/a><\/div>\n<\/div>\n<div style=\"text-align: justify;\"><\/div>\n<div style=\"text-align: justify;\"><\/div>\n<div style=\"text-align: justify;\">\n<h2>Rostlinky zelenina v plechovce s potiskem &#8211; lilek<\/h2>\n<p><a href=\"http:\/\/predmetyreklamni.eu\/vyrobce\/wp-content\/uploads\/Advertising-Eggplant-Tin-Plant.jpg\"><img decoding=\"async\" loading=\"lazy\" class=\"size-full wp-image-1611 alignleft\" title=\"Rostlinky zelenina v plechovce s potiskem - lilek\" alt=\"Rostlinky zelenina v plechovce s potiskem - lilek\" src=\"http:\/\/predmetyreklamni.eu\/vyrobce\/wp-content\/uploads\/Advertising-Eggplant-Tin-Plant.jpg\" width=\"200\" height=\"200\" srcset=\"https:\/\/predmetyreklamni.eu\/vyrobce\/wp-content\/uploads\/Advertising-Eggplant-Tin-Plant.jpg 200w, https:\/\/predmetyreklamni.eu\/vyrobce\/wp-content\/uploads\/Advertising-Eggplant-Tin-Plant-150x150.jpg 150w\" sizes=\"(max-width: 200px) 100vw, 200px\" \/><\/a><\/p>\n<div>Jednodu\u0161e otev\u0159ete plechovku a postupujte dle pokyn\u016f na zadn\u00ed stran\u011b plechovky a ji\u017e brzy V\u00e1m vyroste skute\u010dn\u00fd lilek.<\/div>\n<div><strong>Minim\u00e1ln\u00ed odb\u011br:<\/strong>\u00a05000 ks<br \/>\n<strong>Cena<\/strong>: 19.90 K\u010d\/ks (p\u0159i odb\u011bru 5000 ks)<br \/>\n<strong>Rozm\u011bry<\/strong>: \u00d8\u00a06.5 x 9.5 cm<br \/>\n<strong>Potisk<\/strong>: na zak\u00e1zku<br \/>\n<strong>Cena<\/strong>:\u00a0<a title=\"ZASLAT POPT\u00c1VKU\" href=\"mailto:info@predmetyreklamni.eu\">ZASLAT POPT\u00c1VKU\u00a0<\/a><\/div>\n<\/div>\n<div style=\"text-align: justify;\"><\/div>\n<div style=\"text-align: justify;\"><\/div>\n<div style=\"text-align: justify;\">\n<h2>Rostlinky zelenina v plechovce s potiskem &#8211; hl\u00e1vkov\u00fd sal\u00e1t<\/h2>\n<p><a href=\"http:\/\/predmetyreklamni.eu\/vyrobce\/wp-content\/uploads\/Lettuce-Advertising-Tin-Plant.jpg\"><img decoding=\"async\" loading=\"lazy\" class=\"alignleft size-full wp-image-1612\" title=\"Rostlinky zelenina v plechovce s potiskem - hl\u00e1vkov\u00fd sal\u00e1t\" alt=\"Rostlinky zelenina v plechovce s potiskem - hl\u00e1vkov\u00fd sal\u00e1t\" src=\"http:\/\/predmetyreklamni.eu\/vyrobce\/wp-content\/uploads\/Lettuce-Advertising-Tin-Plant.jpg\" width=\"200\" height=\"200\" srcset=\"https:\/\/predmetyreklamni.eu\/vyrobce\/wp-content\/uploads\/Lettuce-Advertising-Tin-Plant.jpg 200w, https:\/\/predmetyreklamni.eu\/vyrobce\/wp-content\/uploads\/Lettuce-Advertising-Tin-Plant-150x150.jpg 150w\" sizes=\"(max-width: 200px) 100vw, 200px\" \/><\/a><\/p>\n<\/div>\n<div style=\"text-align: justify;\">\n<div>\n<div>Jednodu\u0161e otev\u0159ete plechovku a postupujte dle pokyn\u016f na zadn\u00ed stran\u011b plechovky a ji\u017e brzy V\u00e1m vyroste skute\u010dn\u00fd hl\u00e1vkov\u00fd sal\u00e1t.<\/div>\n<div><strong>Minim\u00e1ln\u00ed odb\u011br:<\/strong>\u00a05000 ks<br \/>\n<strong>Cena<\/strong>: 19.90 K\u010d\/ks (p\u0159i odb\u011bru 5000 ks)<br \/>\n<strong>Rozm\u011bry<\/strong>: \u00d8\u00a06.5 x 9.5 cm<br \/>\n<strong>Potisk<\/strong>: na zak\u00e1zku<br \/>\n<strong>Cena<\/strong>:\u00a0<a title=\"ZASLAT POPT\u00c1VKU\" href=\"mailto:info@predmetyreklamni.eu\">ZASLAT POPT\u00c1VKU\u00a0<\/a><\/div>\n<div><\/div>\n<div><\/div>\n<div>\n<h2>Rostlinky zelenina v plechovce s potiskem &#8211; kuku\u0159ice<\/h2>\n<p><a href=\"http:\/\/predmetyreklamni.eu\/vyrobce\/wp-content\/uploads\/Maize-Tin-Plant-as-Advertising-Products.jpg\"><img decoding=\"async\" loading=\"lazy\" class=\"alignleft size-full wp-image-1614\" title=\"Rostlinky zelenina v plechovce s potiskem - kuku\u0159ice\" alt=\"Rostlinky zelenina v plechovce s potiskem - kuku\u0159ice\" src=\"http:\/\/predmetyreklamni.eu\/vyrobce\/wp-content\/uploads\/Maize-Tin-Plant-as-Advertising-Products.jpg\" width=\"200\" height=\"200\" srcset=\"https:\/\/predmetyreklamni.eu\/vyrobce\/wp-content\/uploads\/Maize-Tin-Plant-as-Advertising-Products.jpg 200w, https:\/\/predmetyreklamni.eu\/vyrobce\/wp-content\/uploads\/Maize-Tin-Plant-as-Advertising-Products-150x150.jpg 150w\" sizes=\"(max-width: 200px) 100vw, 200px\" \/><\/a><\/p>\n<\/div>\n<div>\n<div>Jednodu\u0161e otev\u0159ete plechovku a postupujte dle pokyn\u016f na zadn\u00ed stran\u011b plechovky a ji\u017e brzy V\u00e1m vyroste skute\u010dn\u00e1 kuku\u0159ice.<\/div>\n<div><strong>Minim\u00e1ln\u00ed odb\u011br:<\/strong>\u00a05000 ks<br \/>\n<strong>Cena<\/strong>: 19.90 K\u010d\/ks (p\u0159i odb\u011bru 5000 ks)<br \/>\n<strong>Rozm\u011bry<\/strong>: \u00d8\u00a06.5 x 9.5 cm<br \/>\n<strong>Potisk<\/strong>: na zak\u00e1zku<br \/>\n<strong>Cena<\/strong>:\u00a0<a title=\"ZASLAT POPT\u00c1VKU\" href=\"mailto:info@predmetyreklamni.eu\">ZASLAT POPT\u00c1VKU\u00a0<\/a><\/div>\n<div><\/div>\n<\/div>\n<\/div>\n<div><\/div>\n<div>\n<h2>Rostlinky v plechovce s potiskem &#8211; ara\u0161\u00eddy<\/h2>\n<p><a href=\"http:\/\/predmetyreklamni.eu\/vyrobce\/wp-content\/uploads\/Peanut-Tin-Plant.jpg\"><img decoding=\"async\" loading=\"lazy\" class=\"alignleft size-full wp-image-1616\" title=\"Rostlinky v plechovce s potiskem - ara\u0161\u00eddy\" alt=\"Rostlinky v plechovce s potiskem - ara\u0161\u00eddy\" src=\"http:\/\/predmetyreklamni.eu\/vyrobce\/wp-content\/uploads\/Peanut-Tin-Plant.jpg\" width=\"200\" height=\"200\" srcset=\"https:\/\/predmetyreklamni.eu\/vyrobce\/wp-content\/uploads\/Peanut-Tin-Plant.jpg 200w, https:\/\/predmetyreklamni.eu\/vyrobce\/wp-content\/uploads\/Peanut-Tin-Plant-150x150.jpg 150w\" sizes=\"(max-width: 200px) 100vw, 200px\" \/><\/a><\/p>\n<div>Jednodu\u0161e otev\u0159ete plechovku a postupujte dle pokyn\u016f na zadn\u00ed stran\u011b plechovky a ji\u017e brzy V\u00e1m vyrostou skute\u010dn\u00e9 ara\u0161\u00eddy.<\/div>\n<div><strong>Minim\u00e1ln\u00ed odb\u011br:<\/strong>\u00a05000 ks<br \/>\n<strong>Cena<\/strong>: 19.90 K\u010d\/ks (p\u0159i odb\u011bru 5000 ks)<br \/>\n<strong>Rozm\u011bry<\/strong>: \u00d8\u00a06.5 x 9.5 cm<br \/>\n<strong>Potisk<\/strong>: na zak\u00e1zku<br \/>\n<strong>Cena<\/strong>:\u00a0<a title=\"ZASLAT POPT\u00c1VKU\" href=\"mailto:info@predmetyreklamni.eu\">ZASLAT POPT\u00c1VKU\u00a0<\/a><\/div>\n<\/div>\n<\/div>\n<div style=\"text-align: justify;\"><\/div>\n<div style=\"text-align: justify;\"><\/div>\n<div>\n<h2 style=\"text-align: justify;\">Rostlinky zelenina v plechovce s potiskem &#8211; chilli papri\u010dky<\/h2>\n<p style=\"text-align: justify;\"><a href=\"http:\/\/predmetyreklamni.eu\/vyrobce\/wp-content\/uploads\/paprika.jpg\"><img decoding=\"async\" loading=\"lazy\" class=\"alignleft size-full wp-image-1620\" title=\"Rostlinky zelenina v plechovce s potiskem - chilli papri\u010dky\" alt=\"Rostlinky zelenina v plechovce s potiskem - chilli papri\u010dky\" src=\"http:\/\/predmetyreklamni.eu\/vyrobce\/wp-content\/uploads\/paprika.jpg\" width=\"245\" height=\"225\" \/><\/a><\/p>\n<div style=\"text-align: justify;\">Jednodu\u0161e otev\u0159ete plechovku a postupujte dle pokyn\u016f na zadn\u00ed stran\u011b plechovky a ji\u017e brzy V\u00e1m vyrostou skute\u010dn\u00e9 chilli papri\u010dky.<br \/>\n<strong>Minim\u00e1ln\u00ed odb\u011br:<\/strong>\u00a05000 ks<\/div>\n<div style=\"text-align: justify;\"><strong>Cena<\/strong>: 19.90 K\u010d\/ks (p\u0159i odb\u011bru 5000 ks)<br \/>\n<strong>Rozm\u011bry<\/strong>: \u00d8\u00a06.5 x 9.5 cm<br \/>\n<strong>Potisk<\/strong>: na zak\u00e1zku<br \/>\n<strong>Cena<\/strong>:\u00a0<a title=\"ZASLAT POPT\u00c1VKU\" href=\"mailto:info@predmetyreklamni.eu\">ZASLAT POPT\u00c1VKU\u00a0<\/a><\/div>\n<div style=\"text-align: justify;\"><\/div>\n<div style=\"text-align: justify;\"><\/div>\n<div style=\"text-align: justify;\"><\/div>\n<h2 style=\"text-align: justify;\">Rostlinky v plastov\u00e9 kl\u00ed\u010dence na zak\u00e1zku<\/h2>\n<p><a href=\"http:\/\/predmetyreklamni.eu\/vyrobce\/wp-content\/uploads\/Rostlinky-v-plastov\u00e9-kl\u00ed\u010dence-na-zak\u00e1zku.jpg\"><img decoding=\"async\" loading=\"lazy\" class=\"alignleft size-full wp-image-1727\" title=\"Rostlinky v plastov\u00e9 kl\u00ed\u010dence na zak\u00e1zku\" alt=\"Rostlinky v plastov\u00e9 kl\u00ed\u010dence na zak\u00e1zku\" src=\"http:\/\/predmetyreklamni.eu\/vyrobce\/wp-content\/uploads\/Rostlinky-v-plastov\u00e9-kl\u00ed\u010dence-na-zak\u00e1zku.jpg\" width=\"200\" height=\"150\" \/><\/a>Tyto rostlinky rostou bez jak\u00e9koliv p\u00e9\u010de ve v\u00fd\u017eivn\u00e9m gelu v uzav\u0159en\u00e9 plastov\u00e9 kl\u00ed\u010dence. Tyto rostlinky mohou b\u00fdt na zak\u00e1zku vyrobeny a Vy tak z\u00edsk\u00e1te origin\u00e1ln\u00ed reklamn\u00ed p\u0159edm\u011bt nap\u0159\u00edklad na ozdobu mobiln\u00edho telefonu nebo p\u0159\u00edv\u011bsek na kl\u00ed\u010de.<br \/>\n<strong>Minim\u00e1ln\u00ed odb\u011br:<\/strong>\u00a05000 ks<br \/>\n<strong>Cena<\/strong>: 9.90 K\u010d\/ks (p\u0159i odb\u011bru 5000 ks)<br \/>\n<strong>Rozm\u011bry<\/strong>: \u00d8 1.5 x 5.5 cm<br \/>\n<strong>Potisk<\/strong>: na zak\u00e1zku<br \/>\n<strong>Cena<\/strong>:\u00a0<a title=\"ZASLAT POPT\u00c1VKU\" href=\"mailto:info@predmetyreklamni.eu\">ZASLAT POPT\u00c1VKU\u00a0<\/a><\/p>\n<p><span style=\"text-align: justify;\">Chcete si nechat vyrobit rostlinky ovoce a zelenina v plechovce a s vlastn\u00edm potiskem? Kontaktujte n\u00e1s pro cenovou nab\u00eddku na emailu:<\/span><a style=\"text-align: justify;\" href=\"mailto:info@predmetyreklamni.eu\">\u00a0info@predmetyreklamni.eu<\/a><\/p>\n<p style=\"text-align: justify;\"><strong>Do cenov\u00e9 popt\u00e1vky pros\u00edm uve\u010fte pot\u0159ebn\u00e9 informace pro cenovou nab\u00eddku jako<\/strong>: mno\u017estv\u00ed, velikost, barevn\u00e9 proveden\u00ed nebo kombinaci barev, dobu dod\u00e1n\u00ed. V\u0161echny tyto informace n\u00e1m pomohou k rychlej\u0161\u00edmu zpracov\u00e1n\u00ed cenov\u00e9 nab\u00eddky pr\u00e1v\u011b pro V\u00e1s.<\/p>\n<p>T\u011b\u0161\u00edme se na spolupr\u00e1ci! Team Gifts Service<\/p>\n<p>&nbsp;<\/p>\n<\/div>\n","protected":false},"excerpt":{"rendered":"<p>ROSTLINKY OVOCE A ZELENINA V PLECHOVCE S POTISKEM Nab\u00edz\u00edme rostlinky ovoce a zelenina v plechovce s potiskem N\u00ed\u017ee V\u00e1m p\u0159edstav\u00edme \u0161irokou nab\u00eddku jakou nab\u00edz\u00edme v s\u00e9rii rostlinky ovoce a zelenina v plechovce, z kter\u00e9 v\u011b\u0159\u00edme, \u017ee si vyberete. V\u011bnujte sv\u00fdm &hellip; <a href=\"https:\/\/predmetyreklamni.eu\/vyrobce\/rostlinky-ovoce-a-zelenina-v-plechovce-s-potiskem\/\">Continue reading <span class=\"meta-nav\">&rarr;<\/span><\/a><\/p>\n","protected":false},"author":1,"featured_media":0,"parent":0,"menu_order":16,"comment_status":"closed","ping_status":"open","template":"sidebar-page.php","meta":[],"_links":{"self":[{"href":"https:\/\/predmetyreklamni.eu\/vyrobce\/wp-json\/wp\/v2\/pages\/1583"}],"collection":[{"href":"https:\/\/predmetyreklamni.eu\/vyrobce\/wp-json\/wp\/v2\/pages"}],"about":[{"href":"https:\/\/predmetyreklamni.eu\/vyrobce\/wp-json\/wp\/v2\/types\/page"}],"author":[{"embeddable":true,"href":"https:\/\/predmetyreklamni.eu\/vyrobce\/wp-json\/wp\/v2\/users\/1"}],"replies":[{"embeddable":true,"href":"https:\/\/predmetyreklamni.eu\/vyrobce\/wp-json\/wp\/v2\/comments?post=1583"}],"version-history":[{"count":27,"href":"https:\/\/predmetyreklamni.eu\/vyrobce\/wp-json\/wp\/v2\/pages\/1583\/revisions"}],"predecessor-version":[{"id":1585,"href":"https:\/\/predmetyreklamni.eu\/vyrobce\/wp-json\/wp\/v2\/pages\/1583\/revisions\/1585"}],"wp:attachment":[{"href":"https:\/\/predmetyreklamni.eu\/vyrobce\/wp-json\/wp\/v2\/media?parent=1583"}],"curies":[{"name":"wp","href":"https:\/\/api.w.org\/{rel}","templated":true}]}}