{"id":16,"date":"2013-03-19T14:29:23","date_gmt":"2013-03-19T14:29:23","guid":{"rendered":"http:\/\/predmetyreklamni.eu\/vyrobce\/?page_id=16"},"modified":"2020-04-21T06:04:14","modified_gmt":"2020-04-21T06:04:14","slug":"keramicke-reklamni-magnetky","status":"publish","type":"page","link":"https:\/\/predmetyreklamni.eu\/vyrobce\/keramicke-reklamni-magnetky\/","title":{"rendered":"Keramick\u00e9 magnetky na zak\u00e1zku"},"content":{"rendered":"<h1>KERAMICK\u00c9 MAGNETKY NA ZAK\u00c1ZKU<\/h1>\n<h2>Keramick\u00e9 magnetky na zak\u00e1zku<\/h2>\n<p style=\"text-align: justify;\"><a href=\"http:\/\/predmetyreklamni.eu\/vyrobce\/wp-content\/uploads\/Polyresin-Fridge-Magnet.jpg\"><img decoding=\"async\" loading=\"lazy\" class=\"alignleft size-medium wp-image-303\" title=\"Keramick\u00e9 upom\u00ednkov\u00e9 magnetky na zak\u00e1zku\" alt=\"Keramick\u00e9 upom\u00ednkov\u00e9 magnetky na zak\u00e1zku\" src=\"http:\/\/predmetyreklamni.eu\/vyrobce\/wp-content\/uploads\/Polyresin-Fridge-Magnet-300x279.jpg\" width=\"300\" height=\"279\" srcset=\"https:\/\/predmetyreklamni.eu\/vyrobce\/wp-content\/uploads\/Polyresin-Fridge-Magnet-300x279.jpg 300w, https:\/\/predmetyreklamni.eu\/vyrobce\/wp-content\/uploads\/Polyresin-Fridge-Magnet-1024x953.jpg 1024w, https:\/\/predmetyreklamni.eu\/vyrobce\/wp-content\/uploads\/Polyresin-Fridge-Magnet-322x300.jpg 322w, https:\/\/predmetyreklamni.eu\/vyrobce\/wp-content\/uploads\/Polyresin-Fridge-Magnet.jpg 1200w\" sizes=\"(max-width: 300px) 100vw, 300px\" \/><\/a>Mezi nejlep\u0161\u00ed reklamn\u00ed p\u0159edm\u011bty pat\u0159\u00ed u\u017eite\u010dn\u00e9 reklamn\u00ed p\u0159edm\u011bty nebo takov\u00e9, kter\u00e9 se nebudete styd\u011bt si doma vystavit \u010di je pou\u017e\u00edvat. Na\u0161\u00edm c\u00edlem je nab\u00edzet reklamn\u00ed p\u0159edm\u011bty, kter\u00e9 p\u0159itahuj\u00ed pozornost, jsou pozitivn\u011b esteticky vn\u00edm\u00e1ny a p\u0159edev\u0161\u00edm mohou b\u00fdt st\u00e1le na o\u010d\u00edch &#8211; keramick\u00e9 reklamn\u00ed magnetky na zak\u00e1zku mezi tyto reklamn\u00ed p\u0159edm\u011bty rozhodn\u011b pat\u0159\u00ed. Keramick\u00e9 magnetky na zak\u00e1zku jsou jist\u011b dobrou investic\u00ed do propagace.<\/p>\n<h2 style=\"text-align: justify;\">Keramick\u00e9 magnetky na zak\u00e1zku<\/h2>\n<p style=\"text-align: justify;\">Tyto polyresinov\u00e9 magnetky zn\u00e1 asi ka\u017ed\u00fd a tak\u00e9 skoro ka\u017ed\u00fd m\u00e1 tyto magnetky doma na ledni\u010dce. Keramick\u00e9 magnetky jsou obl\u00edben\u00e9 a slou\u017e\u00ed p\u0159ev\u00e1\u017en\u011b jako suven\u00fdry v cestovn\u00edm ruchu.<\/p>\n<p style=\"text-align: justify;\"><a href=\"http:\/\/predmetyreklamni.eu\/vyrobce\/wp-content\/uploads\/fridge_magnet_polyresin_Monaco_magnet.jpg\"><img decoding=\"async\" loading=\"lazy\" class=\"alignleft\" title=\"Keramick\u00e9 upom\u00ednkov\u00e9 magnetky na zak\u00e1zku\" alt=\"Keramick\u00e9 upom\u00ednkov\u00e9 magnetky na zak\u00e1zku\" src=\"http:\/\/predmetyreklamni.eu\/vyrobce\/wp-content\/uploads\/fridge_magnet_polyresin_Monaco_magnet-300x300.jpg\" width=\"180\" height=\"180\" \/><\/a><strong><\/strong><\/p>\n<p style=\"text-align: justify;\"><strong><br \/>\nMateri\u00e1l<\/strong>: polyresin a magnet\u00a0(0.5-1.5mm)<br \/>\n<strong>Rozm\u011bry<\/strong>: \u00d8 6.5cm\u00a0(velikost i tvar na zak\u00e1zku)<br \/>\n<strong>Potisk<\/strong>: na zak\u00e1zku dle Pantone\u00a9 vzorn\u00edku<br \/>\n<strong>Min objedn\u00e1vka<\/strong>: 100ks<br \/>\n<strong>Cena<\/strong>:\u00a0<a href=\"mailto:info@predmetyreklamni.eu\">ZASLAT POPT\u00c1VKU\u00a0<\/a><\/p>\n<h2 style=\"text-align: justify;\">Pro\u010d keramick\u00e9 magnetky na zak\u00e1zku<\/h2>\n<p style=\"text-align: justify;\">Keramick\u00e9 reklamn\u00ed magnetky na zak\u00e1zku se z 90% vyu\u017e\u00edvaj\u00ed v turistick\u00e9m pr\u016fmyslu. <a href=\"http:\/\/predmetyreklamni.eu\/vyrobce\/wp-content\/uploads\/fridge_magnet_polyresin_Monaco_magnet.jpg\"><br \/>\n<\/a>Keramick\u00e9 magnetky m\u00e1 doma snad ka\u017ed\u00fd a proto je dobr\u00e9 se zamyslet, zda by v\u00fdroba t\u00e9 vlastn\u00ed keramick\u00e9 magnetky na zak\u00e1zku nezv\u00fd\u0161ila pov\u011bdom\u00ed o Va\u0161em m\u011bst\u011b, regionu \u010di kulturn\u00ed pam\u00e1tce. Keramick\u00e9 upom\u00ednkov\u00e9 magnetky maj\u00ed r\u00e1di v\u0161ichni a ka\u017ed\u00fd si chce ponechat vzpom\u00ednku na v\u00fdlet nebo dovolenou.<\/p>\n<h2 style=\"text-align: justify;\">Keramick\u00e9 upom\u00ednkov\u00e9 magnetky z materi\u00e1lu polyresin<\/h2>\n<p style=\"text-align: justify;\">Keramick\u00e9 upom\u00ednkov\u00e9 magnetky na zak\u00e1zku se vyr\u00e1b\u00ed z materi\u00e1lu polyresin.\u00a0Polyresin je <a href=\"http:\/\/predmetyreklamni.eu\/vyrobce\/wp-content\/uploads\/reklamn\u00ed-magnetky-na-lednici-z-polyresinu1.jpg\"><img decoding=\"async\" loading=\"lazy\" class=\"alignleft size-thumbnail wp-image-310\" title=\"keramick\u00e9 d\u00e1rkov\u00e9 magnetky z polyresinu na zak\u00e1zku\" alt=\"keramick\u00e9 d\u00e1rkov\u00e9 magnetky z polyresinu na zak\u00e1zku\" src=\"http:\/\/predmetyreklamni.eu\/vyrobce\/wp-content\/uploads\/reklamn\u00ed-magnetky-na-lednici-z-polyresinu1-150x150.jpg\" width=\"150\" height=\"150\" srcset=\"https:\/\/predmetyreklamni.eu\/vyrobce\/wp-content\/uploads\/reklamn\u00ed-magnetky-na-lednici-z-polyresinu1-150x150.jpg 150w, https:\/\/predmetyreklamni.eu\/vyrobce\/wp-content\/uploads\/reklamn\u00ed-magnetky-na-lednici-z-polyresinu1.jpg 200w\" sizes=\"(max-width: 150px) 100vw, 150px\" \/><\/a>jednou z\u00a0forem prysky\u0159i\u010dn\u00fdch materi\u00e1l\u016f, kter\u00e9 jsou mimo\u0159\u00e1dn\u011b poddajn\u00e9 zejm\u00e9na po zah\u0159\u00e1t\u00ed.\u00a0\u00a0Polyresin se po vyschnut\u00ed stane velice trvanliv\u00fdm, skv\u011ble odol\u00e1v\u00e1 pov\u011btrnostn\u00edm vliv\u016fm a\u00a0je prakticky nerozbitn\u00fd &#8211; keramick\u00e9 upom\u00ednkov\u00e9 magnetky z tohoto materi\u00e1lu se tak st\u00e1vaj\u00ed kvalitn\u00edm d\u00e1rkem nebo upom\u00ednkov\u00fdm p\u0159edm\u011btem. Keramick\u00e9 upom\u00ednkov\u00e9 magnetky z materi\u00e1lu polyresin mohou b\u00fdt na zak\u00e1zku vyrobeny t\u00e9m\u011b\u0159 v jak\u00e9koliv velikost a tak\u00e9 mohou b\u00fdt na zak\u00e1zku poti\u0161t\u011bny. Tyto 3D keramick\u00e9 upom\u00ednkov\u00e9 magnetky nab\u00edz\u00ed velk\u00e9 mno\u017estv\u00ed variant zpracov\u00e1n\u00ed a proto mezi v\u0161emi obl\u00edben\u00e9 pro jejich pestrost.<\/p>\n<h2 style=\"text-align: justify;\">V\u00fdroba keramick\u00fdch magnetek a suven\u00fdr\u016f dle zad\u00e1n\u00ed z\u00e1kazn\u00edka<\/h2>\n<div id=\"attachment_4565\" style=\"width: 310px\" class=\"wp-caption alignleft\"><a href=\"http:\/\/predmetyreklamni.eu\/vyrobce\/wp-content\/uploads\/Product-mould-21.jpg\"><img aria-describedby=\"caption-attachment-4565\" decoding=\"async\" loading=\"lazy\" class=\"size-medium wp-image-4565 \" alt=\"Nebarven\u00fd vzorek zak\u00e1zkov\u00e9ho suven\u00fdru v p\u0159edv\u00fdrobn\u00ed f\u00e1zi\" src=\"http:\/\/predmetyreklamni.eu\/vyrobce\/wp-content\/uploads\/Product-mould-21-300x225.jpg\" width=\"300\" height=\"225\" srcset=\"https:\/\/predmetyreklamni.eu\/vyrobce\/wp-content\/uploads\/Product-mould-21-300x225.jpg 300w, https:\/\/predmetyreklamni.eu\/vyrobce\/wp-content\/uploads\/Product-mould-21-1024x768.jpg 1024w, https:\/\/predmetyreklamni.eu\/vyrobce\/wp-content\/uploads\/Product-mould-21-400x300.jpg 400w\" sizes=\"(max-width: 300px) 100vw, 300px\" \/><\/a><p id=\"caption-attachment-4565\" class=\"wp-caption-text\">Nebarven\u00fd vzorek zak\u00e1zkov\u00e9ho suven\u00fdru v p\u0159edv\u00fdrobn\u00ed f\u00e1zi<\/p><\/div>\n<p style=\"text-align: justify;\">Na z\u00e1klad\u011b fotografi\u00ed od klienta p\u0159\u00edprav\u00edme 3D vzorek z tvrd\u00e9ho plastu. Na tomto vzorku odkomunikujeme p\u0159ipom\u00ednky ke tvaru. Pak nastane v\u00fdroba prvn\u00edho kusu zak\u00e1zkov\u00e9ho suven\u00fdru. Na tomto prvn\u00edm kuse prob\u00edh\u00e1 p\u0159ipom\u00ednkov\u00e1n\u00ed k barevnosti. Tento postup n\u00e1m umo\u017en\u00ed minimalizovat komunika\u010dn\u00ed \u0161umy a zajist\u00ed, \u017ee z\u00e1kazn\u00edk dostane p\u0159edm\u011bt dle sv\u00fdch p\u0159edstav. To n\u00e1m umo\u017en\u00ed dlouhodobou spolupr\u00e1ci a klientovy p\u0159inese mo\u017enost nadesignovat produkt tak aby byl konkurence schopn\u00fd. V sektoru zakazkov\u00fdch suven\u00fdr\u016f je design alfou omegou usp\u011bchu.<\/p>\n<h2 style=\"text-align: justify;\">Keramick\u00e9 upom\u00ednkov\u00e9 magnetky v\u00fdroba na zak\u00e1zku<\/h2>\n<p style=\"text-align: justify;\">V\u00fdroba keramick\u00e9 upom\u00ednkov\u00e9 magnetky prob\u00edh\u00e1 na zak\u00e1zku v \u010c\u00edn\u011b a na jej\u00ed v\u00fdrobu se pou\u017e\u00edvaj\u00ed odoln\u00e9 a netoxick\u00e9 materi\u00e1ly a kvalitn\u00ed magnety. Disponujeme vlastn\u00ed kancel\u00e1\u0159\u00ed v \u010c\u00edn\u011b s vlastn\u00edmi zam\u011bstnanci a v\u00fdroba keramick\u00e9 upom\u00ednkov\u00e9 magnetky na zak\u00e1zku je tak pod dohledem. Je mo\u017en\u00e9 si vy\u017e\u00e1dat vzorek z v\u00fdroby keramick\u00e9 magnetky na zak\u00e1zku. Dod\u00e1n\u00ed zak\u00e1zky se ov\u0161em d\u00edky transportu a schvalov\u00e1n\u00ed prodlou\u017e\u00ed p\u0159ibli\u017en\u011b o 2 t\u00fddny. V\u00fdroba keramick\u00e9 magnetky na zak\u00e1zku nen\u00ed slo\u017eit\u00fd proces av\u0161ak jsou zapot\u0159eb\u00ed p\u0159esn\u00e9 grafick\u00e9 a barevn\u00e9 n\u00e1vrhy, aby v\u00fdroba mohla p\u0159esn\u011b vystihnout pr\u00e1v\u011b ty Va\u0161e keramick\u00e9 magnetky na zak\u00e1zku.<\/p>\n<p><a href=\"http:\/\/predmetyreklamni.eu\/vyrobce\/wp-content\/uploads\/keramick\u00e9-magnetky-v\u00fdroba-na-zak\u00e1zku.jpg\"><img decoding=\"async\" loading=\"lazy\" class=\"alignleft  wp-image-309\" title=\"keramick\u00e9 magnetky v\u00fdroba na zak\u00e1zku\" alt=\"keramick\u00e9 magnetky v\u00fdroba na zak\u00e1zku\" src=\"http:\/\/predmetyreklamni.eu\/vyrobce\/wp-content\/uploads\/keramick\u00e9-magnetky-v\u00fdroba-na-zak\u00e1zku.jpg\" width=\"187\" height=\"134\" \/><\/a><\/p>\n<p>Chcete si nechat vyrobit vlastn\u00ed keramick\u00e9 upom\u00ednkov\u00e9 magnetky? Kontaktujte n\u00e1s pro cenovou nab\u00eddku na emailu:<a href=\"mailto:info@predmetyreklamni.eu\">\u00a0info@predmetyreklamni.eu<\/a><\/p>\n<p><strong>Do cenov\u00e9 popt\u00e1vky pros\u00edm uve\u010fte pot\u0159ebn\u00e9 informace pro cenovou nab\u00eddku jako<\/strong>: mno\u017estv\u00ed, materi\u00e1l, velikost magnetky, barevn\u00e9 proveden\u00ed nebo kombinaci barev, dobu dod\u00e1n\u00ed. V\u0161echny tyto informace n\u00e1m pomohou k rychlej\u0161\u00edmu zpracov\u00e1n\u00ed cenov\u00e9 nab\u00eddky pr\u00e1v\u011b pro V\u00e1s.<\/p>\n<p>T\u011b\u0161\u00edme se na spolupr\u00e1ci! Team Gifts Service<\/p>\n","protected":false},"excerpt":{"rendered":"<p>KERAMICK\u00c9 MAGNETKY NA ZAK\u00c1ZKU Keramick\u00e9 magnetky na zak\u00e1zku Mezi nejlep\u0161\u00ed reklamn\u00ed p\u0159edm\u011bty pat\u0159\u00ed u\u017eite\u010dn\u00e9 reklamn\u00ed p\u0159edm\u011bty nebo takov\u00e9, kter\u00e9 se nebudete styd\u011bt si doma vystavit \u010di je pou\u017e\u00edvat. Na\u0161\u00edm c\u00edlem je nab\u00edzet reklamn\u00ed p\u0159edm\u011bty, kter\u00e9 p\u0159itahuj\u00ed pozornost, jsou pozitivn\u011b esteticky &hellip; <a href=\"https:\/\/predmetyreklamni.eu\/vyrobce\/keramicke-reklamni-magnetky\/\">Continue reading <span class=\"meta-nav\">&rarr;<\/span><\/a><\/p>\n","protected":false},"author":1,"featured_media":0,"parent":0,"menu_order":11,"comment_status":"closed","ping_status":"closed","template":"sidebar-page.php","meta":[],"_links":{"self":[{"href":"https:\/\/predmetyreklamni.eu\/vyrobce\/wp-json\/wp\/v2\/pages\/16"}],"collection":[{"href":"https:\/\/predmetyreklamni.eu\/vyrobce\/wp-json\/wp\/v2\/pages"}],"about":[{"href":"https:\/\/predmetyreklamni.eu\/vyrobce\/wp-json\/wp\/v2\/types\/page"}],"author":[{"embeddable":true,"href":"https:\/\/predmetyreklamni.eu\/vyrobce\/wp-json\/wp\/v2\/users\/1"}],"replies":[{"embeddable":true,"href":"https:\/\/predmetyreklamni.eu\/vyrobce\/wp-json\/wp\/v2\/comments?post=16"}],"version-history":[{"count":20,"href":"https:\/\/predmetyreklamni.eu\/vyrobce\/wp-json\/wp\/v2\/pages\/16\/revisions"}],"predecessor-version":[{"id":4564,"href":"https:\/\/predmetyreklamni.eu\/vyrobce\/wp-json\/wp\/v2\/pages\/16\/revisions\/4564"}],"wp:attachment":[{"href":"https:\/\/predmetyreklamni.eu\/vyrobce\/wp-json\/wp\/v2\/media?parent=16"}],"curies":[{"name":"wp","href":"https:\/\/api.w.org\/{rel}","templated":true}]}}