{"id":1646,"date":"2013-09-11T20:04:25","date_gmt":"2013-09-11T20:04:25","guid":{"rendered":"http:\/\/predmetyreklamni.eu\/vyrobce\/?page_id=1646"},"modified":"2014-03-12T14:40:13","modified_gmt":"2014-03-12T14:40:13","slug":"rostlinky-ovoce-a-zelenina-v-plastovem-obalu-s-potiskem","status":"publish","type":"page","link":"https:\/\/predmetyreklamni.eu\/vyrobce\/rostlinky-ovoce-a-zelenina-v-plastovem-obalu-s-potiskem\/","title":{"rendered":"Rostlinky ovoce a zelenina v plastov\u00e9m obalu s potiskem"},"content":{"rendered":"<h1 style=\"text-align: justify;\">ROSTLINKY OVOCE A ZELENINA V PLASTOV\u00c9M OBALU S POTISKEM<\/h1>\n<h2 style=\"text-align: justify;\">Nab\u00edz\u00edme rostlinky ovoce a zelenina v plastov\u00e9m obalu s potiskem<\/h2>\n<p style=\"text-align: justify;\">Nab\u00edz\u00edme rostlinky ovoce a zelenina v plastov\u00e9m obalu jako kel\u00edmek, plechovka \u010di kv\u011btin\u00e1\u010d. V\u0161echny tyto obaly nav\u00edc m\u016f\u017eeme opat\u0159it potiskem dle Va\u0161eho p\u0159\u00e1n\u00ed. Rostlinky ovoce a zelenina v plastov\u00e9m obalu jsou perfektn\u00ed reklamn\u00ed p\u0159edm\u011bt. Sta\u010d\u00ed jen odtrhnout v\u00ed\u010dko a p\u0159idat vodu. Obdarujte z\u00e1kazn\u00edky, zam\u011bstnance \u010di obchodn\u00ed partnery kouskem p\u0159\u00edrody v podob\u011b rostlinky ovoce a zelenina v plastov\u00e9m obalu. N\u00ed\u017ee V\u00e1m p\u0159edstav\u00edme p\u0159\u00edklady zpracov\u00e1n\u00ed, jak mohou rostlinky v plastov\u00e9m obalu vypadat. Pokud v nab\u00eddce nenaleznete rostlinky ovoce a zelenina, kter\u00e9 byste pot\u0159ebovali pro svou reklamn\u00ed kampa\u0148, nev\u00e1hejte n\u00e1s\u00a0<a title=\"info@predmetyreklamni.eu\" href=\"mailto:info@predmetyreklamni.eu\">kontaktovat<\/a>.<\/p>\n<h2 style=\"text-align: justify;\">Rostlinky ovoce a zelenina v plastov\u00e9m obalu s potiskem &#8211; jahody<\/h2>\n<p style=\"text-align: justify;\"><a href=\"http:\/\/predmetyreklamni.eu\/vyrobce\/wp-content\/uploads\/Rostlinky-ovoce-a-zelenina-v-plastov\u00e9m-obalu-s-potiskem-jahody.jpg\"><img decoding=\"async\" loading=\"lazy\" class=\"alignleft size-full wp-image-1652\" title=\"Rostlinky ovoce a zelenina v plastov\u00e9m obalu s potiskem - jahody\" alt=\"Rostlinky ovoce a zelenina v plastov\u00e9m obalu s potiskem - jahody\" src=\"http:\/\/predmetyreklamni.eu\/vyrobce\/wp-content\/uploads\/Rostlinky-ovoce-a-zelenina-v-plastov\u00e9m-obalu-s-potiskem-jahody.jpg\" width=\"200\" height=\"200\" srcset=\"https:\/\/predmetyreklamni.eu\/vyrobce\/wp-content\/uploads\/Rostlinky-ovoce-a-zelenina-v-plastov\u00e9m-obalu-s-potiskem-jahody.jpg 200w, https:\/\/predmetyreklamni.eu\/vyrobce\/wp-content\/uploads\/Rostlinky-ovoce-a-zelenina-v-plastov\u00e9m-obalu-s-potiskem-jahody-150x150.jpg 150w\" sizes=\"(max-width: 200px) 100vw, 200px\" \/><\/a>Nechte si zabalit sem\u00ednka jahody v plastov\u00e9m, ekologicky odbourateln\u00e9m obalu a opat\u0159it potiskem dle Va\u0161eho vkusu. Rostlinky ovoce a zelenina v plastov\u00e9m obalu jsou origin\u00e1ln\u00edm reklamn\u00edm p\u0159edm\u011btem.<br \/>\n<strong>Minim\u00e1ln\u00ed obj.:<\/strong>\u00a05000 ks<br \/>\n<strong>Cena<\/strong>: 19.90 K\u010d\/ks\u00a0(p\u0159i odb\u011bru 5000 ks)<br \/>\n<strong>Rozm\u011bry<\/strong>:\u00a047.5 x 47.5 x 32.5 cm<br \/>\n<strong>Balen\u00ed<\/strong>: 48 ks v kartonu<br \/>\n<strong>Potisk<\/strong>: na zak\u00e1zku<br \/>\n<strong>Cena<\/strong>:\u00a0<a title=\"ZASLAT POPT\u00c1VKU\" href=\"mailto:info@predmetyreklamni.eu\">ZASLAT POPT\u00c1VKU\u00a0<\/a><\/p>\n<h2 style=\"text-align: justify;\">Rostlinky ovoce a zelenina v plastov\u00e9m obalu s potiskem &#8211; mini raj\u010de<\/h2>\n<p style=\"text-align: justify;\"><a href=\"http:\/\/predmetyreklamni.eu\/vyrobce\/wp-content\/uploads\/Rostlinky-ovoce-a-zelenina-v-plastov\u00e9m-obalu-s-potiskem-mini-raj\u010de.jpg\"><img decoding=\"async\" loading=\"lazy\" class=\"alignleft size-full wp-image-1654\" title=\"Rostlinky ovoce a zelenina v plastov\u00e9m obalu s potiskem - mini raj\u010de\" alt=\"Rostlinky ovoce a zelenina v plastov\u00e9m obalu s potiskem - mini raj\u010de\" src=\"http:\/\/predmetyreklamni.eu\/vyrobce\/wp-content\/uploads\/Rostlinky-ovoce-a-zelenina-v-plastov\u00e9m-obalu-s-potiskem-mini-raj\u010de.jpg\" width=\"200\" height=\"200\" srcset=\"https:\/\/predmetyreklamni.eu\/vyrobce\/wp-content\/uploads\/Rostlinky-ovoce-a-zelenina-v-plastov\u00e9m-obalu-s-potiskem-mini-raj\u010de.jpg 200w, https:\/\/predmetyreklamni.eu\/vyrobce\/wp-content\/uploads\/Rostlinky-ovoce-a-zelenina-v-plastov\u00e9m-obalu-s-potiskem-mini-raj\u010de-150x150.jpg 150w\" sizes=\"(max-width: 200px) 100vw, 200px\" \/><\/a>Nechte si zabalit sem\u00ednka rostlinky mini raj\u010de v plastov\u00e9m, ekologicky odbourateln\u00e9m obalu a opat\u0159it potiskem dle vlastn\u00edho n\u00e1vrhu. Darujte rostlinky ovoce a zelenina v plastov\u00e9m obalu z\u00e1kazn\u00edk\u016fm \u010di obchodn\u00edm partner\u016f. Budou nad\u0161eni!<br \/>\n<strong>Minim\u00e1ln\u00ed obj.:<\/strong>\u00a05000 ks<br \/>\n<strong>Cena<\/strong>: 19.90 K\u010d\/ks\u00a0(p\u0159i odb\u011bru 5000 ks)<br \/>\n<strong>Rozm\u011bry<\/strong>:\u00a047.5 x 47.5 x 32.5 cm<br \/>\n<strong>Balen\u00ed<\/strong>: 48 ks v kartonu<br \/>\n<strong>Potisk<\/strong>: na zak\u00e1zku<br \/>\n<strong>Cena<\/strong>:\u00a0<a title=\"ZASLAT POPT\u00c1VKU\" href=\"mailto:info@predmetyreklamni.eu\">ZASLAT POPT\u00c1VKU\u00a0<\/a><\/p>\n<h2 style=\"text-align: justify;\">Rostlinky ovoce a zelenina v plastov\u00e9 plechovce s potiskem &#8211; pomeran\u010d<\/h2>\n<p style=\"text-align: justify;\"><a href=\"http:\/\/predmetyreklamni.eu\/vyrobce\/wp-content\/uploads\/Rostlinky-ovoce-a-zelenina-v-plastov\u00e9-plechovce-s-potiskem-pomeran\u010d.jpg\"><img decoding=\"async\" loading=\"lazy\" class=\"alignleft size-full wp-image-1656\" title=\"Rostlinky ovoce a zelenina v plastov\u00e9 plechovce s potiskem - pomeran\u010d\" alt=\"Rostlinky ovoce a zelenina v plastov\u00e9 plechovce s potiskem - pomeran\u010d\" src=\"http:\/\/predmetyreklamni.eu\/vyrobce\/wp-content\/uploads\/Rostlinky-ovoce-a-zelenina-v-plastov\u00e9-plechovce-s-potiskem-pomeran\u010d.jpg\" width=\"200\" height=\"200\" srcset=\"https:\/\/predmetyreklamni.eu\/vyrobce\/wp-content\/uploads\/Rostlinky-ovoce-a-zelenina-v-plastov\u00e9-plechovce-s-potiskem-pomeran\u010d.jpg 200w, https:\/\/predmetyreklamni.eu\/vyrobce\/wp-content\/uploads\/Rostlinky-ovoce-a-zelenina-v-plastov\u00e9-plechovce-s-potiskem-pomeran\u010d-150x150.jpg 150w\" sizes=\"(max-width: 200px) 100vw, 200px\" \/><\/a>Jednodu\u0161e otev\u0159ete plechovku a postupujte dle pokyn\u016f na zadn\u00ed stran\u011b plechovky a zkuste si vyp\u011bstovat vlastn\u00ed pomeran\u010d. Rostlinky ovoce a zelenina v plastov\u00e9 plechovce jsou origin\u00e1ln\u00ed reklamn\u00ed p\u0159edm\u011bt.<br \/>\n<strong>Minim\u00e1ln\u00ed obj.:<\/strong>\u00a01000 ks<br \/>\n<strong>Cena<\/strong>: 15.90 K\u010d\/ks\u00a0(p\u0159i odb\u011bru 1000 ks)<br \/>\n<strong>Rozm\u011bry<\/strong>: \u00d8\u00a05.5 x 8cm<br \/>\n<strong>Potisk<\/strong>: na zak\u00e1zku<br \/>\n<strong>Cena<\/strong>:\u00a0<a title=\"ZASLAT POPT\u00c1VKU\" href=\"mailto:info@predmetyreklamni.eu\">ZASLAT POPT\u00c1VKU\u00a0<\/a><\/p>\n<h2 style=\"text-align: justify;\">Rostlinky ovoce a zelenina v plastov\u00e9m kv\u011btin\u00e1\u010di s potiskem &#8211; vanilka<\/h2>\n<p style=\"text-align: justify;\"><a href=\"http:\/\/predmetyreklamni.eu\/vyrobce\/wp-content\/uploads\/Rostlinky-ovoce-a-zelenina-v-plastov\u00e9m-kv\u011btin\u00e1\u010di-s-potiskem-vanilka.jpg\"><img decoding=\"async\" loading=\"lazy\" class=\"alignleft size-full wp-image-1659\" title=\"Rostlinky ovoce a zelenina v plastov\u00e9m kv\u011btin\u00e1\u010di s potiskem - vanilka\" alt=\"Rostlinky ovoce a zelenina v plastov\u00e9m kv\u011btin\u00e1\u010di s potiskem - vanilka\" src=\"http:\/\/predmetyreklamni.eu\/vyrobce\/wp-content\/uploads\/Rostlinky-ovoce-a-zelenina-v-plastov\u00e9m-kv\u011btin\u00e1\u010di-s-potiskem-vanilka.jpg\" width=\"200\" height=\"200\" srcset=\"https:\/\/predmetyreklamni.eu\/vyrobce\/wp-content\/uploads\/Rostlinky-ovoce-a-zelenina-v-plastov\u00e9m-kv\u011btin\u00e1\u010di-s-potiskem-vanilka.jpg 200w, https:\/\/predmetyreklamni.eu\/vyrobce\/wp-content\/uploads\/Rostlinky-ovoce-a-zelenina-v-plastov\u00e9m-kv\u011btin\u00e1\u010di-s-potiskem-vanilka-150x150.jpg 150w\" sizes=\"(max-width: 200px) 100vw, 200px\" \/><\/a>Zkuste si vyp\u011bstovat vlastn\u00ed rostlinky vanilka v plastov\u00e9m kv\u011btin\u00e1\u010di, kter\u00fd lze opat\u0159it potiskem na p\u0159\u00e1n\u00ed z\u00e1kazn\u00edka. Roztomil\u00fd reklamn\u00ed p\u0159edm\u011bt v podob\u011b rostlinky vanilka v plastov\u00e9m kv\u011btin\u00e1\u010di jist\u011b ka\u017ed\u00fd uv\u00edt\u00e1.<br \/>\n<strong>Minim\u00e1ln\u00ed obj.:<\/strong>\u00a01000 ks<br \/>\n<strong>Cena<\/strong>: 17.90 K\u010d\/ks\u00a0(p\u0159i odb\u011bru 1000 ks)<br \/>\n<strong>Rozm\u011bry<\/strong>:\u00a04.5 x 2.8 x 4 cm<br \/>\n<strong>Potisk<\/strong>: na zak\u00e1zku<br \/>\n<strong>Cena<\/strong>:\u00a0<a title=\"ZASLAT POPT\u00c1VKU\" href=\"mailto:info@predmetyreklamni.eu\">ZASLAT POPT\u00c1VKU\u00a0<\/a><\/p>\n<p style=\"text-align: justify;\">Chcete si nechat vyrobit rostlinky ovoce a zeleniny v plastov\u00e9m obalu a s vlastn\u00edm potiskem na zak\u00e1zku? Kontaktujte n\u00e1s pro cenovou nab\u00eddku na emailu:<a href=\"mailto:info@predmetyreklamni.eu\">\u00a0info@predmetyreklamni.eu<\/a><\/p>\n<p style=\"text-align: justify;\"><strong>Do cenov\u00e9 popt\u00e1vky pros\u00edm uve\u010fte pot\u0159ebn\u00e9 informace pro cenovou nab\u00eddku jako<\/strong>: mno\u017estv\u00ed, velikost, barevn\u00e9 proveden\u00ed nebo kombinaci barev, dobu dod\u00e1n\u00ed. V\u0161echny tyto informace n\u00e1m pomohou k rychlej\u0161\u00edmu zpracov\u00e1n\u00ed cenov\u00e9 nab\u00eddky pr\u00e1v\u011b pro V\u00e1s.<\/p>\n<p>T\u011b\u0161\u00edme se na spolupr\u00e1ci! Team Gifts Service<\/p>\n","protected":false},"excerpt":{"rendered":"<p>ROSTLINKY OVOCE A ZELENINA V PLASTOV\u00c9M OBALU S POTISKEM Nab\u00edz\u00edme rostlinky ovoce a zelenina v plastov\u00e9m obalu s potiskem Nab\u00edz\u00edme rostlinky ovoce a zelenina v plastov\u00e9m obalu jako kel\u00edmek, plechovka \u010di kv\u011btin\u00e1\u010d. V\u0161echny tyto obaly nav\u00edc m\u016f\u017eeme opat\u0159it potiskem dle &hellip; <a href=\"https:\/\/predmetyreklamni.eu\/vyrobce\/rostlinky-ovoce-a-zelenina-v-plastovem-obalu-s-potiskem\/\">Continue reading <span class=\"meta-nav\">&rarr;<\/span><\/a><\/p>\n","protected":false},"author":1,"featured_media":0,"parent":0,"menu_order":16,"comment_status":"closed","ping_status":"open","template":"sidebar-page.php","meta":[],"_links":{"self":[{"href":"https:\/\/predmetyreklamni.eu\/vyrobce\/wp-json\/wp\/v2\/pages\/1646"}],"collection":[{"href":"https:\/\/predmetyreklamni.eu\/vyrobce\/wp-json\/wp\/v2\/pages"}],"about":[{"href":"https:\/\/predmetyreklamni.eu\/vyrobce\/wp-json\/wp\/v2\/types\/page"}],"author":[{"embeddable":true,"href":"https:\/\/predmetyreklamni.eu\/vyrobce\/wp-json\/wp\/v2\/users\/1"}],"replies":[{"embeddable":true,"href":"https:\/\/predmetyreklamni.eu\/vyrobce\/wp-json\/wp\/v2\/comments?post=1646"}],"version-history":[{"count":12,"href":"https:\/\/predmetyreklamni.eu\/vyrobce\/wp-json\/wp\/v2\/pages\/1646\/revisions"}],"predecessor-version":[{"id":2904,"href":"https:\/\/predmetyreklamni.eu\/vyrobce\/wp-json\/wp\/v2\/pages\/1646\/revisions\/2904"}],"wp:attachment":[{"href":"https:\/\/predmetyreklamni.eu\/vyrobce\/wp-json\/wp\/v2\/media?parent=1646"}],"curies":[{"name":"wp","href":"https:\/\/api.w.org\/{rel}","templated":true}]}}