{"id":1801,"date":"2013-09-26T14:53:50","date_gmt":"2013-09-26T14:53:50","guid":{"rendered":"http:\/\/predmetyreklamni.eu\/vyrobce\/?page_id=1801"},"modified":"2020-04-21T06:04:45","modified_gmt":"2020-04-21T06:04:45","slug":"reklamni-kvetinove-caje","status":"publish","type":"page","link":"https:\/\/predmetyreklamni.eu\/vyrobce\/reklamni-kvetinove-caje\/","title":{"rendered":"Reklamn\u00ed kv\u011btinov\u00e9 \u010daje"},"content":{"rendered":"<h1 style=\"text-align: justify;\">REKLAMN\u00cd KV\u011aTINOV\u00c9 \u010cAJE<\/h1>\n<h2 style=\"text-align: justify;\">Reklamn\u00ed kv\u011btinov\u00e9 \u010daje nab\u00eddka<\/h2>\n<p style=\"text-align: justify;\"><a href=\"http:\/\/predmetyreklamni.eu\/vyrobce\/wp-content\/uploads\/Reklamn\u00ed-kvetouc\u00ed-\u010daje-\u0161irok\u00e1-nab\u00eddka.jpg\"><img decoding=\"async\" loading=\"lazy\" class=\"alignleft  wp-image-1805\" title=\"Reklamn\u00ed kvetouc\u00ed \u010daje \u0161irok\u00e1 nab\u00eddka\" alt=\"Reklamn\u00ed kvetouc\u00ed \u010daje \u0161irok\u00e1 nab\u00eddka\" src=\"http:\/\/predmetyreklamni.eu\/vyrobce\/wp-content\/uploads\/Reklamn\u00ed-kvetouc\u00ed-\u010daje-\u0161irok\u00e1-nab\u00eddka-228x300.jpg\" width=\"182\" height=\"240\" srcset=\"https:\/\/predmetyreklamni.eu\/vyrobce\/wp-content\/uploads\/Reklamn\u00ed-kvetouc\u00ed-\u010daje-\u0161irok\u00e1-nab\u00eddka-228x300.jpg 228w, https:\/\/predmetyreklamni.eu\/vyrobce\/wp-content\/uploads\/Reklamn\u00ed-kvetouc\u00ed-\u010daje-\u0161irok\u00e1-nab\u00eddka.jpg 446w\" sizes=\"(max-width: 182px) 100vw, 182px\" \/><\/a>Pe\u010dliv\u011b vyb\u00edr\u00e1me takov\u00e9 \u010dajov\u00e9 l\u00edstky a kv\u011bty, kter\u00e9 spl\u0148uj\u00ed nejvy\u0161\u0161\u00ed n\u00e1roky na kvalitu. Najdete u n\u00e1s pouze l\u00edstky sb\u00edran\u00e9 v tom nejvhodn\u011bj\u0161\u00edm obdob\u00ed roku, kdy je zaru\u010dena vysok\u00e1 kvalita, \u010derstvost a p\u0159irozen\u00e1 chu\u0165\u00a0kvetouc\u00edho \u010daje. V na\u0161\u00ed nab\u00eddce se nach\u00e1z\u00ed v\u00edce ne\u017e 60 r\u016fzn\u00fdch aran\u017em\u00e1\u00a0kv\u011btinov\u00e9ho \u010daje, z kter\u00e9 si douf\u00e1me vyberete pr\u00e1v\u011b ty \u010daje, kter\u00e9 zvol\u00edte jako reklamn\u00ed p\u0159edm\u011bt pro propagaci firmy. Reklamn\u00ed kv\u011btinov\u00e9 \u010daje\u00a0pro V\u00e1s m\u016f\u017eeme vytvo\u0159it p\u0159esn\u011b podle Va\u0161eho v\u00fdb\u011bru bylinek, \u010dajov\u00fdch l\u00edstk\u016f, po\u017eadovan\u00e9 chuti i typu vazby. V\u0161echny kv\u011btinov\u00e9 \u010daje z na\u0161\u00ed nab\u00eddky spl\u0148uj\u00ed ty nejp\u0159\u00edsn\u011bj\u0161\u00ed normy v USA i Evropsk\u00e9 unii. Ne\u017e si vyberete V\u00e1\u0161e kv\u011btinov\u00e9 \u010daje, p\u0159e\u010dt\u011bte si p\u00e1r tip\u016f na to, jak naj\u00edt\u00a0kv\u011btinov\u00fd \u010daj, kter\u00fd se pro V\u00e1s nejv\u00edc hod\u00ed, a dob\u0159e ho p\u0159ipravit.<\/p>\n<h2 style=\"text-align: justify;\">Reklamn\u00ed kv\u011btinov\u00e9 \u010daje na\u0161e nab\u00eddka<\/h2>\n<h2 style=\"text-align: justify;\">Reklamn\u00ed kv\u011btinov\u00e9 \u010daje lilie a jasm\u00edn<\/h2>\n<p style=\"text-align: justify;\"><a href=\"http:\/\/predmetyreklamni.eu\/vyrobce\/wp-content\/uploads\/Reklamn\u00ed-kvetouc\u00ed-\u010daje-lilie-a-jasm\u00edn.jpg\"><img decoding=\"async\" loading=\"lazy\" class=\"alignleft  wp-image-1820\" title=\"Reklamn\u00ed kvetouc\u00ed \u010daje lilie a jasm\u00edn\" alt=\"Reklamn\u00ed kvetouc\u00ed \u010daje lilie a jasm\u00edn\" src=\"http:\/\/predmetyreklamni.eu\/vyrobce\/wp-content\/uploads\/Reklamn\u00ed-kvetouc\u00ed-\u010daje-lilie-a-jasm\u00edn-240x300.jpg\" width=\"194\" height=\"243\" srcset=\"https:\/\/predmetyreklamni.eu\/vyrobce\/wp-content\/uploads\/Reklamn\u00ed-kvetouc\u00ed-\u010daje-lilie-a-jasm\u00edn-240x300.jpg 240w, https:\/\/predmetyreklamni.eu\/vyrobce\/wp-content\/uploads\/Reklamn\u00ed-kvetouc\u00ed-\u010daje-lilie-a-jasm\u00edn.jpg 388w\" sizes=\"(max-width: 194px) 100vw, 194px\" \/><\/a><\/p>\n<p style=\"text-align: justify;\">Tento reklamn\u00ed kv\u011btinov\u00fd \u010daj\u00a0obsahuje lilii, jasm\u00ednov\u00fd kv\u011bt a zelen\u00fd \u010daj (st\u0159\u00edbrn\u00e9 jehli\u010dky). Lilie a jasm\u00ednov\u00fd kv\u011bt se po zalit\u00ed kr\u00e1sn\u011b rozvinou na podstavci ze zelen\u00e9ho \u010daje. V\u00fdsledn\u00e1 chu\u0165 tohoto\u00a0kv\u011btinov\u00e9ho \u010daje\u00a0je jemn\u00e1 a osv\u011b\u017euj\u00edc\u00ed. Kv\u011btinov\u00e9 \u010daje jsou perfektn\u00ed reklamn\u00ed p\u0159edm\u011bt.<br \/>\n<strong>Polo\u017eka \u010d.:<\/strong>\u00a0FBT001<br \/>\n<strong>Minim\u00e1ln\u00ed obj.<\/strong>\u00a010kg<br \/>\n<strong>Cena:<\/strong>\u00a01.599,- K\u010d\/kg (p\u0159i odb\u011bru 10kg)<br \/>\n<strong>Balen\u00ed:<\/strong>\u00a0135 ks\/kg (jednotliv\u011b vakuov\u011b balen\u00e9 kuli\u010dky)<br \/>\nJin\u00e9 mno\u017estv\u00ed <a href=\"mailto:info@predmetyreklamni.eu\">ZASLAT POPT\u00c1VKU<\/a><\/p>\n<h2 style=\"text-align: justify;\">Reklamn\u00ed kv\u011btinov\u00e9 \u010daje laskavcovka a jasm\u00edn<\/h2>\n<p style=\"text-align: justify;\"><a href=\"http:\/\/predmetyreklamni.eu\/vyrobce\/wp-content\/uploads\/Reklamn\u00ed-kvetouc\u00ed-\u010daje-laskavcovka-a-jasm\u00edn.jpg\"><img decoding=\"async\" loading=\"lazy\" class=\" wp-image-1822 alignright\" title=\"Reklamn\u00ed kvetouc\u00ed \u010daje laskavcovka a jasm\u00edn\" alt=\"Reklamn\u00ed kvetouc\u00ed \u010daje laskavcovka a jasm\u00edn\" src=\"http:\/\/predmetyreklamni.eu\/vyrobce\/wp-content\/uploads\/Reklamn\u00ed-kvetouc\u00ed-\u010daje-laskavcovka-a-jasm\u00edn-234x300.jpg\" width=\"190\" height=\"243\" srcset=\"https:\/\/predmetyreklamni.eu\/vyrobce\/wp-content\/uploads\/Reklamn\u00ed-kvetouc\u00ed-\u010daje-laskavcovka-a-jasm\u00edn-234x300.jpg 234w, https:\/\/predmetyreklamni.eu\/vyrobce\/wp-content\/uploads\/Reklamn\u00ed-kvetouc\u00ed-\u010daje-laskavcovka-a-jasm\u00edn.jpg 349w\" sizes=\"(max-width: 190px) 100vw, 190px\" \/><\/a>Tento reklamn\u00ed\u00a0kv\u011btinov\u00fd \u010daj\u00a0obsahuje t\u0159i jasm\u00ednov\u00e9 kv\u011bty, jednu laskavcovku (Gomphorena globosa) a zelen\u00fd \u010daj (st\u0159\u00edbrn\u00e9 jehli\u010dky). Jasm\u00ednov\u00e9 kv\u011bty a laskavcovka po zalit\u00ed n\u00e1dhern\u011b vykvetou na podstavci l\u00edstk\u016f zelen\u00e9ho \u010daje. Chu\u0165 tohoto\u00a0kv\u011btinov\u00e9ho \u010daje\u00a0je jemn\u00e1 a osv\u011b\u017euj\u00edc\u00ed.<br \/>\n<strong>Polo\u017eka \u010d.:<\/strong>\u00a0FBT002<br \/>\n<strong>Minim\u00e1ln\u00ed obj.<\/strong>\u00a010kg<br \/>\n<strong>Cena:<\/strong>\u00a01.599,- K\u010d\/kg (p\u0159i odb\u011bru 10kg)<br \/>\n<strong>Balen\u00ed:<\/strong>\u00a0135 ks\/kg (jednotliv\u011b vakuov\u011b balen\u00e1 srd\u00ed\u010dka)<br \/>\nJin\u00e9 mno\u017estv\u00ed\u00a0<a href=\"mailto:info@predmetyreklamni.eu\">ZASLAT POPT\u00c1VKU<\/a><\/p>\n<h2 style=\"text-align: justify;\">Reklamn\u00ed kv\u011btinov\u00e9 \u010daje vonokv\u011btka a lilie<\/h2>\n<p style=\"text-align: justify;\"><a href=\"http:\/\/predmetyreklamni.eu\/vyrobce\/wp-content\/uploads\/Reklamn\u00ed-kvetouc\u00ed-\u010daj-vonokv\u011btka-lilie.jpg\"><img decoding=\"async\" loading=\"lazy\" class=\"alignleft  wp-image-1826\" title=\"Reklamn\u00ed kvetouc\u00ed \u010daj vonokv\u011btka, lilie\" alt=\"Reklamn\u00ed kvetouc\u00ed \u010daj vonokv\u011btka, lilie\" src=\"http:\/\/predmetyreklamni.eu\/vyrobce\/wp-content\/uploads\/Reklamn\u00ed-kvetouc\u00ed-\u010daj-vonokv\u011btka-lilie-257x300.jpg\" width=\"208\" height=\"243\" srcset=\"https:\/\/predmetyreklamni.eu\/vyrobce\/wp-content\/uploads\/Reklamn\u00ed-kvetouc\u00ed-\u010daj-vonokv\u011btka-lilie-257x300.jpg 257w, https:\/\/predmetyreklamni.eu\/vyrobce\/wp-content\/uploads\/Reklamn\u00ed-kvetouc\u00ed-\u010daj-vonokv\u011btka-lilie.jpg 420w\" sizes=\"(max-width: 208px) 100vw, 208px\" \/><\/a>Tento reklamn\u00ed\u00a0kvetouc\u00ed \u010daj\u00a0se skl\u00e1d\u00e1 z vonokv\u011btky (Osmanthus), lilie a zelen\u00e9ho \u010daje. Na spodn\u00ed \u010d\u00e1sti ze zelen\u00e9ho \u010daje se V\u00e1m kr\u00e1sn\u011b rozvinou kv\u011bty lilie a vonokv\u011btky a vytvo\u0159\u00ed tak n\u00e1dhern\u00fd efekt. Kvetouc\u00ed \u010daj je origin\u00e1ln\u00ed a kr\u00e1sn\u00fd reklamn\u00ed p\u0159edm\u011bt. Darujte zdrav\u00ed. Darujte kvetouc\u00ed \u010daj.<br \/>\n<strong>Polo\u017eka \u010d.:<\/strong>\u00a0FBT003<br \/>\n<strong>Minim\u00e1ln\u00ed obj.<\/strong>\u00a010kg<br \/>\n<strong>Cena:<\/strong>\u00a01.599,- K\u010d\/kg (p\u0159i odb\u011bru 10kg)<br \/>\n<strong>Balen\u00ed:<\/strong>\u00a0135 ks\/kg (jednotliv\u011b vakuov\u011b balen\u00e9 kuli\u010dky)<br \/>\nJin\u00e9 mno\u017estv\u00ed\u00a0<a href=\"mailto:info@predmetyreklamni.eu\">ZASLAT POPT\u00c1VKU<\/a><\/p>\n<h2 style=\"text-align: justify;\">Reklamn\u00ed kv\u011btinov\u00e9 \u010daje m\u011bs\u00ed\u010dek a lilie<\/h2>\n<p style=\"text-align: justify;\"><a href=\"http:\/\/predmetyreklamni.eu\/vyrobce\/wp-content\/uploads\/Reklamn\u00ed-kvetouc\u00ed-\u010daj-m\u011bs\u00ed\u010dek-a-lilie.jpg\"><img decoding=\"async\" loading=\"lazy\" class=\" wp-image-1828 alignright\" title=\"Reklamn\u00ed kvetouc\u00ed \u010daj m\u011bs\u00ed\u010dek a lilie\" alt=\"Reklamn\u00ed kvetouc\u00ed \u010daj m\u011bs\u00ed\u010dek a lilie\" src=\"http:\/\/predmetyreklamni.eu\/vyrobce\/wp-content\/uploads\/Reklamn\u00ed-kvetouc\u00ed-\u010daj-m\u011bs\u00ed\u010dek-a-lilie-259x300.jpg\" width=\"210\" height=\"243\" srcset=\"https:\/\/predmetyreklamni.eu\/vyrobce\/wp-content\/uploads\/Reklamn\u00ed-kvetouc\u00ed-\u010daj-m\u011bs\u00ed\u010dek-a-lilie-259x300.jpg 259w, https:\/\/predmetyreklamni.eu\/vyrobce\/wp-content\/uploads\/Reklamn\u00ed-kvetouc\u00ed-\u010daj-m\u011bs\u00ed\u010dek-a-lilie.jpg 352w\" sizes=\"(max-width: 210px) 100vw, 210px\" \/><\/a>M\u011bs\u00ed\u010dek, lilie a zelen\u00fd \u010daj jsou z\u00e1kladn\u00ed a nezam\u011bnitelnou sou\u010d\u00e1st\u00ed pro tyto kv\u011btinov\u00e9 \u010daje. Lilie a m\u011bs\u00ed\u010dek vykvetou na zelen\u00e9m \u010daji a vytvo\u0159\u00ed tak v hork\u00e9 vod\u011b kr\u00e1snou pod\u00edvanou.\u00a0Kv\u011btinov\u00fd \u010daj\u00a0m\u00e1 sv\u011b\u017e\u00ed a jemnou chu\u0165, a tak zaji\u0161\u0165uje skv\u011bl\u00fd po\u017eitek.\u00a0KV\u011btinov\u00fd \u010daj m\u011bs\u00ed\u010dek a lilie jako n\u00e1dhern\u00fd d\u00e1rek pro zam\u011bstnance, klienty, obchodn\u00ed partnery.<a href=\"http:\/\/predmetyreklamni.eu\/vyrobce\/wp-content\/uploads\/Reklamn\u00ed-kvetouc\u00ed-\u010daj-m\u011bs\u00ed\u010dek-a-lilie.jpg\"><br \/>\n<\/a><strong>Polo\u017eka \u010d.:<\/strong>\u00a0FBT004<br \/>\n<strong>Minim\u00e1ln\u00ed obj.<\/strong>\u00a010kg<br \/>\n<strong>Cena:<\/strong>\u00a01.599,- K\u010d\/kg (p\u0159i odb\u011bru 10kg)<br \/>\n<strong>Balen\u00ed:<\/strong>\u00a0135 ks\/kg (jednotliv\u011b vakuov\u011b balen\u00e9 kuli\u010dky)<br \/>\nJin\u00e9 mno\u017estv\u00ed\u00a0<a href=\"mailto:info@predmetyreklamni.eu\">ZASLAT POPT\u00c1VKU<\/a><\/p>\n<h2 style=\"text-align: justify;\">Reklamn\u00ed kv\u011btinov\u00e9 \u010daje laskavcovka, lilie a m\u011bs\u00ed\u010dek<\/h2>\n<p style=\"text-align: justify;\"><a href=\"http:\/\/predmetyreklamni.eu\/vyrobce\/wp-content\/uploads\/Reklamn\u00ed-kvetouc\u00ed-\u010daje-laskavcovka-lilie-a-m\u011bs\u00ed\u010dek.jpg\"><img decoding=\"async\" loading=\"lazy\" class=\"alignleft  wp-image-1830\" title=\"Reklamn\u00ed kvetouc\u00ed \u010daje laskavcovka, lilie a m\u011bs\u00ed\u010dek\" alt=\"Reklamn\u00ed kvetouc\u00ed \u010daje laskavcovka, lilie a m\u011bs\u00ed\u010dek\" src=\"http:\/\/predmetyreklamni.eu\/vyrobce\/wp-content\/uploads\/Reklamn\u00ed-kvetouc\u00ed-\u010daje-laskavcovka-lilie-a-m\u011bs\u00ed\u010dek-257x300.jpg\" width=\"208\" height=\"243\" srcset=\"https:\/\/predmetyreklamni.eu\/vyrobce\/wp-content\/uploads\/Reklamn\u00ed-kvetouc\u00ed-\u010daje-laskavcovka-lilie-a-m\u011bs\u00ed\u010dek-257x300.jpg 257w, https:\/\/predmetyreklamni.eu\/vyrobce\/wp-content\/uploads\/Reklamn\u00ed-kvetouc\u00ed-\u010daje-laskavcovka-lilie-a-m\u011bs\u00ed\u010dek.jpg 373w\" sizes=\"(max-width: 208px) 100vw, 208px\" \/><\/a><\/p>\n<p style=\"text-align: justify;\">Tyto reklamn\u00ed kv\u011btinov\u00e9 \u010daje skr\u00fdvaj\u00ed lilii, m\u011bs\u00ed\u010dek a laskavcovku, kter\u00e9 jsou schovan\u00e9 pod zelen\u00fdm \u010dajem. Sta\u010d\u00ed tento\u00a0kv\u011btinov\u00fd \u010daj\u00a0pono\u0159it do hork\u00e9 vody a cel\u00e1 vazba se kr\u00e1sn\u011b rozvine a na podstavci z list\u016f zelen\u00e9ho \u010daje vykvetou barevn\u00e9 kv\u011bty lilie, m\u011bs\u00ed\u010dku i laskavcovky. Jedine\u010dn\u00fd reklamn\u00ed p\u0159edm\u011bt v podob\u011b kv\u011btinov\u00e9ho \u010daje.<br \/>\n<strong>Polo\u017eka \u010d.:<\/strong>\u00a0FBT005<br \/>\n<strong>Minim\u00e1ln\u00ed obj.<\/strong>\u00a010kg<br \/>\n<strong>Cena:<\/strong>\u00a01.599,- K\u010d\/kg (p\u0159i odb\u011bru 10kg)<br \/>\n<strong>Balen\u00ed:<\/strong>\u00a0135 ks\/kg (jednotliv\u011b vakuov\u011b balen\u00e9 v\u00e1le\u010dky)<br \/>\nJin\u00e9 mno\u017estv\u00ed\u00a0<a href=\"mailto:info@predmetyreklamni.eu\">ZASLAT POPT\u00c1VKU<\/a><\/p>\n<h2 style=\"text-align: justify;\">Reklamn\u00ed kv\u011btinov\u00e9 \u010daje kv\u011bty lilie a jasm\u00ednu<\/h2>\n<p style=\"text-align: justify;\"><a href=\"http:\/\/predmetyreklamni.eu\/vyrobce\/wp-content\/uploads\/Reklamn\u00ed-kvetouc\u00ed-\u010daje-kv\u011bty-lilie-a-jasm\u00ednu.jpg\"><img decoding=\"async\" loading=\"lazy\" class=\" wp-image-1833 alignright\" title=\"Reklamn\u00ed kvetouc\u00ed \u010daje kv\u011bty lilie a jasm\u00ednu\" alt=\"Reklamn\u00ed kvetouc\u00ed \u010daje kv\u011bty lilie a jasm\u00ednu\" src=\"http:\/\/predmetyreklamni.eu\/vyrobce\/wp-content\/uploads\/Reklamn\u00ed-kvetouc\u00ed-\u010daje-kv\u011bty-lilie-a-jasm\u00ednu-247x300.jpg\" width=\"200\" height=\"243\" srcset=\"https:\/\/predmetyreklamni.eu\/vyrobce\/wp-content\/uploads\/Reklamn\u00ed-kvetouc\u00ed-\u010daje-kv\u011bty-lilie-a-jasm\u00ednu-247x300.jpg 247w, https:\/\/predmetyreklamni.eu\/vyrobce\/wp-content\/uploads\/Reklamn\u00ed-kvetouc\u00ed-\u010daje-kv\u011bty-lilie-a-jasm\u00ednu.jpg 370w\" sizes=\"(max-width: 200px) 100vw, 200px\" \/><\/a><\/p>\n<p style=\"text-align: justify;\">Zelen\u00fd \u010daj ukr\u00fdv\u00e1 kv\u011bty lilie a jasm\u00ednu a V\u00e1m tak tento\u00a0kv\u011btinov\u00fd \u010daj\u00a0naskytne nev\u00eddanou pod\u00edvanou. Sta\u010d\u00ed ho zal\u00edt horkou vodou a r\u00e1zem se p\u0159ed V\u00e1mi rozvine vazba s kv\u011bty jasm\u00ednu a lilie. Darujte origin\u00e1ln\u00ed reklamn\u00ed p\u0159edm\u011bty kv\u011btinov\u00e9 \u010daje sv\u00fdm z\u00e1kazn\u00edk\u016fm, klient\u016fm jako V\u00e1no\u010dn\u00ed pozornost.<br \/>\n<strong>Polo\u017eka \u010d.:<\/strong>\u00a0FBT006<br \/>\n<strong>Minim\u00e1ln\u00ed obj.<\/strong>\u00a010kg<br \/>\n<strong>Cena:<\/strong>\u00a01.599,- K\u010d\/kg (p\u0159i odb\u011bru 10kg)<br \/>\n<strong>Balen\u00ed:<\/strong>\u00a0135 ks\/kg (jednotliv\u011b vakuov\u011b balen\u00e9 houbi\u010dky)<br \/>\nJin\u00e9 mno\u017estv\u00ed\u00a0<a href=\"mailto:info@predmetyreklamni.eu\">ZASLAT POPT\u00c1VKU<\/a><\/p>\n<h2 style=\"text-align: justify;\">Reklamn\u00ed kv\u011btinov\u00e9 \u010daje t\u0159i m\u011bs\u00ed\u010dky a zelen\u00fd \u010daj<\/h2>\n<p style=\"text-align: justify;\"><a href=\"http:\/\/predmetyreklamni.eu\/vyrobce\/wp-content\/uploads\/Reklamn\u00ed-kvetouc\u00ed-\u010daje-t\u0159i-m\u011bs\u00ed\u010dky-a-zelen\u00fd-\u010daj.jpg\"><img decoding=\"async\" loading=\"lazy\" class=\"alignleft  wp-image-1837\" title=\"Reklamn\u00ed kvetouc\u00ed \u010daje t\u0159i m\u011bs\u00ed\u010dky a zelen\u00fd \u010daj\" alt=\"Reklamn\u00ed kvetouc\u00ed \u010daje t\u0159i m\u011bs\u00ed\u010dky a zelen\u00fd \u010daj\" src=\"http:\/\/predmetyreklamni.eu\/vyrobce\/wp-content\/uploads\/Reklamn\u00ed-kvetouc\u00ed-\u010daje-t\u0159i-m\u011bs\u00ed\u010dky-a-zelen\u00fd-\u010daj-253x300.jpg\" width=\"205\" height=\"243\" srcset=\"https:\/\/predmetyreklamni.eu\/vyrobce\/wp-content\/uploads\/Reklamn\u00ed-kvetouc\u00ed-\u010daje-t\u0159i-m\u011bs\u00ed\u010dky-a-zelen\u00fd-\u010daj-253x300.jpg 253w, https:\/\/predmetyreklamni.eu\/vyrobce\/wp-content\/uploads\/Reklamn\u00ed-kvetouc\u00ed-\u010daje-t\u0159i-m\u011bs\u00ed\u010dky-a-zelen\u00fd-\u010daj.jpg 336w\" sizes=\"(max-width: 205px) 100vw, 205px\" \/><\/a><\/p>\n<p style=\"text-align: justify;\">Tyto kv\u011btinov\u00e9 \u010daje\u00a0obsahuj\u00ed t\u0159i m\u011bs\u00ed\u010dky a zelen\u00fd \u010daj. Po zalit\u00ed horkou vodou se m\u011bs\u00ed\u010dky sed\u00edc\u00ed na podstavci ze zelen\u00e9ho \u010daje p\u011bkn\u011b rozvinou a nab\u00eddnou V\u00e1m tak kr\u00e1snou pod\u00edvanou. Za\u0159a\u010fte kv\u011btinov\u00e9 \u010daje mezi sv\u00e9 reklamn\u00ed p\u0159edm\u011bty a propagujte svou firmu zdrav\u00fdmi produkty.<br \/>\n<strong>Polo\u017eka \u010d.:<\/strong>\u00a0FBT007<br \/>\n<strong>Minim\u00e1ln\u00ed obj.<\/strong>\u00a010kg<br \/>\n<strong>Cena:<\/strong>\u00a01.599,- K\u010d\/kg (p\u0159i odb\u011bru 10kg)<br \/>\n<strong>Balen\u00ed:<\/strong>\u00a0135 ks\/kg (jednotliv\u011b vakuov\u011b balen\u00e9 houbi\u010dky)<br \/>\nJin\u00e9 mno\u017estv\u00ed\u00a0<a href=\"mailto:info@predmetyreklamni.eu\">ZASLAT POPT\u00c1VKU<\/a><\/p>\n<h2 style=\"text-align: justify;\">Reklamn\u00ed kv\u011btinov\u00e9 \u010daje jasm\u00edn a zelen\u00fd \u010daj<\/h2>\n<p style=\"text-align: justify;\"><a href=\"http:\/\/predmetyreklamni.eu\/vyrobce\/wp-content\/uploads\/Reklamn\u00ed-kvetouc\u00ed-\u010daje-jasm\u00edn-a-zelen\u00fd-\u010daj.jpg\"><img decoding=\"async\" loading=\"lazy\" class=\" wp-image-1839 alignright\" title=\"Reklamn\u00ed kvetouc\u00ed \u010daje jasm\u00edn a zelen\u00fd \u010daj\" alt=\"Reklamn\u00ed kvetouc\u00ed \u010daje jasm\u00edn a zelen\u00fd \u010daj\" src=\"http:\/\/predmetyreklamni.eu\/vyrobce\/wp-content\/uploads\/Reklamn\u00ed-kvetouc\u00ed-\u010daje-jasm\u00edn-a-zelen\u00fd-\u010daj-252x300.jpg\" width=\"204\" height=\"243\" srcset=\"https:\/\/predmetyreklamni.eu\/vyrobce\/wp-content\/uploads\/Reklamn\u00ed-kvetouc\u00ed-\u010daje-jasm\u00edn-a-zelen\u00fd-\u010daj-252x300.jpg 252w, https:\/\/predmetyreklamni.eu\/vyrobce\/wp-content\/uploads\/Reklamn\u00ed-kvetouc\u00ed-\u010daje-jasm\u00edn-a-zelen\u00fd-\u010daj.jpg 389w\" sizes=\"(max-width: 204px) 100vw, 204px\" \/><\/a><\/p>\n<p style=\"text-align: justify;\">Tyto kv\u011btinov\u00e9 \u010daje\u00a0jsou uv\u00e1zan\u00fd ze zelen\u00e9ho \u010daje a jasm\u00ednov\u00fdch kv\u011bt\u016f. V hork\u00e9 vod\u011b se vazba objev\u00ed v cel\u00e9 sv\u00e9 kr\u00e1se, kdy\u017e se jasm\u00edn vyno\u0159\u00ed z l\u00edstk\u016f zelen\u00e9ho \u010daje a vytvo\u0159\u00ed na n\u011bm kvetouc\u00ed korunu. P\u0159ekvapte sv\u00e9 klienty, obchodn\u00ed partnery origin\u00e1ln\u00edm d\u00e1rkem a v\u011bnujte jim reklamn\u00ed kv\u011btinov\u00e9 \u010daje.<br \/>\n<strong>Polo\u017eka \u010d.:<\/strong>\u00a0FBT008<br \/>\n<strong>Minim\u00e1ln\u00ed obj.<\/strong>\u00a010kg<br \/>\n<strong>Cena:<\/strong>\u00a01.599,- K\u010d\/kg (p\u0159i odb\u011bru 10kg)<br \/>\n<strong>Balen\u00ed:<\/strong>\u00a0135 ks\/kg (jednotliv\u011b vakuov\u011b balen\u00e9 kuli\u010dky)<br \/>\nJin\u00e9 mno\u017estv\u00ed\u00a0<a href=\"mailto:info@predmetyreklamni.eu\">ZASLAT POPT\u00c1VKU<\/a><\/p>\n<h2 style=\"text-align: justify;\">Reklamn\u00ed kv\u011btinov\u00e9 \u010daje kv\u011bt jasm\u00ednu a laskavcovky<\/h2>\n<p style=\"text-align: justify;\"><a href=\"http:\/\/predmetyreklamni.eu\/vyrobce\/wp-content\/uploads\/Reklamn\u00ed-kvetouc\u00ed-\u010daje-kv\u011bt-jasm\u00ednu-a-laskavcovky.jpg\"><img decoding=\"async\" loading=\"lazy\" class=\"alignleft  wp-image-1843\" title=\"Reklamn\u00ed kvetouc\u00ed \u010daje kv\u011bt jasm\u00ednu a laskavcovky\" alt=\"Reklamn\u00ed kvetouc\u00ed \u010daje kv\u011bt jasm\u00ednu a laskavcovky\" src=\"http:\/\/predmetyreklamni.eu\/vyrobce\/wp-content\/uploads\/Reklamn\u00ed-kvetouc\u00ed-\u010daje-kv\u011bt-jasm\u00ednu-a-laskavcovky-255x300.jpg\" width=\"207\" height=\"243\" srcset=\"https:\/\/predmetyreklamni.eu\/vyrobce\/wp-content\/uploads\/Reklamn\u00ed-kvetouc\u00ed-\u010daje-kv\u011bt-jasm\u00ednu-a-laskavcovky-255x300.jpg 255w, https:\/\/predmetyreklamni.eu\/vyrobce\/wp-content\/uploads\/Reklamn\u00ed-kvetouc\u00ed-\u010daje-kv\u011bt-jasm\u00ednu-a-laskavcovky.jpg 387w\" sizes=\"(max-width: 207px) 100vw, 207px\" \/><\/a>St\u0159\u00edbrn\u00e9 jehli\u010dky zelen\u00e9ho \u010daje v sob\u011b schov\u00e1vaj\u00ed kv\u011bt jasm\u00ednu a laskavcovky, kter\u00e9 tyto kv\u011btinov\u00e9 \u010daje d\u011blaj\u00ed okouzluj\u00edc\u00edmi.\u00a0Jasm\u00edn a laskavcovka se v hork\u00e9 vod\u011b rozvinou na zelen\u00e9m \u010daji a vytvo\u0159\u00ed tak poutav\u00fd kv\u011bt. Reklamn\u00ed kv\u011btinov\u00e9 \u010daje jako poutav\u00fd v\u00e1no\u010dn\u00ed d\u00e1rek pro zam\u011bstnance, klienty, obchodn\u00ed partnery.<br \/>\n<strong>Polo\u017eka \u010d.:<\/strong>\u00a0FBT009<br \/>\n<strong>Minim\u00e1ln\u00ed obj.<\/strong>\u00a010kg<br \/>\n<strong>Cena:<\/strong>\u00a01.599,- K\u010d\/kg (p\u0159i odb\u011bru 10kg)<br \/>\n<strong>Balen\u00ed:<\/strong>\u00a0135 ks\/kg (jednotliv\u011b vakuov\u011b balen\u00e9 kuli\u010dky)<br \/>\nJin\u00e9 mno\u017estv\u00ed\u00a0<a href=\"mailto:info@predmetyreklamni.eu\">ZASLAT POPT\u00c1VKU<\/a><\/p>\n<h2 style=\"text-align: justify;\">Reklamn\u00ed kv\u011btinov\u00e9 \u010daje nab\u00eddka vhodn\u00e9ho pod\u00e1v\u00e1n\u00ed<\/h2>\n<p style=\"text-align: justify;\">Jen okam\u017eik po zalit\u00ed horkou vodou se\u00a0kv\u011btinov\u00e9 \u010daje\u00a0za\u010d\u00ednaj\u00ed rozv\u00edjet a \u010dajov\u00e9 l\u00edstky a kv\u011bty se pomalu rozbaluj\u00ed.\u00a0Kv\u011btinov\u00e9 \u010daje\u00a0ponechte ve vod\u011b po dobu nep\u0159esahuj\u00edc\u00ed 5 minut &#8211; jen tak zachov\u00e1te jemn\u00e9 nuance chuti a budete si tak moci\u00a0kvetouc\u00ed \u010daje\u00a0pln\u011b vychutnat. Kv\u011btinov\u00e9 \u010daje\u00a0doporu\u010dujeme p\u00edt bez ml\u00e9ka a bez cukru, proto\u017ee tyto p\u0159\u00edsady by pouze p\u0159ekryly jeho skv\u011blou chu\u0165. Neponech\u00e1vejte rozvinut\u00fd\u00a0kv\u011btinov\u00fd \u010daj\u00a0v konvici p\u0159\u00edli\u0161 dlouho, rad\u011bji ho vyjm\u011bte, nebo naopak p\u0159idejte v\u00edce vody a ud\u011blejte v\u00edce \u0161\u00e1lk\u016f. Jeden kv\u011btinov\u00fd \u010daj m\u016f\u017eete v kr\u00e1tk\u00e9m \u010dasov\u00e9m intervalu zal\u00edt a\u017e t\u0159ikr\u00e1t. Kdyby\u00a0kv\u011btinov\u00fd \u010daj\u00a0z\u016fstal v hork\u00e9 vod\u011b po del\u0161\u00ed dobu, vylouhovaly by se i dal\u0161\u00ed ho\u0159k\u00e9 a nep\u0159\u00edjemn\u00e9 l\u00e1tky, kter\u00e9 by V\u00e1m znemo\u017enily si\u00a0kv\u011btinov\u00fd \u010daj\u00a0pln\u011b vychutnat.<\/p>\n<p style=\"text-align: justify;\">Jako skv\u011bl\u00fd dopln\u011bk k pit\u00ed\u00a0kv\u011btinov\u00e9ho \u010daje\u00a0m\u016f\u017eou b\u00fdt t\u0159eba o\u0159\u00ed\u0161ky nebo su\u0161en\u00e9 ovoce, kter\u00e9 Va\u0161emu serv\u00edrov\u00e1n\u00ed dodaj\u00ed vysokou \u00farove\u0148.<\/p>\n<p style=\"text-align: justify;\"><span style=\"text-align: justify;\">Zaujala V\u00e1s na\u0161e nab\u00eddka a chcete reklamn\u00ed kv\u011btinov\u00e9 \u010daje k propagaci sv\u00e9 firmy? Kontaktujte n\u00e1s pro pro v\u00edce informac\u00ed cenovou nab\u00eddku na emailu:<\/span><a style=\"text-align: justify;\" href=\"mailto:info@predmetyreklamni.eu\">\u00a0info@predmetyreklamni.eu<\/a><\/p>\n<p style=\"text-align: justify;\"><strong>Do cenov\u00e9 popt\u00e1vky pros\u00edm uve\u010fte pot\u0159ebn\u00e9 informace pro cenovou nab\u00eddku jako<\/strong>: mno\u017estv\u00ed, barevnost potisku, dobu dod\u00e1n\u00ed. V\u0161echny tyto informace n\u00e1m pomohou k rychlej\u0161\u00edmu zpracov\u00e1n\u00ed cenov\u00e9 nab\u00eddky pr\u00e1v\u011b pro V\u00e1s.<\/p>\n<p style=\"text-align: justify;\">T\u011b\u0161\u00edme se na spolupr\u00e1ci! Team Gifts Service<\/p>\n","protected":false},"excerpt":{"rendered":"<p>REKLAMN\u00cd KV\u011aTINOV\u00c9 \u010cAJE Reklamn\u00ed kv\u011btinov\u00e9 \u010daje nab\u00eddka Pe\u010dliv\u011b vyb\u00edr\u00e1me takov\u00e9 \u010dajov\u00e9 l\u00edstky a kv\u011bty, kter\u00e9 spl\u0148uj\u00ed nejvy\u0161\u0161\u00ed n\u00e1roky na kvalitu. Najdete u n\u00e1s pouze l\u00edstky sb\u00edran\u00e9 v tom nejvhodn\u011bj\u0161\u00edm obdob\u00ed roku, kdy je zaru\u010dena vysok\u00e1 kvalita, \u010derstvost a p\u0159irozen\u00e1 chu\u0165\u00a0kvetouc\u00edho &hellip; <a href=\"https:\/\/predmetyreklamni.eu\/vyrobce\/reklamni-kvetinove-caje\/\">Continue reading <span class=\"meta-nav\">&rarr;<\/span><\/a><\/p>\n","protected":false},"author":1,"featured_media":0,"parent":0,"menu_order":10,"comment_status":"closed","ping_status":"closed","template":"sidebar-page.php","meta":[],"_links":{"self":[{"href":"https:\/\/predmetyreklamni.eu\/vyrobce\/wp-json\/wp\/v2\/pages\/1801"}],"collection":[{"href":"https:\/\/predmetyreklamni.eu\/vyrobce\/wp-json\/wp\/v2\/pages"}],"about":[{"href":"https:\/\/predmetyreklamni.eu\/vyrobce\/wp-json\/wp\/v2\/types\/page"}],"author":[{"embeddable":true,"href":"https:\/\/predmetyreklamni.eu\/vyrobce\/wp-json\/wp\/v2\/users\/1"}],"replies":[{"embeddable":true,"href":"https:\/\/predmetyreklamni.eu\/vyrobce\/wp-json\/wp\/v2\/comments?post=1801"}],"version-history":[{"count":36,"href":"https:\/\/predmetyreklamni.eu\/vyrobce\/wp-json\/wp\/v2\/pages\/1801\/revisions"}],"predecessor-version":[{"id":1803,"href":"https:\/\/predmetyreklamni.eu\/vyrobce\/wp-json\/wp\/v2\/pages\/1801\/revisions\/1803"}],"wp:attachment":[{"href":"https:\/\/predmetyreklamni.eu\/vyrobce\/wp-json\/wp\/v2\/media?parent=1801"}],"curies":[{"name":"wp","href":"https:\/\/api.w.org\/{rel}","templated":true}]}}