{"id":1874,"date":"2013-09-26T20:45:06","date_gmt":"2013-09-26T20:45:06","guid":{"rendered":"http:\/\/predmetyreklamni.eu\/vyrobce\/?page_id=1874"},"modified":"2020-04-21T06:04:45","modified_gmt":"2020-04-21T06:04:45","slug":"kvetinove-caje-vyrobce","status":"publish","type":"page","link":"https:\/\/predmetyreklamni.eu\/vyrobce\/kvetinove-caje-vyrobce\/","title":{"rendered":"Kv\u011btinov\u00e9 \u010daje v\u00fdrobce"},"content":{"rendered":"<h1 style=\"text-align: justify;\">KV\u011aTINOV\u00c9 \u010cAJE V\u00ddROBCE<\/h1>\n<h2 style=\"text-align: justify;\">Kv\u011btinov\u00e9 \u010daje p\u0159\u00edmo od v\u00fdrobce<\/h2>\n<p style=\"text-align: justify;\">Kv\u011btinov\u00e9 \u010daje jsou zalo\u017eeny na prastar\u00fdch principech p\u0159\u00edrody. V pr\u016fb\u011bhu jeho v\u00fdvoje jsme do\u0161li od p\u016fvodn\u00edho\u00a0v\u00e1zan\u00e9ho \u010daje\u00a0a\u017e k tomu dnes nab\u00edzen\u00e9mu, kter\u00fd spojuje starou tradici s modern\u00edmi technologiemi. Jsme z\u00e1stupci v\u00fdrobce pro kv\u011btinov\u00e9 \u010daje, kter\u00fd se stal, d\u00edky spojen\u00ed toho nejlep\u0161\u00edho z minulosti a sou\u010dasnosti, v\u00fdznamn\u00fdm sv\u011btov\u00fdm producentem pro kv\u011btinov\u00e9 \u010daje. \u00a0Na\u0161\u00edm c\u00edlem je zajistit pro V\u00e1s \u010derstv\u00e9\u00a0kv\u011btinov\u00e9 \u010daje vysok\u00e9 kvality p\u0159\u00edmo od v\u00fdrobce a Vy si tam budete moci vychutnat \u00fa\u017easnou chu\u0165 a v\u016fni \u010daje a nav\u00edc podpo\u0159\u00edte sv\u016fj zdrav\u00fd \u017eivotn\u00ed styl.<\/p>\n<p style=\"text-align: justify;\">Zastupujeme v\u00fdrobce kter\u00fd disponuje plant\u00e1\u017eemi o v\u00fdm\u011b\u0159e p\u0159ibli\u017en\u011b 40 hektar\u016f a tov\u00e1rnou <a href=\"http:\/\/predmetyreklamni.eu\/vyrobce\/wp-content\/uploads\/kv\u011btinov\u00e9-\u010daje-v\u00fdrobce.jpg\"><img decoding=\"async\" loading=\"lazy\" class=\"size-thumbnail wp-image-1939 alignright\" title=\"kv\u011btinov\u00e9 \u010daje v\u00fdrobce\" alt=\"kv\u011btinov\u00e9 \u010daje v\u00fdrobce\" src=\"http:\/\/predmetyreklamni.eu\/vyrobce\/wp-content\/uploads\/kv\u011btinov\u00e9-\u010daje-v\u00fdrobce-150x150.jpg\" width=\"150\" height=\"150\" \/><\/a>na zpracov\u00e1n\u00ed \u010daje s plochou 8000m\u00b2, co\u017e mu umo\u017e\u0148uje nab\u00edzet zelen\u00e9, \u010dern\u00e9, b\u00edl\u00e9, jasm\u00ednov\u00e9 a tak\u00e9 samoz\u0159ejm\u011b kv\u011btinov\u00e9 \u010daje\u00a0\u00a0s ka\u017edoro\u010dn\u011b vysokou \u00fasp\u011b\u0161nost\u00ed prodeje (p\u0159es tis\u00edc tun prodan\u00e9ho \u010daje mluv\u00ed samo za sebe). Inovac\u00ed tradi\u010dn\u00edho \u010d\u00ednsk\u00e9ho \u010daje p\u0159i zachov\u00e1n\u00ed p\u016fvodn\u00edho kr\u00e1sn\u00e9ho vzhledu, v\u016fn\u011b a chuti nyn\u00ed nab\u00edz\u00edme kv\u011btinov\u00e9 \u010daje. Na\u0161e firma zastupuje profesion\u00e1ln\u00edho v\u00fdrobce pro kv\u011btinov\u00e9 \u010daje a je n\u00e1m pot\u011b\u0161en\u00edm obohatit tradi\u010dn\u00ed obchod s \u010dajem a plnit p\u0159\u00e1n\u00ed na\u0161ich klient\u016f.<\/p>\n<p style=\"text-align: justify;\">\u0158\u00edd\u00edme se principy kvality a d\u016fv\u011bry a proto n\u00e1m v\u00fdrobce nab\u00edz\u00ed pouze kv\u011btinov\u00e9 \u010daje t\u00e9 nejvy\u0161\u0161\u00ed kvality. Z\u00e1rove\u0148 pe\u010dliv\u011b vyb\u00edr\u00e1 kombinace kv\u011btin, bylinek a rostlin, kter\u00e9 spojuje podle star\u00e9 tradice tak, aby vytvo\u0159ily unik\u00e1tn\u00ed pod\u00edvanou, kdy\u017e se kv\u011btinov\u00e9 \u010daje rozvinou v hork\u00e9 vod\u011b.<\/p>\n<h2 style=\"text-align: justify;\">Kv\u011btinov\u00fd \u010daj postup v\u00fdrobce p\u0159i v\u00fdrob\u011b<\/h2>\n<p style=\"text-align: justify;\"><a href=\"http:\/\/predmetyreklamni.eu\/vyrobce\/wp-content\/uploads\/Kv\u011btinov\u00fd-\u010daj-postup-v\u00fdrobce-p\u0159i-v\u00fdrob\u011b.jpg\"><img decoding=\"async\" loading=\"lazy\" class=\"alignleft size-thumbnail wp-image-1934\" title=\"Kv\u011btinov\u00fd \u010daj postup v\u00fdrobce p\u0159i v\u00fdrob\u011b\" alt=\"Kv\u011btinov\u00fd \u010daj postup v\u00fdrobce p\u0159i v\u00fdrob\u011b\" src=\"http:\/\/predmetyreklamni.eu\/vyrobce\/wp-content\/uploads\/Kv\u011btinov\u00fd-\u010daj-postup-v\u00fdrobce-p\u0159i-v\u00fdrob\u011b-150x150.jpg\" width=\"150\" height=\"150\" \/><\/a>\u010caj nem\u016f\u017ee b\u00fdt sb\u00edr\u00e1n za de\u0161tiv\u00fdch nebo zamra\u010den\u00fdch dn\u00ed, a proto mus\u00edme v\u017edy po\u010dkat na slunn\u00fd jasn\u00fd den. V\u00fdroba \u010daje se li\u0161\u00ed podle typu (zelen\u00fd, \u010dern\u00fd&#8230;). Zpracov\u00e1n\u00ed kv\u011btinov\u00e9ho \u010daje zahrnuje sedm krok\u016f &#8211; sb\u011br, spa\u0159en\u00ed, rozprost\u0159en\u00ed, svinov\u00e1n\u00ed, su\u0161en\u00ed, sv\u00e1z\u00e1n\u00ed a dosu\u0161en\u00ed. Existuje osm z\u00e1kladn\u00edch kategori\u00ed tvar\u016f vazby od takov\u00fdch, kter\u00e9 vypadaj\u00ed jako bota Mongola, po takov\u00e9, kter\u00e9 p\u0159ipom\u00ednaj\u00ed zmrzl\u00fd lotosov\u00fd kv\u011bt. \u010cajov\u00e9 l\u00edstky se sb\u00edraj\u00ed za soumraku a pouze ty, kter\u00e9 maj\u00ed nejvy\u0161\u0161\u00ed kvalitu, jsou vybr\u00e1ny pro v\u00fdrobu\u00a0kv\u011btinov\u00e9ho \u010daje.<\/p>\n<p style=\"text-align: justify;\">Profesion\u00e1ln\u00ed \u010d\u00edn\u0161t\u00ed ochutn\u00e1va\u010di\u00a0kv\u011btinov\u00e9 \u010daje\u00a0je\u0161t\u011b p\u0159ed zabalen\u00edm ochutn\u00e1vaj\u00ed. Porozum\u011bn\u00ed \u010daji je um\u011bn\u00ed mnohem slo\u017eit\u011bj\u0161\u00ed ne\u017e t\u0159eba degustov\u00e1n\u00ed v\u00edn. Ochutn\u00e1va\u010di usrknou \u010daje a pov\u00e1l\u00ed ho na jazyku, tak aby mohli vychutnat a ocenit ka\u017edou chu\u0165 a v\u016fni, kterou jim\u00a0kv\u011btinov\u00fd \u010daj\u00a0nab\u00edz\u00ed. Kontrolo\u0159i tak\u00e9 prohl\u00ed\u017e\u00ed \u010dajov\u00e9 l\u00edstky ur\u010den\u00e9 pro\u00a0kv\u011btinov\u00fd \u010daj, aby se ujistili o jeho \u010distot\u011b, kvalit\u011b a \u010derstvosti.<\/p>\n<p style=\"text-align: justify;\">\u010caj tak\u00e9 mus\u00ed dodr\u017eet na\u0161e standardy. Ka\u017ed\u00fd \u010daj je vyb\u00edr\u00e1n tak, aby se dos\u00e1hlo ur\u010dit\u00e9ho konkr\u00e9tn\u00edho vzhledu a chuti. I proto se mus\u00ed v\u00fdrobce recept na\u00a0kv\u011btinov\u00e9 \u010daje p\u0159\u00edsn\u011b dodr\u017eovat. Po\u010d\u00edta\u010dov\u011b hl\u00eddan\u00fd kontroln\u00ed syst\u00e9m zaji\u0161\u0165uje ide\u00e1ln\u00ed tempo v\u00fdrobn\u00edho procesu a p\u0159edch\u00e1z\u00ed tak jak\u00fdmkoliv pot\u00ed\u017e\u00edm.<\/p>\n<h2>Kontaktuje z\u00e1stupce v\u00fdrobce pro kv\u011btinov\u00e9 \u010daje<\/h2>\n<p>Zaujaly V\u00e1s kv\u011btinov\u00e9 \u010daje a chcete si je nechat na zak\u00e1zku vyrobit p\u0159\u00edmo od v\u00fdrobce za v\u00fdhodn\u00e9 ceny o obdarovat sv\u00e9 z\u00e1kazn\u00edky \u010di obchodn\u00ed partnery? Kontaktujte n\u00e1s pro cenovou nab\u00eddku na emailu:<a href=\"mailto:info@predmetyreklamni.eu\">\u00a0info@predmetyreklamni.eu<\/a><\/p>\n<p>T\u011b\u0161\u00edme se na spolupr\u00e1ci! Team Gifts Service<\/p>\n","protected":false},"excerpt":{"rendered":"<p>KV\u011aTINOV\u00c9 \u010cAJE V\u00ddROBCE Kv\u011btinov\u00e9 \u010daje p\u0159\u00edmo od v\u00fdrobce Kv\u011btinov\u00e9 \u010daje jsou zalo\u017eeny na prastar\u00fdch principech p\u0159\u00edrody. V pr\u016fb\u011bhu jeho v\u00fdvoje jsme do\u0161li od p\u016fvodn\u00edho\u00a0v\u00e1zan\u00e9ho \u010daje\u00a0a\u017e k tomu dnes nab\u00edzen\u00e9mu, kter\u00fd spojuje starou tradici s modern\u00edmi technologiemi. Jsme z\u00e1stupci v\u00fdrobce pro &hellip; <a href=\"https:\/\/predmetyreklamni.eu\/vyrobce\/kvetinove-caje-vyrobce\/\">Continue reading <span class=\"meta-nav\">&rarr;<\/span><\/a><\/p>\n","protected":false},"author":1,"featured_media":0,"parent":0,"menu_order":10,"comment_status":"closed","ping_status":"closed","template":"sidebar-page.php","meta":[],"_links":{"self":[{"href":"https:\/\/predmetyreklamni.eu\/vyrobce\/wp-json\/wp\/v2\/pages\/1874"}],"collection":[{"href":"https:\/\/predmetyreklamni.eu\/vyrobce\/wp-json\/wp\/v2\/pages"}],"about":[{"href":"https:\/\/predmetyreklamni.eu\/vyrobce\/wp-json\/wp\/v2\/types\/page"}],"author":[{"embeddable":true,"href":"https:\/\/predmetyreklamni.eu\/vyrobce\/wp-json\/wp\/v2\/users\/1"}],"replies":[{"embeddable":true,"href":"https:\/\/predmetyreklamni.eu\/vyrobce\/wp-json\/wp\/v2\/comments?post=1874"}],"version-history":[{"count":17,"href":"https:\/\/predmetyreklamni.eu\/vyrobce\/wp-json\/wp\/v2\/pages\/1874\/revisions"}],"predecessor-version":[{"id":2791,"href":"https:\/\/predmetyreklamni.eu\/vyrobce\/wp-json\/wp\/v2\/pages\/1874\/revisions\/2791"}],"wp:attachment":[{"href":"https:\/\/predmetyreklamni.eu\/vyrobce\/wp-json\/wp\/v2\/media?parent=1874"}],"curies":[{"name":"wp","href":"https:\/\/api.w.org\/{rel}","templated":true}]}}