{"id":2221,"date":"2013-11-23T16:12:14","date_gmt":"2013-11-23T16:12:14","guid":{"rendered":"http:\/\/predmetyreklamni.eu\/vyrobce\/?page_id=2221"},"modified":"2014-10-25T18:42:45","modified_gmt":"2014-10-25T18:42:45","slug":"reklamni-teplomery-na-zakazku","status":"publish","type":"page","link":"https:\/\/predmetyreklamni.eu\/vyrobce\/reklamni-teplomery-na-zakazku\/","title":{"rendered":"Reklamn\u00ed teplom\u011bry na zak\u00e1zku"},"content":{"rendered":"<h1 style=\"text-align: justify;\">REKLAMN\u00cd TEPLOM\u011aRY NA ZAK\u00c1ZKU<\/h1>\n<h2 style=\"text-align: justify;\">Venkovn\u00ed reklamn\u00ed teplom\u011bry na zak\u00e1zku<\/h2>\n<p style=\"text-align: justify;\"><a href=\"http:\/\/predmetyreklamni.eu\/vyrobce\/wp-content\/uploads\/venkovn\u00ed-teplom\u011bry-s-potiskem.jpg\"><img decoding=\"async\" loading=\"lazy\" class=\"wp-image-2229 alignright\" title=\"Venkovn\u00ed teplom\u011bry s potiskem\" alt=\"Venkovn\u00ed teplom\u011bry s potiskem\" src=\"http:\/\/predmetyreklamni.eu\/vyrobce\/wp-content\/uploads\/venkovn\u00ed-teplom\u011bry-s-potiskem-300x300.jpg\" width=\"240\" height=\"240\" srcset=\"https:\/\/predmetyreklamni.eu\/vyrobce\/wp-content\/uploads\/venkovn\u00ed-teplom\u011bry-s-potiskem-300x300.jpg 300w, https:\/\/predmetyreklamni.eu\/vyrobce\/wp-content\/uploads\/venkovn\u00ed-teplom\u011bry-s-potiskem-150x150.jpg 150w, https:\/\/predmetyreklamni.eu\/vyrobce\/wp-content\/uploads\/venkovn\u00ed-teplom\u011bry-s-potiskem.jpg 470w\" sizes=\"(max-width: 240px) 100vw, 240px\" \/><\/a>Na\u0161\u00edm dal\u0161\u00edm produktem jsou reklamn\u00ed teplom\u011bry na zak\u00e1zku. Teplom\u011bry na zak\u00e1zku jsou origin\u00e1ln\u00ed reklamn\u00ed p\u0159edm\u011bt, kter\u00fd nab\u00edz\u00ed pom\u011brn\u011b velkou plochu na potisk, \u0161irok\u00e9 designov\u00e9 mo\u017enosti, mohou b\u00fdt vyrobeny z r\u016fzn\u00fdch materi\u00e1l\u016f a jsou lehk\u00e9. Teplom\u011bry na zak\u00e1zku jsou u\u017eite\u010dn\u00fd reklamn\u00ed p\u0159edm\u011bt, kter\u00fdm m\u016f\u017eete propagovat svou firmu, proto\u017ee Va\u0161e logo bude vid\u011bt a Vy tak zv\u00fd\u0161\u00edte pov\u011bdom\u00ed o zna\u010dce. Reklamn\u00ed teplom\u011bry na zak\u00e1zku jsou pro venkovn\u00ed i vnit\u0159n\u00ed pou\u017eit\u00ed.<\/p>\n<h2 style=\"text-align: justify;\">Reklamn\u00ed teplom\u011bry na zak\u00e1zku nab\u00eddka<\/h2>\n<p style=\"text-align: justify;\">N\u00ed\u017ee V\u00e1m p\u0159edstav\u00edme jak mohou vypadat reklamn\u00ed teplom\u011bry na zak\u00e1zku a mo\u017en\u00e1 inspirujeme i V\u00e1s k realizaci zak\u00e1zky a budete propagovat svou firmu pomoc\u00ed p\u0159edm\u011btu reklamn\u00ed teplom\u011bry na zak\u00e1zku.<\/p>\n<h2 style=\"text-align: justify;\">Reklamn\u00ed venkovn\u00ed teplom\u011bry na zak\u00e1zku<\/h2>\n<p style=\"text-align: justify;\"><a href=\"http:\/\/predmetyreklamni.eu\/vyrobce\/wp-content\/uploads\/Levn\u00e9-reklamn\u00ed-teplom\u011bry-na-zak\u00e1zku.jpg\"><img decoding=\"async\" loading=\"lazy\" class=\" wp-image-2272 alignleft\" title=\"Levn\u00e9 reklamn\u00ed teplom\u011bry na zak\u00e1zku\" alt=\"Levn\u00e9 reklamn\u00ed teplom\u011bry na zak\u00e1zku\" src=\"http:\/\/predmetyreklamni.eu\/vyrobce\/wp-content\/uploads\/Levn\u00e9-reklamn\u00ed-teplom\u011bry-na-zak\u00e1zku-300x300.jpg\" width=\"270\" height=\"270\" srcset=\"https:\/\/predmetyreklamni.eu\/vyrobce\/wp-content\/uploads\/Levn\u00e9-reklamn\u00ed-teplom\u011bry-na-zak\u00e1zku-300x300.jpg 300w, https:\/\/predmetyreklamni.eu\/vyrobce\/wp-content\/uploads\/Levn\u00e9-reklamn\u00ed-teplom\u011bry-na-zak\u00e1zku-150x150.jpg 150w, https:\/\/predmetyreklamni.eu\/vyrobce\/wp-content\/uploads\/Levn\u00e9-reklamn\u00ed-teplom\u011bry-na-zak\u00e1zku.jpg 555w\" sizes=\"(max-width: 270px) 100vw, 270px\" \/><\/a>Tyto mal\u00e9 reklamn\u00ed venkovn\u00ed teplom\u011bry na zak\u00e1zku jsou lehk\u00e9, cenov\u011b nen\u00e1ro\u010dn\u00e9 a stejn\u011b jako ostatn\u00ed teplom\u011bry nab\u00edz\u00ed prostor pro propagac\u00ed zna\u010dky. Reklamn\u00ed teplom\u011bry na zak\u00e1zku s p\u0159\u00edsavkami se snadno um\u00edst\u00ed na okno<\/p>\n<p style=\"padding-left: 300px; text-align: justify;\"><strong>Materi\u00e1l<\/strong>: plast<br \/>\n<strong>Rozm\u011bry<\/strong>: 3.8 cm x 16.5 cm<br \/>\n<strong>Potisk<\/strong>: s\u00edtotisk<br \/>\n<strong>Hmotnost<\/strong>: 40g<br \/>\n<strong>Min. objedn\u00e1vka:<\/strong>\u00a0100 ks<br \/>\n<strong>Cena<\/strong>: \u00a043.90,- K\u010d\/ks*<br \/>\n<a title=\"ZASLAT POPT\u00c1VKU\" href=\"mailto:info@predmetyreklamni.eu\">ZASLAT POPT\u00c1VKU\u00a0<\/a><\/p>\n<h2 style=\"text-align: justify;\">Plastov\u00e9 reklamn\u00ed teplom\u011bry na zak\u00e1zku<\/h2>\n<p style=\"text-align: justify;\"><a href=\"http:\/\/predmetyreklamni.eu\/vyrobce\/wp-content\/uploads\/teplomery.jpg\"><img decoding=\"async\" loading=\"lazy\" class=\"size-medium wp-image-2244 alignleft\" title=\"Plastov\u00e9 teplom\u011bry s potiskem \" alt=\"Plastov\u00e9 teplom\u011bry s potiskem \" src=\"http:\/\/predmetyreklamni.eu\/vyrobce\/wp-content\/uploads\/teplomery-262x300.jpg\" width=\"262\" height=\"300\" srcset=\"https:\/\/predmetyreklamni.eu\/vyrobce\/wp-content\/uploads\/teplomery-262x300.jpg 262w, https:\/\/predmetyreklamni.eu\/vyrobce\/wp-content\/uploads\/teplomery.jpg 480w\" sizes=\"(max-width: 262px) 100vw, 262px\" \/><\/a><span style=\"text-align: justify;\">Plastov\u00e9 reklamn\u00ed teplom\u011bry na zak\u00e1zku jsou dobrou volbou, proto\u017ee nab\u00edzej\u00ed \u0159adu variant zpracov\u00e1n\u00ed, snadno se na n\u011b tiskne a jsou lehk\u00e9. Plastov\u00e9 reklamn\u00ed teplom\u011bry na zak\u00e1zku jsou vhodn\u00e9 pro venkovn\u00ed i vnit\u0159n\u00ed pou\u017eit\u00ed a budou proto skv\u011ble propagovat Va\u0161\u00ed firmu a zna\u010dku. \u00a0<\/span><\/p>\n<p style=\"text-align: justify;\"><strong>Materi\u00e1l<\/strong>: plast<br \/>\n<strong>Rozm\u011bry<\/strong>: 9 cm x 29 cm<br \/>\n<strong>Potisk<\/strong>: plnobarevn\u00fd digit\u00e1ln\u00ed potisk<br \/>\n<strong>Hmotnost<\/strong>: 117g<br \/>\n<strong>Min. objedn\u00e1vka:<\/strong> 100 ks<br \/>\n<strong>Cena<\/strong>: \u00a091,- K\u010d\/ks*<br \/>\n<a title=\"ZASLAT POPT\u00c1VKU\" href=\"mailto:info@predmetyreklamni.eu\">ZASLAT POPT\u00c1VKU\u00a0<\/a><\/p>\n<h2 style=\"text-align: justify;\">Hlin\u00edkov\u00e9 reklamn\u00ed teplom\u011bry na zak\u00e1zku<\/h2>\n<p style=\"text-align: justify;\"><strong><a href=\"http:\/\/predmetyreklamni.eu\/vyrobce\/wp-content\/uploads\/GS-OT005.jpg\"><img decoding=\"async\" loading=\"lazy\" class=\" wp-image-2270 alignleft\" title=\"Hlin\u00edkov\u00e9 teplom\u011bry s potiskem\" alt=\"Hlin\u00edkov\u00e9 teplom\u011bry s potiskem\" src=\"http:\/\/predmetyreklamni.eu\/vyrobce\/wp-content\/uploads\/GS-OT005-300x300.jpg\" width=\"270\" height=\"270\" srcset=\"https:\/\/predmetyreklamni.eu\/vyrobce\/wp-content\/uploads\/GS-OT005-300x300.jpg 300w, https:\/\/predmetyreklamni.eu\/vyrobce\/wp-content\/uploads\/GS-OT005-150x150.jpg 150w, https:\/\/predmetyreklamni.eu\/vyrobce\/wp-content\/uploads\/GS-OT005.jpg 600w\" sizes=\"(max-width: 270px) 100vw, 270px\" \/><\/a><\/strong>Propagujte svou firmu cel\u00fd rok bez ohledu na po\u010das\u00ed a v\u011bnujte sv\u00fdm z\u00e1kazn\u00edk\u016fm hlin\u00edkov\u00e9 reklamn\u00ed teplom\u011bry, kter\u00e9 pro V\u00e1s na zak\u00e1zku vyrob\u00edme. Hlin\u00edkov\u00e9 reklamn\u00ed teplom\u011bry s potiskem na zak\u00e1zku.<\/p>\n<p style=\"text-align: justify;\"><strong>Materi\u00e1l<\/strong>: hlin\u00edk<br \/>\n<strong>Rozm\u011bry<\/strong>: 8 cm x 29 cm<br \/>\n<strong>Potisk<\/strong>: s\u00edtotisk<br \/>\n<strong>Hmotnost<\/strong>: 125g<br \/>\n<strong>Min. objedn\u00e1vka:<\/strong>\u00a0100 ks<br \/>\n<strong>Cena<\/strong>: \u00a0159,- K\u010d\/ks*<br \/>\n<a title=\"ZASLAT POPT\u00c1VKU\" href=\"mailto:info@predmetyreklamni.eu\">ZASLAT POPT\u00c1VKU\u00a0<\/a><\/p>\n<h2 style=\"text-align: justify;\">Reklamn\u00ed d\u0159ev\u011bn\u00e9 teplom\u011bry na zak\u00e1zku<\/h2>\n<p style=\"text-align: justify;\"><a href=\"http:\/\/predmetyreklamni.eu\/vyrobce\/wp-content\/uploads\/d\u0159ev\u011bn\u00e9-teplom\u011bry-s-potiskem.jpg\"><img decoding=\"async\" loading=\"lazy\" class=\" wp-image-2249 alignleft\" title=\"D\u0159ev\u011bn\u00e9 teplom\u011bry s potiskem\" alt=\"D\u0159ev\u011bn\u00e9 teplom\u011bry s potiskem\" src=\"http:\/\/predmetyreklamni.eu\/vyrobce\/wp-content\/uploads\/d\u0159ev\u011bn\u00e9-teplom\u011bry-s-potiskem.jpg\" width=\"270\" height=\"270\" srcset=\"https:\/\/predmetyreklamni.eu\/vyrobce\/wp-content\/uploads\/d\u0159ev\u011bn\u00e9-teplom\u011bry-s-potiskem.jpg 300w, https:\/\/predmetyreklamni.eu\/vyrobce\/wp-content\/uploads\/d\u0159ev\u011bn\u00e9-teplom\u011bry-s-potiskem-150x150.jpg 150w\" sizes=\"(max-width: 270px) 100vw, 270px\" \/><\/a><span style=\"text-align: justify;\">D\u0159ev\u011bn\u00e9 reklamn\u00ed teplom\u011bry vypadaj\u00ed skv\u011ble a lze je na zak\u00e1zku opat\u0159it potiskem pomoc\u00ed s\u00edtotisku \u010di laserov\u00e9ho grav\u00edrov\u00e1n\u00ed. D\u00edky tomu z\u00edsk\u00e1te origin\u00e1ln\u00ed reklamn\u00ed p\u0159edm\u011bt, kter\u00fdm budete propagovat svou firmu a zna\u010dku.\u00a0<\/span><\/p>\n<p style=\"text-align: justify;\"><strong>Materi\u00e1l<\/strong>: dub, javor<br \/>\n<strong>Rozm\u011bry<\/strong>: 9 cm x 29 cm x 0.9cm<br \/>\n<strong>Potisk<\/strong>: s\u00edtotisk, laserov\u00e9 grav\u00edrov\u00e1n\u00ed<br \/>\n<strong>Hmotnost<\/strong>: 180g<br \/>\n<strong>Min. objedn\u00e1vka:<\/strong>\u00a0100 ks<br \/>\n<strong>Cena<\/strong>: \u00a0229,- K\u010d\/ks*<br \/>\n<a title=\"ZASLAT POPT\u00c1VKU\" href=\"mailto:info@predmetyreklamni.eu\">ZASLAT POPT\u00c1VKU\u00a0<\/a><\/p>\n<h2 style=\"text-align: justify;\">Kovov\u00e9 reklamn\u00ed teplom\u011bry na zak\u00e1zku<\/h2>\n<p style=\"text-align: justify;\"><a href=\"http:\/\/predmetyreklamni.eu\/vyrobce\/wp-content\/uploads\/plechov\u00e9-reklamn\u00ed-teplom\u011bry-na-zak\u00e1zku.jpg\"><img decoding=\"async\" loading=\"lazy\" class=\" wp-image-2264 alignleft\" title=\"plechov\u00e9 reklamn\u00ed teplom\u011bry na zak\u00e1zku\" alt=\"plechov\u00e9 reklamn\u00ed teplom\u011bry na zak\u00e1zku\" src=\"http:\/\/predmetyreklamni.eu\/vyrobce\/wp-content\/uploads\/plechov\u00e9-reklamn\u00ed-teplom\u011bry-na-zak\u00e1zku-300x300.jpg\" width=\"270\" height=\"270\" srcset=\"https:\/\/predmetyreklamni.eu\/vyrobce\/wp-content\/uploads\/plechov\u00e9-reklamn\u00ed-teplom\u011bry-na-zak\u00e1zku-300x300.jpg 300w, https:\/\/predmetyreklamni.eu\/vyrobce\/wp-content\/uploads\/plechov\u00e9-reklamn\u00ed-teplom\u011bry-na-zak\u00e1zku-150x150.jpg 150w, https:\/\/predmetyreklamni.eu\/vyrobce\/wp-content\/uploads\/plechov\u00e9-reklamn\u00ed-teplom\u011bry-na-zak\u00e1zku.jpg 500w\" sizes=\"(max-width: 270px) 100vw, 270px\" \/><\/a>Kovov\u00e9 teplom\u011bry na zak\u00e1zku jsou origin\u00e1ln\u00ed reklamn\u00ed p\u0159edm\u011bt, kter\u00fdm m\u016f\u017eete obdarovat sv\u00e9 z\u00e1kazn\u00edky a obchodn\u00ed partnery. Kovov\u00e9 reklamn\u00ed teplom\u011bry na zak\u00e1zku s Va\u0161\u00edm logem, zna\u010dkou nebo obr\u00e1zkem dle Va\u0161eho zad\u00e1n\u00ed k propagaci zna\u010dky.<\/p>\n<p style=\"padding-left: 300px; text-align: justify;\"><strong>Materi\u00e1l<\/strong>: kov (plech)<br \/>\n<strong>Rozm\u011bry<\/strong>: 12.5 cm x 43 cm<br \/>\n<strong>Potisk<\/strong>: plnobarevn\u00fd potisk<br \/>\n<strong>Hmotnost<\/strong>: 230g<br \/>\n<strong>Min. objedn\u00e1vka:<\/strong>\u00a0100 ks<br \/>\n<strong>Cena<\/strong>: \u00a0299,- K\u010d\/ks*<br \/>\n<a title=\"ZASLAT POPT\u00c1VKU\" href=\"mailto:info@predmetyreklamni.eu\">ZASLAT POPT\u00c1VKU\u00a0<\/a><\/p>\n<p style=\"text-align: justify;\">* uveden\u00e9 ceny:\u00a0neobsahuj\u00ed DPH 21%,\u00a0neobsahuj\u00ed p\u0159\u00edpravu v\u00fdroby,\u00a0obsahuj\u00ed potisk jednou barvou,\u00a0jsou platn\u00e9 p\u0159i odb\u011bru 1000 ks<\/p>\n<h2 style=\"text-align: justify;\">Reklamn\u00ed teplom\u011bry na zak\u00e1zku materi\u00e1ly<\/h2>\n<p style=\"text-align: justify;\">Pro v\u00fdrobu p\u0159edm\u011btu reklamn\u00ed teplom\u011bry na zak\u00e1zku se pou\u017e\u00edvaj\u00ed nej\u010dast\u011bji materi\u00e1ly jako plast, d\u0159evo nebo kov. Plastov\u00e9 reklamn\u00ed teplom\u011bry na zak\u00e1zku jsou realizov\u00e1ny nej\u010dast\u011bji a to p\u0159edev\u0161\u00edm proto, \u017ee jsou lehk\u00e9, snadno se na n\u011b tiskne, nab\u00edz\u00ed \u0161irok\u00e9 mo\u017enosti tvar\u016f a nejsou tak cenov\u011b n\u00e1ro\u010dn\u00e9. D\u0159ev\u011bn\u00e9 a kovov\u00e9 reklamn\u00ed teplom\u011bry na zak\u00e1zku vypadaj\u00ed luxusn\u011b, jsou cenov\u011b n\u00e1ro\u010dn\u011bj\u0161\u00ed.\u00a0Reklamn\u00ed teplom\u011bry na zak\u00e1zku mohou m\u00edt r\u016fzn\u00e9 typy uchycen\u00ed &#8211; \u0161roubky, p\u0159\u00edsavky, nastaviteln\u00e9 dr\u017e\u00e1\u010dky, oboustrann\u00e1 lepenka a lze je um\u00edstit na rovn\u00e9 povrchy. Reklamn\u00ed teplom\u011bry mohou b\u00fdt na zak\u00e1zku v jednotk\u00e1ch Celsia,\u00a0Fahrenheit nebo kombinace obou jednotek. Tekutina ve stupnici m\u016f\u017ee b\u00fdt nap\u0159\u00edklad \u010derven\u00e9, modr\u00e9 nebo zelen\u00e9 barvy.<\/p>\n<h2 style=\"text-align: justify;\">Reklamn\u00ed teplom\u011bry na zak\u00e1zku potisk<\/h2>\n<p style=\"text-align: justify;\">Reklamn\u00ed teplom\u011bry lze na zak\u00e1zku opat\u0159it potiskem &#8211; nap\u0159\u00edklad logem, zna\u010dkou, sloganem a hned z\u00edsk\u00e1te origin\u00e1ln\u00ed reklamn\u00ed p\u0159edm\u011bt pro propagaci firmy. Pro potisk p\u0159edm\u011btu reklamn\u00ed teplom\u011bry na zak\u00e1zku se vyu\u017e\u00edv\u00e1 digit\u00e1ln\u00ed plnobarevn\u00fd potisk, s\u00edtotisk nebo laserov\u00e9 grav\u00edrov\u00e1n\u00ed pro d\u0159ev\u011bn\u00e9 reklamn\u00ed teplom\u011bry. Potisk na reklamn\u00ed teplom\u011bry na zak\u00e1zku je odoln\u00fd proti UV z\u00e1\u0159en\u00ed a proto budou m\u00edt reklamn\u00ed teplom\u011bry st\u00e1l\u00e9 barvy po dlouhou dobu.<\/p>\n<p style=\"text-align: justify;\">Zaujala V\u00e1s na\u0161e nab\u00eddka a chcete propagovat svou firmu a zna\u010dku pomoc\u00ed p\u0159edm\u011btu reklamn\u00ed teplom\u011bry na zak\u00e1zku? Nev\u00e1hejte n\u00e1s kontaktovat pro cenovou nab\u00eddku na emailu: <a title=\"info@predmetyreklamni.eu\" href=\"mailto:info@predmetyreklamni.eu\">info@predmetyreklamni.eu<\/a><\/p>\n<p style=\"text-align: justify;\"><strong>Do cenov\u00e9 popt\u00e1vky pros\u00edm uve\u010fte pot\u0159ebn\u00e9 informace pro cenovou nab\u00eddku jako<\/strong>: mno\u017estv\u00ed, velikost, barevn\u00e9 proveden\u00ed nebo kombinaci barev, dobu dod\u00e1n\u00ed. V\u0161echny tyto informace n\u00e1m pomohou k rychlej\u0161\u00edmu zpracov\u00e1n\u00ed cenov\u00e9 nab\u00eddky pr\u00e1v\u011b pro V\u00e1s.<\/p>\n<p>T\u011b\u0161\u00edme se na spolupr\u00e1ci! Team Gifts Service<\/p>\n","protected":false},"excerpt":{"rendered":"<p>REKLAMN\u00cd TEPLOM\u011aRY NA ZAK\u00c1ZKU Venkovn\u00ed reklamn\u00ed teplom\u011bry na zak\u00e1zku Na\u0161\u00edm dal\u0161\u00edm produktem jsou reklamn\u00ed teplom\u011bry na zak\u00e1zku. Teplom\u011bry na zak\u00e1zku jsou origin\u00e1ln\u00ed reklamn\u00ed p\u0159edm\u011bt, kter\u00fd nab\u00edz\u00ed pom\u011brn\u011b velkou plochu na potisk, \u0161irok\u00e9 designov\u00e9 mo\u017enosti, mohou b\u00fdt vyrobeny z r\u016fzn\u00fdch materi\u00e1l\u016f &hellip; <a href=\"https:\/\/predmetyreklamni.eu\/vyrobce\/reklamni-teplomery-na-zakazku\/\">Continue reading <span class=\"meta-nav\">&rarr;<\/span><\/a><\/p>\n","protected":false},"author":1,"featured_media":0,"parent":0,"menu_order":21,"comment_status":"closed","ping_status":"open","template":"sidebar-page.php","meta":[],"_links":{"self":[{"href":"https:\/\/predmetyreklamni.eu\/vyrobce\/wp-json\/wp\/v2\/pages\/2221"}],"collection":[{"href":"https:\/\/predmetyreklamni.eu\/vyrobce\/wp-json\/wp\/v2\/pages"}],"about":[{"href":"https:\/\/predmetyreklamni.eu\/vyrobce\/wp-json\/wp\/v2\/types\/page"}],"author":[{"embeddable":true,"href":"https:\/\/predmetyreklamni.eu\/vyrobce\/wp-json\/wp\/v2\/users\/1"}],"replies":[{"embeddable":true,"href":"https:\/\/predmetyreklamni.eu\/vyrobce\/wp-json\/wp\/v2\/comments?post=2221"}],"version-history":[{"count":49,"href":"https:\/\/predmetyreklamni.eu\/vyrobce\/wp-json\/wp\/v2\/pages\/2221\/revisions"}],"predecessor-version":[{"id":4238,"href":"https:\/\/predmetyreklamni.eu\/vyrobce\/wp-json\/wp\/v2\/pages\/2221\/revisions\/4238"}],"wp:attachment":[{"href":"https:\/\/predmetyreklamni.eu\/vyrobce\/wp-json\/wp\/v2\/media?parent=2221"}],"curies":[{"name":"wp","href":"https:\/\/api.w.org\/{rel}","templated":true}]}}