{"id":2358,"date":"2013-12-08T15:57:51","date_gmt":"2013-12-08T15:57:51","guid":{"rendered":"http:\/\/predmetyreklamni.eu\/vyrobce\/?page_id=2358"},"modified":"2014-03-12T13:26:32","modified_gmt":"2014-03-12T13:26:32","slug":"termohrnky-s-vymenitelnym-potiskem-na-zakazku","status":"publish","type":"page","link":"https:\/\/predmetyreklamni.eu\/vyrobce\/termohrnky-s-vymenitelnym-potiskem-na-zakazku\/","title":{"rendered":"Termohrnky s vym\u011bniteln\u00fdm potiskem na zak\u00e1zku"},"content":{"rendered":"<h1 style=\"text-align: justify;\">TERMOHRNKY S VYM\u011aNITELN\u00ddM POTISKEM NA ZAK\u00c1ZKU<\/h1>\n<h2 style=\"text-align: justify;\">Termohrnky s vym\u011bniteln\u00fdm potiskem na zak\u00e1zku jako reklamn\u00ed p\u0159edm\u011bt<\/h2>\n<p style=\"text-align: justify;\">Mezi dal\u0161\u00ed velmi obl\u00edben\u00e9 reklamn\u00ed p\u0159edm\u011bty, kter\u00e9 pro V\u00e1s na zak\u00e1zku m\u016f\u017eeme vyrobit <a href=\"http:\/\/predmetyreklamni.eu\/vyrobce\/wp-content\/uploads\/dvoust\u011bnn\u00e9-termohrnky-s-vlo\u017eiteln\u00fdm-obr\u00e1zkem-2.jpg\"><img decoding=\"async\" loading=\"lazy\" class=\"size-medium wp-image-2378 alignright\" title=\"dvoust\u011bnn\u00e9 termohrnky s vlo\u017eiteln\u00fdm obr\u00e1zkem\" alt=\"dvoust\u011bnn\u00e9 termohrnky s vlo\u017eiteln\u00fdm obr\u00e1zkem\" src=\"http:\/\/predmetyreklamni.eu\/vyrobce\/wp-content\/uploads\/dvoust\u011bnn\u00e9-termohrnky-s-vlo\u017eiteln\u00fdm-obr\u00e1zkem-2-300x159.jpg\" width=\"300\" height=\"159\" srcset=\"https:\/\/predmetyreklamni.eu\/vyrobce\/wp-content\/uploads\/dvoust\u011bnn\u00e9-termohrnky-s-vlo\u017eiteln\u00fdm-obr\u00e1zkem-2-300x159.jpg 300w, https:\/\/predmetyreklamni.eu\/vyrobce\/wp-content\/uploads\/dvoust\u011bnn\u00e9-termohrnky-s-vlo\u017eiteln\u00fdm-obr\u00e1zkem-2.jpg 400w\" sizes=\"(max-width: 300px) 100vw, 300px\" \/><\/a>jsou termohrnky s vym\u011bniteln\u00fdm potiskem. Tyto termohrnky s vym\u011bniteln\u00fdm potiskem na zak\u00e1zku jsou v dob\u011b napjat\u00fdch rozpo\u010dt\u016f velice dobr\u00fdm \u0159e\u0161en\u00edm jak propagovat svou firmu a nav\u00edc pomoc\u00ed origin\u00e1ln\u00edho a u\u017eite\u010dn\u00e9ho reklamn\u00edho p\u0159edm\u011btu. Reklamn\u00ed termohrnky s vym\u011bniteln\u00fdm potiskem na zak\u00e1zku nab\u00edz\u00ed velkou plochu na potisk, co\u017e je v oblasti propagace velk\u00e1 v\u00fdhoda. Termohrnky s vym\u011bniteln\u00fdm potiskem na zak\u00e1zku jsou u\u017eite\u010dn\u00fd reklamn\u00ed p\u0159edm\u011bt, kter\u00fd ocen\u00ed z\u00e1kazn\u00edci i obchodn\u00ed partne\u0159i, kte\u0159\u00ed si d\u00edky n\u011bmu vychutnaj\u00ed tepl\u00fd \u010daj \u010di k\u00e1vu t\u0159eba na cest\u011b do pr\u00e1ce nebo na dovolen\u00e9. Termohrnky opat\u0159ete vym\u011bniteln\u00fdm potiskem a d\u00edky n\u011bmu bude Va\u0161eho logo a zna\u010dka na o\u010d\u00edch.<\/p>\n<h2 style=\"text-align: justify;\">Reklamn\u00ed termohrnky s vym\u011bniteln\u00fdm potiskem nab\u00eddka<\/h2>\n<p style=\"text-align: justify;\">N\u00ed\u017ee se nach\u00e1z\u00ed nab\u00eddka pro p\u0159edm\u011bt reklamn\u00ed termohrnky s vym\u011bniteln\u00fdm potiskem a mo\u017en\u00e1 inspirujeme i V\u00e1s k tomu, abyste svou firmu a zna\u010dku propagovali pomoc\u00ed toho reklamn\u00edho p\u0159edm\u011btu.<\/p>\n<h2 style=\"text-align: justify;\">Plastov\u00e9 termohrnky s vym\u011bniteln\u00fdm potiskem<\/h2>\n<p style=\"text-align: justify;\"><a href=\"http:\/\/predmetyreklamni.eu\/vyrobce\/wp-content\/uploads\/GS-TCWP001.jpg\"><img decoding=\"async\" loading=\"lazy\" class=\"alignleft  wp-image-2368\" title=\"Plastov\u00e9 termohrnky s vlo\u017een\u00fdm potiskem\" alt=\"Plastov\u00e9 termohrnky s vlo\u017een\u00fdm potiskem\" src=\"http:\/\/predmetyreklamni.eu\/vyrobce\/wp-content\/uploads\/GS-TCWP001-300x274.jpg\" width=\"270\" height=\"247\" srcset=\"https:\/\/predmetyreklamni.eu\/vyrobce\/wp-content\/uploads\/GS-TCWP001-300x274.jpg 300w, https:\/\/predmetyreklamni.eu\/vyrobce\/wp-content\/uploads\/GS-TCWP001-328x300.jpg 328w, https:\/\/predmetyreklamni.eu\/vyrobce\/wp-content\/uploads\/GS-TCWP001.jpg 525w\" sizes=\"(max-width: 270px) 100vw, 270px\" \/><\/a>Termohrnky s vym\u011bniteln\u00fdm potiskem jako origin\u00e1ln\u00ed a u\u017eite\u010dn\u00fd p\u0159edm\u011bt k propagaci. Plastov\u00e9 termohrnky maj\u00ed transparentn\u00ed dvoust\u011bnn\u00e9 t\u011blo a je tedy mo\u017en\u00e9 je opat\u0159it vym\u011bniteln\u00fdm potiskem dle Va\u0161eho zad\u00e1n\u00ed.<br \/>\n<strong>Materi\u00e1l<\/strong>: plast<br \/>\n<strong>Rozm\u011bry<\/strong>:\u00a0cca 18cm, cca \u00d8 8cm<br \/>\n<strong>Hmotnost<\/strong>: 200g<br \/>\n<strong>Objem<\/strong>: 450ml<br \/>\n<strong>Min. objedn\u00e1vka:<\/strong>\u00a0500 ks<br \/>\n<strong>Cena<\/strong>: \u00a019.90,- K\u010d\/ks*<br \/>\n<a title=\"ZASLAT POPT\u00c1VKU\" href=\"mailto:info@predmetyreklamni.eu\">ZASLAT POPT\u00c1VKU\u00a0<\/a><\/p>\n<h2 style=\"text-align: justify;\">Reklamn\u00ed termohrnky s ou\u0161kem a vym\u011bniteln\u00fdm potiskem<\/h2>\n<p style=\"text-align: justify;\"><a href=\"http:\/\/predmetyreklamni.eu\/vyrobce\/wp-content\/uploads\/GS-TCWP002.jpg\"><img decoding=\"async\" loading=\"lazy\" class=\"alignleft size-medium wp-image-2374\" title=\"Termohrnky s uchem a vlo\u017eiteln\u00fdm potiskem\" alt=\"Termohrnky s uchem a vlo\u017eiteln\u00fdm potiskem\" src=\"http:\/\/predmetyreklamni.eu\/vyrobce\/wp-content\/uploads\/GS-TCWP002-250x300.jpg\" width=\"250\" height=\"300\" srcset=\"https:\/\/predmetyreklamni.eu\/vyrobce\/wp-content\/uploads\/GS-TCWP002-250x300.jpg 250w, https:\/\/predmetyreklamni.eu\/vyrobce\/wp-content\/uploads\/GS-TCWP002.jpg 327w\" sizes=\"(max-width: 250px) 100vw, 250px\" \/><\/a>Reklamn\u00ed termohrnky mohou b\u00fdt na zak\u00e1zku i s praktick\u00fdm ou\u0161kem. Termohrnky s vym\u011bniteln\u00fdm potiskem jsou u\u017eite\u010dn\u00fd reklamn\u00ed p\u0159edm\u011bt, kter\u00fd ocen\u00ed ka\u017ed\u00fd z\u00e1kazn\u00edk nebo klient. Termohrnky tvo\u0159\u00ed dvoust\u011bnn\u00e9 t\u011blo s t\u00edm, \u017ee horn\u00ed vrstva je transparentn\u00ed a snadno se od\u0161roubuje. Vy pak jednodu\u0161e vlo\u017e\u00edte pap\u00edr s potiskem mezi tyto dv\u011b st\u011bny.<br \/>\n<strong>Materi\u00e1l<\/strong>: plast<br \/>\n<strong>Rozm\u011bry<\/strong>:\u00a0v\u00fd\u0161ka 17cm, \u00a0\u00d8 8.5cm<br \/>\n<strong>Hmotnost<\/strong>: 187g<br \/>\n<strong>Objem<\/strong>: 400ml<br \/>\n<strong>Min. objedn\u00e1vka:<\/strong>\u00a0500 ks<br \/>\n<strong>Cena<\/strong>: \u00a021.90,- K\u010d\/ks*<br \/>\n<a title=\"ZASLAT POPT\u00c1VKU\" href=\"mailto:info@predmetyreklamni.eu\">ZASLAT POPT\u00c1VKU\u00a0<\/a><\/p>\n<h2 style=\"text-align: justify;\">Transparentn\u00ed termohrnky s vym\u011bniteln\u00fdm potiskem<\/h2>\n<p style=\"text-align: justify;\"><a href=\"http:\/\/predmetyreklamni.eu\/vyrobce\/wp-content\/uploads\/SG-TCWP001.jpg\"><img decoding=\"async\" loading=\"lazy\" class=\"alignleft  wp-image-2373\" title=\"Reklamn\u00ed termohrnky s vym\u011bniteln\u00fdm motivem \" alt=\"Reklamn\u00ed termohrnky s vym\u011bniteln\u00fdm motivem \" src=\"http:\/\/predmetyreklamni.eu\/vyrobce\/wp-content\/uploads\/SG-TCWP001-300x270.jpg\" width=\"270\" height=\"243\" srcset=\"https:\/\/predmetyreklamni.eu\/vyrobce\/wp-content\/uploads\/SG-TCWP001-300x270.jpg 300w, https:\/\/predmetyreklamni.eu\/vyrobce\/wp-content\/uploads\/SG-TCWP001-333x300.jpg 333w, https:\/\/predmetyreklamni.eu\/vyrobce\/wp-content\/uploads\/SG-TCWP001.jpg 360w\" sizes=\"(max-width: 270px) 100vw, 270px\" \/><\/a>Tyto termohrnky maj\u00ed transparentn\u00ed ou\u0161ko a vypadaj\u00ed skv\u011ble. Termohrnky jsou tvo\u0159eny dvoust\u011bnn\u00fdm transparentn\u00edm t\u011blem a snadno mezi n\u011b vlo\u017e\u00edte pap\u00edr s potiskem a reklamn\u00ed p\u0159edm\u011bt je na sv\u011bt\u011b.<br \/>\n<strong>Materi\u00e1l<\/strong>: plast<br \/>\n<strong>Rozm\u011bry<\/strong>:\u00a0v\u00fd\u0161ka 16.5cm, \u00d8 6.35-8cm<br \/>\n<strong>Hmotnost<\/strong>: 190g<br \/>\n<strong>Objem<\/strong>: 450ml<br \/>\n<strong>Min. objedn\u00e1vka:<\/strong>\u00a0500 ks<br \/>\n<strong>Cena<\/strong>: \u00a023.90,- K\u010d\/ks*<br \/>\n<a title=\"ZASLAT POPT\u00c1VKU\" href=\"mailto:info@predmetyreklamni.eu\">ZASLAT POPT\u00c1VKU\u00a0<\/a><\/p>\n<h2 style=\"text-align: justify;\">Nerezov\u00e9 termohrnky s vym\u011bniteln\u00fdm potiskem<\/h2>\n<p style=\"text-align: justify;\"><a href=\"http:\/\/predmetyreklamni.eu\/vyrobce\/wp-content\/uploads\/nerezov\u00e9-termohrnky-s-vlo\u017een\u00fdm-motivem.jpg\"><img decoding=\"async\" loading=\"lazy\" class=\"alignleft  wp-image-2383\" title=\"nerezov\u00e9 termohrnky s vlo\u017een\u00fdm motivem na zak\u00e1zku\" alt=\"nerezov\u00e9 termohrnky s vlo\u017een\u00fdm motivem na zak\u00e1zku\" src=\"http:\/\/predmetyreklamni.eu\/vyrobce\/wp-content\/uploads\/nerezov\u00e9-termohrnky-s-vlo\u017een\u00fdm-motivem-300x300.jpg\" width=\"270\" height=\"270\" srcset=\"https:\/\/predmetyreklamni.eu\/vyrobce\/wp-content\/uploads\/nerezov\u00e9-termohrnky-s-vlo\u017een\u00fdm-motivem-300x300.jpg 300w, https:\/\/predmetyreklamni.eu\/vyrobce\/wp-content\/uploads\/nerezov\u00e9-termohrnky-s-vlo\u017een\u00fdm-motivem-150x150.jpg 150w, https:\/\/predmetyreklamni.eu\/vyrobce\/wp-content\/uploads\/nerezov\u00e9-termohrnky-s-vlo\u017een\u00fdm-motivem.jpg 504w\" sizes=\"(max-width: 270px) 100vw, 270px\" \/><\/a><span style=\"text-align: justify;\">Nerezov\u00e9 termohrnky s vym\u011bniteln\u00fdm potiskem jsou praktick\u00fd reklamn\u00ed p\u0159edm\u011bt. Mezi dv\u011b od\u0161roubovateln\u00e9 st\u011bny t\u011bla termohrnku m\u016f\u017eete vlo\u017eit jak\u00fdkoliv barevn\u00fd pap\u00edrov\u00fd potisk a nejste nijak omezen\u00ed obr\u00e1zky, motivy.<br \/>\n<\/span><strong style=\"text-align: justify;\">Materi\u00e1l<\/strong><span style=\"text-align: justify;\">:\u00a0nerezov\u00e1 ocel 18\/8 a plast<br \/>\n<\/span><strong style=\"text-align: justify;\">Rozm\u011bry<\/strong><span style=\"text-align: justify;\">:\u00a0cca 16.5-18cm, cca \u00d86.35-8.25cm<br \/>\n<\/span><strong style=\"text-align: justify;\">Hmotnost<\/strong><span style=\"text-align: justify;\">: 330g<br \/>\n<\/span><strong style=\"text-align: justify;\">Objem<\/strong><span style=\"text-align: justify;\">: 350\/450\/500ml<br \/>\n<\/span><strong style=\"text-align: justify;\">Min. objedn\u00e1vka:<\/strong><span style=\"text-align: justify;\">\u00a0500 ks<br \/>\n<\/span><strong style=\"text-align: justify;\">Cena<\/strong><span style=\"text-align: justify;\">: \u00a039.90,- K\u010d\/ks*<br \/>\n<\/span><a style=\"text-align: justify;\" title=\"ZASLAT POPT\u00c1VKU\" href=\"mailto:info@predmetyreklamni.eu\">ZASLAT POPT\u00c1VKU\u00a0<\/a><\/p>\n<h2 style=\"text-align: justify;\">Pro\u010d termohrnky s vym\u011bniteln\u00fdm potiskem na zak\u00e1zku?<\/h2>\n<ul style=\"text-align: justify;\">\n<li>n\u00edzk\u00e9 n\u00e1klady<\/li>\n<li>\u017e\u00e1dn\u00e9 omezen\u00ed s potiskem &#8211; loga, obr\u00e1zky, designy, motivy, barvy &#8211; v\u0161e je mo\u017en\u00e9!<\/li>\n<li><span style=\"text-align: justify;\">velk\u00e1 plocha pro Va\u0161\u00ed reklamu<\/span><\/li>\n<li><span style=\"text-align: justify;\">Va\u0161e logo bude na o\u010d\u00edch\u00a0<\/span><\/li>\n<li>variabiln\u00ed reklamn\u00ed p\u0159edm\u011bt &#8211; mo\u017enost zm\u011bny motivu<\/li>\n<li>praktick\u00fd a efektivn\u00ed reklamn\u00ed p\u0159edm\u011bt<\/li>\n<\/ul>\n<p style=\"text-align: justify;\">* uveden\u00e9 ceny:\u00a0neobsahuj\u00ed DPH 21%,\u00a0neobsahuj\u00ed p\u0159\u00edpravu v\u00fdroby, neobsahuji potisk, jsou platn\u00e9 p\u0159i odb\u011bru 1000 ks<\/p>\n<p style=\"text-align: justify;\">Zaujala V\u00e1s na\u0161e nab\u00eddka a chcete propagovat svou firmu a zna\u010dku pomoc\u00ed p\u0159edm\u011btu reklamn\u00ed termohrnky s vym\u011bniteln\u00fdm potiskem na zak\u00e1zku?\u00a0Nev\u00e1hejte n\u00e1s kontaktovat pro cenovou nab\u00eddku na emailu:\u00a0<a title=\"info@predmetyreklamni.eu\" href=\"mailto:info@predmetyreklamni.eu\">info@predmetyreklamni.eu<\/a><\/p>\n<p style=\"text-align: justify;\"><strong>Do cenov\u00e9 popt\u00e1vky pros\u00edm uve\u010fte pot\u0159ebn\u00e9 informace pro cenovou nab\u00eddku jako<\/strong>: mno\u017estv\u00ed, velikost, barevn\u00e9 proveden\u00ed nebo kombinaci barev, dobu dod\u00e1n\u00ed. V\u0161echny tyto informace n\u00e1m pomohou k rychlej\u0161\u00edmu zpracov\u00e1n\u00ed cenov\u00e9 nab\u00eddky pr\u00e1v\u011b pro V\u00e1s.<\/p>\n<p>T\u011b\u0161\u00edme se na spolupr\u00e1ci! Team Gifts Service<\/p>\n","protected":false},"excerpt":{"rendered":"<p>TERMOHRNKY S VYM\u011aNITELN\u00ddM POTISKEM NA ZAK\u00c1ZKU Termohrnky s vym\u011bniteln\u00fdm potiskem na zak\u00e1zku jako reklamn\u00ed p\u0159edm\u011bt Mezi dal\u0161\u00ed velmi obl\u00edben\u00e9 reklamn\u00ed p\u0159edm\u011bty, kter\u00e9 pro V\u00e1s na zak\u00e1zku m\u016f\u017eeme vyrobit jsou termohrnky s vym\u011bniteln\u00fdm potiskem. Tyto termohrnky s vym\u011bniteln\u00fdm potiskem na zak\u00e1zku &hellip; <a href=\"https:\/\/predmetyreklamni.eu\/vyrobce\/termohrnky-s-vymenitelnym-potiskem-na-zakazku\/\">Continue reading <span class=\"meta-nav\">&rarr;<\/span><\/a><\/p>\n","protected":false},"author":1,"featured_media":0,"parent":0,"menu_order":19,"comment_status":"closed","ping_status":"open","template":"sidebar-page.php","meta":[],"_links":{"self":[{"href":"https:\/\/predmetyreklamni.eu\/vyrobce\/wp-json\/wp\/v2\/pages\/2358"}],"collection":[{"href":"https:\/\/predmetyreklamni.eu\/vyrobce\/wp-json\/wp\/v2\/pages"}],"about":[{"href":"https:\/\/predmetyreklamni.eu\/vyrobce\/wp-json\/wp\/v2\/types\/page"}],"author":[{"embeddable":true,"href":"https:\/\/predmetyreklamni.eu\/vyrobce\/wp-json\/wp\/v2\/users\/1"}],"replies":[{"embeddable":true,"href":"https:\/\/predmetyreklamni.eu\/vyrobce\/wp-json\/wp\/v2\/comments?post=2358"}],"version-history":[{"count":26,"href":"https:\/\/predmetyreklamni.eu\/vyrobce\/wp-json\/wp\/v2\/pages\/2358\/revisions"}],"predecessor-version":[{"id":4236,"href":"https:\/\/predmetyreklamni.eu\/vyrobce\/wp-json\/wp\/v2\/pages\/2358\/revisions\/4236"}],"wp:attachment":[{"href":"https:\/\/predmetyreklamni.eu\/vyrobce\/wp-json\/wp\/v2\/media?parent=2358"}],"curies":[{"name":"wp","href":"https:\/\/api.w.org\/{rel}","templated":true}]}}