{"id":2599,"date":"2014-02-24T19:25:52","date_gmt":"2014-02-24T19:25:52","guid":{"rendered":"http:\/\/predmetyreklamni.eu\/vyrobce\/?page_id=2599"},"modified":"2021-06-13T12:41:25","modified_gmt":"2021-06-13T12:41:25","slug":"zakazkova-vyroba-reklamnich-predmetu","status":"publish","type":"page","link":"https:\/\/predmetyreklamni.eu\/vyrobce\/zakazkova-vyroba-reklamnich-predmetu\/","title":{"rendered":"Zak\u00e1zkov\u00e1 v\u00fdroba reklamn\u00edch p\u0159edm\u011btu"},"content":{"rendered":"<h1>ZAK\u00c1ZKOV\u00c1 V\u00ddROBA REKLAMN\u00cdCH P\u0158EDM\u011aT\u016e<\/h1>\n<h2>Zak\u00e1zkov\u00e1 v\u00fdroba reklamn\u00edch p\u0159edm\u011btu<\/h2>\n<p style=\"text-align: justify;\">Specializac\u00ed Gifts Servisu je zak\u00e1zkov\u00e1 v\u00fdroba reklamn\u00edch p\u0159edm\u011bt\u016f. N\u00ed\u017ee naleznete nab\u00eddku na\u0161ich reklamn\u00edch p\u0159edm\u011bt\u016f a tak\u00e9 v\u00edce informac\u00ed o na\u0161ich produktech. Nev\u00e1hejte n\u00e1s kontaktovat pro cenovou nab\u00eddku.<\/p>\n<em>Klikn\u011bte pro v\u00edce informac\u00ed<\/em>\n\n\n<div class=\"wp-block-group is-layout-flow\">\n<div class=\"wp-block-group__inner-container\"><\/div>\n<\/div>\n \n<div class=\"wp-block-image\">\n<figure class=\"alignleft is-resized\"><a href=\"https:\/\/giftsservice.com\/cs\/3d-plasticke-samolepky-a-nalepky-na-zakazku\/\" rel=\"noopener\"><img decoding=\"async\" loading=\"lazy\" src=\"http:\/\/predmetyreklamni.eu\/vyrobce\/wp-content\/uploads\/3D-samolepky.png\" alt=\"3D samolepky od v\u00fdrobce\" width=\"176\" height=\"174\" \/><\/a>\n<figcaption>3D SAMOLEPKY<\/figcaption><\/figure>\n<\/div>\n \n<div class=\"wp-block-image\">\n<figure class=\"alignleft\"><a href=\"https:\/\/giftsservice.com\/cs\/reklamni-antistresove-micky-na-zakazku\/\" rel=\"noopener\"><img decoding=\"async\" src=\"http:\/\/predmetyreklamni.eu\/vyrobce\/wp-content\/uploads\/reklamn\u00ed-antistresov\u00e9-m\u00ed\u010dky-od-v\u00fdrobce-150x150.jpg\" alt=\"reklamn\u00ed antistresov\u00e9 m\u00ed\u010dky od v\u00fdrobce\" \/><\/a>\n<figcaption>ANTISTRESOV\u00c9<\/figcaption><\/figure>\n<\/div>\n \n<div class=\"wp-block-image\">\n<figure class=\"alignleft\"><a href=\"https:\/\/giftsservice.com\/cs\/reklamni-antistresove-micky-na-zakazku\/\" rel=\"noopener\"><img decoding=\"async\" loading=\"lazy\" width=\"150\" height=\"150\" class=\"wp-image-3048\" src=\"http:\/\/predmetyreklamni.eu\/vyrobce\/wp-content\/uploads\/reklamn\u00ed-de\u0161tn\u00edky-v\u00fdrobce-150x150.png\" alt=\"reklamn\u00ed de\u0161tn\u00edky v\u00fdrobce\" \/><\/a>\n<figcaption>DE\u0160TN\u00cdKY<\/figcaption><\/figure>\n<\/div>\n \n<div class=\"wp-block-image\">\n<figure class=\"alignleft\"><a href=\"https:\/\/giftsservice.com\/cs\/reklamni-hawaiske-vence-na-zakazku\/\" rel=\"noopener\"><img decoding=\"async\" loading=\"lazy\" width=\"150\" height=\"150\" class=\"wp-image-3051\" src=\"http:\/\/predmetyreklamni.eu\/vyrobce\/wp-content\/uploads\/havajsk\u00e9-v\u011bnce-v\u00fdrobce-150x150.jpg\" alt=\"havajsk\u00e9 v\u011bnce dodavatel\" \/><\/a>\n<figcaption>HAWAII V\u011aNCE<\/figcaption><\/figure>\n<\/div>\n \n<div class=\"wp-block-image\">\n<figure class=\"alignleft\"><a href=\"https:\/\/giftsservice.com\/cs\/reklamni-zabky-a-pantofle-vyrobce\/\" rel=\"noopener\"><img decoding=\"async\" loading=\"lazy\" width=\"150\" height=\"150\" class=\"wp-image-3055\" src=\"http:\/\/predmetyreklamni.eu\/vyrobce\/wp-content\/uploads\/reklamn\u00ed-pantofle-na-zak\u00e1zku1-150x150.jpg\" alt=\"hotelov\u00e9 pantofle v\u00fdrobce\" srcset=\"https:\/\/predmetyreklamni.eu\/vyrobce\/wp-content\/uploads\/reklamn\u00ed-pantofle-na-zak\u00e1zku1-150x150.jpg 150w, https:\/\/predmetyreklamni.eu\/vyrobce\/wp-content\/uploads\/reklamn\u00ed-pantofle-na-zak\u00e1zku1.jpg 300w\" sizes=\"(max-width: 150px) 100vw, 150px\" \/><\/a>\n<figcaption>PANTOFLE<\/figcaption><\/figure>\n<\/div>\n \n<div class=\"wp-block-image\">\n<figure class=\"alignleft\"><a href=\"https:\/\/giftsservice.com\/cs\/reklamni-kapesnicky-na-zakazku\/\" rel=\"noopener\"><img decoding=\"async\" loading=\"lazy\" width=\"150\" height=\"150\" class=\"wp-image-3058\" src=\"http:\/\/predmetyreklamni.eu\/vyrobce\/wp-content\/uploads\/ubrousky-s-potiskem-zak\u00e1zkov\u00e1-v\u00fdroba-150x150.jpg\" alt=\"ubrousky s potiskem zak\u00e1zkov\u00e1 v\u00fdroba\" \/><\/a>\n<figcaption>UBROUSKY<\/figcaption><\/figure>\n<\/div>\n \n<div class=\"wp-block-image\">\n<figure class=\"alignleft\"><a href=\"https:\/\/giftsservice.com\/cs\/reklamni-kouzelna-fazole-se-zpravou\/\" rel=\"noopener\"><img decoding=\"async\" loading=\"lazy\" width=\"150\" height=\"150\" class=\"wp-image-3060\" src=\"http:\/\/predmetyreklamni.eu\/vyrobce\/wp-content\/uploads\/kouzeln\u00e1-fazole-dodavatel-150x150.jpg\" alt=\"kouzeln\u00e1 fazole dodavatel\" srcset=\"https:\/\/predmetyreklamni.eu\/vyrobce\/wp-content\/uploads\/kouzeln\u00e1-fazole-dodavatel-150x150.jpg 150w, https:\/\/predmetyreklamni.eu\/vyrobce\/wp-content\/uploads\/kouzeln\u00e1-fazole-dodavatel.jpg 240w\" sizes=\"(max-width: 150px) 100vw, 150px\" \/><\/a>\n<figcaption>FAZOLE<\/figcaption><\/figure>\n<\/div>\n \n<div class=\"wp-block-image\">\n<figure class=\"alignleft\"><a href=\"https:\/\/giftsservice.com\/cs\/reklamni-caje\/\" rel=\"noopener\"><img decoding=\"async\" loading=\"lazy\" width=\"150\" height=\"150\" class=\"wp-image-3063\" src=\"http:\/\/predmetyreklamni.eu\/vyrobce\/wp-content\/uploads\/kvetouc\u00ed-\u010daje-dodavatel-150x150.jpg\" alt=\"kvetouc\u00ed \u010daje dodavatel\" \/><\/a>\n<figcaption>KVETOUC\u00cd \u010cAJE<\/figcaption><\/figure>\n<\/div>\n \n<div class=\"wp-block-image\">\n<figure class=\"alignleft\"><a href=\"https:\/\/giftsservice.com\/cs\/reklamni-magnety-a-magnetky-na-zakazku\/\" rel=\"noopener\"><img decoding=\"async\" loading=\"lazy\" width=\"150\" height=\"150\" class=\"wp-image-3065\" src=\"http:\/\/predmetyreklamni.eu\/vyrobce\/wp-content\/uploads\/reklamn\u00ed-magnetky-zak\u00e1zkov\u00e1-v\u00fdroba-150x150.png\" alt=\"reklamn\u00ed magnetky zak\u00e1zkov\u00e1 v\u00fdroba\" \/><\/a>\n<figcaption>MAGNETKY<\/figcaption><\/figure>\n<\/div>\n \n<div class=\"wp-block-image\">\n<figure class=\"alignleft\"><a href=\"https:\/\/giftsservice.com\/cs\/plastove-pristupove-karty-na-zakazku\/\" rel=\"noopener\"><img decoding=\"async\" loading=\"lazy\" width=\"150\" height=\"150\" class=\"wp-image-3067\" src=\"http:\/\/predmetyreklamni.eu\/vyrobce\/wp-content\/uploads\/plastov\u00e9-karty-zak\u00e1zkov\u00e1-v\u00fdroba-150x150.jpg\" alt=\"plastov\u00e9 karty zak\u00e1zkov\u00e1 v\u00fdroba\" \/><\/a>\n<figcaption>PVC KARTY<\/figcaption><\/figure>\n<\/div>\n \n<div class=\"wp-block-image\">\n<figure class=\"alignleft\"><a href=\"https:\/\/giftsservice.com\/cs\/reklamni-zabky-a-pantofle-vyrobce\/\" rel=\"noopener\"><img decoding=\"async\" loading=\"lazy\" width=\"150\" height=\"150\" class=\"wp-image-3069\" src=\"http:\/\/predmetyreklamni.eu\/vyrobce\/wp-content\/uploads\/reklamn\u00ed-\u017eabky-zak\u00e1zkov\u00e1-v\u00fdroba-150x150.png\" alt=\"reklamn\u00ed \u017eabky zak\u00e1zkov\u00e1 v\u00fdroba\" \/><\/a>\n<figcaption>\u017dABKY<\/figcaption><\/figure>\n<\/div>\n \n<div class=\"wp-block-image\">\n<figure class=\"alignleft\"><a href=\"https:\/\/giftsservice.com\/cs\/reklamni-plovouci-klicenky-na-zakazku\/\" rel=\"noopener\"><img decoding=\"async\" loading=\"lazy\" width=\"150\" height=\"150\" class=\"wp-image-3071\" src=\"http:\/\/predmetyreklamni.eu\/vyrobce\/wp-content\/uploads\/plovouc\u00ed-kl\u00ed\u010denky-zak\u00e1zkov\u00e1-v\u00fdroba-150x150.jpg\" alt=\"plovouc\u00ed kl\u00ed\u010denky zak\u00e1zkov\u00e1 v\u00fdroba\" \/><\/a>\n<figcaption>EVA KL\u00cd\u010cENKY<\/figcaption><\/figure>\n<\/div>\n \n<div class=\"wp-block-image\">\n<figure class=\"alignleft\"><a href=\"https:\/\/giftsservice.com\/cs\/reflexni-reklamni-predmety-privesky-klicenky-nalepky\/\" rel=\"noopener\"><img decoding=\"async\" loading=\"lazy\" width=\"150\" height=\"150\" class=\"wp-image-3074\" src=\"http:\/\/predmetyreklamni.eu\/vyrobce\/wp-content\/uploads\/reflexn\u00ed-reklamn\u00ed-p\u0159edm\u011bty-150x150.jpg\" alt=\"reflexn\u00ed reklamn\u00ed p\u0159edm\u011bty\" \/><\/a>\n<figcaption>REFLEXN\u00cd<\/figcaption><\/figure>\n<\/div>\n \n<div class=\"wp-block-image\">\n<figure class=\"alignleft\"><a href=\"https:\/\/giftsservice.com\/cs\/reklamni-rohozky-na-zakazku\/\" rel=\"noopener\"><img decoding=\"async\" loading=\"lazy\" width=\"150\" height=\"150\" class=\"wp-image-3076\" src=\"http:\/\/predmetyreklamni.eu\/vyrobce\/wp-content\/uploads\/reklamn\u00ed-roho\u017eky-na-zak\u00e1zku-tkan\u00e91-150x150.jpg\" alt=\"reklamn\u00ed roho\u017eky zak\u00e1zkov\u00e1 v\u00fdroba\" \/><\/a>\n<figcaption>ROHO\u017dKY<\/figcaption><\/figure>\n<\/div>\n \n<div class=\"wp-block-image\">\n<figure class=\"alignleft\"><a href=\"https:\/\/giftsservice.com\/cs\/reklamni-kvetiny\/\" rel=\"noopener\"><img decoding=\"async\" loading=\"lazy\" width=\"150\" height=\"150\" class=\"wp-image-3078\" src=\"http:\/\/predmetyreklamni.eu\/vyrobce\/wp-content\/uploads\/Custom-Made-Can-Plant1-150x150.jpg\" alt=\"reklamn\u00ed kytky v plechovce\" srcset=\"https:\/\/predmetyreklamni.eu\/vyrobce\/wp-content\/uploads\/Custom-Made-Can-Plant1-150x150.jpg 150w, https:\/\/predmetyreklamni.eu\/vyrobce\/wp-content\/uploads\/Custom-Made-Can-Plant1.jpg 240w\" sizes=\"(max-width: 150px) 100vw, 150px\" \/><\/a>\n<figcaption>ROSTLINY<\/figcaption><\/figure>\n<\/div>\n \n<div class=\"wp-block-image\">\n<figure class=\"alignleft\"><a href=\"http:\/\/predmetyreklamni.eu\/vyrobce\/reklamni-skladaci-lehatka-na-zakazku\/\" rel=\"noopener\"><img decoding=\"async\" loading=\"lazy\" width=\"150\" height=\"150\" class=\"wp-image-3081\" src=\"http:\/\/predmetyreklamni.eu\/vyrobce\/wp-content\/uploads\/reklamn\u00ed-leh\u00e1tka-v\u00fdrobce-150x150.png\" alt=\"reklamn\u00ed leh\u00e1tka v\u00fdrobce\" \/><\/a>\n<figcaption>LEH\u00c1TKA<\/figcaption><\/figure>\n<\/div>\n \n<div class=\"wp-block-image\">\n<figure class=\"alignleft\"><a href=\"https:\/\/giftsservice.com\/cs\/reklamni-cvrnkaci-kulicky\/\" rel=\"noopener\"><img decoding=\"async\" loading=\"lazy\" width=\"150\" height=\"150\" class=\"wp-image-3082\" src=\"http:\/\/predmetyreklamni.eu\/vyrobce\/wp-content\/uploads\/reklamn\u00ed-sklen\u011bn\u00e9-kuli\u010dky-v\u00fdrobce-150x150.jpg\" alt=\"reklamn\u00ed sklen\u011bn\u00e9 kuli\u010dky v\u00fdrobce\" \/><\/a>\n<figcaption>KULI\u010cKY<\/figcaption><\/figure>\n<\/div>\n \n<div class=\"wp-block-image\">\n<figure class=\"alignleft\"><a href=\"https:\/\/giftsservice.com\/cs\/reklamni-slunecniky-na-zakazku\/\" rel=\"noopener\"><img decoding=\"async\" loading=\"lazy\" width=\"150\" height=\"150\" class=\"wp-image-3084\" src=\"http:\/\/predmetyreklamni.eu\/vyrobce\/wp-content\/uploads\/reklamn\u00ed-slune\u010dn\u00edky-v\u00fdrobce-150x150.jpg\" alt=\"reklamn\u00ed slune\u010dn\u00edky v\u00fdrobce\" \/><\/a>\n<figcaption>SLUNE\u010cN\u00cdKY<\/figcaption><\/figure>\n<\/div>\n \n<div class=\"wp-block-image\">\n<figure class=\"alignleft\"><a href=\"https:\/\/giftsservice.com\/cs\/reklamni-termohrnky-s-vymennym-designem\/\" rel=\"noopener\"><img decoding=\"async\" loading=\"lazy\" width=\"150\" height=\"150\" class=\"wp-image-3086\" src=\"http:\/\/predmetyreklamni.eu\/vyrobce\/wp-content\/uploads\/termohrnky-s-vlo\u017een\u00fdm-potiskem-dodavatel-150x150.jpg\" alt=\"termohrnky s vlo\u017een\u00fdm potiskem dodavatel\" \/><\/a>\n<figcaption>TERMOHRNKY<\/figcaption><\/figure>\n<\/div>\n \n<div class=\"wp-block-image\">\n<figure class=\"alignleft\"><a href=\"https:\/\/giftsservice.com\/cs\/vanocni-reklama-a-dekorace\/\" rel=\"noopener\"><img decoding=\"async\" loading=\"lazy\" width=\"150\" height=\"150\" class=\"wp-image-3088\" src=\"http:\/\/predmetyreklamni.eu\/vyrobce\/wp-content\/uploads\/v\u00e1no\u010dn\u00ed-reklamn\u00ed-p\u0159edm\u011bty-dodavatel-150x150.png\" alt=\"v\u00e1no\u010dn\u00ed reklamn\u00ed p\u0159edm\u011bty dodavatel\" srcset=\"https:\/\/predmetyreklamni.eu\/vyrobce\/wp-content\/uploads\/v\u00e1no\u010dn\u00ed-reklamn\u00ed-p\u0159edm\u011bty-dodavatel-150x150.png 150w, https:\/\/predmetyreklamni.eu\/vyrobce\/wp-content\/uploads\/v\u00e1no\u010dn\u00ed-reklamn\u00ed-p\u0159edm\u011bty-dodavatel.png 202w\" sizes=\"(max-width: 150px) 100vw, 150px\" \/><\/a>\n<figcaption>V\u00c1NOCE<\/figcaption><\/figure>\n<\/div>\n \n<div class=\"wp-block-image\">\n<figure class=\"alignleft\"><a href=\"https:\/\/giftsservice.com\/cs\/reklamni-teplomery-na-zakazku\/\" rel=\"noopener\"><img decoding=\"async\" loading=\"lazy\" width=\"150\" height=\"150\" class=\"wp-image-3090\" src=\"http:\/\/predmetyreklamni.eu\/vyrobce\/wp-content\/uploads\/reklamn\u00ed-teplom\u011bry-v\u00fdrobce-150x150.png\" alt=\"reklamn\u00ed teplom\u011bry v\u00fdrobce\" \/><\/a>\n<figcaption>TEPLOM\u011aRY<\/figcaption><\/figure>\n<\/div>\n \n<div class=\"wp-block-image\">\n<figure class=\"alignleft\"><a href=\"https:\/\/giftsservice.com\/cs\/reklamni-sladkosti-na-zakazku\/\" rel=\"noopener\"><img decoding=\"async\" loading=\"lazy\" width=\"150\" height=\"150\" class=\"wp-image-3184\" src=\"http:\/\/predmetyreklamni.eu\/vyrobce\/wp-content\/uploads\/reklamn\u00ed-sladkosti-v\u00fdrobce-150x150.jpg\" alt=\"reklamn\u00ed sladkosti v\u00fdrobce\" \/><\/a>\n<figcaption>SLADKOSTI<\/figcaption><\/figure>\n<\/div>\n \n<div class=\"wp-block-image\">\n<figure class=\"alignleft\"><a href=\"https:\/\/giftsservice.com\/cs\/reklamni-cokoladicky-na-zakazku\/\" rel=\"noopener\"><img decoding=\"async\" loading=\"lazy\" width=\"150\" height=\"150\" class=\"wp-image-3275\" src=\"http:\/\/predmetyreklamni.eu\/vyrobce\/wp-content\/uploads\/\u010doko-adventn\u00ed-kalend\u00e1\u0159e-v\u00fdrobce-150x150.jpg\" alt=\"\u010doko adventn\u00ed kalend\u00e1\u0159e v\u00fdrobce\" \/><\/a>\n<figcaption>\u010cOKO KALEND\u00c1\u0158<\/figcaption><\/figure>\n<\/div>\n \n<div class=\"wp-block-image\">\n<figure class=\"alignleft\"><a href=\"https:\/\/giftsservice.com\/cs\/reklamni-ohrivace-rukou-na-zakazku\/\" rel=\"noopener\"><img decoding=\"async\" loading=\"lazy\" width=\"150\" height=\"150\" class=\"wp-image-3466\" src=\"http:\/\/predmetyreklamni.eu\/vyrobce\/wp-content\/uploads\/reklamn\u00ed-termopol\u0161t\u00e1\u0159ky-s-potiskem-150x150.jpg\" alt=\"reklamn\u00ed termopol\u0161t\u00e1\u0159ky s potiskem\" \/><\/a>\n<figcaption>POL\u0160T\u00c1\u0158KY<\/figcaption><\/figure>\n<\/div>\n \n<div class=\"wp-block-image\">\n<figure class=\"alignleft\"><a href=\"https:\/\/giftsservice.com\/cs\/reklamni-podlozky-na-zakazku\/\" rel=\"noopener\"><img decoding=\"async\" loading=\"lazy\" width=\"150\" height=\"150\" class=\"wp-image-3871\" src=\"http:\/\/predmetyreklamni.eu\/vyrobce\/wp-content\/uploads\/reklamn\u00ed-podlo\u017eky-v\u00fdrobce-150x150.jpg\" alt=\"reklamn\u00ed podlo\u017eky v\u00fdrobce\" \/><\/a>\n<figcaption>PODLO\u017dKY<\/figcaption><\/figure>\n<\/div>\n \n<div class=\"wp-block-image\">\n<figure class=\"alignleft\"><a href=\"https:\/\/giftsservice.com\/cs\/zakazkove-odznaky-a-firemni-odznacky\/\" rel=\"noopener\"><img decoding=\"async\" loading=\"lazy\" width=\"150\" height=\"150\" class=\"wp-image-3893\" src=\"http:\/\/predmetyreklamni.eu\/vyrobce\/wp-content\/uploads\/reklamn\u00ed-placky-a-odznaky-v\u00fdrobce-150x150.jpg\" alt=\"reklamn\u00ed placky a odznaky v\u00fdrobce\" \/><\/a>\n<figcaption>ODZNAKY<\/figcaption><\/figure>\n<\/div>\n \n<div class=\"wp-block-image\">\n<figure class=\"alignleft\"><a href=\"https:\/\/giftsservice.com\/cs\/reklamni-skrabky-na-led-na-zakazku\/\" rel=\"noopener\"><img decoding=\"async\" loading=\"lazy\" width=\"150\" height=\"150\" class=\"wp-image-3950\" src=\"http:\/\/predmetyreklamni.eu\/vyrobce\/wp-content\/uploads\/reklamn\u00ed-\u0161krabky-na-led-v\u00fdrobce-150x150.jpg\" alt=\"reklamn\u00ed \u0161krabky na led v\u00fdrobce\" \/><\/a>\n<figcaption>\u0160KRABKY NA LED<\/figcaption><\/figure>\n<\/div>\n \n<div class=\"wp-block-image\">\n<figure class=\"alignleft\"><a href=\"https:\/\/giftsservice.com\/cs\/reklamni-hodinky\/\" rel=\"noopener\"><img decoding=\"async\" src=\"http:\/\/predmetyreklamni.eu\/vyrobce\/wp-content\/uploads\/silikonov\u00e9-hodinky-dodavatel.jpg\" alt=\"silikonov\u00e9 hodinky dodavatel\" \/><\/a>\n<figcaption>HODINKY<\/figcaption><\/figure>\n<\/div>\n \n<div class=\"wp-block-image\">\n<figure class=\"alignleft\"><a href=\"https:\/\/giftsservice.com\/cs\/reklamni-podhlavniky-na-zakazku\/\" rel=\"noopener\"><img decoding=\"async\" src=\"http:\/\/predmetyreklamni.eu\/vyrobce\/wp-content\/uploads\/textiln\u00ed-podhlavn\u00edky-v\u00fdrobce-150x150.jpg\" alt=\"textiln\u00ed podhlavn\u00edky v\u00fdrobce\" \/><\/a>\n<figcaption>PODHLAVN\u00cdKY<\/figcaption><\/figure>\n<\/div>\n \n<div class=\"wp-block-image\">\n<figure class=\"alignleft\"><a href=\"https:\/\/giftsservice.com\/cs\/reklamni-kava\/\" rel=\"noopener\"><img decoding=\"async\" loading=\"lazy\" width=\"150\" height=\"150\" class=\"wp-image-4502\" src=\"http:\/\/predmetyreklamni.eu\/vyrobce\/wp-content\/uploads\/k\u00e1va_\u010daj-\u2013-kopie-150x150.jpg\" alt=\"Propaga\u010dn\u00ed k\u00e1va s logem\" \/><\/a>\n<figcaption>K\u00c1VA<\/figcaption><\/figure>\n<\/div>\n \n<div class=\"wp-block-group\">\n<div class=\"wp-block-group__inner-container is-layout-flow\">\n<div class=\"wp-block-image\">\n<figure class=\"alignleft\"><a href=\"https:\/\/giftsservice.com\/cs\/reklamni-bezpecnostni-obaly-na-platebni-karty\/\" rel=\"noopener\"><img decoding=\"async\" loading=\"lazy\" width=\"150\" height=\"150\" class=\"wp-image-4620\" src=\"http:\/\/predmetyreklamni.eu\/vyrobce\/wp-content\/uploads\/bezpe\u010dnostn\u00ed-rfid-obaly-v\u00fdrobce-150x150.jpg\" alt=\"bezpe\u010dnostn\u00ed rfid obaly v\u00fdrobce\" \/><\/a>\n<figcaption>RFID OBALY<\/figcaption><\/figure>\n<\/div>\n<\/div>\n<\/div>\n            \n<div class=\"mceTemp\"><\/div>","protected":false},"excerpt":{"rendered":"<p>ZAK\u00c1ZKOV\u00c1 V\u00ddROBA REKLAMN\u00cdCH P\u0158EDM\u011aT\u016e Zak\u00e1zkov\u00e1 v\u00fdroba reklamn\u00edch p\u0159edm\u011btu Specializac\u00ed Gifts Servisu je zak\u00e1zkov\u00e1 v\u00fdroba reklamn\u00edch p\u0159edm\u011bt\u016f. N\u00ed\u017ee naleznete nab\u00eddku na\u0161ich reklamn\u00edch p\u0159edm\u011bt\u016f a tak\u00e9 v\u00edce informac\u00ed o na\u0161ich produktech. Nev\u00e1hejte n\u00e1s kontaktovat pro cenovou nab\u00eddku. Klikn\u011bte pro v\u00edce informac\u00ed<\/p>\n","protected":false},"author":1,"featured_media":0,"parent":0,"menu_order":2,"comment_status":"closed","ping_status":"closed","template":"sidebar-page.php","meta":[],"_links":{"self":[{"href":"https:\/\/predmetyreklamni.eu\/vyrobce\/wp-json\/wp\/v2\/pages\/2599"}],"collection":[{"href":"https:\/\/predmetyreklamni.eu\/vyrobce\/wp-json\/wp\/v2\/pages"}],"about":[{"href":"https:\/\/predmetyreklamni.eu\/vyrobce\/wp-json\/wp\/v2\/types\/page"}],"author":[{"embeddable":true,"href":"https:\/\/predmetyreklamni.eu\/vyrobce\/wp-json\/wp\/v2\/users\/1"}],"replies":[{"embeddable":true,"href":"https:\/\/predmetyreklamni.eu\/vyrobce\/wp-json\/wp\/v2\/comments?post=2599"}],"version-history":[{"count":55,"href":"https:\/\/predmetyreklamni.eu\/vyrobce\/wp-json\/wp\/v2\/pages\/2599\/revisions"}],"predecessor-version":[{"id":4793,"href":"https:\/\/predmetyreklamni.eu\/vyrobce\/wp-json\/wp\/v2\/pages\/2599\/revisions\/4793"}],"wp:attachment":[{"href":"https:\/\/predmetyreklamni.eu\/vyrobce\/wp-json\/wp\/v2\/media?parent=2599"}],"curies":[{"name":"wp","href":"https:\/\/api.w.org\/{rel}","templated":true}]}}