{"id":26,"date":"2013-03-20T10:21:29","date_gmt":"2013-03-20T10:21:29","guid":{"rendered":"http:\/\/predmetyreklamni.eu\/vyrobce\/?page_id=26"},"modified":"2014-10-09T18:26:39","modified_gmt":"2014-10-09T18:26:39","slug":"reklamni-zabky-a-pantofle-na-zakazku","status":"publish","type":"page","link":"https:\/\/predmetyreklamni.eu\/vyrobce\/reklamni-zabky-a-pantofle-na-zakazku\/","title":{"rendered":"Reklamn\u00ed \u017eabky a pantofle na zak\u00e1zku"},"content":{"rendered":"<h1>REKLAMN\u00cd \u017dABKY A PANTOFLE NA ZAK\u00c1ZKU<\/h1>\n<h2>Pro\u010d reklamn\u00ed \u017eabky a pantofle na zak\u00e1zku<\/h2>\n<p><img decoding=\"async\" loading=\"lazy\" class=\"alignright size-full wp-image-764\" style=\"color: #333333; font-style: normal; line-height: 24px;\" title=\"reklamn\u00ed pantofle na zak\u00e1zku\" alt=\"reklamn\u00ed pantofle na zak\u00e1zku\" src=\"http:\/\/predmetyreklamni.eu\/vyrobce\/wp-content\/uploads\/reklamn\u00ed-pantofle-na-zak\u00e1zku.jpg\" width=\"300\" height=\"300\" srcset=\"https:\/\/predmetyreklamni.eu\/vyrobce\/wp-content\/uploads\/reklamn\u00ed-pantofle-na-zak\u00e1zku.jpg 300w, https:\/\/predmetyreklamni.eu\/vyrobce\/wp-content\/uploads\/reklamn\u00ed-pantofle-na-zak\u00e1zku-150x150.jpg 150w\" sizes=\"(max-width: 300px) 100vw, 300px\" \/><\/p>\n<div style=\"text-align: justify;\">Reklamn\u00ed \u017eabky \u010di pantofle na zak\u00e1zku jsou st\u00e1le obl\u00edben\u00fd reklamn\u00ed p\u0159edm\u011bt a n\u00e1stroj propagace mnoha firem. Je to p\u0159edev\u0161\u00edm proto, \u017ee \u00a0reklamn\u00ed \u017eabky a pantofle jsou z\u00e1rove\u0148 obl\u00edben\u00e9 i u z\u00e1kazn\u00edk\u016f a koncov\u00fdch spot\u0159ebitel\u016f.\u00a0Na\u0161e firma se zab\u00fdv\u00e1 v\u00fdrobou p\u0159edm\u011bt\u016f reklamn\u00ed \u017eabky a pantofle na zak\u00e1zku a nab\u00edz\u00edme V\u00e1m \u0161irok\u00fd v\u00fdb\u011br z typ\u016f, tvar\u016f a velikost\u00ed.\u00a0Na\u0161e\u00a0reklamn\u00ed \u017eabky i pantofle\u00a0jsou unisexov\u00e9 a t\u011b\u0161\u00ed se velk\u00e9 popularit\u011b mezi lidmi ka\u017ed\u00e9ho v\u011bku. Dejte tento d\u00e1rek t\u011bm, kter\u00fdch si v\u00e1\u017e\u00edte.<\/div>\n<div style=\"text-align: justify;\"><\/div>\n<div style=\"text-align: justify;\">\n<h2 style=\"text-align: justify;\">Reklamn\u00ed \u017eabky a pantofle na zak\u00e1zku nab\u00eddka<\/h2>\n<p><em>Klikn\u011bte pro v\u00edce informac\u00ed<\/em><\/p>\n<div style=\"width: 226px\" class=\"wp-caption alignleft\"><a href=\"http:\/\/predmetyreklamni.eu\/vyrobce\/reklamni-zabky-a-pantofle-na-zakazku\/reklamni-zabky-s-potiskem\/\" target=\"_blank\"><img decoding=\"async\" loading=\"lazy\" class=\" hover  \" title=\"reklamn\u00ed \u017eabky na zak\u00e1zku s potiskem\" alt=\"reklamn\u00ed \u017eabky na zak\u00e1zku s potiskem\" src=\"http:\/\/predmetyreklamni.eu\/vyrobce\/wp-content\/uploads\/reklamn\u00ed-\u017eabky-na-zak\u00e1zku-s-potiskem_-300x300.jpg\" width=\"216\" height=\"216\" \/><\/a><p class=\"wp-caption-text\">\u017dABKY<\/p><\/div>\n<div style=\"width: 226px\" class=\"wp-caption alignleft\"><a href=\"http:\/\/predmetyreklamni.eu\/vyrobce\/reklamni-zabky-a-pantofle-na-zakazku\/darkove-pantofle-na-zakazku\/\" target=\"_blank\"><img decoding=\"async\" loading=\"lazy\" class=\" hover  \" title=\"reklamn\u00ed bavln\u011bn\u00e9 pantofle na zak\u00e1zku\" alt=\"reklamn\u00ed bavln\u011bn\u00e9 pantofle na zak\u00e1zku\" src=\"http:\/\/predmetyreklamni.eu\/vyrobce\/wp-content\/uploads\/reklamn\u00ed-bavln\u011bn\u00e9-pantofle-na-zak\u00e1zku_-300x300.jpg\" width=\"216\" height=\"216\" \/><\/a><p class=\"wp-caption-text\">PANTOFLE<\/p><\/div>\n<h2>Reklamn\u00ed \u017eabky a pantofle materi\u00e1ly na zak\u00e1zku<\/h2>\n<div>\n<p>Reklamn\u00ed \u017eabky\u00a0jsou prstov\u00e1 obuv, kter\u00e1 vypad\u00e1 velice nenucen\u011b. Je spousta materi\u00e1l\u016f, ze kter\u00fdch mohou b\u00fdt na zak\u00e1zku reklamn\u00ed\u00a0\u017eabky\u00a0vyrobeny. Mezi nej\u010dast\u011bji pou\u017e\u00edvan\u00e9 materi\u00e1ly pro v\u00fdrobu reklamn\u00ed \u017eabky na zak\u00e1zku jsou nap\u0159\u00edklad: guma, vinyl, p\u011bna, tkanina a jin\u00e9 materi\u00e1ly, kter\u00fdm nevad\u00ed voda. Hitem posledn\u00edch let jsou samoz\u0159ejm\u011b ekologicky \u0161etrn\u00e9 reklamn\u00ed \u017eabky, kter\u00e9 jsou vyrobeny na zak\u00e1zku z bambusov\u00e9ho nebo kokosov\u00e9ho vl\u00e1kna. V\u011bt\u0161inou jsou reklamn\u00ed\u00a0\u017eabky\u00a0na zak\u00e1zku vyr\u00e1b\u011bny t\u00e9m\u011b\u0159 ploch\u00e9 (\u010di s mal\u00fdm podpatkem) a jsou nesrovnateln\u011b levn\u011bj\u0161\u00ed ne\u017e kter\u00e1koliv jin\u00e1 letn\u00ed obuv. Na zak\u00e1zku vyrob\u00edme t\u00e9\u017e reklamn\u00ed pantofle, kter\u00e9 jist\u011b zn\u00e1te z hotel\u016f, wellness \u010di spa center, baz\u00e9nu nebo mas\u00e1\u017en\u00edch sal\u00f3n\u016f. Tyto reklamn\u00ed pantofle jsou nej\u010dast\u011bji vyr\u00e1b\u011bny z bavlny a z ru\u010dn\u00edkov\u00e9 tkaniny.<\/p>\n<\/div>\n<h2 style=\"text-align: justify;\">\u017dabky a pantofle na zak\u00e1zku jako reklamn\u00ed p\u0159edm\u011bt<\/h2>\n<p style=\"text-align: justify;\"><a href=\"http:\/\/predmetyreklamni.eu\/vyrobce\/wp-content\/uploads\/reklamn\u00ed-\u017eabky-na-zak\u00e1zku.jpg\"><img decoding=\"async\" loading=\"lazy\" class=\"size-medium wp-image-771 alignleft\" title=\"reklamn\u00ed \u017eabky na zak\u00e1zku\" alt=\"reklamn\u00ed \u017eabky na zak\u00e1zku\" src=\"http:\/\/predmetyreklamni.eu\/vyrobce\/wp-content\/uploads\/reklamn\u00ed-\u017eabky-na-zak\u00e1zku-300x300.jpg\" width=\"300\" height=\"300\" srcset=\"https:\/\/predmetyreklamni.eu\/vyrobce\/wp-content\/uploads\/reklamn\u00ed-\u017eabky-na-zak\u00e1zku-300x300.jpg 300w, https:\/\/predmetyreklamni.eu\/vyrobce\/wp-content\/uploads\/reklamn\u00ed-\u017eabky-na-zak\u00e1zku-150x150.jpg 150w, https:\/\/predmetyreklamni.eu\/vyrobce\/wp-content\/uploads\/reklamn\u00ed-\u017eabky-na-zak\u00e1zku.jpg 450w\" sizes=\"(max-width: 300px) 100vw, 300px\" \/><\/a>\u017dabky a pantofle na zak\u00e1zku jsou ide\u00e1ln\u00ed pro ka\u017edou reklamn\u00ed kampa\u0148, a to p\u0159edev\u0161\u00edm d\u00edky velk\u00e9mu prostoru pro Va\u0161e logo \u010di reklamu. Reklamn\u00ed \u017eabky a pantofle\u00a0mohou m\u00edt na zak\u00e1zku n\u011bkter\u00e9 nebo v\u0161echny z t\u011bchto propaga\u010dn\u00edch prvk\u016f: na p\u00e1sku, na podr\u00e1\u017ece, na horn\u00ed stran\u011b \u017eabky \u010di pantofle, na obvodu \u017eabky \u010di pantofle, nati\u0161t\u011bn\u00e9 nebo vy\u0161it\u00e9 jm\u00e9no firmy, logo nebo obr\u00e1zek produktu; na podr\u00e1\u017ece pak reli\u00e9f \u010di vystoupl\u00e9 logo. Na\u0161e firma zastupuje p\u0159\u00edmo v\u00fdrobce p\u0159edm\u011btu reklamn\u00ed \u017eabky a pantofle a proto m\u016f\u017eeme zaru\u010dit p\u0159\u00edzniv\u00e9 ceny a \u0161irok\u00fd v\u00fdb\u011br mezi p\u0159edm\u011bty reklamn\u00ed \u017eabky, hotelov\u00e9 d\u00e1rkov\u00e9 pantofle a podobn\u011b.\u00a0V t\u00e9to \u010dinnosti se n\u00e1m ji\u017e poda\u0159ilo vybudovat dobr\u00e9 vztahy s na\u0161imi klienty a z\u00e1kazn\u00edky.<\/p>\n<p>Chcete si nechat vyrobit vlastn\u00ed reklamn\u00ed \u017eabky \u010di pantofle na zak\u00e1zku? Kontaktujte n\u00e1s pro cenovou nab\u00eddku na emailu:<a href=\"mailto:info@predmetyreklamni.eu\">\u00a0info@predmetyreklamni.eu<\/a><\/p>\n<p><strong>Do cenov\u00e9 popt\u00e1vky pros\u00edm uve\u010fte pot\u0159ebn\u00e9 informace pro cenovou nab\u00eddku jako<\/strong>: mno\u017estv\u00ed, materi\u00e1l, velikost reklamn\u00ed pantofle \u010di \u017eabky, barevn\u00e9 proveden\u00ed nebo kombinaci barev, dobu dod\u00e1n\u00ed. V\u0161echny tyto informace n\u00e1m pomohou k rychlej\u0161\u00edmu zpracov\u00e1n\u00ed cenov\u00e9 nab\u00eddky pr\u00e1v\u011b pro V\u00e1s.<\/p>\n<p>T\u011b\u0161\u00edme se na spolupr\u00e1ci! Team Gifts Service<\/p>\n<p>Available languages:<\/p>\n<p><a href=\"http:\/\/www.slippers-maker.com\/\" target=\"_blank\">Custom made flip flops and slippers<\/a>\u00a0\u00a0<a href=\"http:\/\/papuci-promotionali.ro\/\" target=\"_blank\">Papuci promotionali<\/a>\u00a0\u00a0<a href=\"http:\/\/www.hotel-slipper.biz\/\" target=\"_blank\">Werbe Flip Flops und\u00a0Pantoffeln<\/a>\u00a0 \u00a0\u00a0<a href=\"http:\/\/egyedi-reklam.hu\/papucsok\/\" target=\"_blank\">Rekl\u00e1m strandpapucsok,\u00a0log\u00f3zott papucsok<\/a>\u00a0 <a href=\"http:\/\/www.kapcie-japonki.pl\/\" target=\"_blank\">Kapcie reklamowe\u00a0i\u00a0japonki reklamowe\u00a0<\/a><\/p>\n<\/div>\n","protected":false},"excerpt":{"rendered":"<p>REKLAMN\u00cd \u017dABKY A PANTOFLE NA ZAK\u00c1ZKU Pro\u010d reklamn\u00ed \u017eabky a pantofle na zak\u00e1zku Reklamn\u00ed \u017eabky \u010di pantofle na zak\u00e1zku jsou st\u00e1le obl\u00edben\u00fd reklamn\u00ed p\u0159edm\u011bt a n\u00e1stroj propagace mnoha firem. Je to p\u0159edev\u0161\u00edm proto, \u017ee \u00a0reklamn\u00ed \u017eabky a pantofle jsou z\u00e1rove\u0148 &hellip; <a href=\"https:\/\/predmetyreklamni.eu\/vyrobce\/reklamni-zabky-a-pantofle-na-zakazku\/\">Continue reading <span class=\"meta-nav\">&rarr;<\/span><\/a><\/p>\n","protected":false},"author":1,"featured_media":0,"parent":0,"menu_order":22,"comment_status":"open","ping_status":"open","template":"sidebar-page.php","meta":[],"_links":{"self":[{"href":"https:\/\/predmetyreklamni.eu\/vyrobce\/wp-json\/wp\/v2\/pages\/26"}],"collection":[{"href":"https:\/\/predmetyreklamni.eu\/vyrobce\/wp-json\/wp\/v2\/pages"}],"about":[{"href":"https:\/\/predmetyreklamni.eu\/vyrobce\/wp-json\/wp\/v2\/types\/page"}],"author":[{"embeddable":true,"href":"https:\/\/predmetyreklamni.eu\/vyrobce\/wp-json\/wp\/v2\/users\/1"}],"replies":[{"embeddable":true,"href":"https:\/\/predmetyreklamni.eu\/vyrobce\/wp-json\/wp\/v2\/comments?post=26"}],"version-history":[{"count":44,"href":"https:\/\/predmetyreklamni.eu\/vyrobce\/wp-json\/wp\/v2\/pages\/26\/revisions"}],"predecessor-version":[{"id":4185,"href":"https:\/\/predmetyreklamni.eu\/vyrobce\/wp-json\/wp\/v2\/pages\/26\/revisions\/4185"}],"wp:attachment":[{"href":"https:\/\/predmetyreklamni.eu\/vyrobce\/wp-json\/wp\/v2\/media?parent=26"}],"curies":[{"name":"wp","href":"https:\/\/api.w.org\/{rel}","templated":true}]}}