{"id":2715,"date":"2014-03-06T17:02:06","date_gmt":"2014-03-06T17:02:06","guid":{"rendered":"http:\/\/predmetyreklamni.eu\/vyrobce\/?page_id=2715"},"modified":"2020-04-21T06:04:45","modified_gmt":"2020-04-21T06:04:45","slug":"reklamni-predmety-s-potiskem","status":"publish","type":"page","link":"https:\/\/predmetyreklamni.eu\/vyrobce\/reklamni-predmety-s-potiskem\/","title":{"rendered":"Reklamn\u00ed p\u0159edm\u011bty s potiskem"},"content":{"rendered":"<h1 style=\"text-align: justify;\">REKLAMN\u00cd P\u0158EDM\u011aTY S POTISKEM<\/h1>\n<h2 style=\"text-align: justify;\">Reklamn\u00ed p\u0159edm\u011bty s vlastn\u00edm potiskem dle Va\u0161eho zad\u00e1n\u00ed<\/h2>\n<p style=\"text-align: justify;\">M\u00e1te-li z\u00e1jem o vlastn\u00ed reklamn\u00ed p\u0159edm\u011bty unik\u00e1tn\u00edho designu a nav\u00edc s potiskem, my V\u00e1m pom\u016f\u017eeme s jejich realizac\u00ed. Na t\u00e9to str\u00e1nce se do\u010dtete informace jak prob\u00edh\u00e1 spolupr\u00e1ce s n\u00e1mi a tak\u00e9 informace, kter\u00e9 jsou pot\u0159ebn\u00e9 k realizac\u00ed reklamn\u00edch p\u0159edm\u011bt\u016f p\u0159esn\u011b dle Va\u0161eho zad\u00e1n\u00ed.\u00a0Vyrob\u00edme pro V\u00e1s reklamn\u00ed p\u0159edm\u011bty v nep\u0159ebern\u00e9m mno\u017estv\u00ed barev a tak\u00e9 s potiskem. Abychom mohli vyrobit reklamn\u00ed p\u0159edm\u011bty v barv\u00e1ch a s potiskem dle Va\u0161eho grafick\u00e9ho podkladu, je nutn\u00e9 v\u0161echny barvy vydefinovat v k\u00f3dech dle Pantone\u00a9 vzorn\u00edku. Tyto Pantone\u00a9 k\u00f3dy zaru\u010d\u00ed, \u017ee barvy budou p\u0159esn\u011b takov\u00e9 jak\u00e9 po\u017eadujete.<\/p>\n<h2 style=\"text-align: justify;\">Reklamn\u00ed p\u0159edm\u011bty s potiskem postup p\u0159i realizaci<\/h2>\n<p style=\"text-align: left;\"><div class=\"aio-button-left\"><div class=\"aio-pulse\"><a href=\"mailto:info@predmetyreklamni.eu\" class=\"aio-red\" title=\"1. POPT\u00c1VKA\"><i class=\"glyphicons glyphicons-envelope\"><\/i>1. POPT\u00c1VKA<\/a><\/div><\/div><\/p>\n<p style=\"text-align: justify;\">Za\u0161lete n\u00e1m popt\u00e1vku a my se V\u00e1m ozveme. \u00a0Abychom mohli spr\u00e1vn\u011b a p\u0159esn\u011b kalkulovat cenu pro Va\u0161e reklamn\u00ed p\u0159edm\u011bty s potiskem, je nutn\u00e9 do cenov\u00e9 popt\u00e1vky uv\u00e9st co nejv\u00edce pot\u0159ebn\u00fdch informac\u00ed. Jen tak bude mo\u017en\u00e9 Va\u0161\u00ed cenovou popt\u00e1vku spr\u00e1vn\u011b zpracovat a tak\u00e9 Vy budete m\u00edt co nejp\u0159esn\u011bj\u0161\u00ed informaci o cen\u011b.<\/p>\n<p style=\"text-align: justify;\">Co uv\u00e9st do cenov\u00e9 popt\u00e1vky?<\/p>\n<ul style=\"text-align: justify;\">\n<li>co popt\u00e1v\u00e1te (pokud se jedn\u00e1 o unik\u00e1tn\u00ed reklamn\u00ed p\u0159edm\u011bt, pro p\u0159edstavu m\u016f\u017eete p\u0159ilo\u017eit obr\u00e1zek podobn\u00e9ho p\u0159edm\u011btu nebo grafick\u00e9 podklady pokud ji\u017e m\u00e1te)<\/li>\n<li><strong>mno\u017estv\u00ed<\/strong><\/li>\n<li><strong>doba dod\u00e1n\u00ed<\/strong><\/li>\n<li>materi\u00e1l (pap\u00edr, silikon, tkanina, pvc, ply\u0161, kov&#8230;)<\/li>\n<li>druh potisku (potisk, ra\u017eba, v\u00fd\u0161ivka, reli\u00e9f,&#8230;)<\/li>\n<li>po\u010det barev potisku<\/li>\n<li>p\u0159ibli\u017en\u00e9 rozm\u011bry reklamn\u00edho p\u0159edm\u011btu<\/li>\n<\/ul>\n<p style=\"text-align: left;\"><div class=\"aio-button-left\"><div class=\"aio-pulse\"><a href=\"mailto:info@predmetyreklamni.eu\" class=\"aio-orange\" title=\"2. KALKULACE\"><i class=\"glyphicons glyphicons-list\"><\/i>2. KALKULACE<\/a><\/div><\/div><\/p>\n<p style=\"text-align: justify;\">Ve\u0161ker\u00e9 kalkulace jsou zpracov\u00e1ny do 24 hodin. Ozveme se V\u00e1m na V\u00e1\u0161 email nebo telefon.<\/p>\n<p style=\"text-align: left;\"><div class=\"aio-button-left\"><a href=\"mailto:info@predmetyreklamni.eu\" class=\"aio-green\" title=\"3. OBJEDN\u00c1VKA\"><i class=\"glyphicons glyphicons-ok\"><\/i>3. OBJEDN\u00c1VKA<\/a><\/div><\/p>\n<p style=\"text-align: justify;\">V p\u0159\u00edpad\u011b, \u017ee souhlas\u00edte s kalkulovanou cenou a m\u00e1te z\u00e1jem o v\u00fdrobu reklamn\u00edch p\u0159edm\u011bt\u016f, za\u0161lete n\u00e1m pros\u00edm objedn\u00e1vku.\u00a0Z\u00e1kazn\u00edci budou po potvrzen\u00ed objedn\u00e1vky po\u017e\u00e1d\u00e1ni o zaplacen\u00ed z\u00e1lohy ve v\u00fd\u0161i 50% z celkov\u00e9 ceny zak\u00e1zky. Tato z\u00e1loha je nutn\u00e1 pro zah\u00e1jen\u00ed v\u00fdroby. Od momentu p\u0159ips\u00e1n\u00ed 50% z celkov\u00e9 ceny zak\u00e1zky na n\u00e1\u0161 \u00fa\u010det a doru\u010den\u00ed grafick\u00fdch podklad\u016f, za\u010d\u00edn\u00e1 b\u011b\u017eet dodac\u00ed lh\u016fta.<\/p>\n<p style=\"text-align: left;\"><div class=\"aio-button-left\"><div class=\"aio-pulse\"><a href=\"mailto:info@predmetyreklamni.eu\" class=\"aio-yellow\" title=\"4. GRAFICK\u00c9 PODKLADY\"><i class=\"glyphicons glyphicons-pencil\"><\/i>4. GRAFICK\u00c9 PODKLADY<\/a><\/div><\/div><\/p>\n<p style=\"text-align: justify;\"><strong>Grafick\u00e9 podklady neboli artwork je nutn\u00e9 dodat p\u0159ed samotn\u00fdm zah\u00e1jen\u00edm v\u00fdroby reklamn\u00edho p\u0159edm\u011btu.<\/strong>\u00a0Ty jsou nutn\u00e9 k tomu, abychom mohli vyrobit reklamn\u00ed p\u0159edm\u011bty s potiskem, bez potisku p\u0159esn\u011b dle Va\u0161eho zad\u00e1n\u00ed.\u00a0Grafick\u00e9 podklady zas\u00edlejte ve vektorov\u00e9 podob\u011b a to nejl\u00e9pe k\u0159ivkov\u00e9 pdf nebo ve form\u00e1tech ai, eps nebo cdr.<\/p>\n<p style=\"text-align: justify;\">Co by m\u011bly spr\u00e1vn\u00e9 grafick\u00e9 podklady obsahovat, aby Va\u0161e reklamn\u00ed p\u0159edm\u011bty byly vyrobeny p\u0159esn\u011b a spr\u00e1vn\u011b?<\/p>\n<ul style=\"text-align: justify;\">\n<li>grafick\u00fd n\u00e1hled a definovan\u00fd o\u0159ez<\/li>\n<li>rozm\u011bry<\/li>\n<li>p\u0159i potisku:<br \/>\nlogo &#8211; um\u00edst\u011bn\u00ed, rozm\u011bry (p\u0159\u00edpadn\u011b zaslat logo zvl\u00e1\u0161\u0165 v k\u0159ivk\u00e1ch)<br \/>\nn\u00e1pisy &#8211; um\u00edst\u011bn\u00ed, rozm\u011bry, typ Fontu (ARIAL, Times New Roman,&#8230;)<\/li>\n<li>v\u0161echny barvy vydefinovan\u00e9 Pantone\u00ae k\u00f3dem<\/li>\n<li>materi\u00e1l<\/li>\n<\/ul>\n<p>Pro na\u0161e z\u00e1kazn\u00edky st\u00e1le vym\u00fd\u0161l\u00edme nov\u00e9 slu\u017eby a tak jsme n\u011b p\u0159ipravili nov\u00e9 str\u00e1nky, kde si lze online a zdarma vytvo\u0159it jednoduch\u00fd grafick\u00fd n\u00e1hled pro n\u011bkter\u00e9 reklamn\u00ed p\u0159edm\u011bty jako reklamn\u00ed v\u011bj\u00ed\u0159e, silikonov\u00e9 n\u00e1ramky nebo reklamn\u00ed \u0161\u0148\u016frky.<\/p>\n<p><a href=\"http:\/\/predmetyreklamni.eu\/artwork\/silicone-bracelets-artwork.php\" target=\"_blank\"><img decoding=\"async\" loading=\"lazy\" class=\"alignleft  wp-image-3912\" title=\"grafick\u00fd n\u00e1hled online reklamn\u00ed silikonov\u00e9 n\u00e1ramky\" alt=\"grafick\u00fd n\u00e1hled online reklamn\u00ed silikonov\u00e9 n\u00e1ramky\" src=\"http:\/\/predmetyreklamni.eu\/vyrobce\/wp-content\/uploads\/silikonov\u00e9-n\u00e1ramky_artwork.png\" width=\"148\" height=\"100\" \/><\/a><a href=\"http:\/\/predmetyreklamni.eu\/artwork\/lanyards-artwork.php\" target=\"_blank\"><img decoding=\"async\" loading=\"lazy\" class=\"alignleft  wp-image-3914\" title=\"reklamn\u00ed lanyardy grafick\u00fd n\u00e1hled onlilne\" alt=\"reklamn\u00ed lanyardy grafick\u00fd n\u00e1hled onlilne\" src=\"http:\/\/predmetyreklamni.eu\/vyrobce\/wp-content\/uploads\/snurky_artwork.png\" width=\"148\" height=\"100\" \/><\/a><a href=\"http:\/\/predmetyreklamni.eu\/artwork\/paper-fan-artwork.php\" target=\"_blank\"><img decoding=\"async\" loading=\"lazy\" class=\"alignleft  wp-image-3915\" title=\"reklamn\u00ed v\u011bj\u00ed\u0159e grafick\u00fd n\u00e1hled online\" alt=\"reklamn\u00ed v\u011bj\u00ed\u0159e grafick\u00fd n\u00e1hled online\" src=\"http:\/\/predmetyreklamni.eu\/vyrobce\/wp-content\/uploads\/vejire_artwork.png\" width=\"148\" height=\"100\" \/><\/a><\/p>\n<h2 style=\"text-align: justify;\">Vyberte si barvu pro sv\u00e9 reklamn\u00ed p\u0159edm\u011bty s potiskem<\/h2>\n<p style=\"text-align: justify;\">Upozor\u0148ujeme, \u017ee Pantone\u00ae barvy se mohou li\u0161it v z\u00e1vislosti na tom jakou grafickou kartu m\u00e1te ve sv\u00e9m po\u010d\u00edta\u010di \u010di jak\u00fd monitor pou\u017e\u00edv\u00e1te. \u00a0Barvy n\u00ed\u017ee uveden\u00e9 jsou po\u010d\u00edta\u010dov\u00e1 simulace\u00a0Pantone\u00ae\u00a0vzorn\u00edku a nemus\u00ed p\u0159esn\u011b odpov\u00eddat standardn\u00edmu Pantone\u00ae vzorn\u00edku. Pro ov\u011b\u0159en\u00ed Pantone\u00ae\u00a0barvy doporu\u010dujeme ti\u0161t\u011bnou publikaci Pantone\u00ae vzorn\u00edku.<\/p>\n<p style=\"text-align: justify;\"><em>Pro zv\u011bt\u0161en\u00ed klikn\u011bte<\/em><\/p>\n<p style=\"text-align: justify;\"><a href=\"http:\/\/predmetyreklamni.eu\/vyrobce\/wp-content\/uploads\/Pantone-Colour-Chart1.pdf\" target=\"_blank\"><img decoding=\"async\" loading=\"lazy\" class=\"alignleft  wp-image-3109\" title=\"Reklamn\u00ed p\u0159edm\u011bty s potiskem Pantone\u00ae vzorn\u00edk online\" alt=\"Reklamn\u00ed p\u0159edm\u011bty s potiskem Pantone\u00ae vzorn\u00edk online\" src=\"http:\/\/predmetyreklamni.eu\/vyrobce\/wp-content\/uploads\/PANTONE-Colour-Chart.jpg\" width=\"809\" height=\"510\" srcset=\"https:\/\/predmetyreklamni.eu\/vyrobce\/wp-content\/uploads\/PANTONE-Colour-Chart.jpg 1011w, https:\/\/predmetyreklamni.eu\/vyrobce\/wp-content\/uploads\/PANTONE-Colour-Chart-300x189.jpg 300w, https:\/\/predmetyreklamni.eu\/vyrobce\/wp-content\/uploads\/PANTONE-Colour-Chart-476x300.jpg 476w\" sizes=\"(max-width: 809px) 100vw, 809px\" \/><\/a><\/p>\n<h2 style=\"text-align: justify;\">Reklamn\u00ed p\u0159edm\u011bty s potiskem &#8211; vzorov\u00fd n\u00e1hled grafick\u00fdch podklad\u016f<\/h2>\n<p style=\"text-align: justify;\"><a href=\"http:\/\/predmetyreklamni.eu\/vyrobce\/wp-content\/uploads\/tendence_lanyards.jpg\" target=\"_blank\">Grafick\u00fd n\u00e1hled &#8211; reklamn\u00ed \u0161\u0148\u016frky s potiskem<\/a><\/p>\n<p style=\"text-align: justify;\"><div class=\"aio-button-left\"><div class=\"aio-pulse\"><a href=\"mailto:info@predmetyreklamni.eu\" class=\"aio-purple\" title=\"5. V\u00ddROBA NA ZAK\u00c1ZKU\"><i class=\"glyphicons glyphicons-retweet\"><\/i>5. V\u00ddROBA NA ZAK\u00c1ZKU<\/a><\/div><\/div><\/p>\n<p style=\"text-align: justify;\">Samotn\u00e1 v\u00fdroba reklamn\u00edch p\u0159edm\u011btu na zak\u00e1zku v\u010detn\u011b doru\u010den\u00ed do na\u0161\u00ed kancel\u00e1\u0159e trv\u00e1 p\u0159ibli\u017en\u011b 19 dn\u00ed pokud nen\u00ed dohodnuto jinak.<\/p>\n<p style=\"text-align: justify;\"><div class=\"aio-button-left\"><div class=\"aio-pulse\"><a href=\"mailto:info@predmetyreklamni.eu\" class=\"aio-blue\" title=\"6. DOD\u00c1N\u00cd ZAK\u00c1ZKY\"><i class=\"glyphicons glyphicons-road\"><\/i>6. DOD\u00c1N\u00cd ZAK\u00c1ZKY<\/a><\/div><\/div><\/p>\n<p style=\"text-align: justify;\">Doprava do Va\u0161\u00ed kancel\u00e1\u0159e nen\u00ed zahrnuta v cen\u011b zak\u00e1zky. Pro kalkulaci ceny vych\u00e1z\u00edme z platn\u00fdch cen\u00edk\u016f na\u0161ich smluvn\u00edch p\u0159epravc\u016f. P\u0159i velk\u00fdch objemech lze sjednat na\u0161\u00ed vlastn\u00ed dopravu.<\/p>\n<p style=\"text-align: justify;\">\n","protected":false},"excerpt":{"rendered":"<p>REKLAMN\u00cd P\u0158EDM\u011aTY S POTISKEM Reklamn\u00ed p\u0159edm\u011bty s vlastn\u00edm potiskem dle Va\u0161eho zad\u00e1n\u00ed M\u00e1te-li z\u00e1jem o vlastn\u00ed reklamn\u00ed p\u0159edm\u011bty unik\u00e1tn\u00edho designu a nav\u00edc s potiskem, my V\u00e1m pom\u016f\u017eeme s jejich realizac\u00ed. Na t\u00e9to str\u00e1nce se do\u010dtete informace jak prob\u00edh\u00e1 spolupr\u00e1ce s &hellip; <a href=\"https:\/\/predmetyreklamni.eu\/vyrobce\/reklamni-predmety-s-potiskem\/\">Continue reading <span class=\"meta-nav\">&rarr;<\/span><\/a><\/p>\n","protected":false},"author":1,"featured_media":0,"parent":0,"menu_order":3,"comment_status":"closed","ping_status":"closed","template":"sidebar-page.php","meta":[],"_links":{"self":[{"href":"https:\/\/predmetyreklamni.eu\/vyrobce\/wp-json\/wp\/v2\/pages\/2715"}],"collection":[{"href":"https:\/\/predmetyreklamni.eu\/vyrobce\/wp-json\/wp\/v2\/pages"}],"about":[{"href":"https:\/\/predmetyreklamni.eu\/vyrobce\/wp-json\/wp\/v2\/types\/page"}],"author":[{"embeddable":true,"href":"https:\/\/predmetyreklamni.eu\/vyrobce\/wp-json\/wp\/v2\/users\/1"}],"replies":[{"embeddable":true,"href":"https:\/\/predmetyreklamni.eu\/vyrobce\/wp-json\/wp\/v2\/comments?post=2715"}],"version-history":[{"count":46,"href":"https:\/\/predmetyreklamni.eu\/vyrobce\/wp-json\/wp\/v2\/pages\/2715\/revisions"}],"predecessor-version":[{"id":3917,"href":"https:\/\/predmetyreklamni.eu\/vyrobce\/wp-json\/wp\/v2\/pages\/2715\/revisions\/3917"}],"wp:attachment":[{"href":"https:\/\/predmetyreklamni.eu\/vyrobce\/wp-json\/wp\/v2\/media?parent=2715"}],"curies":[{"name":"wp","href":"https:\/\/api.w.org\/{rel}","templated":true}]}}