{"id":3281,"date":"2014-03-20T13:03:16","date_gmt":"2014-03-20T13:03:16","guid":{"rendered":"http:\/\/predmetyreklamni.eu\/vyrobce\/?page_id=3281"},"modified":"2014-07-10T08:40:25","modified_gmt":"2014-07-10T08:40:25","slug":"reklamni-lizatka-na-zakazku","status":"publish","type":"page","link":"https:\/\/predmetyreklamni.eu\/vyrobce\/reklamni-lizatka-na-zakazku\/","title":{"rendered":"Reklamn\u00ed l\u00edz\u00e1tka na zak\u00e1zku"},"content":{"rendered":"<h1>REKLAMN\u00cd L\u00cdZ\u00c1TKA NA ZAK\u00c1ZKU<\/h1>\n<h2>L\u00edz\u00e1tka na zak\u00e1zku jako reklamn\u00ed p\u0159edm\u011bt<\/h2>\n<p style=\"text-align: justify;\">Reklamn\u00ed l\u00edz\u00e1tka nab\u00edz\u00edme na zak\u00e1zku v r\u016fzn\u00fdch proveden\u00edch. Reklamn\u00ed l\u00edz\u00e1tka mohou b\u00fdt na zak\u00e1zku v r\u016fzn\u00fdch tvarech, p\u0159\u00edchut\u00edch a tak\u00e9 mohou b\u00fdt v r\u016fzn\u00fdch obalech, kter\u00e9 opat\u0159\u00edme potiskem dle Va\u0161eho n\u00e1vrhu. L\u00edz\u00e1tka na zak\u00e1zku m\u016f\u017eete vyu\u017e\u00edt pro svou reklamn\u00ed kampa\u0148, kterou chcete propagovat sv\u00e9 m\u011bsto, firmu, hotel, zna\u010dku \u010di produkt. Reklamn\u00ed l\u00edz\u00e1tka jsou vhodn\u00e1 pro sportovn\u00ed \u010di firemn\u00ed akce, ale vyu\u017eijete i na sv\u00fdch propaga\u010dn\u00edch akc\u00edch.<\/p>\n<h2 style=\"text-align: justify;\">Kulat\u00e1 reklamn\u00ed l\u00edz\u00e1tka na zak\u00e1zku MINI<\/h2>\n<p>Tato reklamn\u00ed mini l\u00edz\u00e1tka pat\u0159\u00ed k nejobl\u00edben\u011bj\u0161\u00edm a to p\u0159edev\u0161\u00edm d\u00edky velk\u00e9mu prostoru pro potisk na obalu a tak\u00e9 pro \u0161irokou nab\u00eddku p\u0159\u00edchut\u00ed a tvar\u016f. Reklamn\u00ed l\u00edz\u00e1tka na zak\u00e1zku jsou balen\u00ed v hygienick\u00e9 flowpack f\u00f3lii, kter\u00e1 m\u016f\u017ee b\u00fdt metalick\u00e1, transparentn\u00ed nebo s potiskem.<\/p>\n<p><a href=\"http:\/\/predmetyreklamni.eu\/vyrobce\/wp-content\/uploads\/reklamn\u00ed-l\u00edz\u00e1tka-s-potiskem-1.jpg\"><img decoding=\"async\" loading=\"lazy\" class=\"alignleft  wp-image-3338\" title=\"reklamn\u00ed l\u00edz\u00e1tka s potiskem\" alt=\"reklamn\u00ed l\u00edz\u00e1tka s potiskem\" src=\"http:\/\/predmetyreklamni.eu\/vyrobce\/wp-content\/uploads\/reklamn\u00ed-l\u00edz\u00e1tka-s-potiskem-1-300x273.jpg\" width=\"240\" height=\"218\" srcset=\"https:\/\/predmetyreklamni.eu\/vyrobce\/wp-content\/uploads\/reklamn\u00ed-l\u00edz\u00e1tka-s-potiskem-1-300x273.jpg 300w, https:\/\/predmetyreklamni.eu\/vyrobce\/wp-content\/uploads\/reklamn\u00ed-l\u00edz\u00e1tka-s-potiskem-1.jpg 315w\" sizes=\"(max-width: 240px) 100vw, 240px\" \/><\/a><br \/>\n<strong>Min. objedn\u00e1vka:<\/strong>\u00a07000ks\/druh<br \/>\n<strong>Rozm\u011bry<\/strong>: 52x65mm (52x110mm s ty\u010dkou)<br \/>\n<strong>Tvar<\/strong>: ploch\u00e9 kulat\u00e9, srdce<br \/>\n<strong>P\u0159\u00edchut\u011b<\/strong>: ovoce\u00a0ovoce (nap\u0159. citron, jahoda, pomeran\u010d, vi\u0161e\u0148, jablko), kola<br \/>\n<strong>Potisk obalu<\/strong>: na zak\u00e1zku<br \/>\n<strong>Balen\u00ed<\/strong>:\u00a0<a href=\"http:\/\/predmetyreklamni.eu\/vyrobce\/reklamni-sladkosti-s-potiskem\/\" target=\"_blank\">V\u00cdCE INFO ZDE<\/a><br \/>\n<strong>Cena<\/strong>:\u00a0<a title=\"ZASLAT POPT\u00c1VKU\" href=\"mailto:info@predmetyreklamni.eu\">ZASLAT POPT\u00c1VKU\u00a0<\/a><\/p>\n<p>&nbsp;<\/p>\n<h2>Tvarovan\u00e1 reklamn\u00ed l\u00edz\u00e1tka na zak\u00e1zku<\/h2>\n<p style=\"text-align: justify;\">Tato reklamn\u00ed l\u00edz\u00e1tka jsou ploch\u00e1 a mohou b\u00fdt tvarovan\u00e1 dle Va\u0161eho zad\u00e1n\u00ed. Reklamn\u00ed tvarovan\u00e1 l\u00edz\u00e1tka jsou vhodn\u00e1 do transparentn\u00edho obalu. Ty\u010dka reklamn\u00edho l\u00edz\u00e1tka m\u016f\u017ee b\u00fdt na zak\u00e1zku opat\u0159ena ozdobn\u00fdm p\u00e1skem s potiskem. Tvarovan\u00e1 l\u00edz\u00e1tka jsou velice univerz\u00e1ln\u00ed a m\u016f\u017eete je vyu\u017e\u00edt pro jak\u00e9koliv reklamn\u00ed kampan\u011b nebo na v\u00fdstav\u00e1ch a veletrz\u00edch.<\/p>\n<p><a href=\"http:\/\/predmetyreklamni.eu\/vyrobce\/wp-content\/uploads\/tvarovan\u00e1-reklamn\u00ed-l\u00edzatka-s-potiskem.jpg\"><img decoding=\"async\" loading=\"lazy\" class=\"alignleft  wp-image-3299\" title=\"tvarovan\u00e1 reklamn\u00ed l\u00edzatka s potiskem\" alt=\"tvarovan\u00e1 reklamn\u00ed l\u00edzatka s potiskem\" src=\"http:\/\/predmetyreklamni.eu\/vyrobce\/wp-content\/uploads\/tvarovan\u00e1-reklamn\u00ed-l\u00edzatka-s-potiskem-300x288.jpg\" width=\"240\" height=\"230\" srcset=\"https:\/\/predmetyreklamni.eu\/vyrobce\/wp-content\/uploads\/tvarovan\u00e1-reklamn\u00ed-l\u00edzatka-s-potiskem-300x288.jpg 300w, https:\/\/predmetyreklamni.eu\/vyrobce\/wp-content\/uploads\/tvarovan\u00e1-reklamn\u00ed-l\u00edzatka-s-potiskem-312x300.jpg 312w, https:\/\/predmetyreklamni.eu\/vyrobce\/wp-content\/uploads\/tvarovan\u00e1-reklamn\u00ed-l\u00edzatka-s-potiskem.jpg 354w\" sizes=\"(max-width: 240px) 100vw, 240px\" \/><\/a><\/p>\n<p><strong>Min. objedn\u00e1vka:<\/strong>\u00a03000ks\/druh<br \/>\n<strong>Rozm\u011bry<\/strong>:\u00a0100x30mm, 50x60mm, 45x70mm nebo na zak\u00e1zku<br \/>\n<strong>Hmotnost<\/strong>: 20-30g<br \/>\n<strong>Tvar<\/strong>: na zak\u00e1zku<br \/>\n<strong>P\u0159\u00edchut\u011b<\/strong>:ovoce (nap\u0159. citron, jahoda, pomeran\u010d, vi\u0161e\u0148, jablko)<br \/>\n<strong>Barvy<\/strong>: z\u00e1kladn\u00ed barvy<br \/>\n<strong>Potisk obalu<\/strong>: na zak\u00e1zku<br \/>\n<strong>Balen\u00ed<\/strong>:\u00a0<a href=\"http:\/\/predmetyreklamni.eu\/vyrobce\/reklamni-sladkosti-s-potiskem\/\" target=\"_blank\">V\u00cdCE INFO ZDE<\/a><br \/>\n<strong>Cena<\/strong>:\u00a0<a title=\"ZASLAT POPT\u00c1VKU\" href=\"mailto:info@predmetyreklamni.eu\">ZASLAT POPT\u00c1VKU\u00a0<\/a><\/p>\n<h2>\u010cokol\u00e1dov\u00e1 reklamn\u00ed l\u00edz\u00e1tka na zak\u00e1zku<\/h2>\n<p style=\"text-align: justify;\">Reklamn\u00ed \u010dokol\u00e1dov\u00e1 l\u00edz\u00e1tka jsou vyrobena z kvalitn\u00edho kakaa a mohou b\u00fdt ve tvarech a velikostech na zak\u00e1zku. Tato \u010dokol\u00e1dov\u00e1 l\u00edz\u00e1tka mohou n\u00e9st logo firmy, n\u00e1pisy nebo jinou jednodu\u0161\u0161\u00ed grafiku. \u010cokol\u00e1dov\u00e1 reklamn\u00ed l\u00edz\u00e1tka jsou univerz\u00e1ln\u00ed reklamn\u00ed d\u00e1rek, proto\u017ee \u010dokol\u00e1du m\u00e1 r\u00e1d asi skute\u010dn\u011b ka\u017ed\u00fd.<\/p>\n<p><strong> <a href=\"http:\/\/predmetyreklamni.eu\/vyrobce\/wp-content\/uploads\/\u010dokol\u00e1dov\u00e1-l\u00edz\u00e1tka-v\u00fdrobce.jpg\"><img decoding=\"async\" loading=\"lazy\" class=\"alignleft  wp-image-3328\" title=\"\u010dokol\u00e1dov\u00e1 l\u00edz\u00e1tka v\u00fdrobce\" alt=\"\u010dokol\u00e1dov\u00e1 l\u00edz\u00e1tka v\u00fdrobce\" src=\"http:\/\/predmetyreklamni.eu\/vyrobce\/wp-content\/uploads\/\u010dokol\u00e1dov\u00e1-l\u00edz\u00e1tka-v\u00fdrobce-298x300.jpg\" width=\"238\" height=\"240\" srcset=\"https:\/\/predmetyreklamni.eu\/vyrobce\/wp-content\/uploads\/\u010dokol\u00e1dov\u00e1-l\u00edz\u00e1tka-v\u00fdrobce-298x300.jpg 298w, https:\/\/predmetyreklamni.eu\/vyrobce\/wp-content\/uploads\/\u010dokol\u00e1dov\u00e1-l\u00edz\u00e1tka-v\u00fdrobce-150x150.jpg 150w, https:\/\/predmetyreklamni.eu\/vyrobce\/wp-content\/uploads\/\u010dokol\u00e1dov\u00e1-l\u00edz\u00e1tka-v\u00fdrobce.jpg 315w\" sizes=\"(max-width: 238px) 100vw, 238px\" \/><\/a><br \/>\nMin. objedn\u00e1vka:<\/strong>\u00a0500ks\/druh<br \/>\n<strong>Rozm\u011bry<\/strong>:\u00a0100x30mm, 50x60mm, 45x70mm nebo na zak\u00e1zku<br \/>\n<strong>Hmotnost<\/strong>: 25g<br \/>\n<strong>Tvar<\/strong>: na zak\u00e1zku<br \/>\n<strong>P\u0159\u00edchut\u011b<\/strong>: ml\u00e9\u010dn\u00e1, ho\u0159k\u00e1<br \/>\n<strong>Potisk obalu<\/strong>: na zak\u00e1zku<br \/>\n<strong>Balen\u00ed<\/strong>:\u00a0<a href=\"http:\/\/predmetyreklamni.eu\/vyrobce\/reklamni-sladkosti-s-potiskem\/\" target=\"_blank\">V\u00cdCE INFO ZDE<\/a><br \/>\n<strong>Cena<\/strong>:\u00a0<a title=\"ZASLAT POPT\u00c1VKU\" href=\"mailto:info@predmetyreklamni.eu\">ZASLAT POPT\u00c1VKU\u00a0<\/a><\/p>\n<p>&nbsp;<\/p>\n<h2>Reklamn\u00ed l\u00edz\u00e1tka v krabi\u010dce na zak\u00e1zku<\/h2>\n<p style=\"text-align: justify;\">Tato reklamn\u00ed l\u00edz\u00e1tka ve tvaru kuli\u010dka jsou na zak\u00e1zku baleny do pap\u00edrov\u00e9 krychli\u010dky, kter\u00e1 m\u016f\u017ee b\u00fdt poti\u0161t\u011bna Va\u0161\u00edm logem, zna\u010dnou nebo sloganem. Vy tak jednodu\u0161e z\u00edsk\u00e1te univerz\u00e1ln\u00ed reklamn\u00ed p\u0159edm\u011bt pro sv\u00e9 propaga\u010dn\u00ed akce, v\u00fdstavy nebo veletrhy.<\/p>\n<p><strong><a href=\"http:\/\/predmetyreklamni.eu\/vyrobce\/wp-content\/uploads\/l\u00edz\u00e1tka-kuli\u010dka-v-krabi\u010dce-v\u00fdrobce.jpg\"><img decoding=\"async\" loading=\"lazy\" class=\"alignleft  wp-image-3340\" title=\"l\u00edz\u00e1tka kuli\u010dka v krabi\u010dce v\u00fdrobce\" alt=\"l\u00edz\u00e1tka kuli\u010dka v krabi\u010dce v\u00fdrobce\" src=\"http:\/\/predmetyreklamni.eu\/vyrobce\/wp-content\/uploads\/l\u00edz\u00e1tka-kuli\u010dka-v-krabi\u010dce-v\u00fdrobce-300x293.jpg\" width=\"240\" height=\"234\" srcset=\"https:\/\/predmetyreklamni.eu\/vyrobce\/wp-content\/uploads\/l\u00edz\u00e1tka-kuli\u010dka-v-krabi\u010dce-v\u00fdrobce-300x293.jpg 300w, https:\/\/predmetyreklamni.eu\/vyrobce\/wp-content\/uploads\/l\u00edz\u00e1tka-kuli\u010dka-v-krabi\u010dce-v\u00fdrobce-306x300.jpg 306w, https:\/\/predmetyreklamni.eu\/vyrobce\/wp-content\/uploads\/l\u00edz\u00e1tka-kuli\u010dka-v-krabi\u010dce-v\u00fdrobce.jpg 315w\" sizes=\"(max-width: 240px) 100vw, 240px\" \/><\/a><br \/>\nMin. objedn\u00e1vka:<\/strong>\u00a01000ks\/druh<br \/>\n<strong>Rozm\u011bry<\/strong>:\u00a0\u00d825mm,\u00a030x30x30mm<br \/>\n<strong>Tvar<\/strong>: kuli\u010dka<br \/>\n<strong>P\u0159\u00edchut\u011b<\/strong>:\u00a0ovoce (nap\u0159. citron, jahoda, pomeran\u010d, vi\u0161e\u0148, jablko)<br \/>\n<strong>Potisk obalu<\/strong>: na zak\u00e1zku<br \/>\n<strong>Balen\u00ed<\/strong>:\u00a0<a href=\"http:\/\/predmetyreklamni.eu\/vyrobce\/reklamni-sladkosti-s-potiskem\/\" target=\"_blank\">V\u00cdCE INFO ZDE<\/a><br \/>\n<strong>Cena<\/strong>:\u00a0<a title=\"ZASLAT POPT\u00c1VKU\" href=\"mailto:info@predmetyreklamni.eu\">ZASLAT POPT\u00c1VKU\u00a0<\/a><\/p>\n<p>&nbsp;<\/p>\n<h2>Reklamn\u00ed l\u00edz\u00e1tka v obalu s potiskem na zak\u00e1zku<\/h2>\n<p style=\"text-align: justify;\">Reklamn\u00ed l\u00edz\u00e1tka ve tvaru kuli\u010dka jsou v hygienick\u00e9 obalu, kter\u00fd m\u016f\u017ee b\u00fdt na zak\u00e1zku opat\u0159en potiskem. Reklamn\u00ed l\u00edz\u00e1tka v r\u016fzn\u00fdch ovocn\u00fdch p\u0159\u00edchut\u00edch jsou univerz\u00e1ln\u00ed d\u00e1rek na sportovn\u00ed akce, v\u00fdstavy, veletrhy, promo akce. Pomoc\u00ed reklamn\u00edho l\u00edz\u00e1tka v obalu s potiskem m\u016f\u017eete zv\u00fd\u0161it pov\u011bdom\u00ed o Va\u0161\u00ed zna\u010dce nebo produktu.<\/p>\n<p><a href=\"http:\/\/predmetyreklamni.eu\/vyrobce\/wp-content\/uploads\/reklamn\u00ed-l\u00edz\u00e1tka-v-obalu-s-potiskem.jpg\"><img decoding=\"async\" loading=\"lazy\" class=\"alignleft  wp-image-3332\" title=\"l\u00edz\u00e1tka v obalu s potiskem v\u00fdrobce\" alt=\"l\u00edz\u00e1tka v obalu s potiskem v\u00fdrobce\" src=\"http:\/\/predmetyreklamni.eu\/vyrobce\/wp-content\/uploads\/reklamn\u00ed-l\u00edz\u00e1tka-v-obalu-s-potiskem-297x300.jpg\" width=\"238\" height=\"240\" srcset=\"https:\/\/predmetyreklamni.eu\/vyrobce\/wp-content\/uploads\/reklamn\u00ed-l\u00edz\u00e1tka-v-obalu-s-potiskem-297x300.jpg 297w, https:\/\/predmetyreklamni.eu\/vyrobce\/wp-content\/uploads\/reklamn\u00ed-l\u00edz\u00e1tka-v-obalu-s-potiskem-150x150.jpg 150w, https:\/\/predmetyreklamni.eu\/vyrobce\/wp-content\/uploads\/reklamn\u00ed-l\u00edz\u00e1tka-v-obalu-s-potiskem.jpg 307w\" sizes=\"(max-width: 238px) 100vw, 238px\" \/><\/a><\/p>\n<p><strong><br \/>\nMin. objedn\u00e1vka:<\/strong>\u00a05000ks\/druh<br \/>\n<strong>Rozm\u011bry<\/strong>: \u00d825mm,\u00a0120x35mm<br \/>\n<strong>Tvar<\/strong>: kuli\u010dka<br \/>\n<strong>P\u0159\u00edchut\u011b<\/strong>:\u00a0ovoce (nap\u0159. citron, jahoda, pomeran\u010d, vi\u0161e\u0148, jablko)<br \/>\n<strong>Potisk obalu<\/strong>: na zak\u00e1zku<br \/>\n<strong>Balen\u00ed<\/strong>:\u00a0<a href=\"http:\/\/predmetyreklamni.eu\/vyrobce\/reklamni-sladkosti-s-potiskem\/\" target=\"_blank\">V\u00cdCE INFO ZDE<\/a><br \/>\n<strong>Cena<\/strong>:\u00a0<a title=\"ZASLAT POPT\u00c1VKU\" href=\"mailto:info@predmetyreklamni.eu\">ZASLAT POPT\u00c1VKU\u00a0<\/a><\/p>\n<p>&nbsp;<\/p>\n<h2>Reklamn\u00ed l\u00edz\u00e1tka kuli\u010dka na zak\u00e1zku<\/h2>\n<p style=\"text-align: justify;\">Reklamn\u00ed l\u00edz\u00e1tka ve tvaru kuli\u010dka jsou klasikou mezi l\u00edz\u00e1tky. Tato reklamn\u00ed l\u00edz\u00e1tka jsou opat\u0159ena obalem, kter\u00fd pro V\u00e1s potiskneme logem, obr\u00e1zkem, sloganem. Pro potisk plastov\u00fdch obal\u016f reklamn\u00edho l\u00edz\u00e1tka se pou\u017e\u00edv\u00e1 technologie flexo tisk.<\/p>\n<p><a href=\"http:\/\/predmetyreklamni.eu\/vyrobce\/wp-content\/uploads\/reklamn\u00ed-l\u00edz\u00e1tka-kuli\u010dka-v\u00fdrobce.jpg\"><img decoding=\"async\" loading=\"lazy\" class=\"alignleft  wp-image-3336\" title=\"reklamn\u00ed l\u00edz\u00e1tka kuli\u010dka v\u00fdrobce\" alt=\"reklamn\u00ed l\u00edz\u00e1tka kuli\u010dka v\u00fdrobce\" src=\"http:\/\/predmetyreklamni.eu\/vyrobce\/wp-content\/uploads\/reklamn\u00ed-l\u00edz\u00e1tka-kuli\u010dka-v\u00fdrobce-300x300.jpg\" width=\"240\" height=\"240\" srcset=\"https:\/\/predmetyreklamni.eu\/vyrobce\/wp-content\/uploads\/reklamn\u00ed-l\u00edz\u00e1tka-kuli\u010dka-v\u00fdrobce-300x300.jpg 300w, https:\/\/predmetyreklamni.eu\/vyrobce\/wp-content\/uploads\/reklamn\u00ed-l\u00edz\u00e1tka-kuli\u010dka-v\u00fdrobce-150x150.jpg 150w, https:\/\/predmetyreklamni.eu\/vyrobce\/wp-content\/uploads\/reklamn\u00ed-l\u00edz\u00e1tka-kuli\u010dka-v\u00fdrobce.jpg 315w\" sizes=\"(max-width: 240px) 100vw, 240px\" \/><\/a><br \/>\n<strong>Min. objedn\u00e1vka:<\/strong>\u00a05000ks\/druh<br \/>\n<strong>Rozm\u011bry<\/strong>: \u00d825mm, 25x80mm<br \/>\n<strong>Tvar<\/strong>: kuli\u010dka<br \/>\n<strong>P\u0159\u00edchut\u011b<\/strong>:\u00a0ovoce (nap\u0159. citron, jahoda, pomeran\u010d, vi\u0161e\u0148, jablko)<br \/>\n<strong>Potisk obalu<\/strong>: na zak\u00e1zku<br \/>\n<strong>Balen\u00ed<\/strong>:\u00a0<a href=\"http:\/\/predmetyreklamni.eu\/vyrobce\/reklamni-sladkosti-s-potiskem\/\" target=\"_blank\">V\u00cdCE INFO ZDE<\/a><br \/>\n<strong>Cena<\/strong>:\u00a0<a title=\"ZASLAT POPT\u00c1VKU\" href=\"mailto:info@predmetyreklamni.eu\">ZASLAT POPT\u00c1VKU\u00a0<\/a><\/p>\n<h2>Velk\u00e1 reklamn\u00ed l\u00edz\u00e1tka na zak\u00e1zku s etiketou<\/h2>\n<p style=\"text-align: justify;\">Jednobarevn\u00e1 reklamn\u00ed l\u00edz\u00e1tka na zak\u00e1zku v r\u016fzn\u00fdch p\u0159\u00edchut\u00edch jsou opat\u0159ena etiketou, na kterou m\u016f\u017eete nechat natisknout sd\u011blen\u00ed pro sv\u00e9 z\u00e1kazn\u00edky nebo klienty. Etikety mohou n\u00e9st Va\u0161e logo, n\u00e1zev propaga\u010dn\u00ed akce nebo jin\u00e9 ud\u00e1losti, erb m\u011bsta a dal\u0161\u00ed.<\/p>\n<p style=\"text-align: justify;\"><strong><a href=\"http:\/\/predmetyreklamni.eu\/vyrobce\/wp-content\/uploads\/reklamn\u00ed-l\u00edz\u00e1tka-s-etiketou-na-zak\u00e1zku.jpg\"><img decoding=\"async\" loading=\"lazy\" class=\"alignleft  wp-image-3343\" title=\"reklamn\u00ed l\u00edz\u00e1tka s etiketou v\u00fdrobce\" alt=\"reklamn\u00ed l\u00edz\u00e1tka s etiketou v\u00fdrobce\" src=\"http:\/\/predmetyreklamni.eu\/vyrobce\/wp-content\/uploads\/reklamn\u00ed-l\u00edz\u00e1tka-s-etiketou-na-zak\u00e1zku-300x274.jpg\" width=\"240\" height=\"219\" srcset=\"https:\/\/predmetyreklamni.eu\/vyrobce\/wp-content\/uploads\/reklamn\u00ed-l\u00edz\u00e1tka-s-etiketou-na-zak\u00e1zku-300x274.jpg 300w, https:\/\/predmetyreklamni.eu\/vyrobce\/wp-content\/uploads\/reklamn\u00ed-l\u00edz\u00e1tka-s-etiketou-na-zak\u00e1zku-327x300.jpg 327w, https:\/\/predmetyreklamni.eu\/vyrobce\/wp-content\/uploads\/reklamn\u00ed-l\u00edz\u00e1tka-s-etiketou-na-zak\u00e1zku.jpg 357w\" sizes=\"(max-width: 240px) 100vw, 240px\" \/><\/a><br \/>\nMin. objedn\u00e1vka:<\/strong>\u00a0500ks\/druh<br \/>\n<strong>Rozm\u011bry<\/strong>: \u00d8\u00a080 nebo 100mm<br \/>\n<strong>Tvar<\/strong>: kole\u010dko, srdce<br \/>\n<strong>P\u0159\u00edchut\u011b<\/strong>:\u00a0ovoce (nap\u0159. citron, jahoda, pomeran\u010d, vi\u0161e\u0148, jablko)<br \/>\n<strong>Potisk obalu<\/strong>: na zak\u00e1zku<br \/>\n<strong>Balen\u00ed<\/strong>:\u00a0<a href=\"http:\/\/predmetyreklamni.eu\/vyrobce\/reklamni-sladkosti-s-potiskem\/\" target=\"_blank\">V\u00cdCE INFO ZDE<\/a><br \/>\n<strong>Cena<\/strong>:\u00a0<a title=\"ZASLAT POPT\u00c1VKU\" href=\"mailto:info@predmetyreklamni.eu\">ZASLAT POPT\u00c1VKU\u00a0<\/a><\/p>\n<h2>Reklamn\u00ed l\u00edz\u00e1tka s 2D logem na zak\u00e1zku<\/h2>\n<p style=\"text-align: justify;\">Kulat\u00e1 reklamn\u00ed l\u00edz\u00e1tka maj\u00ed jsou na zak\u00e1zku s 2D logem, kter\u00e9 je lisovan\u00e9 do cukrov\u00e9 hmoty. Tato reklamn\u00ed l\u00edz\u00e1tka mohou b\u00fdt s jednoduchou 2D grafikou a Vy tak m\u016f\u017eete s jejich pomoc\u00ed propagovat svou zna\u010dku. Reklamn\u00ed l\u00edz\u00e1tka s 2D logem jako perfektn\u00ed reklamn\u00ed p\u0159edm\u011bt na veletrhy, v\u00fdstavy, sportovn\u00ed akce.<\/p>\n<p><strong><a href=\"http:\/\/predmetyreklamni.eu\/vyrobce\/wp-content\/uploads\/reklamn\u00ed-l\u00edz\u00e1tka-s-2D-logem-v\u00fdrobce.jpg\"><img decoding=\"async\" loading=\"lazy\" class=\"alignleft  wp-image-3345\" title=\"reklamn\u00ed l\u00edz\u00e1tka s 2D logem v\u00fdrobce\" alt=\"reklamn\u00ed l\u00edz\u00e1tka s 2D logem v\u00fdrobce\" src=\"http:\/\/predmetyreklamni.eu\/vyrobce\/wp-content\/uploads\/reklamn\u00ed-l\u00edz\u00e1tka-s-2D-logem-v\u00fdrobce-300x276.jpg\" width=\"240\" height=\"221\" srcset=\"https:\/\/predmetyreklamni.eu\/vyrobce\/wp-content\/uploads\/reklamn\u00ed-l\u00edz\u00e1tka-s-2D-logem-v\u00fdrobce-300x276.jpg 300w, https:\/\/predmetyreklamni.eu\/vyrobce\/wp-content\/uploads\/reklamn\u00ed-l\u00edz\u00e1tka-s-2D-logem-v\u00fdrobce-325x300.jpg 325w, https:\/\/predmetyreklamni.eu\/vyrobce\/wp-content\/uploads\/reklamn\u00ed-l\u00edz\u00e1tka-s-2D-logem-v\u00fdrobce.jpg 341w\" sizes=\"(max-width: 240px) 100vw, 240px\" \/><\/a><\/strong><br \/>\n<strong>Min. objedn\u00e1vka<\/strong>:\u00a01000ks\/3000ks\/druh<br \/>\n<strong>Rozm\u011bry<\/strong>: \u00d8\u00a080\/100mm<br \/>\n<strong>Tvar<\/strong>: kole\u010dko<br \/>\n<strong>P\u0159\u00edchut\u011b<\/strong>: karamel, smetana s jahodou<br \/>\n<strong>Potisk obalu<\/strong>: na zak\u00e1zku<br \/>\n<strong>Balen\u00ed<\/strong>:\u00a0<a href=\"http:\/\/predmetyreklamni.eu\/vyrobce\/reklamni-sladkosti-s-potiskem\/\" target=\"_blank\">V\u00cdCE INFO ZDE<\/a><br \/>\n<strong>Cena<\/strong>:\u00a0<a title=\"ZASLAT POPT\u00c1VKU\" href=\"mailto:info@predmetyreklamni.eu\">ZASLAT POPT\u00c1VKU\u00a0<\/a><\/p>\n<h2>Reklamn\u00ed l\u00edz\u00e1tka \u0158ekni &#8220;A&#8221; na zak\u00e1zku<\/h2>\n<p style=\"text-align: justify;\">Reklamn\u00ed l\u00edz\u00e1tka \u0158ekni &#8220;A&#8221; jsou v podob\u011b d\u0159ev\u011bn\u00e9 vy\u0161et\u0159ovac\u00ed \u0161pachtle se sladk\u00fdm koncem. Tato reklamn\u00ed l\u00edz\u00e1tka na zak\u00e1zku budou skv\u011bl\u00e1 v l\u00e9ka\u0159sk\u00fdch ordinac\u00edch. Nechte si vyrobit na zak\u00e1zku reklamn\u00ed l\u00edz\u00e1tka \u0158ekni &#8220;A&#8221; a propagujte se s jejich pomoc\u00ed ve zdravotnictv\u00ed.<\/p>\n<p><a href=\"http:\/\/predmetyreklamni.eu\/vyrobce\/wp-content\/uploads\/Reklamn\u00ed-l\u00edz\u00e1tko-\u0158ekni-A-v\u00fdrobce.jpg\"><img decoding=\"async\" loading=\"lazy\" class=\"alignleft  wp-image-3325\" title=\"Reklamn\u00ed l\u00edz\u00e1tko \u0158ekni A v\u00fdrobce\" alt=\"Reklamn\u00ed l\u00edz\u00e1tko \u0158ekni A v\u00fdrobce\" src=\"http:\/\/predmetyreklamni.eu\/vyrobce\/wp-content\/uploads\/Reklamn\u00ed-l\u00edz\u00e1tko-\u0158ekni-A-v\u00fdrobce-297x300.jpg\" width=\"238\" height=\"240\" srcset=\"https:\/\/predmetyreklamni.eu\/vyrobce\/wp-content\/uploads\/Reklamn\u00ed-l\u00edz\u00e1tko-\u0158ekni-A-v\u00fdrobce-297x300.jpg 297w, https:\/\/predmetyreklamni.eu\/vyrobce\/wp-content\/uploads\/Reklamn\u00ed-l\u00edz\u00e1tko-\u0158ekni-A-v\u00fdrobce-150x150.jpg 150w, https:\/\/predmetyreklamni.eu\/vyrobce\/wp-content\/uploads\/Reklamn\u00ed-l\u00edz\u00e1tko-\u0158ekni-A-v\u00fdrobce.jpg 315w\" sizes=\"(max-width: 238px) 100vw, 238px\" \/><\/a><\/p>\n<p><strong><br \/>\nMin. objedn\u00e1vka:<\/strong>\u00a05000ks\/druh<br \/>\n<strong>Rozm\u011bry<\/strong>: 178x32mm<br \/>\n<strong>P\u0159\u00edchut\u011b<\/strong>: ovoce, kola<br \/>\n<strong>Potisk obalu<\/strong>: na zak\u00e1zku<br \/>\n<strong>Balen\u00ed<\/strong>:\u00a0<a href=\"http:\/\/predmetyreklamni.eu\/vyrobce\/reklamni-sladkosti-s-potiskem\/\" target=\"_blank\">V\u00cdCE INFO ZDE<\/a><br \/>\n<strong>Cena<\/strong>:\u00a0<a title=\"ZASLAT POPT\u00c1VKU\" href=\"mailto:info@predmetyreklamni.eu\">ZASLAT POPT\u00c1VKU\u00a0<\/a><\/p>\n<p>&nbsp;<\/p>\n<p>&nbsp;<\/p>\n<h2>Reklamn\u00ed l\u00edz\u00e1tka na zak\u00e1zku v ploch\u00e9 krabi\u010dce<\/h2>\n<p style=\"text-align: justify;\">Tato reklamn\u00ed l\u00edz\u00e1tka jsou na zak\u00e1zku balena v ploch\u00e9 krabi\u010dce, kter\u00e1 m\u016f\u017ee b\u00fdt na zak\u00e1zku poti\u0161t\u011bna grafikou dle Va\u0161eho n\u00e1vrhu. L\u00edz\u00e1tka v ploch\u00e9 krabi\u010dce budou efektivn\u00ed p\u0159edm\u011bt ve Va\u0161\u00ed reklamn\u00ed kampani.<\/p>\n<p><strong><a href=\"http:\/\/predmetyreklamni.eu\/vyrobce\/wp-content\/uploads\/reklamn\u00ed-l\u00edz\u00e1tka-v-ploch\u00e9-krabi\u010dce-v\u00fdrobce.jpg\"><img decoding=\"async\" loading=\"lazy\" class=\"alignleft  wp-image-3349\" title=\"reklamn\u00ed l\u00edz\u00e1tka v ploch\u00e9 krabi\u010dce v\u00fdrobce\" alt=\"reklamn\u00ed l\u00edz\u00e1tka v ploch\u00e9 krabi\u010dce v\u00fdrobce\" src=\"http:\/\/predmetyreklamni.eu\/vyrobce\/wp-content\/uploads\/reklamn\u00ed-l\u00edz\u00e1tka-v-ploch\u00e9-krabi\u010dce-v\u00fdrobce-289x300.jpg\" width=\"231\" height=\"240\" srcset=\"https:\/\/predmetyreklamni.eu\/vyrobce\/wp-content\/uploads\/reklamn\u00ed-l\u00edz\u00e1tka-v-ploch\u00e9-krabi\u010dce-v\u00fdrobce-289x300.jpg 289w, https:\/\/predmetyreklamni.eu\/vyrobce\/wp-content\/uploads\/reklamn\u00ed-l\u00edz\u00e1tka-v-ploch\u00e9-krabi\u010dce-v\u00fdrobce.jpg 315w\" sizes=\"(max-width: 231px) 100vw, 231px\" \/><\/a><\/strong><\/p>\n<p><strong><br \/>\nMin. objedn\u00e1vka<\/strong>:\u00a01000ks\/druh<br \/>\n<strong>Rozm\u011bry<\/strong>: 66x77x10mm<br \/>\n<strong>P\u0159\u00edchut\u011b<\/strong>: ovoce, kola<br \/>\n<strong>Potisk obalu<\/strong>: na zak\u00e1zku<br \/>\n<strong>Balen\u00ed<\/strong>:\u00a0<a href=\"http:\/\/predmetyreklamni.eu\/vyrobce\/reklamni-sladkosti-s-potiskem\/\" target=\"_blank\">V\u00cdCE INFO ZDE<\/a><br \/>\n<strong>Cena<\/strong>:\u00a0<a title=\"ZASLAT POPT\u00c1VKU\" href=\"mailto:info@predmetyreklamni.eu\">ZASLAT POPT\u00c1VKU\u00a0<\/a><\/p>\n<p>&nbsp;<\/p>\n<p>&nbsp;<\/p>\n<p>&nbsp;<\/p>\n<h2>Reklamn\u00ed l\u00edz\u00e1tka potisk na zak\u00e1zku<\/h2>\n<p style=\"text-align: justify;\">Obaly na reklamn\u00ed l\u00edz\u00e1tka jsou obvykle z plastu nebo pap\u00edru. Pro potisk obal\u016f reklamn\u00edho l\u00edz\u00e1tka se nej\u010dast\u011bji pou\u017e\u00edv\u00e1 flexo potisk pro plastov\u00e9 obaly. Pro potisk obal\u016f z pap\u00edru se vyu\u017e\u00edv\u00e1 offsetov\u00fd tisk a digit\u00e1ln\u00ed tisk.<\/p>\n<p style=\"text-align: justify;\">Zaujala V\u00e1s na\u0161e nab\u00eddka a chcete si nechat vyrobit vlastn\u00ed reklamn\u00ed l\u00edz\u00e1tka na zak\u00e1zku? Kontaktujte n\u00e1s pro cenovou nab\u00eddku na emailu:<a href=\"mailto:info@predmetyreklamni.eu\">\u00a0info@predmetyreklamni.eu<\/a><\/p>\n<p style=\"text-align: justify;\"><strong>Do cenov\u00e9 popt\u00e1vky pros\u00edm uve\u010fte pot\u0159ebn\u00e9 informace pro cenovou nab\u00eddku jako<\/strong>: mno\u017estv\u00ed, dobu dod\u00e1n\u00ed, druh l\u00edz\u00e1tka a obalu, barevnost potisku. V\u0161echny tyto informace n\u00e1m pomohou k rychlej\u0161\u00edmu zpracov\u00e1n\u00ed cenov\u00e9 nab\u00eddky pr\u00e1v\u011b pro V\u00e1s.<\/p>\n<p style=\"text-align: justify;\">T\u011b\u0161\u00edme se na spolupr\u00e1ci! Team Gifts Service<\/p>\n","protected":false},"excerpt":{"rendered":"<p>REKLAMN\u00cd L\u00cdZ\u00c1TKA NA ZAK\u00c1ZKU L\u00edz\u00e1tka na zak\u00e1zku jako reklamn\u00ed p\u0159edm\u011bt Reklamn\u00ed l\u00edz\u00e1tka nab\u00edz\u00edme na zak\u00e1zku v r\u016fzn\u00fdch proveden\u00edch. Reklamn\u00ed l\u00edz\u00e1tka mohou b\u00fdt na zak\u00e1zku v r\u016fzn\u00fdch tvarech, p\u0159\u00edchut\u00edch a tak\u00e9 mohou b\u00fdt v r\u016fzn\u00fdch obalech, kter\u00e9 opat\u0159\u00edme potiskem dle Va\u0161eho &hellip; <a href=\"https:\/\/predmetyreklamni.eu\/vyrobce\/reklamni-lizatka-na-zakazku\/\">Continue reading <span class=\"meta-nav\">&rarr;<\/span><\/a><\/p>\n","protected":false},"author":1,"featured_media":0,"parent":0,"menu_order":26,"comment_status":"closed","ping_status":"open","template":"sidebar-page.php","meta":[],"_links":{"self":[{"href":"https:\/\/predmetyreklamni.eu\/vyrobce\/wp-json\/wp\/v2\/pages\/3281"}],"collection":[{"href":"https:\/\/predmetyreklamni.eu\/vyrobce\/wp-json\/wp\/v2\/pages"}],"about":[{"href":"https:\/\/predmetyreklamni.eu\/vyrobce\/wp-json\/wp\/v2\/types\/page"}],"author":[{"embeddable":true,"href":"https:\/\/predmetyreklamni.eu\/vyrobce\/wp-json\/wp\/v2\/users\/1"}],"replies":[{"embeddable":true,"href":"https:\/\/predmetyreklamni.eu\/vyrobce\/wp-json\/wp\/v2\/comments?post=3281"}],"version-history":[{"count":49,"href":"https:\/\/predmetyreklamni.eu\/vyrobce\/wp-json\/wp\/v2\/pages\/3281\/revisions"}],"predecessor-version":[{"id":3588,"href":"https:\/\/predmetyreklamni.eu\/vyrobce\/wp-json\/wp\/v2\/pages\/3281\/revisions\/3588"}],"wp:attachment":[{"href":"https:\/\/predmetyreklamni.eu\/vyrobce\/wp-json\/wp\/v2\/media?parent=3281"}],"curies":[{"name":"wp","href":"https:\/\/api.w.org\/{rel}","templated":true}]}}