{"id":3355,"date":"2014-03-21T19:37:49","date_gmt":"2014-03-21T19:37:49","guid":{"rendered":"http:\/\/predmetyreklamni.eu\/vyrobce\/?page_id=3355"},"modified":"2014-04-09T11:25:04","modified_gmt":"2014-04-09T11:25:04","slug":"reklamni-susenky-na-zakazku","status":"publish","type":"page","link":"https:\/\/predmetyreklamni.eu\/vyrobce\/reklamni-susenky-na-zakazku\/","title":{"rendered":"Reklamn\u00ed su\u0161enky na zak\u00e1zku"},"content":{"rendered":"<h1>REKLAMN\u00cd SU\u0160ENKY NA ZAK\u00c1ZKU<\/h1>\n<h2>Vlastn\u00ed su\u0161enky na zak\u00e1zku pro Va\u0161\u00ed restauraci, hotel, kav\u00e1rnu.<\/h2>\n<p style=\"text-align: justify;\">Reklamn\u00ed su\u0161enky na zak\u00e1zku jsou perfektn\u00ed reklamn\u00ed d\u00e1rek pro restauraci, hotel, penzion, kav\u00e1rnu, wellness centrum a v\u0161ude, kde sv\u00fdm n\u00e1v\u0161t\u011bvn\u00edk\u016fm, z\u00e1kazn\u00edk\u016fm nebo klient\u016fm nab\u00edz\u00edte k\u00e1vu, \u010daj nebo jin\u00e9 tepl\u00e9 n\u00e1poje. Reklamn\u00ed su\u0161enky jsou skv\u011bl\u00e9 tak\u00e9 pro firemn\u00ed ve\u010d\u00edrky, konference a jedn\u00e1n\u00ed, kde poslou\u017e\u00ed jako sladk\u00e9 ob\u010derstven\u00ed ke k\u00e1v\u011b nebo \u010daji. Reklamn\u00ed su\u0161enky na zak\u00e1zku poskytuj\u00ed velkou plochu pro potisk a proto bude Va\u0161e logo na o\u010d\u00edch a ka\u017ed\u00fd kdo Va\u0161\u00ed su\u0161enku rozbal\u00ed si ho zajist\u00e9 zapamatuje.<\/p>\n<h2 style=\"text-align: justify;\">Reklamn\u00ed su\u0161enky na zak\u00e1zku nab\u00eddka<\/h2>\n<p style=\"text-align: justify;\">N\u00ed\u017ee naleznete z\u00e1kladn\u00ed nab\u00eddku pro reklamn\u00ed su\u0161enky na zak\u00e1zku. Nab\u00edz\u00edme klasick\u00e9 reklamn\u00ed karamelov\u00e9 su\u0161enky, pern\u00ed\u010dky, ovesn\u00e9 su\u0161enky a dal\u0161\u00ed.\u00a0Reklamn\u00ed su\u0161enky jsou baleny na zak\u00e1zku p\u0159ev\u00e1\u017en\u011b jednotliv\u011b v hygienick\u00e9m flow pack balen\u00ed. \u00a0Na zak\u00e1zku je samoz\u0159ejm\u011b mo\u017en\u00e9 reklamn\u00ed su\u0161enky zabalit do d\u0159ev\u011bn\u00e9ho, pap\u00edrov\u00e9ho nebo plechov\u00e9ho obalu, kter\u00fd opat\u0159\u00edme Va\u0161\u00edm potiskem.<\/p>\n<h2 style=\"text-align: justify;\">Reklamn\u00ed karamelov\u00e9 su\u0161enky na zak\u00e1zku<\/h2>\n<p style=\"text-align: justify;\">Tyto pikantn\u00ed karamelov\u00e9 su\u0161enky zn\u00e1 asi ka\u017ed\u00fd a pat\u0159\u00ed mezi standardn\u00ed reklamn\u00ed su\u0161enky. Na zak\u00e1zku pro V\u00e1s vyrob\u00edme tyto reklamn\u00ed karamelov\u00e9 su\u0161enky v hygienick\u00e9m obalu flow pack, kter\u00fd opat\u0159\u00edme potiskem dle Va\u0161eho zad\u00e1n\u00ed.<\/p>\n<p><a href=\"http:\/\/predmetyreklamni.eu\/vyrobce\/wp-content\/uploads\/reklamn\u00ed-karamelov\u00e9-su\u0161enky-v\u00fdrobce.jpg\"><img decoding=\"async\" loading=\"lazy\" class=\"alignleft  wp-image-3368\" title=\"reklamn\u00ed karamelov\u00e9 su\u0161enky v\u00fdrobce\" alt=\"reklamn\u00ed karamelov\u00e9 su\u0161enky v\u00fdrobce\" src=\"http:\/\/predmetyreklamni.eu\/vyrobce\/wp-content\/uploads\/reklamn\u00ed-karamelov\u00e9-su\u0161enky-v\u00fdrobce-300x300.jpg\" width=\"240\" height=\"240\" srcset=\"https:\/\/predmetyreklamni.eu\/vyrobce\/wp-content\/uploads\/reklamn\u00ed-karamelov\u00e9-su\u0161enky-v\u00fdrobce.jpg 300w, https:\/\/predmetyreklamni.eu\/vyrobce\/wp-content\/uploads\/reklamn\u00ed-karamelov\u00e9-su\u0161enky-v\u00fdrobce-150x150.jpg 150w\" sizes=\"(max-width: 240px) 100vw, 240px\" \/><\/a><\/p>\n<p><strong><br \/>\nMin. objedn\u00e1vka:<\/strong>\u00a05000ks<br \/>\n<strong>Hmotnost<\/strong>: 6.5g<br \/>\n<strong>Rozm\u011bry<\/strong>: 90x45mm<br \/>\n<strong>Obal<\/strong>: flow pack \u2013 transparentn\u00ed, b\u00edl\u00fd, metalick\u00fd, s potiskem<br \/>\n<strong>P\u0159\u00edchut\u011b<\/strong>: pikantn\u00ed karamel<br \/>\n<strong>Potisk obalu<\/strong>: na zak\u00e1zku<br \/>\n<strong>Balen\u00ed<\/strong>:\u00a0<a href=\"http:\/\/predmetyreklamni.eu\/vyrobce\/reklamni-sladkosti-s-potiskem\/\" target=\"_blank\">V\u00cdCE INFO ZDE<\/a><br \/>\n<strong>Cena<\/strong>:\u00a0<a title=\"ZASLAT POPT\u00c1VKU\" href=\"mailto:info@predmetyreklamni.eu\">ZASLAT POPT\u00c1VKU<\/a><\/p>\n<p>&nbsp;<\/p>\n<h2>Reklamn\u00ed ovesn\u00e9 su\u0161enky na zak\u00e1zku<\/h2>\n<p style=\"text-align: justify;\">Reklamn\u00ed ovesn\u00e9 su\u0161enky na zak\u00e1zku v transparentn\u00edm, metalick\u00e9m nebo b\u00edl\u00e9m obalu s potiskem dle Va\u0161eho zad\u00e1n\u00ed. Reklamn\u00ed ovesn\u00e9 su\u0161enky pro Va\u0161e konference, jedn\u00e1n\u00ed nebo jako sladk\u00fd dopln\u011bk ke k\u00e1v\u011b, \u010daji ve Va\u0161\u00ed restauraci, kav\u00e1rn\u011b.<\/p>\n<p style=\"text-align: justify;\"><a href=\"http:\/\/predmetyreklamni.eu\/vyrobce\/wp-content\/uploads\/reklamn\u00ed-ovesn\u00e9-su\u0161enky-v\u00fdrobce.jpg\"><img decoding=\"async\" loading=\"lazy\" class=\"alignleft  wp-image-3370\" title=\"reklamn\u00ed ovesn\u00e9 su\u0161enky v\u00fdrobce\" alt=\"reklamn\u00ed ovesn\u00e9 su\u0161enky v\u00fdrobce\" src=\"http:\/\/predmetyreklamni.eu\/vyrobce\/wp-content\/uploads\/reklamn\u00ed-ovesn\u00e9-su\u0161enky-v\u00fdrobce-296x300.jpg\" width=\"237\" height=\"240\" srcset=\"https:\/\/predmetyreklamni.eu\/vyrobce\/wp-content\/uploads\/reklamn\u00ed-ovesn\u00e9-su\u0161enky-v\u00fdrobce-296x300.jpg 296w, https:\/\/predmetyreklamni.eu\/vyrobce\/wp-content\/uploads\/reklamn\u00ed-ovesn\u00e9-su\u0161enky-v\u00fdrobce.jpg 401w\" sizes=\"(max-width: 237px) 100vw, 237px\" \/><\/a><strong><br \/>\nMin. objedn\u00e1vka:<\/strong>\u00a02000ks<br \/>\n<strong>Hmotnost<\/strong>: 10g<br \/>\n<strong>Rozm\u011bry<\/strong>: 100x69mm<br \/>\n<strong>Obal<\/strong>: flow pack \u2013 transparentn\u00ed, b\u00edl\u00fd, metalick\u00fd, s potiskem<br \/>\n<strong>P\u0159\u00edchut\u011b<\/strong>: ovesn\u00e9 su\u0161enky<br \/>\n<strong>Potisk obalu<\/strong>: na zak\u00e1zku<br \/>\n<strong>Balen\u00ed<\/strong>:\u00a0<a href=\"http:\/\/predmetyreklamni.eu\/vyrobce\/reklamni-sladkosti-s-potiskem\/\" target=\"_blank\">V\u00cdCE INFO ZDE<\/a><br \/>\n<strong>Cena<\/strong>:\u00a0<a href=\"mailto:info@predmetyreklamni.eu\">ZASLAT POPT\u00c1VKU<\/a><\/p>\n<h2 style=\"text-align: justify;\">Reklamn\u00ed su\u0161enky &#8211; pern\u00ed\u010dky na zak\u00e1zku<\/h2>\n<p style=\"text-align: justify;\">Velk\u00e9 reklamn\u00ed pern\u00ed\u010dky jsou baleny jednotliv\u011b v hygienick\u00e9 flow pack obalu, kter\u00fd m\u016f\u017ee b\u00fdt na zak\u00e1zku v r\u016fzn\u00fdch barv\u00e1ch a opat\u0159en potiskem dle Va\u0161eho zad\u00e1n\u00ed. Pln\u011bn\u00e9 pern\u00ed\u010dky \u00a0s cukrovou polevou budou chutn\u00fdm dopl\u0148kem ke k\u00e1v\u011b nebo \u010daji pro Va\u0161e klienty, z\u00e1kazn\u00edky.<\/p>\n<p><strong><a href=\"http:\/\/predmetyreklamni.eu\/vyrobce\/wp-content\/uploads\/reklamn\u00ed-pern\u00ed\u010dky-v\u00fdrobce.jpg\"><img decoding=\"async\" loading=\"lazy\" class=\"alignleft  wp-image-3375\" title=\"reklamn\u00ed pern\u00ed\u010dky v\u00fdrobce\" alt=\"reklamn\u00ed pern\u00ed\u010dky v\u00fdrobce\" src=\"http:\/\/predmetyreklamni.eu\/vyrobce\/wp-content\/uploads\/reklamn\u00ed-pern\u00ed\u010dky-v\u00fdrobce-300x300.jpg\" width=\"240\" height=\"240\" srcset=\"https:\/\/predmetyreklamni.eu\/vyrobce\/wp-content\/uploads\/reklamn\u00ed-pern\u00ed\u010dky-v\u00fdrobce.jpg 300w, https:\/\/predmetyreklamni.eu\/vyrobce\/wp-content\/uploads\/reklamn\u00ed-pern\u00ed\u010dky-v\u00fdrobce-150x150.jpg 150w\" sizes=\"(max-width: 240px) 100vw, 240px\" \/><\/a><br \/>\nMin. objedn\u00e1vka:<\/strong>\u00a02000ks<br \/>\n<strong>Hmotnost<\/strong>: 25g<br \/>\n<strong>Rozm\u011bry<\/strong>: 100x75mm<br \/>\n<strong>Obal<\/strong>: flow pack \u2013 transparentn\u00ed, b\u00edl\u00fd, metalick\u00fd, s potiskem<br \/>\n<strong>P\u0159\u00edchut\u011b<\/strong>: pern\u00ed\u010dek s cukrovou polevou<br \/>\n<strong>Potisk obalu<\/strong>: na zak\u00e1zku<br \/>\n<strong>Balen\u00ed<\/strong>:\u00a0<a href=\"http:\/\/predmetyreklamni.eu\/vyrobce\/reklamni-sladkosti-s-potiskem\/\" target=\"_blank\">V\u00cdCE INFO ZDE<\/a><br \/>\n<strong>Cena<\/strong>:\u00a0<a href=\"mailto:info@predmetyreklamni.eu\">ZASLAT POPT\u00c1VKU<\/a><\/p>\n<p>&nbsp;<\/p>\n<h2>Reklamn\u00ed su\u0161enky &#8211; mini pern\u00ed\u010dky na zak\u00e1zku<\/h2>\n<p style=\"text-align: justify;\">Reklamn\u00ed mini pern\u00ed\u010dky jsou baleny jednotliv\u011b v hygienick\u00e9m flow pack balen\u00ed, kter\u00e9 na zak\u00e1zku nech\u00e1me potisknout Va\u0161\u00edm logem, n\u00e1zvem restaurace, hotelu, po\u0159\u00e1dan\u00e9 akce. Reklamn\u00ed mini pern\u00ed\u010dky budou skv\u011bl\u00e9 pro ka\u017edou p\u0159\u00edle\u017eitost.<\/p>\n<p><strong><a href=\"http:\/\/predmetyreklamni.eu\/vyrobce\/wp-content\/uploads\/reklamn\u00ed-mal\u00e9-pern\u00ed\u010dky-s-potiskem.jpg\"><img decoding=\"async\" loading=\"lazy\" class=\"alignleft  wp-image-3379\" title=\"reklamn\u00ed mal\u00e9 pern\u00ed\u010dky s potiskem\" alt=\"reklamn\u00ed mal\u00e9 pern\u00ed\u010dky s potiskem\" src=\"http:\/\/predmetyreklamni.eu\/vyrobce\/wp-content\/uploads\/reklamn\u00ed-mal\u00e9-pern\u00ed\u010dky-s-potiskem-300x296.jpg\" width=\"240\" height=\"237\" srcset=\"https:\/\/predmetyreklamni.eu\/vyrobce\/wp-content\/uploads\/reklamn\u00ed-mal\u00e9-pern\u00ed\u010dky-s-potiskem-300x296.jpg 300w, https:\/\/predmetyreklamni.eu\/vyrobce\/wp-content\/uploads\/reklamn\u00ed-mal\u00e9-pern\u00ed\u010dky-s-potiskem-303x300.jpg 303w, https:\/\/predmetyreklamni.eu\/vyrobce\/wp-content\/uploads\/reklamn\u00ed-mal\u00e9-pern\u00ed\u010dky-s-potiskem.jpg 395w\" sizes=\"(max-width: 240px) 100vw, 240px\" \/><\/a><br \/>\nMin. objedn\u00e1vka:<\/strong>\u00a05000ks<br \/>\n<strong>Hmotnost<\/strong>: 12g<br \/>\n<strong>Rozm\u011bry<\/strong>: 90x55mm<br \/>\n<strong>Obal<\/strong>: flow pack \u2013 transparentn\u00ed, b\u00edl\u00fd, metalick\u00fd, s potiskem<br \/>\n<strong>P\u0159\u00edchut\u011b<\/strong>: pern\u00ed\u010dek s cukrovou polevou<br \/>\n<strong>Potisk obalu<\/strong>: na zak\u00e1zku<br \/>\n<strong>Balen\u00ed<\/strong>:\u00a0<a href=\"http:\/\/predmetyreklamni.eu\/vyrobce\/reklamni-sladkosti-s-potiskem\/\" target=\"_blank\">V\u00cdCE INFO ZDE<\/a><br \/>\n<strong>Cena<\/strong>:\u00a0<a href=\"mailto:info@predmetyreklamni.eu\">ZASLAT POPT\u00c1VKU<\/a><\/p>\n<p>&nbsp;<\/p>\n<h2>Reklamn\u00ed pern\u00ed\u010dky v d\u00e1rkov\u00e9m balen\u00ed na zak\u00e1zku<\/h2>\n<p style=\"text-align: justify;\">Reklamn\u00ed pern\u00ed\u010dky v pap\u00edrov\u00e9 vani\u010dce s potiskem na zak\u00e1zku jako d\u00e1rkov\u00fd p\u0159edm\u011bt pro Va\u0161e z\u00e1kazn\u00edky, klienty a obchodn\u00ed partnery. Pern\u00ed\u010dky v d\u00e1rkov\u00e9m balen\u00ed nemohou b\u00fdt krokem vedle p\u0159i propagac\u00ed Va\u0161\u00ed kav\u00e1rny, restaurace nebo spole\u010dnosti.<\/p>\n<p><strong> <a href=\"http:\/\/predmetyreklamni.eu\/vyrobce\/wp-content\/uploads\/reklamn\u00ed-pern\u00edky-v\u00fdrobce.jpg\"><img decoding=\"async\" loading=\"lazy\" class=\"alignleft  wp-image-3613\" title=\"reklamn\u00ed pern\u00edky v\u00fdrobce\" alt=\"reklamn\u00ed pern\u00edky v\u00fdrobce\" src=\"http:\/\/predmetyreklamni.eu\/vyrobce\/wp-content\/uploads\/reklamn\u00ed-pern\u00edky-v\u00fdrobce-300x274.jpg\" width=\"240\" height=\"219\" srcset=\"https:\/\/predmetyreklamni.eu\/vyrobce\/wp-content\/uploads\/reklamn\u00ed-pern\u00edky-v\u00fdrobce-300x274.jpg 300w, https:\/\/predmetyreklamni.eu\/vyrobce\/wp-content\/uploads\/reklamn\u00ed-pern\u00edky-v\u00fdrobce-327x300.jpg 327w, https:\/\/predmetyreklamni.eu\/vyrobce\/wp-content\/uploads\/reklamn\u00ed-pern\u00edky-v\u00fdrobce.jpg 368w\" sizes=\"(max-width: 240px) 100vw, 240px\" \/><\/a><br \/>\nMin. objedn\u00e1vka:<\/strong>\u00a0500ks<br \/>\n<strong>Hmotnost<\/strong>: 50g (4ks)<br \/>\n<strong>Rozm\u011bry<\/strong>:\u00a072x48x46mm<br \/>\n<strong>Obal<\/strong>: pap\u00edrov\u00e1 vani\u010dka s potiskem<br \/>\n<strong>P\u0159\u00edchut\u011b<\/strong>:\u00a0pern\u00ed\u010dek s cukrovou polevou<br \/>\n<strong>Potisk obalu<\/strong>: na zak\u00e1zku<br \/>\n<strong>Balen\u00ed<\/strong>:\u00a0<a href=\"http:\/\/predmetyreklamni.eu\/vyrobce\/reklamni-sladkosti-s-potiskem\/\" target=\"_blank\">V\u00cdCE INFO ZDE<\/a><br \/>\n<strong>Cena<\/strong>:\u00a0<a href=\"mailto:info@predmetyreklamni.eu\">ZASLAT POPT\u00c1VKU<\/a><\/p>\n<p>&nbsp;<\/p>\n<p style=\"text-align: justify;\">Zaujala V\u00e1s na\u0161e nab\u00eddce a chcete si nechat vyrobit vlastn\u00ed reklamn\u00ed su\u0161enky na zak\u00e1zku? Kontaktujte n\u00e1s pro cenovou nab\u00eddku na emailu:<a href=\"mailto:info@predmetyreklamni.eu\">\u00a0info@predmetyreklamni.eu<\/a><\/p>\n<p style=\"text-align: justify;\"><strong>Do cenov\u00e9 popt\u00e1vky pros\u00edm uve\u010fte pot\u0159ebn\u00e9 informace pro cenovou nab\u00eddku jako<\/strong>: mno\u017estv\u00ed, dobu dod\u00e1n\u00ed, druh su\u0161enky, druh obalu a barevnost potisku. V\u0161echny tyto informace n\u00e1m pomohou k rychlej\u0161\u00edmu zpracov\u00e1n\u00ed cenov\u00e9 nab\u00eddky pr\u00e1v\u011b pro V\u00e1s.<\/p>\n<p style=\"text-align: justify;\">T\u011b\u0161\u00edme se na spolupr\u00e1ci! Team Gifts Service<\/p>\n","protected":false},"excerpt":{"rendered":"<p>REKLAMN\u00cd SU\u0160ENKY NA ZAK\u00c1ZKU Vlastn\u00ed su\u0161enky na zak\u00e1zku pro Va\u0161\u00ed restauraci, hotel, kav\u00e1rnu. Reklamn\u00ed su\u0161enky na zak\u00e1zku jsou perfektn\u00ed reklamn\u00ed d\u00e1rek pro restauraci, hotel, penzion, kav\u00e1rnu, wellness centrum a v\u0161ude, kde sv\u00fdm n\u00e1v\u0161t\u011bvn\u00edk\u016fm, z\u00e1kazn\u00edk\u016fm nebo klient\u016fm nab\u00edz\u00edte k\u00e1vu, \u010daj nebo &hellip; <a href=\"https:\/\/predmetyreklamni.eu\/vyrobce\/reklamni-susenky-na-zakazku\/\">Continue reading <span class=\"meta-nav\">&rarr;<\/span><\/a><\/p>\n","protected":false},"author":1,"featured_media":0,"parent":0,"menu_order":26,"comment_status":"closed","ping_status":"open","template":"sidebar-page.php","meta":[],"_links":{"self":[{"href":"https:\/\/predmetyreklamni.eu\/vyrobce\/wp-json\/wp\/v2\/pages\/3355"}],"collection":[{"href":"https:\/\/predmetyreklamni.eu\/vyrobce\/wp-json\/wp\/v2\/pages"}],"about":[{"href":"https:\/\/predmetyreklamni.eu\/vyrobce\/wp-json\/wp\/v2\/types\/page"}],"author":[{"embeddable":true,"href":"https:\/\/predmetyreklamni.eu\/vyrobce\/wp-json\/wp\/v2\/users\/1"}],"replies":[{"embeddable":true,"href":"https:\/\/predmetyreklamni.eu\/vyrobce\/wp-json\/wp\/v2\/comments?post=3355"}],"version-history":[{"count":20,"href":"https:\/\/predmetyreklamni.eu\/vyrobce\/wp-json\/wp\/v2\/pages\/3355\/revisions"}],"predecessor-version":[{"id":3363,"href":"https:\/\/predmetyreklamni.eu\/vyrobce\/wp-json\/wp\/v2\/pages\/3355\/revisions\/3363"}],"wp:attachment":[{"href":"https:\/\/predmetyreklamni.eu\/vyrobce\/wp-json\/wp\/v2\/media?parent=3355"}],"curies":[{"name":"wp","href":"https:\/\/api.w.org\/{rel}","templated":true}]}}