{"id":34,"date":"2013-03-20T11:00:18","date_gmt":"2013-03-20T11:00:18","guid":{"rendered":"http:\/\/predmetyreklamni.eu\/vyrobce\/?page_id=34"},"modified":"2014-10-09T18:28:23","modified_gmt":"2014-10-09T18:28:23","slug":"reklamni-rohozky-na-zakazku","status":"publish","type":"page","link":"https:\/\/predmetyreklamni.eu\/vyrobce\/reklamni-rohozky-na-zakazku\/","title":{"rendered":"Reklamn\u00ed roho\u017eky na zak\u00e1zku"},"content":{"rendered":"<h1>REKLAMN\u00cd ROHO\u017dKY NA ZAK\u00c1ZKU<\/h1>\n<h2>Pro\u010d reklamn\u00ed roho\u017eky na zak\u00e1zku?<\/h2>\n<p style=\"text-align: justify;\">Vstup do Va\u0161\u00ed firmy, agentury, spole\u010dnosti, obchodu, hotelu je Va\u0161\u00ed vizitkou a proto by <a href=\"http:\/\/predmetyreklamni.eu\/vyrobce\/wp-content\/uploads\/Reklamn\u00ed-roho\u017eky-na-zak\u00e1zku-z-kokosov\u00e9ho-vl\u00e1kna.jpg\"><img decoding=\"async\" loading=\"lazy\" class=\"alignright size-full wp-image-457\" title=\"Reklamn\u00ed roho\u017eky na zak\u00e1zku z kokosov\u00e9ho vl\u00e1kna\" alt=\"Reklamn\u00ed roho\u017eky na zak\u00e1zku z kokosov\u00e9ho vl\u00e1kna\" src=\"http:\/\/predmetyreklamni.eu\/vyrobce\/wp-content\/uploads\/Reklamn\u00ed-roho\u017eky-na-zak\u00e1zku-z-kokosov\u00e9ho-vl\u00e1kna.jpg\" width=\"280\" height=\"189\" \/><\/a>tento prostor m\u011bl vypadat reprezentativn\u011b. Toho se d\u00e1 doc\u00edlit velice jednodu\u0161e pomoc\u00ed drobnost\u00ed, mezi kter\u00e9 pat\u0159\u00ed nap\u0159\u00edklad reklamn\u00ed roho\u017eky na zak\u00e1zku s logem \u010di n\u00e1zvem firmy. Reklamn\u00ed roho\u017eky na zak\u00e1zku pat\u0159\u00ed mezi jednu z nejz\u00e1kladn\u011bj\u0161\u00edch v\u011bc\u00ed, kterou by m\u011bla firma opat\u0159it pro vstup do sv\u00fdch prostor, a to nejen z estetick\u00e9ho d\u016fvodu ale i hygienick\u00e9ho. Lid\u00e9 chod\u00ed dovnit\u0159 a ven a na bot\u00e1ch se jim snadno p\u0159ichyt\u00ed prach, voda, oleje, chemik\u00e1lie, bakterie a mikroby. V\u0161echna tato \u0161p\u00edny se snadno dostane do budovy, zne\u010dist\u00ed podlahy a m\u016f\u017ee ohrozit zdrav\u00ed lid\u00ed uvnit\u0159. Proto je pom\u011brn\u011b d\u016fle\u017eit\u00e9 m\u00edt p\u0159ed vstupem do budovy reklamn\u00ed\u00a0roho\u017eky na zak\u00e1zku, s jejich\u017e pomoc\u00ed se mohou boty d\u016fkladn\u011b o\u010distit. \u00a0Reklamn\u00ed roho\u017eky\u00a0se mohou um\u00edstit tak\u00e9 uvnit\u0159 dom\u016f; \u010dasto roho\u017eky najdeme i p\u0159ed dve\u0159mi jednotliv\u00fdch byt\u016f nebo uvnit\u0159 byt\u016f, kde slou\u017e\u00ed jako skv\u011bl\u00fd dopln\u011bk designu.<\/p>\n<p style=\"text-align: justify;\"><div class=\"aio-button-right\"><div class=\"aio-pulse\"><a href=\"http:\/\/predmetyreklamni.eu\/vyrobce\/reklamni-rohoze-na-zakazku\/\" class=\"aio-blue\" title=\"ROHO\u017dE, ROHO\u017dKY NAB\u00cdDKA &gt;&gt;&gt;\">ROHO\u017dE, ROHO\u017dKY NAB\u00cdDKA &gt;&gt;&gt;<\/a><\/div><\/div><\/p>\n<h2>Reklamn\u00ed roho\u017eky na zak\u00e1zku v\u00fdb\u011br<\/h2>\n<p style=\"text-align: justify;\"><a href=\"http:\/\/predmetyreklamni.eu\/vyrobce\/wp-content\/uploads\/Reklamn\u00ed-roho\u017eky-na-zak\u00e1zku-ply\u0161ov\u00e9.jpg\"><img decoding=\"async\" loading=\"lazy\" class=\"alignleft size-medium wp-image-458\" title=\"Reklamn\u00ed roho\u017eky na zak\u00e1zku ply\u0161ov\u00e9\" alt=\"Reklamn\u00ed roho\u017eky na zak\u00e1zku ply\u0161ov\u00e9\" src=\"http:\/\/predmetyreklamni.eu\/vyrobce\/wp-content\/uploads\/Reklamn\u00ed-roho\u017eky-na-zak\u00e1zku-ply\u0161ov\u00e9-300x225.jpg\" width=\"300\" height=\"225\" srcset=\"https:\/\/predmetyreklamni.eu\/vyrobce\/wp-content\/uploads\/Reklamn\u00ed-roho\u017eky-na-zak\u00e1zku-ply\u0161ov\u00e9-300x225.jpg 300w, https:\/\/predmetyreklamni.eu\/vyrobce\/wp-content\/uploads\/Reklamn\u00ed-roho\u017eky-na-zak\u00e1zku-ply\u0161ov\u00e9-400x300.jpg 400w, https:\/\/predmetyreklamni.eu\/vyrobce\/wp-content\/uploads\/Reklamn\u00ed-roho\u017eky-na-zak\u00e1zku-ply\u0161ov\u00e9.jpg 480w\" sizes=\"(max-width: 300px) 100vw, 300px\" \/><\/a>Na\u0161e firma se zab\u00fdv\u00e1 v\u00fdrobou reklamn\u00ed roho\u017eky na zak\u00e1zku a nab\u00edz\u00edme V\u00e1m \u0161irok\u00fd v\u00fdb\u011br z typ\u016f, tvar\u016f a velikost\u00ed. Douf\u00e1me, \u017ee V\u00e1s inspirujeme k v\u00fdrob\u011b t\u00e9 Va\u0161\u00ed vlastn\u00ed reklamn\u00ed roho\u017eky na zak\u00e1zku, kter\u00e1 bude n\u00e9st logo Va\u0161\u00ed firmy a bude V\u00e1s reprezentovat. Nech\u00e1me pro V\u00e1s vyrobit reklamn\u00ed roho\u017eky na zak\u00e1zku dle Va\u0161eho n\u00e1vrhu. Nab\u00edz\u00edme V\u00e1m venkovn\u00ed reklamn\u00ed roho\u017eky, velk\u00e9 venkovn\u00ed roho\u017ee na zak\u00e1zku, roho\u017eky na zak\u00e1zku do byt\u016f, roho\u017eky na zak\u00e1zku na schodi\u0161t\u011b. Nab\u00edz\u00edme t\u00e9\u017e velk\u00fd v\u00fdb\u011br materi\u00e1lu, z kter\u00fdch mohou b\u00fdt reklamn\u00ed roho\u017eky na zak\u00e1zku vyrobeny &#8211; tkan\u00e9, gumov\u00e9, z kokosov\u00e9ho vl\u00e1kna, z PVC, vinylov\u00e9, polyesterov\u00e9, ply\u0161ov\u00e9, plastov\u00e9, polypropylenov\u00e9, guma..<\/p>\n<h2>Reklamn\u00ed roho\u017eky na zak\u00e1zku efektivn\u00ed reklama<\/h2>\n<p style=\"text-align: justify;\">Reklamn\u00ed roho\u017eky\u00a0na zak\u00e1zku se mohou velice snadno st\u00e1t sou\u010d\u00e1st\u00ed reklamn\u00ed kampan\u011b Va\u0161\u00ed firmy! Reklamn\u00ed roho\u017eky na zak\u00e1zku jsou\u00a0velice efektivn\u00ed\u00a0zp\u016fsob, jak p\u0159i reklamn\u00ed kampani oslovit mnoho lid\u00ed, ani\u017e by m\u011bli pocit, \u017ee je jim n\u011bco vnucov\u00e1no. Sta\u010d\u00ed um\u00edstit reklamn\u00ed roho\u017eky na zak\u00e1zku na m\u00edstech, kde proud\u00ed v\u011bt\u0161\u00ed skupiny lid\u00ed, jako jsou t\u0159eba n\u00e1kupn\u00ed centra, galerie a muzea, hrady a z\u00e1mky, podniky a hospody. Reklamn\u00ed roho\u017eky na zak\u00e1zku mohou b\u00fdt vyrobeny tak\u00e9 pro automobily. Zde v\u0161ude se\u00a0reklamn\u00ed roho\u017eky\u00a0budou hodit jako skv\u011bl\u00fd prost\u0159edek pro Va\u0161\u00ed propagaci.<\/p>\n<p style=\"text-align: justify;\"><a href=\"http:\/\/predmetyreklamni.eu\/vyrobce\/wp-content\/uploads\/reklamn\u00ed-roho\u017eky-na-zak\u00e1zku-tkan\u00e9.jpg\"><img decoding=\"async\" loading=\"lazy\" class=\"alignleft size-full wp-image-461\" title=\"Reklamn\u00ed roho\u017eky na zak\u00e1zku tkan\u00e9\" alt=\"Reklamn\u00ed roho\u017eky na zak\u00e1zku tkan\u00e9\" src=\"http:\/\/predmetyreklamni.eu\/vyrobce\/wp-content\/uploads\/reklamn\u00ed-roho\u017eky-na-zak\u00e1zku-tkan\u00e9.jpg\" width=\"200\" height=\"150\" \/><\/a><\/p>\n<p style=\"text-align: justify;\"><img decoding=\"async\" loading=\"lazy\" class=\"size-full wp-image-463 alignleft\" title=\"Rreklamn\u00ed roho\u017eky materi\u00e1ly na zak\u00e1zku\" alt=\"reklamn\u00ed roho\u017eky materi\u00e1ly na zak\u00e1zku\" src=\"http:\/\/predmetyreklamni.eu\/vyrobce\/wp-content\/uploads\/reklamn\u00ed-roho\u017eky-materi\u00e1ly-na-zak\u00e1zku.jpg\" width=\"200\" height=\"150\" \/><\/p>\n<p>&nbsp;<\/p>\n<p>&nbsp;<\/p>\n<p>&nbsp;<\/p>\n<p>&nbsp;<\/p>\n<p>&nbsp;<\/p>\n<p style=\"text-align: justify;\">Reklamn\u00ed roho\u017eky\u00a0na zak\u00e1zku jsou vlastn\u011b le\u017e\u00edc\u00ed billboard &#8211; d\u00edky roho\u017ek\u00e1m zv\u00fd\u0161\u00edte viditelnost svoj\u00ed reklamy na maximum a s jejich pomoc\u00ed se rychleji dostane Va\u0161e zna\u010dka do pov\u011bdom\u00ed lid\u00ed. <strong>Reklamn\u00ed roho\u017eky nav\u00edc mohou b\u00fdt na zak\u00e1zku poti\u0161t\u011bny jak\u00fdmkoliv logem, sloganem, obr\u00e1zkem nebo jin\u00fdm designem. Pro reklamn\u00ed\u00a0roho\u017eky na zak\u00e1zku\u00a0neexistuj\u00ed \u017e\u00e1dn\u00e1 omezen\u00ed.<\/strong> Z\u00e1le\u017e\u00ed jen na filozofii Va\u0161\u00ed reklamy, jakou velikost roho\u017eky, tvar, barvu \u010di jak\u00fd materi\u00e1l si pro n\u011b vyberete.<\/p>\n<h2>Reklamn\u00ed roho\u017eky s potiskem na zak\u00e1zku<\/h2>\n<p style=\"text-align: justify;\"><a href=\"http:\/\/predmetyreklamni.eu\/vyrobce\/wp-content\/uploads\/reklamn\u00ed-roho\u017eky-na-zak\u00e1zku-s-potiskem.jpg\"><img decoding=\"async\" loading=\"lazy\" class=\"alignleft size-full wp-image-473\" title=\"reklamn\u00ed roho\u017eky na zak\u00e1zku s potiskem\" alt=\"reklamn\u00ed roho\u017eky na zak\u00e1zku s potiskem\" src=\"http:\/\/predmetyreklamni.eu\/vyrobce\/wp-content\/uploads\/reklamn\u00ed-roho\u017eky-na-zak\u00e1zku-s-potiskem.jpg\" width=\"160\" height=\"101\" \/><\/a>Dne\u0161n\u00ed trh je vysoce konkuren\u010dn\u00ed a je proto d\u016fle\u017eit\u00e9 vyu\u017e\u00edt ka\u017ed\u00e9 mo\u017enosti jak zv\u00fd\u0161it pov\u011bdom\u00ed o Va\u0161\u00ed zna\u010dce a upozornit na svou firmu. Pokud si nech\u00e1te vyrobit reklamn\u00ed roho\u017eky na zak\u00e1zku s potiskem, m\u00e1te s jejich pomoc\u00ed skv\u011blou p\u0159\u00edle\u017eitost oslovit mnoho dal\u0161\u00edch lid\u00ed.\u00a0\u00a0Jednoduch\u00fdm um\u00edst\u011bn\u00edm loga na reklamn\u00ed roho\u017eky dos\u00e1hnete toho, \u017ee budete mnohem v\u00edc vid\u011bt ne\u017e Va\u0161i konkurenti. S pomoc\u00ed reklamn\u00ed roho\u017eky na zak\u00e1zku p\u0159it\u00e1hnete i z\u00e1kazn\u00edky, kter\u00e9 byste jinak nem\u011bli jak oslovit. Reklamn\u00ed roho\u017eky\u00a0na zak\u00e1zku jsou\u00a0velmi \u00fa\u010dinn\u00e1 formy reklamy, kter\u00e1 V\u00e1s nav\u00edc\u00a0moc nestoj\u00ed a je to dlouhodob\u00e1 investice do reklamy. Reklamn\u00ed roho\u017eky na zak\u00e1zku nest\u00e1rnou a maj\u00ed velmi \u0161irok\u00e9 vyu\u017eit\u00ed, tak\u017ee i kdy\u017e V\u00e1m jich na sklad\u011b p\u00e1r z\u016fstane, snad najdete zp\u016fsob jak je zu\u017eitkovat.<\/p>\n<p style=\"text-align: justify;\"><strong>Reklamn\u00ed roho\u017eky na zak\u00e1zku jsou dokonal\u00fd n\u00e1stroj pro Va\u0161i reklamu!<\/strong><\/p>\n<p>Chcete si nechat vyrobit vlastn\u00ed reklamn\u00ed roho\u017eky na zak\u00e1zku? Kontaktujte n\u00e1s pro cenovou nab\u00eddku na emailu:<a href=\"mailto:info@predmetyreklamni.eu\">\u00a0info@predmetyreklamni.eu<\/a><\/p>\n<p><strong>Do cenov\u00e9 popt\u00e1vky pros\u00edm uve\u010fte pot\u0159ebn\u00e9 informace pro cenovou nab\u00eddku jako<\/strong>: mno\u017estv\u00ed, materi\u00e1l, velikost reklamn\u00ed roho\u017eky, barevn\u00e9 proveden\u00ed nebo kombinaci barev, dobu dod\u00e1n\u00ed. V\u0161echny tyto informace n\u00e1m pomohou k rychlej\u0161\u00edmu zpracov\u00e1n\u00ed cenov\u00e9 nab\u00eddky pr\u00e1v\u011b pro V\u00e1s.<\/p>\n<p>T\u011b\u0161\u00edme se na spolupr\u00e1ci! Team Gifts Service<\/p>\n<p>_________________________________________________________________________<a href=\"http:\/\/stergatoare-picioare.ro\/\"><br \/>\n<\/a><\/p>\n<p>Available languages:<\/p>\n<p><a href=\"http:\/\/stergatoare-picioare.ro\/\"><img decoding=\"async\" loading=\"lazy\" title=\"Carpete pentru podele\" alt=\"Carpete pentru podele\" src=\"http:\/\/predmetyreklamni.eu\/vyrobce\/wp-content\/uploads\/ro.jpg\" width=\"15\" height=\"11\" \/><\/a>\u00a0<a title=\"Carpete pentru podele\" href=\"http:\/\/stergatoare-picioare.ro\/\" target=\"_blank\">Carpete pentru podele<\/a><\/p>\n<p><a href=\"http:\/\/www.custom-carpets.biz\/\"><img decoding=\"async\" loading=\"lazy\" title=\"Custom made doormats\" alt=\"Custom made doormats\" src=\"http:\/\/predmetyreklamni.eu\/vyrobce\/wp-content\/uploads\/en.jpg\" width=\"17\" height=\"8\" \/><\/a>\u00a0<a title=\"Custom made doormats\" href=\"http:\/\/www.custom-carpets.biz\/\" target=\"_blank\">Custom made doormats<\/a><\/p>\n<p><a href=\"http:\/\/egyedi-reklam.hu\/labtorlok\/\"><img decoding=\"async\" loading=\"lazy\" title=\"Rekl\u00e1m l\u00e1bt\u00f6rl\u0151k\" alt=\"Rekl\u00e1m l\u00e1bt\u00f6rl\u0151k\" src=\"http:\/\/predmetyreklamni.eu\/vyrobce\/wp-content\/uploads\/hu.jpg\" width=\"17\" height=\"11\" \/><\/a><a title=\"Rekl\u00e1m l\u00e1bt\u00f6rl\u0151k\" href=\"http:\/\/egyedi-reklam.hu\/labtorlok\/\" target=\"_blank\">\u00a0Rekl\u00e1m l\u00e1bt\u00f6rl\u0151k<\/a><\/p>\n","protected":false},"excerpt":{"rendered":"<p>REKLAMN\u00cd ROHO\u017dKY NA ZAK\u00c1ZKU Pro\u010d reklamn\u00ed roho\u017eky na zak\u00e1zku? Vstup do Va\u0161\u00ed firmy, agentury, spole\u010dnosti, obchodu, hotelu je Va\u0161\u00ed vizitkou a proto by tento prostor m\u011bl vypadat reprezentativn\u011b. Toho se d\u00e1 doc\u00edlit velice jednodu\u0161e pomoc\u00ed drobnost\u00ed, mezi kter\u00e9 pat\u0159\u00ed nap\u0159\u00edklad &hellip; <a href=\"https:\/\/predmetyreklamni.eu\/vyrobce\/reklamni-rohozky-na-zakazku\/\">Continue reading <span class=\"meta-nav\">&rarr;<\/span><\/a><\/p>\n","protected":false},"author":1,"featured_media":0,"parent":0,"menu_order":24,"comment_status":"open","ping_status":"open","template":"sidebar-page.php","meta":[],"_links":{"self":[{"href":"https:\/\/predmetyreklamni.eu\/vyrobce\/wp-json\/wp\/v2\/pages\/34"}],"collection":[{"href":"https:\/\/predmetyreklamni.eu\/vyrobce\/wp-json\/wp\/v2\/pages"}],"about":[{"href":"https:\/\/predmetyreklamni.eu\/vyrobce\/wp-json\/wp\/v2\/types\/page"}],"author":[{"embeddable":true,"href":"https:\/\/predmetyreklamni.eu\/vyrobce\/wp-json\/wp\/v2\/users\/1"}],"replies":[{"embeddable":true,"href":"https:\/\/predmetyreklamni.eu\/vyrobce\/wp-json\/wp\/v2\/comments?post=34"}],"version-history":[{"count":43,"href":"https:\/\/predmetyreklamni.eu\/vyrobce\/wp-json\/wp\/v2\/pages\/34\/revisions"}],"predecessor-version":[{"id":4186,"href":"https:\/\/predmetyreklamni.eu\/vyrobce\/wp-json\/wp\/v2\/pages\/34\/revisions\/4186"}],"wp:attachment":[{"href":"https:\/\/predmetyreklamni.eu\/vyrobce\/wp-json\/wp\/v2\/media?parent=34"}],"curies":[{"name":"wp","href":"https:\/\/api.w.org\/{rel}","templated":true}]}}