{"id":3814,"date":"2014-05-28T14:22:19","date_gmt":"2014-05-28T14:22:19","guid":{"rendered":"http:\/\/predmetyreklamni.eu\/vyrobce\/?page_id=3814"},"modified":"2014-10-07T14:33:49","modified_gmt":"2014-10-07T14:33:49","slug":"reklamni-podlozky-na-zakazku","status":"publish","type":"page","link":"https:\/\/predmetyreklamni.eu\/vyrobce\/reklamni-podlozky-na-zakazku\/","title":{"rendered":"Reklamn\u00ed podlo\u017eky na zak\u00e1zku"},"content":{"rendered":"<h1>REKLAMN\u00cd PODLO\u017dKY NA ZAK\u00c1ZKU<\/h1>\n<h2>Reklamn\u00ed podlo\u017eky na zak\u00e1zku kvalitn\u011b a levn\u011b<\/h2>\n<p style=\"text-align: justify;\">Podlo\u017eky pod my\u0161 nebo protiskluzov\u00e9 a nesmekov\u00e9 nanopodlo\u017eky pat\u0159\u00ed mezi velice obl\u00edben\u00e9 reklamn\u00ed d\u00e1rky pro z\u00e1kazn\u00edky, obchodn\u00ed partnery nebo sv\u00e9 zam\u011bstnance. Reklamn\u00ed podlo\u017eky \u010di nanopodlo\u017eky pro V\u00e1s na zak\u00e1zku vyrob\u00edme z r\u016fzn\u00fdch materi\u00e1lu, v\u0161emo\u017en\u00fdch tvar\u016f, barev a velikost\u00ed. Reklamn\u00ed podlo\u017eky lze samoz\u0159ejm\u011b na zak\u00e1zku opat\u0159it potiskem. Mezi velk\u00e9 plus reklamn\u00ed podlo\u017eky na zak\u00e1zku pat\u0159\u00ed pom\u011brn\u011b velk\u00fd prostor pro potisk a je tedy mo\u017en\u00e9 je potisknout jak\u00fdmkoliv designem dle Va\u0161eho zad\u00e1n\u00ed.<\/p>\n<h2>V\u00fdhody reklamn\u00ed podlo\u017eky na zak\u00e1zku<\/h2>\n<ul>\n<li>praktick\u00fd reklamn\u00ed d\u00e1rek pro z\u00e1kazn\u00edky, zam\u011bstnance i obchodn\u00ed partnery<\/li>\n<li>viditeln\u00e1 velk\u00e1 plocha pro potisk<\/li>\n<li>n\u00edzk\u00e1 hmotnost<\/li>\n<li>dlouh\u00e1 \u017eivotnost a odolnost<\/li>\n<\/ul>\n<h2>Reklamn\u00ed podlo\u017eky na zak\u00e1zku nab\u00eddka<\/h2>\n<p><em>Klikn\u011bte pro v\u00edce informac\u00ed<\/em><\/p>\n<div style=\"width: 235px\" class=\"wp-caption alignleft\"><a href=\"http:\/\/predmetyreklamni.eu\/vyrobce\/protiskluzove-nanopodlozky-na-zakazku\/\" target=\"_blank\"><img decoding=\"async\" loading=\"lazy\" class=\"hover     \" title=\"Reklamn\u00ed nanopodlo\u017eky na zak\u00e1zku\" alt=\"Reklamn\u00ed nanopodlo\u017eky na zak\u00e1zku\" src=\"http:\/\/predmetyreklamni.eu\/vyrobce\/wp-content\/uploads\/Reklamn\u00ed-protiskluzov\u00e9-podlo\u017eky-s-potiskem.jpg\" width=\"225\" height=\"225\" \/><\/a><p class=\"wp-caption-text\">NANOPODLO\u017dKY<\/p><\/div>\n<div style=\"width: 235px\" class=\"wp-caption alignleft\"><a href=\"http:\/\/predmetyreklamni.eu\/vyrobce\/promo-podlozky-pod-mys-s-potiskem\/\" target=\"_blank\"><img decoding=\"async\" loading=\"lazy\" class=\"hover     \" title=\"Reklamn\u00ed podlo\u017eky pod my\u0161 na zak\u00e1zku\" alt=\"Reklamn\u00ed podlo\u017eky pod my\u0161 na zak\u00e1zku\" src=\"http:\/\/predmetyreklamni.eu\/vyrobce\/wp-content\/uploads\/Reklamn\u00ed-podlo\u017eky-pod-my\u0161-na-zak\u00e1zku.jpg\" width=\"225\" height=\"225\" \/><\/a><p class=\"wp-caption-text\">PODLO\u017dKY POD MY\u0160<\/p><\/div>\n<h2>Reklamn\u00ed podlo\u017eky na zak\u00e1zku materi\u00e1ly a potisk<\/h2>\n<p style=\"text-align: justify;\">Pro v\u00fdrobu reklamn\u00ed podlo\u017eky pod my\u0161 na zak\u00e1zku se nej\u010dast\u011bji vyu\u017e\u00edv\u00e1 materi\u00e1l\u016f jako PVC\/PP, EVA materi\u00e1lu \u010di silikonu. Takt\u00e9\u017e p\u0159i v\u00fdrob\u011b reklamn\u00ed protiskluzov\u00e9 podlo\u017eky na zak\u00e1zku se vyu\u017e\u00edv\u00e1 stejn\u00fdch materi\u00e1l\u016f. Potisk reklamn\u00ed podlo\u017eky na zak\u00e1zku m\u016f\u017ee b\u00fdt jednou \u010di v\u00edce barvami, plnobarevn\u00fd potisk nebo mohou m\u00edt podlo\u017eky na zak\u00e1zku 3D lentikul\u00e1rn\u00ed efekt. Reklamn\u00ed podlo\u017eky m\u016f\u017eete na zak\u00e1zku potisknout nejen logem firmy, sloganem \u010di obr\u00e1zkem produktu, ale m\u016f\u017eete je opat\u0159it dal\u0161\u00edmi funkcemi jako je kalend\u00e1\u0159, r\u00e1me\u010dkem na fotografie, kalkula\u010dkou nebo relaxa\u010dn\u00ed podlo\u017ekou pod z\u00e1p\u011bst\u00ed.\u00a0Na zak\u00e1zku V\u00e1m vyrob\u00edme reklamn\u00ed podlo\u017eky, kter\u00e9 budou p\u0159esn\u011b odpov\u00eddat Va\u0161im firemn\u00edm pot\u0159eb\u00e1m. Z\u00edsk\u00e1te skv\u011bl\u00fd reklamn\u00ed p\u0159edm\u011bt, kter\u00fdm si zajist\u00edte trvaj\u00edc\u00ed p\u0159\u00edze\u0148 z\u00e1kazn\u00edk\u016f.<\/p>\n<p style=\"text-align: justify;\"><a href=\"http:\/\/predmetyreklamni.eu\/vyrobce\/wp-content\/uploads\/Textiln\u00ed-reklamn\u00ed-podlo\u017eky-na-zak\u00e1zku.jpg\"><img decoding=\"async\" loading=\"lazy\" class=\"alignleft size-thumbnail wp-image-4056\" title=\"Textiln\u00ed reklamn\u00ed podlo\u017eky na zak\u00e1zku\" alt=\"Textiln\u00ed reklamn\u00ed podlo\u017eky na zak\u00e1zku\" src=\"http:\/\/predmetyreklamni.eu\/vyrobce\/wp-content\/uploads\/Textiln\u00ed-reklamn\u00ed-podlo\u017eky-na-zak\u00e1zku-150x150.jpg\" width=\"150\" height=\"150\" \/><\/a><\/p>\n<p style=\"text-align: justify;\"><a href=\"http:\/\/predmetyreklamni.eu\/vyrobce\/wp-content\/uploads\/Relax-reklamn\u00ed-podlo\u017eky-na-zak\u00e1zku.jpg\"><img decoding=\"async\" loading=\"lazy\" class=\"alignleft size-thumbnail wp-image-4058\" title=\"Relax reklamn\u00ed podlo\u017eky na zak\u00e1zku\" alt=\"Relax reklamn\u00ed podlo\u017eky na zak\u00e1zku\" src=\"http:\/\/predmetyreklamni.eu\/vyrobce\/wp-content\/uploads\/Relax-reklamn\u00ed-podlo\u017eky-na-zak\u00e1zku-150x150.jpg\" width=\"150\" height=\"150\" \/><\/a><\/p>\n<p style=\"text-align: justify;\"><a href=\"http:\/\/predmetyreklamni.eu\/vyrobce\/wp-content\/uploads\/Reklamn\u00ed-podlo\u017eky-s-potiskem-na-zak\u00e1zku.jpg\"><img decoding=\"async\" loading=\"lazy\" class=\"alignleft size-thumbnail wp-image-4059\" title=\"Reklamn\u00ed podlo\u017eky s potiskem na zak\u00e1zku\" alt=\"Reklamn\u00ed podlo\u017eky s potiskem na zak\u00e1zku\" src=\"http:\/\/predmetyreklamni.eu\/vyrobce\/wp-content\/uploads\/Reklamn\u00ed-podlo\u017eky-s-potiskem-na-zak\u00e1zku-150x150.jpg\" width=\"150\" height=\"150\" \/><\/a><\/p>\n<p style=\"text-align: justify;\">\n<p style=\"text-align: justify;\">\n<p style=\"text-align: justify;\">\n<p style=\"text-align: justify;\">Zaujala V\u00e1s na\u0161e nab\u00eddka a chcete vyrobit pro svou firmu reklamn\u00ed podlo\u017eky na zak\u00e1zku? Nev\u00e1hejte n\u00e1s kontaktovat pro cenovou nab\u00eddku na emailu:\u00a0<a title=\"info@predmetyreklamni.eu\" href=\"mailto:info@predmetyreklamni.eu\">info@predmetyreklamni.eu<\/a><\/p>\n<p style=\"text-align: justify;\"><strong>Do cenov\u00e9 popt\u00e1vky pros\u00edm uve\u010fte pot\u0159ebn\u00e9 informace pro cenovou nab\u00eddku jako<\/strong>: mno\u017estv\u00ed, dobu dod\u00e1n\u00ed,\u00a0tvar, rozm\u011bry, barevnost potisku. V\u0161echny tyto informace n\u00e1m pomohou k rychlej\u0161\u00edmu zpracov\u00e1n\u00ed cenov\u00e9 nab\u00eddky pr\u00e1v\u011b pro V\u00e1s.<\/p>\n<p style=\"text-align: justify;\">T\u011b\u0161\u00edme se na spolupr\u00e1ci! Team Gifts Service<\/p>\n<p>______________________________________________________________________<\/p>\n<p>Available languages:<\/p>\n<p><a title=\"Mousepaduri personalizate\" href=\"http:\/\/www.suporturi-personalizate.ro\/\" target=\"_blank\">RO &#8211;\u00a0Mousepaduri personalizate<\/a>\u00a0 \u00a0<a title=\"Egyedi eg\u00e9r al\u00e1t\u00e9t\" href=\"http:\/\/egeralatetek-nanopadok.hu\/\" target=\"_blank\">HU &#8211;\u00a0Egyedi eg\u00e9r al\u00e1t\u00e9t<\/a><\/p>\n","protected":false},"excerpt":{"rendered":"<p>REKLAMN\u00cd PODLO\u017dKY NA ZAK\u00c1ZKU Reklamn\u00ed podlo\u017eky na zak\u00e1zku kvalitn\u011b a levn\u011b Podlo\u017eky pod my\u0161 nebo protiskluzov\u00e9 a nesmekov\u00e9 nanopodlo\u017eky pat\u0159\u00ed mezi velice obl\u00edben\u00e9 reklamn\u00ed d\u00e1rky pro z\u00e1kazn\u00edky, obchodn\u00ed partnery nebo sv\u00e9 zam\u011bstnance. Reklamn\u00ed podlo\u017eky \u010di nanopodlo\u017eky pro V\u00e1s na zak\u00e1zku &hellip; <a href=\"https:\/\/predmetyreklamni.eu\/vyrobce\/reklamni-podlozky-na-zakazku\/\">Continue reading <span class=\"meta-nav\">&rarr;<\/span><\/a><\/p>\n","protected":false},"author":1,"featured_media":0,"parent":0,"menu_order":28,"comment_status":"closed","ping_status":"open","template":"sidebar-page.php","meta":[],"_links":{"self":[{"href":"https:\/\/predmetyreklamni.eu\/vyrobce\/wp-json\/wp\/v2\/pages\/3814"}],"collection":[{"href":"https:\/\/predmetyreklamni.eu\/vyrobce\/wp-json\/wp\/v2\/pages"}],"about":[{"href":"https:\/\/predmetyreklamni.eu\/vyrobce\/wp-json\/wp\/v2\/types\/page"}],"author":[{"embeddable":true,"href":"https:\/\/predmetyreklamni.eu\/vyrobce\/wp-json\/wp\/v2\/users\/1"}],"replies":[{"embeddable":true,"href":"https:\/\/predmetyreklamni.eu\/vyrobce\/wp-json\/wp\/v2\/comments?post=3814"}],"version-history":[{"count":26,"href":"https:\/\/predmetyreklamni.eu\/vyrobce\/wp-json\/wp\/v2\/pages\/3814\/revisions"}],"predecessor-version":[{"id":4029,"href":"https:\/\/predmetyreklamni.eu\/vyrobce\/wp-json\/wp\/v2\/pages\/3814\/revisions\/4029"}],"wp:attachment":[{"href":"https:\/\/predmetyreklamni.eu\/vyrobce\/wp-json\/wp\/v2\/media?parent=3814"}],"curies":[{"name":"wp","href":"https:\/\/api.w.org\/{rel}","templated":true}]}}