{"id":3840,"date":"2014-07-11T13:54:11","date_gmt":"2014-07-11T13:54:11","guid":{"rendered":"http:\/\/predmetyreklamni.eu\/vyrobce\/?page_id=3840"},"modified":"2014-10-09T10:04:10","modified_gmt":"2014-10-09T10:04:10","slug":"zakazkova-vyroba-nanopodlozky","status":"publish","type":"page","link":"https:\/\/predmetyreklamni.eu\/vyrobce\/zakazkova-vyroba-nanopodlozky\/","title":{"rendered":"Reklamn\u00ed nanopodlo\u017eky a podlo\u017eky v\u00fdrobce"},"content":{"rendered":"<h1 style=\"text-align: justify;\">REKLAMN\u00cd NANOPODLO\u017dKY A PODLO\u017dKY V\u00ddROBCE<\/h1>\n<h2 style=\"text-align: justify;\">Reklamn\u00ed nanopodlo\u017eky a podlo\u017eky p\u0159\u00edmo od v\u00fdrobce<\/h2>\n<p style=\"text-align: justify;\">Jako profesion\u00e1ln\u00ed z\u00e1stupce v\u00fdrobce reklamn\u00ed nanopodlo\u017eky a podlo\u017eky pod my\u0161\u00a0V\u00e1m nab\u00edz\u00edme mnohalet\u00e9 zku\u0161enosti s produkc\u00ed tohoto p\u0159edm\u011btu. Vyu\u017eijte proto na\u0161ich l\u00e9ty prov\u011b\u0159en\u00fdch zku\u0161enosti.\u00a0P\u0159i v\u00fdrob\u011b reklamn\u00ed nanopodlo\u017eky \u010di podlo\u017eky pod my\u0161\u00a0se sna\u017e\u00edme maxim\u00e1ln\u00ed spolupracovat se z\u00e1kazn\u00edkem, abychom zajistili, \u017ee koncov\u00fd produkt bude p\u0159esn\u011b dle zad\u00e1n\u00ed klienta. V na\u0161\u00ed nab\u00eddce naleznete reklamn\u00ed podlo\u017eky pod my\u0161 a nanopodlo\u017eky mnoha tvar\u016f, velikost\u00ed a materi\u00e1l\u016f. Reklamn\u00ed podlo\u017eky od prov\u011b\u0159en\u00e9ho v\u00fdrobce maj\u00ed vysokou \u017eivotnost a budou propagovat Va\u0161\u00ed firmu dlouh\u00e1 l\u00e9ta. Gifts Service poskytujte reklamn\u00ed nanopodlo\u017eky a podlo\u017eky pod my\u0161 p\u0159\u00edmo od v\u00fdrobce ve vysok\u00e9 kvalit\u011b a za v\u00fdhodnou cenu. Kontaktujte n\u00e1s pro cenovou nab\u00eddku. Nab\u00edz\u00edme mno\u017estevn\u00ed slevy!<\/p>\n<h2 style=\"text-align: justify;\">Kvalitn\u00ed reklamn\u00ed nanopodlo\u017eky a podlo\u017eky p\u0159\u00edmo od v\u00fdrobce<\/h2>\n<p style=\"text-align: justify;\">Sv\u00fdm z\u00e1kazn\u00edk\u016fm chceme zajistit ty nejkvalitn\u011bj\u0161\u00ed reklamn\u00ed nanopodlo\u017eky a podlo\u017eky pod my\u0161. V\u00fdrobce, s kter\u00fdm spolupracujeme, disponuje certifik\u00e1tem kvality (GB\/T 19001-2000 idt ISO 9001:2000). Tento certifik\u00e1t d\u00e1v\u00e1 jistotu, \u017ee nab\u00edz\u00edme prvot\u0159\u00eddn\u00ed reklamn\u00ed nanopodlo\u017eky a podlo\u017eky od kvalitn\u00edho v\u00fdrobce a nav\u00edc od n\u00e1s za rozumn\u00e9 ceny s kr\u00e1tkou dodac\u00ed lh\u016ftou.<\/p>\n<p style=\"text-align: justify;\"><a href=\"http:\/\/predmetyreklamni.eu\/vyrobce\/wp-content\/uploads\/v\u00fdroba-reklamn\u00ed-nanopodlo\u017eky.jpg\"><img decoding=\"async\" loading=\"lazy\" class=\"wp-image-4114 alignleft\" title=\"v\u00fdroba reklamn\u00ed nanopodlo\u017eky\" alt=\"v\u00fdroba reklamn\u00ed nanopodlo\u017eky\" src=\"http:\/\/predmetyreklamni.eu\/vyrobce\/wp-content\/uploads\/v\u00fdroba-reklamn\u00ed-nanopodlo\u017eky-300x225.jpg\" width=\"159\" height=\"121\" \/><\/a><a href=\"http:\/\/predmetyreklamni.eu\/vyrobce\/wp-content\/uploads\/reklamn\u00ed-nanopodlo\u017eky-dodavatel.jpg\"><img decoding=\"async\" loading=\"lazy\" class=\"wp-image-4115 alignleft\" title=\"reklamn\u00ed nanopodlo\u017eky dodavatel\" alt=\"reklamn\u00ed nanopodlo\u017eky dodavatel\" src=\"http:\/\/predmetyreklamni.eu\/vyrobce\/wp-content\/uploads\/reklamn\u00ed-nanopodlo\u017eky-dodavatel.jpg\" width=\"162\" height=\"121\" \/><\/a><\/p>\n<p style=\"text-align: justify;\"><a href=\"http:\/\/predmetyreklamni.eu\/vyrobce\/wp-content\/uploads\/reklamn\u00ed-podlo\u017eky-velkoobchod.jpg\"><img decoding=\"async\" loading=\"lazy\" class=\"alignnone\" title=\"reklamn\u00ed podlo\u017eky velkoobchod\" alt=\"reklamn\u00ed podlo\u017eky velkoobchod\" src=\"http:\/\/predmetyreklamni.eu\/vyrobce\/wp-content\/uploads\/reklamn\u00ed-podlo\u017eky-velkoobchod-300x225.jpg\" width=\"158\" height=\"118\" \/><\/a><\/p>\n<h2 style=\"text-align: justify;\">Reklamn\u00ed nanopodlo\u017eky a podlo\u017eky \u2013 grafika pro v\u00fdrobce<\/h2>\n<p style=\"text-align: justify;\">Pro rychl\u00e9 a tak\u00e9 snadn\u00e9 zpracov\u00e1n\u00ed reklamn\u00ed nanopodlo\u017eky a podlo\u017eky pod my\u0161 u v\u00fdrobce je nutn\u00e9 dodat grafick\u00e9 podklady, kter\u00e9 jsou nutn\u00e9 pro v\u00fdrobu. Co mus\u00ed obsahovat grafick\u00e9 podklady:<\/p>\n<ul style=\"text-align: justify;\">\n<li>rozm\u011bry podlo\u017eky<\/li>\n<li>jasn\u011b definovan\u00fd o\u0159ez podlo\u017eky<\/li>\n<li>ide\u00e1ln\u00ed form\u00e1t PDF v k\u0159ivk\u00e1ch<\/li>\n<li>ve\u0161ker\u00e9 barvy vydefinovan\u00e9 dle Pantone\u00ae<\/li>\n<li>p\u00edsmo v k\u0159ivk\u00e1ch a p\u0159\u00edpadn\u011b n\u00e1zev Fontu<\/li>\n<li>loga a grafika v k\u0159ivk\u00e1ch<\/li>\n<\/ul>\n<div style=\"text-align: justify;\">\n<p>Zaujala V\u00e1s na\u0161e nab\u00eddka a chcete propagovat svou firmu a zna\u010dku a nechat si vyrobit reklamn\u00ed nanopodlo\u017eky a podlo\u017eky pod my\u0161 p\u0159\u00edmo od v\u00fdrobce?\u00a0Nev\u00e1hejte n\u00e1s kontaktovat pro cenovou nab\u00eddku na emailu:\u00a0<a title=\"info@predmetyreklamni.eu\" href=\"mailto:info@predmetyreklamni.eu\">info@predmetyreklamni.eu<\/a><\/p>\n<p><strong>Do cenov\u00e9 popt\u00e1vky pros\u00edm uve\u010fte pot\u0159ebn\u00e9 informace pro cenovou nab\u00eddku jako<\/strong>: mno\u017estv\u00ed, velikost, barevn\u00e9 proveden\u00ed nebo kombinaci barev, dobu dod\u00e1n\u00ed. V\u0161echny tyto informace n\u00e1m pomohou k rychlej\u0161\u00edmu zpracov\u00e1n\u00ed cenov\u00e9 nab\u00eddky pr\u00e1v\u011b pro V\u00e1s.<\/p>\n<p>T\u011b\u0161\u00edme se na spolupr\u00e1ci! Team Gifts Service<\/p>\n<\/div>\n","protected":false},"excerpt":{"rendered":"<p>REKLAMN\u00cd NANOPODLO\u017dKY A PODLO\u017dKY V\u00ddROBCE Reklamn\u00ed nanopodlo\u017eky a podlo\u017eky p\u0159\u00edmo od v\u00fdrobce Jako profesion\u00e1ln\u00ed z\u00e1stupce v\u00fdrobce reklamn\u00ed nanopodlo\u017eky a podlo\u017eky pod my\u0161\u00a0V\u00e1m nab\u00edz\u00edme mnohalet\u00e9 zku\u0161enosti s produkc\u00ed tohoto p\u0159edm\u011btu. Vyu\u017eijte proto na\u0161ich l\u00e9ty prov\u011b\u0159en\u00fdch zku\u0161enosti.\u00a0P\u0159i v\u00fdrob\u011b reklamn\u00ed nanopodlo\u017eky \u010di podlo\u017eky &hellip; <a href=\"https:\/\/predmetyreklamni.eu\/vyrobce\/zakazkova-vyroba-nanopodlozky\/\">Continue reading <span class=\"meta-nav\">&rarr;<\/span><\/a><\/p>\n","protected":false},"author":1,"featured_media":0,"parent":0,"menu_order":28,"comment_status":"closed","ping_status":"open","template":"sidebar-page.php","meta":[],"_links":{"self":[{"href":"https:\/\/predmetyreklamni.eu\/vyrobce\/wp-json\/wp\/v2\/pages\/3840"}],"collection":[{"href":"https:\/\/predmetyreklamni.eu\/vyrobce\/wp-json\/wp\/v2\/pages"}],"about":[{"href":"https:\/\/predmetyreklamni.eu\/vyrobce\/wp-json\/wp\/v2\/types\/page"}],"author":[{"embeddable":true,"href":"https:\/\/predmetyreklamni.eu\/vyrobce\/wp-json\/wp\/v2\/users\/1"}],"replies":[{"embeddable":true,"href":"https:\/\/predmetyreklamni.eu\/vyrobce\/wp-json\/wp\/v2\/comments?post=3840"}],"version-history":[{"count":16,"href":"https:\/\/predmetyreklamni.eu\/vyrobce\/wp-json\/wp\/v2\/pages\/3840\/revisions"}],"predecessor-version":[{"id":4126,"href":"https:\/\/predmetyreklamni.eu\/vyrobce\/wp-json\/wp\/v2\/pages\/3840\/revisions\/4126"}],"wp:attachment":[{"href":"https:\/\/predmetyreklamni.eu\/vyrobce\/wp-json\/wp\/v2\/media?parent=3840"}],"curies":[{"name":"wp","href":"https:\/\/api.w.org\/{rel}","templated":true}]}}