{"id":3851,"date":"2014-07-11T14:59:11","date_gmt":"2014-07-11T14:59:11","guid":{"rendered":"http:\/\/predmetyreklamni.eu\/vyrobce\/?page_id=3851"},"modified":"2014-10-07T19:14:37","modified_gmt":"2014-10-07T19:14:37","slug":"podlozky-pod-mys-zakazkova-vyroba","status":"publish","type":"page","link":"https:\/\/predmetyreklamni.eu\/vyrobce\/podlozky-pod-mys-zakazkova-vyroba\/","title":{"rendered":"Podlo\u017eky pod my\u0161 zak\u00e1zkov\u00e1 v\u00fdroba"},"content":{"rendered":"<h1 style=\"text-align: justify;\">ZAK\u00c1ZKOV\u00c1 V\u00ddROBA PODLO\u017dKY POD MY\u0160<\/h1>\n<h2 style=\"text-align: justify;\">Zak\u00e1zkov\u00e1 v\u00fdroba podlo\u017eky pod my\u0161 kvalitn\u011b a levn\u011b<\/h2>\n<p style=\"text-align: justify;\">Zak\u00e1zkov\u00e1 v\u00fdroba podlo\u017eky pod my\u0161 poskytujte \u0161irokou nab\u00eddku typ\u016f podlo\u017eek z r\u016fzn\u00fdch materi\u00e1l\u016f, r\u016fzn\u00fdch barev, tvar\u016f a velikost\u00ed. Na t\u011bchto str\u00e1nk\u00e1ch si m\u016f\u017eete prohl\u00eddnout jak\u00e9 nab\u00edz\u00edme typy reklamn\u00ed podlo\u017eky &#8211; portfolio zahrnuje PVC\/PP reklamn\u00ed podlo\u017eku, EVA reklamn\u00ed podlo\u017eku, l\u00e1tkovou reklamn\u00ed podlo\u017eku, reklamn\u00ed podlo\u017eku z gumy nebo gelu. Na zak\u00e1zku vyrob\u00edme jakoukoliv variantu; a\u0165 u\u017e m\u00e1 va\u0161e rekamn\u00ed podlo\u017eka b\u00fdt z jak\u00e9hokoliv materi\u00e1lu, m\u00edt netradi\u010dn\u00ed tvar, velikost nebo potisk, nab\u00eddneme V\u00e1m v\u00fdhodnou cenu a servis, kter\u00fd jinde nenajdete.<\/p>\n<h2 style=\"text-align: justify;\">Zak\u00e1zkov\u00e1 v\u00fdroba podlo\u017eky pod my\u0161 MOQ<\/h2>\n<p style=\"text-align: justify;\">Minim\u00e1ln\u00ed objedn\u00e1vka pro podlo\u017eky pod my\u0161 standardn\u00edch barev a velikost\u00ed se m\u016f\u017ee pohybovat ji\u017e kolem 100ks\/design. Tyto podlo\u017eky V\u00e1m m\u016f\u017eeme nab\u00eddnout z na\u0161ich skladov\u00fdch z\u00e1sob. Va\u0161e logo \u010di slogan pot\u00e9 m\u016f\u017ee zak\u00e1zkov\u00e1 v\u00fdroba opat\u0159it potiskem dle Va\u0161eho zad\u00e1n\u00ed dodate\u010dn\u011b. Pokud V\u00e1s zaj\u00edm\u00e1 zak\u00e1zkov\u00e1 v\u00fdroba reklamn\u00ed podlo\u017eky specifick\u00e9ho tvaru, velikosti, barvy \u010di materi\u00e1lu, kontaktujte n\u00e1s pro cenovou nab\u00eddku.<\/p>\n<h2 style=\"text-align: justify;\">Zak\u00e1zkov\u00e1 v\u00fdroba podlo\u017eky pod my\u0161 nab\u00eddka<\/h2>\n<p style=\"text-align: justify;\">N\u00ed\u017ee si m\u016f\u017eete prohl\u00e9dnout referen\u010dn\u00ed produkty, kter\u00e9 jsou p\u0159\u00edkladem zak\u00e1zkov\u00e9 v\u00fdroby podlo\u017eky pod my\u0161, kterou pro V\u00e1s m\u016f\u017eeme zajistit.<\/p>\n<div style=\"text-align: justify;\"><\/div>\n<div style=\"text-align: justify;\">\n<div>\n<h2>Zak\u00e1zkov\u00e1 v\u00fdroba podlo\u017eky pod my\u0161 z gumy<\/h2>\n<p><a href=\"http:\/\/predmetyreklamni.eu\/vyrobce\/wp-content\/uploads\/Gumov\u00e1-podlo\u017eka-pod-my\u0161-s-logem.jpg\"><img decoding=\"async\" loading=\"lazy\" class=\"alignleft size-full wp-image-4066\" title=\"Gumov\u00e1 podlo\u017eka pod my\u0161 s logem\" alt=\"Gumov\u00e1 podlo\u017eka pod my\u0161 s logem\" src=\"http:\/\/predmetyreklamni.eu\/vyrobce\/wp-content\/uploads\/Gumov\u00e1-podlo\u017eka-pod-my\u0161-s-logem.jpg\" width=\"200\" height=\"200\" srcset=\"https:\/\/predmetyreklamni.eu\/vyrobce\/wp-content\/uploads\/Gumov\u00e1-podlo\u017eka-pod-my\u0161-s-logem.jpg 200w, https:\/\/predmetyreklamni.eu\/vyrobce\/wp-content\/uploads\/Gumov\u00e1-podlo\u017eka-pod-my\u0161-s-logem-150x150.jpg 150w\" sizes=\"(max-width: 200px) 100vw, 200px\" \/><\/a>Zak\u00e1zkov\u00e1 v\u00fdroba m\u016f\u017ee zajistit reklamn\u00ed podlo\u017eky nap\u0159\u00edklad z gumy a opat\u0159it je logem, sloganem, obr\u00e1zkem \u010di jin\u00fdm designem. Podlo\u017eky pod my\u0161 z gumy jsou nesmrteln\u00e9 promo Va\u0161\u00ed firmy.<br \/>\n<strong>Materi\u00e1l<\/strong>: guma<br \/>\n<strong>Rozm\u011bry<\/strong>: \u00d8210x3mm nebo na zak\u00e1zku<br \/>\n<strong>Potisk<\/strong>:\u00a0jednobarevn\u00fd, v\u00edcebarevn\u00fd, plnobarevn\u00fd<br \/>\n<strong>Min. objedn\u00e1vka<\/strong>:\u00a0 100 ks<br \/>\n<strong>Cena<\/strong>:\u00a0<a title=\"ZASLAT POPT\u00c1VKU\" href=\"mailto:info@predmetyreklamni.eu\">ZASLAT POPT\u00c1VKU\u00a0<\/a><\/p>\n<\/div>\n<div><\/div>\n<div>\n<h2>Zak\u00e1zkov\u00e1 v\u00fdroba reklamn\u00ed podlo\u017eky z PVC\/PP<\/h2>\n<p><a href=\"http:\/\/predmetyreklamni.eu\/vyrobce\/wp-content\/uploads\/Reklamn\u00ed-podlo\u017eky-pod-my\u0161-z-PVC.jpg\"><img decoding=\"async\" loading=\"lazy\" class=\"alignleft size-full wp-image-4069\" title=\"Reklamn\u00ed podlo\u017eky pod my\u0161 z PVC\" alt=\"Reklamn\u00ed podlo\u017eky pod my\u0161 z PVC\" src=\"http:\/\/predmetyreklamni.eu\/vyrobce\/wp-content\/uploads\/Reklamn\u00ed-podlo\u017eky-pod-my\u0161-z-PVC.jpg\" width=\"200\" height=\"200\" srcset=\"https:\/\/predmetyreklamni.eu\/vyrobce\/wp-content\/uploads\/Reklamn\u00ed-podlo\u017eky-pod-my\u0161-z-PVC.jpg 200w, https:\/\/predmetyreklamni.eu\/vyrobce\/wp-content\/uploads\/Reklamn\u00ed-podlo\u017eky-pod-my\u0161-z-PVC-150x150.jpg 150w\" sizes=\"(max-width: 200px) 100vw, 200px\" \/><\/a>Zak\u00e1zkov\u00e1 v\u00fdroba reklamn\u00ed podlo\u017eky z PVC zajist\u00ed, \u017ee vydr\u017e\u00ed Va\u0161ich z\u00e1kazn\u00edk\u016fm dlouh\u00e1 l\u00e9ta. Reklamn\u00ed podlo\u017eky z PVC potiskneme logem nebo jin\u00fdm designem.<br \/>\n<strong>Materi\u00e1l<\/strong>: PVC\/PP<br \/>\n<strong>Rozm\u011bry<\/strong>: 210x210x3mm, nebo na zak\u00e1zku<br \/>\n<strong>Potisk<\/strong>:\u00a0jednobarevn\u00fd, v\u00edcebarevn\u00fd<br \/>\n<strong>Min. objedn\u00e1vka<\/strong>: 300 ks<br \/>\n<strong>Cena<\/strong>:\u00a0<a title=\"ZASLAT POPT\u00c1VKU\" href=\"mailto:info@predmetyreklamni.eu\">ZASLAT POPT\u00c1VKU\u00a0<\/a><\/p>\n<p>&nbsp;<\/p>\n<\/div>\n<div>\n<h2>Zak\u00e1zkov\u00e1 v\u00fdroba reklamn\u00ed podlo\u017eky z materi\u00e1lu EVA<\/h2>\n<p><a href=\"http:\/\/predmetyreklamni.eu\/vyrobce\/wp-content\/uploads\/Reklamn\u00ed-podlo\u017eky-z-EVA-p\u011bny.jpg\"><img decoding=\"async\" loading=\"lazy\" class=\"alignleft size-full wp-image-4072\" alt=\"Reklamn\u00ed podlo\u017eky z EVA p\u011bny\" src=\"http:\/\/predmetyreklamni.eu\/vyrobce\/wp-content\/uploads\/Reklamn\u00ed-podlo\u017eky-z-EVA-p\u011bny.jpg\" width=\"200\" height=\"200\" srcset=\"https:\/\/predmetyreklamni.eu\/vyrobce\/wp-content\/uploads\/Reklamn\u00ed-podlo\u017eky-z-EVA-p\u011bny.jpg 200w, https:\/\/predmetyreklamni.eu\/vyrobce\/wp-content\/uploads\/Reklamn\u00ed-podlo\u017eky-z-EVA-p\u011bny-150x150.jpg 150w\" sizes=\"(max-width: 200px) 100vw, 200px\" \/><\/a>Zak\u00e1zkov\u00e1 v\u00fdroba reklamn\u00ed podlo\u017eky z EVA p\u011bny nab\u00edz\u00ed u\u017eivatelsky p\u0159\u00edjemn\u00fd materi\u00e1l, je flexibiln\u00ed polymerov\u00fd plast, kter\u00fd m\u00e1 vysokou \u017eivotnost a zaru\u010duje tedy zna\u010dnou odolnost.<br \/>\n<strong>Materi\u00e1l<\/strong>: EVA<br \/>\n<strong>Rozm\u011bry<\/strong>: 180x210x3mm nebo na zak\u00e1zku<br \/>\n<strong>Potisk<\/strong>: ofsetov\u00fd tisk<br \/>\n<strong>Min. objedn\u00e1vka<\/strong>:\u00a0 500 ks<br \/>\n<strong>Cena<\/strong>:\u00a0<a title=\"ZASLAT POPT\u00c1VKU\" href=\"mailto:info@predmetyreklamni.eu\">ZASLAT POPT\u00c1VKU\u00a0<\/a><\/p>\n<\/div>\n<div>\n<h2>Zak\u00e1zkov\u00e1 v\u00fdroba l\u00e1tkov\u00e9 reklamn\u00ed podlo\u017eky<\/h2>\n<p><a href=\"http:\/\/predmetyreklamni.eu\/vyrobce\/wp-content\/uploads\/L\u00e1tkov\u00e9-reklamn\u00ed-podlo\u017eky-s-potiskem.jpg\"><img decoding=\"async\" loading=\"lazy\" class=\"alignleft  wp-image-4074\" title=\"L\u00e1tkov\u00e9 reklamn\u00ed podlo\u017eky s potiskem\" alt=\"L\u00e1tkov\u00e9 reklamn\u00ed podlo\u017eky s potiskem\" src=\"http:\/\/predmetyreklamni.eu\/vyrobce\/wp-content\/uploads\/L\u00e1tkov\u00e9-reklamn\u00ed-podlo\u017eky-s-potiskem.jpg\" width=\"200\" height=\"200\" \/><\/a>Zak\u00e1zkov\u00e1 v\u00fdroba l\u00e1tkov\u00e9 reklamn\u00ed podlo\u017eky zaru\u010duje skv\u011bl\u00fd plnobarevn\u00fd potisk. Podklad l\u00e1tkov\u00e9 reklamn\u00ed podlo\u017eky je vyroben z gumy, PVC \u010di EVA materi\u00e1lu.<br \/>\n<strong>Materi\u00e1l<\/strong>: l\u00e1tka, podklad: guma, PVC, EVA<br \/>\n<strong>Rozm\u011bry<\/strong>: 210x210x3mm nebo na zak\u00e1zku<br \/>\n<strong>Logo<\/strong>: sublima\u010dn\u00ed tisk<br \/>\n<strong>Min. objedn\u00e1vka<\/strong>:\u00a0 1000 ks<br \/>\n<strong>Cena<\/strong>:\u00a0<a title=\"ZASLAT POPT\u00c1VKU\" href=\"mailto:info@predmetyreklamni.eu\">ZASLAT POPT\u00c1VKU\u00a0<\/a><\/p>\n<p>&nbsp;<\/p>\n<\/div>\n<div>\n<h2>Zak\u00e1zkov\u00e1 v\u00fdroba reklamn\u00ed podlo\u017eky ze silikonu<\/h2>\n<p><a href=\"http:\/\/predmetyreklamni.eu\/vyrobce\/wp-content\/uploads\/Silikonov\u00e1-reklamn\u00ed-podlo\u017eka-s-potiskem.jpg\"><img decoding=\"async\" loading=\"lazy\" class=\"alignleft size-full wp-image-4077\" title=\"Silikonov\u00e1 reklamn\u00ed podlo\u017eka s potiskem\" alt=\"Silikonov\u00e1 reklamn\u00ed podlo\u017eka s potiskem\" src=\"http:\/\/predmetyreklamni.eu\/vyrobce\/wp-content\/uploads\/Silikonov\u00e1-reklamn\u00ed-podlo\u017eka-s-potiskem.jpg\" width=\"200\" height=\"200\" srcset=\"https:\/\/predmetyreklamni.eu\/vyrobce\/wp-content\/uploads\/Silikonov\u00e1-reklamn\u00ed-podlo\u017eka-s-potiskem.jpg 200w, https:\/\/predmetyreklamni.eu\/vyrobce\/wp-content\/uploads\/Silikonov\u00e1-reklamn\u00ed-podlo\u017eka-s-potiskem-150x150.jpg 150w\" sizes=\"(max-width: 200px) 100vw, 200px\" \/><\/a>Zak\u00e1zkov\u00e1 v\u00fdroba m\u016f\u017ee reklamn\u00ed podlo\u017eky vyrobit tak\u00e9 ze silikonov\u00e9ho gelu. Tyto reklamn\u00ed podlo\u017eky se nej\u010dast\u011bji vyr\u00e1b\u00ed s podlo\u017ekou pod z\u00e1p\u011bst\u00ed, kter\u00e1 d\u00e1 odpo\u010dinou unaven\u00e9mu z\u00e1p\u011bst\u00ed.<br \/>\n<strong>Materi\u00e1l<\/strong>: silikonov\u00fd gel<br \/>\n<strong>Rozm\u011bry<\/strong>: 190x220x5mm nebo na zak\u00e1zku<br \/>\n<strong>Potisk<\/strong>:\u00a0jednobarevn\u00fd, v\u00edcebarevn\u00fd<br \/>\n<strong>Min. objedn\u00e1vka<\/strong>:\u00a0 100 ks<br \/>\n<strong>Cena<\/strong>:\u00a0<a title=\"ZASLAT POPT\u00c1VKU\" href=\"mailto:info@predmetyreklamni.eu\">ZASLAT POPT\u00c1VKU\u00a0<\/a><\/p>\n<p>&nbsp;<\/p>\n<h2>Zak\u00e1zkov\u00e1 v\u00fdroba 3D lentikul\u00e1rn\u00ed podlo\u017eky na my\u0161<\/h2>\n<p><strong><a href=\"http:\/\/predmetyreklamni.eu\/vyrobce\/wp-content\/uploads\/Reklamn\u00ed-3D-lentikul\u00e1rn\u00ed-podlo\u017eky-pod-my\u0161.jpg\"><img decoding=\"async\" loading=\"lazy\" class=\"alignleft  wp-image-4080\" title=\"Reklamn\u00ed 3D lentikul\u00e1rn\u00ed podlo\u017eky pod my\u0161\" alt=\"Reklamn\u00ed 3D lentikul\u00e1rn\u00ed podlo\u017eky pod my\u0161\" src=\"http:\/\/predmetyreklamni.eu\/vyrobce\/wp-content\/uploads\/Reklamn\u00ed-3D-lentikul\u00e1rn\u00ed-podlo\u017eky-pod-my\u0161.jpg\" width=\"200\" height=\"200\" srcset=\"https:\/\/predmetyreklamni.eu\/vyrobce\/wp-content\/uploads\/Reklamn\u00ed-3D-lentikul\u00e1rn\u00ed-podlo\u017eky-pod-my\u0161.jpg 204w, https:\/\/predmetyreklamni.eu\/vyrobce\/wp-content\/uploads\/Reklamn\u00ed-3D-lentikul\u00e1rn\u00ed-podlo\u017eky-pod-my\u0161-150x150.jpg 150w\" sizes=\"(max-width: 200px) 100vw, 200px\" \/><\/a><\/strong>Zak\u00e1zkov\u00e1 v\u00fdroba reklamn\u00ed podlo\u017eky s \u00a03D lentikul\u00e1rn\u00edm efektem zaru\u010d\u00ed origin\u00e1ln\u00ed propagaci Va\u0161\u00ed firmy. Reklamn\u00ed podlo\u017eky s lentikul\u00e1rn\u00edm efektem jako kreativn\u00ed d\u00e1rek pro z\u00e1kazn\u00edky.<br \/>\n<strong>Materi\u00e1l<\/strong>: 3D f\u00f3lie, pap\u00edr pro tisk, podklad PVC\/PP, EVA, guma<br \/>\n<strong>Rozm\u011bry<\/strong>: 210x220x3mm nebo na zak\u00e1zku<br \/>\n<strong>Potisk<\/strong>:\u00a0jednobarevn\u00fd, v\u00edcebarevn\u00fd, plnobarevn\u00fd<br \/>\n<strong>Min. objedn\u00e1vka<\/strong>: \u00a0500 ks<br \/>\n<strong>Cena<\/strong>:\u00a0<a title=\"ZASLAT POPT\u00c1VKU\" href=\"mailto:info@predmetyreklamni.eu\">ZASLAT POPT\u00c1VKU\u00a0<\/a><\/p>\n<p>Zaujala V\u00e1s zak\u00e1zkov\u00e1 v\u00fdroba reklamn\u00ed podlo\u017eky a chcete propagovat svou firmu pomoc\u00ed tohoto produktu? Nev\u00e1hejte n\u00e1s kontaktovat pro cenovou nab\u00eddku na emailu:\u00a0<a title=\"info@predmetyreklamni.eu\" href=\"mailto:info@predmetyreklamni.eu\">info@predmetyreklamni.eu<\/a><\/p>\n<p><strong>Do cenov\u00e9 popt\u00e1vky pros\u00edm uve\u010fte pot\u0159ebn\u00e9 informace pro cenovou nab\u00eddku jako<\/strong>: mno\u017estv\u00ed, velikost, barevn\u00e9 proveden\u00ed nebo kombinaci barev, dobu dod\u00e1n\u00ed. V\u0161echny tyto informace n\u00e1m pomohou k rychlej\u0161\u00edmu zpracov\u00e1n\u00ed cenov\u00e9 nab\u00eddky pr\u00e1v\u011b pro V\u00e1s.<\/p>\n<p>T\u011b\u0161\u00edme se na spolupr\u00e1ci! Team Gifts Service<\/p>\n<\/div>\n<\/div>\n","protected":false},"excerpt":{"rendered":"<p>ZAK\u00c1ZKOV\u00c1 V\u00ddROBA PODLO\u017dKY POD MY\u0160 Zak\u00e1zkov\u00e1 v\u00fdroba podlo\u017eky pod my\u0161 kvalitn\u011b a levn\u011b Zak\u00e1zkov\u00e1 v\u00fdroba podlo\u017eky pod my\u0161 poskytujte \u0161irokou nab\u00eddku typ\u016f podlo\u017eek z r\u016fzn\u00fdch materi\u00e1l\u016f, r\u016fzn\u00fdch barev, tvar\u016f a velikost\u00ed. Na t\u011bchto str\u00e1nk\u00e1ch si m\u016f\u017eete prohl\u00eddnout jak\u00e9 nab\u00edz\u00edme typy &hellip; <a href=\"https:\/\/predmetyreklamni.eu\/vyrobce\/podlozky-pod-mys-zakazkova-vyroba\/\">Continue reading <span class=\"meta-nav\">&rarr;<\/span><\/a><\/p>\n","protected":false},"author":1,"featured_media":0,"parent":0,"menu_order":28,"comment_status":"closed","ping_status":"open","template":"sidebar-page.php","meta":[],"_links":{"self":[{"href":"https:\/\/predmetyreklamni.eu\/vyrobce\/wp-json\/wp\/v2\/pages\/3851"}],"collection":[{"href":"https:\/\/predmetyreklamni.eu\/vyrobce\/wp-json\/wp\/v2\/pages"}],"about":[{"href":"https:\/\/predmetyreklamni.eu\/vyrobce\/wp-json\/wp\/v2\/types\/page"}],"author":[{"embeddable":true,"href":"https:\/\/predmetyreklamni.eu\/vyrobce\/wp-json\/wp\/v2\/users\/1"}],"replies":[{"embeddable":true,"href":"https:\/\/predmetyreklamni.eu\/vyrobce\/wp-json\/wp\/v2\/comments?post=3851"}],"version-history":[{"count":14,"href":"https:\/\/predmetyreklamni.eu\/vyrobce\/wp-json\/wp\/v2\/pages\/3851\/revisions"}],"predecessor-version":[{"id":4083,"href":"https:\/\/predmetyreklamni.eu\/vyrobce\/wp-json\/wp\/v2\/pages\/3851\/revisions\/4083"}],"wp:attachment":[{"href":"https:\/\/predmetyreklamni.eu\/vyrobce\/wp-json\/wp\/v2\/media?parent=3851"}],"curies":[{"name":"wp","href":"https:\/\/api.w.org\/{rel}","templated":true}]}}