{"id":3856,"date":"2014-07-11T15:06:51","date_gmt":"2014-07-11T15:06:51","guid":{"rendered":"http:\/\/predmetyreklamni.eu\/vyrobce\/?page_id=3856"},"modified":"2014-10-07T18:08:22","modified_gmt":"2014-10-07T18:08:22","slug":"propagacni-nanopodlozky-s-potiskem","status":"publish","type":"page","link":"https:\/\/predmetyreklamni.eu\/vyrobce\/propagacni-nanopodlozky-s-potiskem\/","title":{"rendered":"Propaga\u010dn\u00ed nanopodlo\u017eky s potiskem"},"content":{"rendered":"<h1 style=\"text-align: justify;\">PROPAGA\u010cN\u00cd NANOPODLO\u017dKY S POTISKEM<\/h1>\n<h2 style=\"text-align: justify;\">Propagujte se pomoc\u00ed propaga\u010dn\u00ed nanopodlo\u017eky s potiskem<\/h2>\n<p style=\"text-align: justify;\">Nab\u00edz\u00edme \u0161irok\u00fd v\u00fdb\u011br tvar\u016f, barev a velikosti propaga\u010dn\u00ed nanopodlo\u017eky a nav\u00edc ji u n\u00e1s m\u016f\u017eete nechat opat\u0159it firemn\u00edm potiskem. Vytvo\u0159\u00edme tedy propaga\u010dn\u00ed nanopodlo\u017eky s potiskem p\u0159esn\u011b dle Va\u0161eho zad\u00e1n\u00ed. Pro v\u00fdrobu propaga\u010dn\u00ed nanopodlo\u017eky s potiskem se nej\u010dast\u011bji vyu\u017e\u00edvaj\u00ed materi\u00e1ly jako silikon \u010di PVC. Propaga\u010dn\u00ed nanopodlo\u017eky jsou vyrobeny z netoxick\u00fdch materi\u00e1l\u016f a jsou bezpe\u010dn\u00e9 p\u0159i pou\u017eit\u00ed v mal\u00fdch a uzav\u0159en\u00fdch prostor\u00e1ch. Propaga\u010dn\u00ed nanopodlo\u017eky maj\u00ed\u00a0certifikaci FDA 177.2600,<\/p>\n<h2 style=\"text-align: justify;\">Propaga\u010dn\u00ed nanopodlo\u017eky s potiskem MOQ<\/h2>\n<p style=\"text-align: justify;\">Minim\u00e1ln\u00ed objedn\u00e1vka na propaga\u010dn\u00ed nanopodlo\u017eky s vklastn\u00edm potiskem, zak\u00e1zkov\u00e9ho tvaru a barvy je 500ks\/design. Nab\u00edz\u00edme i mo\u017enost vyu\u017e\u00edt na\u0161ich skladov\u00fdch z\u00e1sob, kde je jsou k dispozici nanopodlo\u017eky standardn\u00edch tvar\u016f a z\u00e1kladn\u00edch barev. Propaga\u010dn\u00ed nanopodlo\u017eky m\u016f\u017eete pak dodate\u010dn\u011b opat\u0159it potiskem v \u010cR.<\/p>\n<h2 style=\"text-align: justify;\">Propaga\u010dn\u00ed nanopodlo\u017eky s potiskem nab\u00eddka<\/h2>\n<p style=\"text-align: justify;\">N\u00ed\u017ee si m\u016f\u017eete prohl\u00e9dnout jak mohou vypadat nap\u0159\u00edklad ty Va\u0161e propaga\u010dn\u00ed nanopodlo\u017eky s potiskem.<\/p>\n<div style=\"text-align: justify;\">\n<div>\n<h2>Klasick\u00e9 propaga\u010dn\u00ed nanopodlo\u017eky bez potisku<\/h2>\n<p><a href=\"http:\/\/predmetyreklamni.eu\/vyrobce\/wp-content\/uploads\/reklamn\u00ed-nanopodlo\u017eky-bez-potisku.jpg\"><img decoding=\"async\" loading=\"lazy\" class=\"alignleft  wp-image-3992\" title=\"reklamn\u00ed nanopodlo\u017eky bez potisku\" alt=\"reklamn\u00ed nanopodlo\u017eky bez potisku\" src=\"http:\/\/predmetyreklamni.eu\/vyrobce\/wp-content\/uploads\/reklamn\u00ed-nanopodlo\u017eky-bez-potisku-295x300.jpg\" width=\"212\" height=\"216\" srcset=\"https:\/\/predmetyreklamni.eu\/vyrobce\/wp-content\/uploads\/reklamn\u00ed-nanopodlo\u017eky-bez-potisku-295x300.jpg 295w, https:\/\/predmetyreklamni.eu\/vyrobce\/wp-content\/uploads\/reklamn\u00ed-nanopodlo\u017eky-bez-potisku.jpg 510w\" sizes=\"(max-width: 212px) 100vw, 212px\" \/><\/a>Tyto propaga\u010dn\u00ed nanopodlo\u017eky klasick\u00e9ho tvaru je mo\u017en\u00e9 dodat v men\u0161\u00edm mno\u017estv\u00ed a bez potisku. Propaga\u010dn\u00ed nanopodlo\u017eky jsou k dispozici v z\u00e1kladn\u00edch barv\u00e1ch. Propaga\u010dn\u00ed nanopodlo\u017eky jsou vhodn\u00e9 na palubn\u00ed desku automobilu.<br \/>\n<strong>Materi\u00e1l<\/strong>: silikon<br \/>\n<strong>Rozm\u011bry<\/strong>: 140x100x3mm<br \/>\n<strong>Potisk<\/strong>: bez potisku<br \/>\n<strong>Min. objedn\u00e1vka<\/strong>: 100 ks<br \/>\n<strong>Cena<\/strong>:\u00a0<a title=\"ZASLAT POPT\u00c1VKU\" href=\"mailto:info@predmetyreklamni.eu\">ZASLAT POPT\u00c1VKU\u00a0<\/a><\/p>\n<h2>Aromatick\u00e9 propaga\u010dn\u00ed nanopodlo\u017eky s potiskem<\/h2>\n<p><a href=\"http:\/\/predmetyreklamni.eu\/vyrobce\/wp-content\/uploads\/aromatick\u00e9-reklamn\u00ed-nanopodlo\u017eky.jpg\"><img decoding=\"async\" loading=\"lazy\" class=\"alignleft  wp-image-3994\" title=\"aromatick\u00e9 reklamn\u00ed nanopodlo\u017eky\" alt=\"aromatick\u00e9 reklamn\u00ed nanopodlo\u017eky\" src=\"http:\/\/predmetyreklamni.eu\/vyrobce\/wp-content\/uploads\/aromatick\u00e9-reklamn\u00ed-nanopodlo\u017eky-281x300.jpg\" width=\"203\" height=\"216\" srcset=\"https:\/\/predmetyreklamni.eu\/vyrobce\/wp-content\/uploads\/aromatick\u00e9-reklamn\u00ed-nanopodlo\u017eky-281x300.jpg 281w, https:\/\/predmetyreklamni.eu\/vyrobce\/wp-content\/uploads\/aromatick\u00e9-reklamn\u00ed-nanopodlo\u017eky.jpg 354w\" sizes=\"(max-width: 203px) 100vw, 203px\" \/><\/a>Propaga\u010dn\u00ed nanopodlo\u017eky lze opat\u0159it nejen potiskem ale nab\u00edz\u00ed tak\u00e9 mo\u017enost v\u00fdroby aromatick\u00e9 nanopodlo\u017eky. V\u016fn\u011b je aplikov\u00e1na ji\u017e p\u0159i v\u00fdrob\u011b p\u0159\u00edmo do materi\u00e1lu nanopodlo\u017eky, m\u00e1 dlouhou trvanlivost a ani \u010dist\u011bn\u00ed vodou nem\u00e1 vliv na intenzitu v\u016fn\u011b.<br \/>\n<strong>Materi\u00e1l<\/strong>: silikon<br \/>\n<strong>Rozm\u011bry<\/strong>: 140x100x3mm nebo na zak\u00e1zku<br \/>\n<strong>Potisk<\/strong>: jednobarevn\u00fd, v\u00edcebarevn\u00fd<br \/>\n<strong>Min. objedn\u00e1vka<\/strong>: 500 ks<br \/>\n<strong>Cena<\/strong>:\u00a0<a title=\"ZASLAT POPT\u00c1VKU\" href=\"mailto:info@predmetyreklamni.eu\">ZASLAT POPT\u00c1VKU\u00a0<\/a><\/p>\n<\/div>\n<div>\n<h2>Gumov\u00e9 propaga\u010dn\u00ed nanopodlo\u017eky s potiskem<\/h2>\n<p><a href=\"http:\/\/predmetyreklamni.eu\/vyrobce\/wp-content\/uploads\/gumov\u00e9-reklamn\u00ed-protiskluzov\u00e9-podlo\u017eky.jpg\"><img decoding=\"async\" loading=\"lazy\" class=\"alignleft  wp-image-3997\" title=\"gumov\u00e9 reklamn\u00ed protiskluzov\u00e9 podlo\u017eky\" alt=\"gumov\u00e9 reklamn\u00ed protiskluzov\u00e9 podlo\u017eky\" src=\"http:\/\/predmetyreklamni.eu\/vyrobce\/wp-content\/uploads\/gumov\u00e9-reklamn\u00ed-protiskluzov\u00e9-podlo\u017eky-300x300.jpg\" width=\"216\" height=\"216\" srcset=\"https:\/\/predmetyreklamni.eu\/vyrobce\/wp-content\/uploads\/gumov\u00e9-reklamn\u00ed-protiskluzov\u00e9-podlo\u017eky-300x300.jpg 300w, https:\/\/predmetyreklamni.eu\/vyrobce\/wp-content\/uploads\/gumov\u00e9-reklamn\u00ed-protiskluzov\u00e9-podlo\u017eky-150x150.jpg 150w, https:\/\/predmetyreklamni.eu\/vyrobce\/wp-content\/uploads\/gumov\u00e9-reklamn\u00ed-protiskluzov\u00e9-podlo\u017eky.jpg 350w\" sizes=\"(max-width: 216px) 100vw, 216px\" \/><\/a>Gumov\u00e9 propaga\u010dn\u00ed nanopodlo\u017eky maj\u00ed stejn\u00e9 vlastnosti jako silikonov\u00e9 nebo gelov\u00e9. Stejn\u011b tak lze gumov\u00e9 nanopodlo\u017eky opat\u0159it jednobarevn\u00fdm, v\u00edcebarevn\u00fdm \u010di plnobarevn\u00fdm potiskem.<br \/>\n<strong>Materi\u00e1l<\/strong>: guma<br \/>\n<strong>Rozm\u011bry<\/strong>: 140x120x3mm nebo na zak\u00e1zku<br \/>\n<strong>Potisk<\/strong>:\u00a0jednobarevn\u00fd, v\u00edcebarevn\u00fd, plnobarevn\u00fd<br \/>\n<strong>Min. objedn\u00e1vka<\/strong>: 500 ks<br \/>\n<strong>Cena<\/strong>:\u00a0<a title=\"ZASLAT POPT\u00c1VKU\" href=\"mailto:info@predmetyreklamni.eu\">ZASLAT POPT\u00c1VKU\u00a0<\/a><\/p>\n<h2>Gelov\u00e9 propaga\u010dn\u00ed nanopodlo\u017eky s plnobarevn\u00fdm potiskem<\/h2>\n<\/div>\n<div>\n<p><a href=\"http:\/\/predmetyreklamni.eu\/vyrobce\/wp-content\/uploads\/Gelov\u00e9-reklamn\u00ed-podlo\u017eky-s-plnobarevn\u00fdm-potiskem.jpg\"><img decoding=\"async\" loading=\"lazy\" class=\"alignleft  wp-image-4000\" title=\"Gelov\u00e9 reklamn\u00ed podlo\u017eky s plnobarevn\u00fdm potiskem\" alt=\"Gelov\u00e9 reklamn\u00ed podlo\u017eky s plnobarevn\u00fdm potiskem\" src=\"http:\/\/predmetyreklamni.eu\/vyrobce\/wp-content\/uploads\/Gelov\u00e9-reklamn\u00ed-podlo\u017eky-s-plnobarevn\u00fdm-potiskem.jpg\" width=\"211\" height=\"212\" srcset=\"https:\/\/predmetyreklamni.eu\/vyrobce\/wp-content\/uploads\/Gelov\u00e9-reklamn\u00ed-podlo\u017eky-s-plnobarevn\u00fdm-potiskem.jpg 293w, https:\/\/predmetyreklamni.eu\/vyrobce\/wp-content\/uploads\/Gelov\u00e9-reklamn\u00ed-podlo\u017eky-s-plnobarevn\u00fdm-potiskem-150x150.jpg 150w\" sizes=\"(max-width: 211px) 100vw, 211px\" \/><\/a><\/p>\n<p>Tyto propaga\u010dn\u00ed nanopodlo\u017eky jsou vyr\u00e1b\u011bny z gelov\u00e9ho silikonu a je mo\u017en\u00e9 je vyrobit v jak\u00e9koliv barv\u011b, tvaru a designu. Propagujte se pomoc\u00ed jedine\u010dn\u00e9 gelov\u00e9 nanopodlo\u017eky a zvy\u0161te pov\u011bdom\u00ed o Va\u0161\u00ed zna\u010dce.T<br \/>\n<strong>Materi\u00e1l<\/strong>:\u00a0 gelov\u00fd silikon<br \/>\n<strong>Rozm\u011bry<\/strong>: 140x120x3mm nebo na zak\u00e1zku<br \/>\n<strong>Potisk<\/strong>: plnobarevn\u00fd<br \/>\n<strong>Minim\u00e1ln\u00ed objedn\u00e1vka<\/strong>: 500 ks<br \/>\n<strong>Cena<\/strong>:\u00a0<a title=\"ZASLAT POPT\u00c1VKU\" href=\"mailto:info@predmetyreklamni.eu\">ZASLAT POPT\u00c1VKU\u00a0<\/a><\/p>\n<\/div>\n<div>\n<h2>PVC propaga\u010dn\u00ed nanopodlo\u017eky s potiskem<\/h2>\n<p><a href=\"http:\/\/predmetyreklamni.eu\/vyrobce\/wp-content\/uploads\/PVC-propaga\u010dn\u00ed-nanopodlo\u017eky-do-auta.jpg\"><img decoding=\"async\" loading=\"lazy\" class=\"alignleft  wp-image-4005\" title=\"PVC reklamn\u00ed nanopodlo\u017eky do auta\" alt=\"PVC reklamn\u00ed nanopodlo\u017eky do auta\" src=\"http:\/\/predmetyreklamni.eu\/vyrobce\/wp-content\/uploads\/PVC-propaga\u010dn\u00ed-nanopodlo\u017eky-do-auta-300x267.jpg\" width=\"216\" height=\"193\" srcset=\"https:\/\/predmetyreklamni.eu\/vyrobce\/wp-content\/uploads\/PVC-propaga\u010dn\u00ed-nanopodlo\u017eky-do-auta-300x267.jpg 300w, https:\/\/predmetyreklamni.eu\/vyrobce\/wp-content\/uploads\/PVC-propaga\u010dn\u00ed-nanopodlo\u017eky-do-auta.jpg 318w\" sizes=\"(max-width: 216px) 100vw, 216px\" \/><\/a>Propaga\u010dn\u00ed nanopodlo\u017eky z PVC jsou velmi odoln\u00e9 a proto budou Va\u0161\u00ed firmu propagovat mnoho let. PVC propaga\u010dn\u00ed nanopodlo\u017eky opat\u0159\u00edme potiskem dle Va\u0161eho zad\u00e1n\u00ed<br \/>\n<strong>Materi\u00e1l<\/strong>: PVC<br \/>\n<strong>Rozm\u011bry<\/strong>: 150x120x3mm nebo na zak\u00e1zku<br \/>\n<strong>Potisk<\/strong>:\u00a0jednobarevn\u00fd, v\u00edcebarevn\u00fd, plnobarevn\u00fd<br \/>\n<strong>Min. objedn\u00e1vka<\/strong>: 500 ks<br \/>\n<strong>Cena<\/strong>:\u00a0<a title=\"ZASLAT POPT\u00c1VKU\" href=\"mailto:info@predmetyreklamni.eu\">ZASLAT POPT\u00c1VKU\u00a0<\/a><\/p>\n<\/div>\n<div>\n<h2>Silikonov\u00e9 propaga\u010dn\u00ed nanopodlo\u017eky s potiskem<\/h2>\n<p><a href=\"http:\/\/predmetyreklamni.eu\/vyrobce\/wp-content\/uploads\/Silikonov\u00e9-propaga\u010dn\u00ed-nanopodlo\u017eky-s-potiskem.jpg\"><img decoding=\"async\" loading=\"lazy\" class=\"alignleft  wp-image-4008\" title=\"Silikonov\u00e9 reklamn\u00ed nanopodlo\u017eky s potiskem\" alt=\"Silikonov\u00e9 reklamn\u00ed nanopodlo\u017eky s potiskem\" src=\"http:\/\/predmetyreklamni.eu\/vyrobce\/wp-content\/uploads\/Silikonov\u00e9-propaga\u010dn\u00ed-nanopodlo\u017eky-s-potiskem.jpg\" width=\"205\" height=\"216\" \/><\/a>Tyto silikonov\u00e9 propaga\u010dn\u00ed nanopodlo\u017eky lze opat\u0159it 3D potiskem dle zad\u00e1n\u00ed klienta. Silikonov\u00e9 propaga\u010dn\u00ed nanopodlo\u017eky jsou ekologick\u00e9 a maj\u00ed dlouhou \u017eivotnost a budou proto dlouho propagovat Va\u0161\u00ed zna\u010dku.<br \/>\n<strong>Materi\u00e1l<\/strong>: silikon<br \/>\n<strong>Rozm\u011bry<\/strong>: 140x120x3mm nebo na zak\u00e1zku<br \/>\n<strong>Potisk<\/strong>:\u00a0jednobarevn\u00fd, v\u00edcebarevn\u00fd<br \/>\n<strong>Minim\u00e1ln\u00ed objedn\u00e1vka<\/strong>: 500 ks<br \/>\n<strong>Cena<\/strong>:\u00a0<a title=\"ZASLAT POPT\u00c1VKU\" href=\"mailto:info@predmetyreklamni.eu\">ZASLAT POPT\u00c1VKU\u00a0<\/a><\/p>\n<\/div>\n<div>\n<h2>Barov\u00e9 propaga\u010dn\u00ed nanopodlo\u017eky s potiskem<\/h2>\n<p><a href=\"http:\/\/predmetyreklamni.eu\/vyrobce\/wp-content\/uploads\/Barov\u00e9-reklamn\u00ed-nanopodlo\u017eky-s-potiskem.jpg\"><img decoding=\"async\" loading=\"lazy\" class=\"wp-image-4011 alignleft\" title=\"Barov\u00e9 reklamn\u00ed nanopodlo\u017eky s potiskem\" alt=\"Barov\u00e9 reklamn\u00ed nanopodlo\u017eky s potiskem\" src=\"http:\/\/predmetyreklamni.eu\/vyrobce\/wp-content\/uploads\/Barov\u00e9-reklamn\u00ed-nanopodlo\u017eky-s-potiskem-300x270.jpg\" width=\"216\" height=\"194\" srcset=\"https:\/\/predmetyreklamni.eu\/vyrobce\/wp-content\/uploads\/Barov\u00e9-reklamn\u00ed-nanopodlo\u017eky-s-potiskem-300x270.jpg 300w, https:\/\/predmetyreklamni.eu\/vyrobce\/wp-content\/uploads\/Barov\u00e9-reklamn\u00ed-nanopodlo\u017eky-s-potiskem-333x300.jpg 333w, https:\/\/predmetyreklamni.eu\/vyrobce\/wp-content\/uploads\/Barov\u00e9-reklamn\u00ed-nanopodlo\u017eky-s-potiskem.jpg 400w\" sizes=\"(max-width: 216px) 100vw, 216px\" \/><\/a>Barov\u00e9 propaga\u010dn\u00ed nanopodlo\u017eky s 3D potiskem jsou neodmylitelnou v\u00fdbavou ka\u017ed\u00e9ho spr\u00e1vn\u00e9ho baru. Propagujte tedy svou zna\u010dku pomoc\u00ed t\u00e9to barov\u00e9 propaga\u010dn\u00ed nanopodlo\u017eky. Jist\u011b zv\u00fd\u0161\u00ed pov\u011bdom\u00ed o Va\u0161\u00ed zna\u010dce.<br \/>\n<strong>Materi\u00e1l<\/strong>: PVC<br \/>\n<strong>Rozm\u011bry<\/strong>: 600\u00d785\u00d77mm\u00a0nebo na zak\u00e1zku<br \/>\n<strong>Potisk<\/strong>:\u00a0jednobarevn\u00fd, v\u00edcebarevn\u00fd<br \/>\n<strong>Minim\u00e1ln\u00ed objedn\u00e1vka<\/strong>: 500 ks<br \/>\n<strong>Cena<\/strong>:\u00a0<a title=\"ZASLAT POPT\u00c1VKU\" href=\"mailto:info@predmetyreklamni.eu\">ZASLAT POPT\u00c1VKU\u00a0<\/a><\/p>\n<h2>Propaga\u010dn\u00ed nanopodlo\u017eky ve tvaru plechovky s potiskem<\/h2>\n<\/div>\n<div>\n<p><a href=\"http:\/\/predmetyreklamni.eu\/vyrobce\/wp-content\/uploads\/Reklamn\u00ed-nanopodlo\u017eky-ve-tvaru-plechovky-s-potiskem.jpg\"><img decoding=\"async\" loading=\"lazy\" class=\"alignleft  wp-image-4017\" title=\"Reklamn\u00ed nanopodlo\u017eky ve tvaru plechovky s potiskem\" alt=\"Reklamn\u00ed nanopodlo\u017eky ve tvaru plechovky s potiskem\" src=\"http:\/\/predmetyreklamni.eu\/vyrobce\/wp-content\/uploads\/Reklamn\u00ed-nanopodlo\u017eky-ve-tvaru-plechovky-s-potiskem.jpg\" width=\"211\" height=\"206\" \/><\/a>Propaga\u010dn\u00ed nanopodlo\u017eky mohou b\u00fdt v r\u016fzn\u00fdch tvarech nap\u0159\u00edklad propagovan\u00fdch produkt\u016f. Vyu\u017eijte v\u0161ech p\u0159ednost\u00ed, kter\u00e9 nab\u00edz\u00ed propaga\u010dn\u00ed nanopodlo\u017eky.<br \/>\n<strong>Materi\u00e1l: <\/strong>silikon<br \/>\n<strong>Rozm\u011bry<\/strong>: 130 x 110 x 3mm<br \/>\n<strong>Potisk<\/strong>: jednobarevn\u00fd, v\u00edcebarevn\u00fd, plnobarevn\u00fd<br \/>\n<strong>Minim\u00e1ln\u00ed objedn\u00e1vka<\/strong>: 500 ks<br \/>\n<strong>Cena<\/strong>:\u00a0<a title=\"ZASLAT POPT\u00c1VKU\" href=\"mailto:info@predmetyreklamni.eu\">ZASLAT POPT\u00c1VKU\u00a0<\/a><\/p>\n<\/div>\n<div>\n<h2>Propaga\u010dn\u00ed nanopodlo\u017eky ve tvaru srdce s potiskem<\/h2>\n<p><a href=\"http:\/\/predmetyreklamni.eu\/vyrobce\/wp-content\/uploads\/Propaga\u010dn\u00ed-nanopodlo\u017eky-ve-tvaru-srdce-s-logem.jpg\"><img decoding=\"async\" loading=\"lazy\" class=\"alignleft  wp-image-4016\" title=\"Reklamn\u00ed nanopodlo\u017eky ve tvaru srdce s logem\" alt=\"Reklamn\u00ed nanopodlo\u017eky ve tvaru srdce s logem\" src=\"http:\/\/predmetyreklamni.eu\/vyrobce\/wp-content\/uploads\/Propaga\u010dn\u00ed-nanopodlo\u017eky-ve-tvaru-srdce-s-logem-300x300.jpg\" width=\"216\" height=\"216\" srcset=\"https:\/\/predmetyreklamni.eu\/vyrobce\/wp-content\/uploads\/Propaga\u010dn\u00ed-nanopodlo\u017eky-ve-tvaru-srdce-s-logem.jpg 300w, https:\/\/predmetyreklamni.eu\/vyrobce\/wp-content\/uploads\/Propaga\u010dn\u00ed-nanopodlo\u017eky-ve-tvaru-srdce-s-logem-150x150.jpg 150w\" sizes=\"(max-width: 216px) 100vw, 216px\" \/><\/a>Propaga\u010dn\u00ed nanopodlo\u017eky s firemn\u00edm potiskem darujte sv\u00fdm z\u00e1kazn\u00edk\u016fm, kte\u0159\u00ed je upot\u0159eb\u00ed nap\u0159\u00edklad na palubn\u00ed desce sv\u00e9ho automobilu. Propaga\u010dn\u00ed nanopodlo\u017eky udr\u017e\u00ed slune\u010dn\u00ed b\u00fdrle a nav\u00edc Va\u0161\u00ed z\u00e1kazn\u00edci budou m\u00edt kontaktn\u00ed informace firmy st\u00e1le na o\u010d\u00edch.<br \/>\n<strong>Materi\u00e1l<\/strong>: silikon, guma, PVC&#8230;<br \/>\n<strong>Rozm\u011bry<\/strong>: 150x120x3mm nebo na zak\u00e1zku<br \/>\n<strong>Potisk<\/strong>:\u00a0jednobarevn\u00fd, v\u00edcebarevn\u00fd, plnobarevn\u00fd<br \/>\n<strong>Minim\u00e1ln\u00ed objedn\u00e1vka<\/strong>: 500 ks<br \/>\n<strong>Cena<\/strong>:\u00a0<a title=\"ZASLAT POPT\u00c1VKU\" href=\"mailto:info@predmetyreklamni.eu\">ZASLAT POPT\u00c1VKU\u00a0<\/a><\/p>\n<p>Zaujala V\u00e1s na\u0161e nab\u00eddka a chcete propagovat svou firmu a zna\u010dku pomoc\u00ed propaga\u010dn\u00ed nanopodlo\u017eky s potiskem? Nev\u00e1hejte n\u00e1s kontaktovat pro cenovou nab\u00eddku na emailu:\u00a0<a title=\"info@predmetyreklamni.eu\" href=\"mailto:info@predmetyreklamni.eu\">info@predmetyreklamni.eu<\/a><\/p>\n<p><strong>Do cenov\u00e9 popt\u00e1vky pros\u00edm uve\u010fte pot\u0159ebn\u00e9 informace pro cenovou nab\u00eddku jako<\/strong>: mno\u017estv\u00ed, velikost, barevn\u00e9 proveden\u00ed nebo kombinaci barev, dobu dod\u00e1n\u00ed. V\u0161echny tyto informace n\u00e1m pomohou k rychlej\u0161\u00edmu zpracov\u00e1n\u00ed cenov\u00e9 nab\u00eddky pr\u00e1v\u011b pro V\u00e1s.<\/p>\n<p>T\u011b\u0161\u00edme se na spolupr\u00e1ci! Team Gifts Service<\/p>\n<\/div>\n<\/div>\n","protected":false},"excerpt":{"rendered":"<p>PROPAGA\u010cN\u00cd NANOPODLO\u017dKY S POTISKEM Propagujte se pomoc\u00ed propaga\u010dn\u00ed nanopodlo\u017eky s potiskem Nab\u00edz\u00edme \u0161irok\u00fd v\u00fdb\u011br tvar\u016f, barev a velikosti propaga\u010dn\u00ed nanopodlo\u017eky a nav\u00edc ji u n\u00e1s m\u016f\u017eete nechat opat\u0159it firemn\u00edm potiskem. Vytvo\u0159\u00edme tedy propaga\u010dn\u00ed nanopodlo\u017eky s potiskem p\u0159esn\u011b dle Va\u0161eho zad\u00e1n\u00ed. &hellip; <a href=\"https:\/\/predmetyreklamni.eu\/vyrobce\/propagacni-nanopodlozky-s-potiskem\/\">Continue reading <span class=\"meta-nav\">&rarr;<\/span><\/a><\/p>\n","protected":false},"author":1,"featured_media":0,"parent":0,"menu_order":28,"comment_status":"closed","ping_status":"open","template":"sidebar-page.php","meta":[],"_links":{"self":[{"href":"https:\/\/predmetyreklamni.eu\/vyrobce\/wp-json\/wp\/v2\/pages\/3856"}],"collection":[{"href":"https:\/\/predmetyreklamni.eu\/vyrobce\/wp-json\/wp\/v2\/pages"}],"about":[{"href":"https:\/\/predmetyreklamni.eu\/vyrobce\/wp-json\/wp\/v2\/types\/page"}],"author":[{"embeddable":true,"href":"https:\/\/predmetyreklamni.eu\/vyrobce\/wp-json\/wp\/v2\/users\/1"}],"replies":[{"embeddable":true,"href":"https:\/\/predmetyreklamni.eu\/vyrobce\/wp-json\/wp\/v2\/comments?post=3856"}],"version-history":[{"count":29,"href":"https:\/\/predmetyreklamni.eu\/vyrobce\/wp-json\/wp\/v2\/pages\/3856\/revisions"}],"predecessor-version":[{"id":4067,"href":"https:\/\/predmetyreklamni.eu\/vyrobce\/wp-json\/wp\/v2\/pages\/3856\/revisions\/4067"}],"wp:attachment":[{"href":"https:\/\/predmetyreklamni.eu\/vyrobce\/wp-json\/wp\/v2\/media?parent=3856"}],"curies":[{"name":"wp","href":"https:\/\/api.w.org\/{rel}","templated":true}]}}