{"id":3860,"date":"2014-07-11T15:16:06","date_gmt":"2014-07-11T15:16:06","guid":{"rendered":"http:\/\/predmetyreklamni.eu\/vyrobce\/?page_id=3860"},"modified":"2014-09-29T20:59:31","modified_gmt":"2014-09-29T20:59:31","slug":"protiskluzove-nanopodlozky-na-zakazku","status":"publish","type":"page","link":"https:\/\/predmetyreklamni.eu\/vyrobce\/protiskluzove-nanopodlozky-na-zakazku\/","title":{"rendered":"Protiskluzov\u00e9 nanopodlo\u017eky na zak\u00e1zku"},"content":{"rendered":"<h1 style=\"text-align: justify;\">PROTISKLUZOV\u00c9 NANOPODLO\u017dKY NA ZAK\u00c1ZKU<\/h1>\n<h2 style=\"text-align: justify;\">Protiskluzov\u00e9 nanopodlo\u017eky na zak\u00e1zku dle Va\u0161eho zad\u00e1n\u00ed<\/h2>\n<p style=\"text-align: justify;\">Protiskluzov\u00e9 nanopodlo\u017eky pat\u0159\u00ed st\u00e1le mezi obl\u00edben\u00e9 reklamn\u00ed p\u0159edm\u011bty. Protiskluzov\u00e9 nanopodlo\u017eky pro V\u00e1s vyrob\u00edme na zak\u00e1zku v jak\u00e9mkoliv tvaru, velikosti, barv\u011b a s potiskem. V\u011bnujte sv\u00fdm z\u00e1kazn\u00edk\u016fm nebo obchodn\u00ed partner\u016fm reklamn\u00ed d\u00e1rek, kter\u00fd m\u00e1 smysl. Protiskluzov\u00e9 nanopodlo\u017eky na zak\u00e1zku maj\u00ed \u0161irok\u00e9 vyu\u017eit\u00ed p\u0159edev\u0161\u00edm v automobilech nebo kancel\u00e1\u0159\u00edch.<\/p>\n<p style=\"text-align: justify;\"><a href=\"http:\/\/predmetyreklamni.eu\/vyrobce\/wp-content\/uploads\/Reklamn\u00ed-nano-podlo\u017eky-s-potiskem.jpg\"><img decoding=\"async\" loading=\"lazy\" class=\"alignleft  wp-image-3970\" title=\"Reklamn\u00ed nano podlo\u017eky s potiskem\" alt=\"Reklamn\u00ed nano podlo\u017eky s potiskem\" src=\"http:\/\/predmetyreklamni.eu\/vyrobce\/wp-content\/uploads\/Reklamn\u00ed-nano-podlo\u017eky-s-potiskem.jpg\" width=\"240\" height=\"240\" srcset=\"https:\/\/predmetyreklamni.eu\/vyrobce\/wp-content\/uploads\/Reklamn\u00ed-nano-podlo\u017eky-s-potiskem.jpg 300w, https:\/\/predmetyreklamni.eu\/vyrobce\/wp-content\/uploads\/Reklamn\u00ed-nano-podlo\u017eky-s-potiskem-150x150.jpg 150w\" sizes=\"(max-width: 240px) 100vw, 240px\" \/><\/a><\/p>\n<p style=\"text-align: justify;\"><a href=\"http:\/\/predmetyreklamni.eu\/vyrobce\/wp-content\/uploads\/Reklamn\u00ed-protiskluzov\u00e9-podlo\u017eky-s-potiskem.jpg\"><img decoding=\"async\" loading=\"lazy\" class=\"alignleft  wp-image-3971\" title=\"Reklamn\u00ed protiskluzov\u00e9 podlo\u017eky s potiskem\" alt=\"Reklamn\u00ed protiskluzov\u00e9 podlo\u017eky s potiskem\" src=\"http:\/\/predmetyreklamni.eu\/vyrobce\/wp-content\/uploads\/Reklamn\u00ed-protiskluzov\u00e9-podlo\u017eky-s-potiskem-300x300.jpg\" width=\"240\" height=\"240\" srcset=\"https:\/\/predmetyreklamni.eu\/vyrobce\/wp-content\/uploads\/Reklamn\u00ed-protiskluzov\u00e9-podlo\u017eky-s-potiskem-300x300.jpg 300w, https:\/\/predmetyreklamni.eu\/vyrobce\/wp-content\/uploads\/Reklamn\u00ed-protiskluzov\u00e9-podlo\u017eky-s-potiskem-150x150.jpg 150w, https:\/\/predmetyreklamni.eu\/vyrobce\/wp-content\/uploads\/Reklamn\u00ed-protiskluzov\u00e9-podlo\u017eky-s-potiskem.jpg 500w\" sizes=\"(max-width: 240px) 100vw, 240px\" \/><\/a><\/p>\n<p style=\"text-align: justify;\"><div class=\"aio-button-right\"><div class=\"aio-pulse\"><a href=\"http:\/\/predmetyreklamni.eu\/vyrobce\/propagacni-nanopodlozky-s-potiskem\/\" class=\"aio-blue\" title=\"NANOPODLO\u017dKY NAB\u00cdDKA &gt;&gt;&gt;\">NANOPODLO\u017dKY NAB\u00cdDKA &gt;&gt;&gt;<\/a><\/div><\/div><\/p>\n<h2 style=\"text-align: justify;\">Vlastnosti protiskluzov\u00e9 nanopodlo\u017eky na zak\u00e1zku<\/h2>\n<ul style=\"text-align: justify;\">\n<li>protiskluzov\u00e9 nanopodlo\u017eky se vyr\u00e1b\u00ed z ekologick\u00fdch materi\u00e1l\u016f (testov\u00e1no FDA 177.2600).<\/li>\n<li>p\u0159i v\u00fdrob\u011b protiskluzov\u00e9 nanopodlo\u017eky se nevyu\u017e\u00edv\u00e1 \u017e\u00e1dn\u00e9 chemik\u00e1lie &#8211; speci\u00e1ln\u00ed lepiv\u00fd efekt je zaji\u0161t\u011bn\u00fd jen pomoc\u00ed tvarov\u00e1n\u00ed povrchu<\/li>\n<li>povrch protiskluzov\u00e9 nanopodlo\u017eky nepokr\u00fdv\u00e1 \u017e\u00e1dn\u00e9 lepidlo a na &#8220;p\u0159ilepen\u00fdch&#8221; p\u0159edm\u011btech nez\u016fst\u00e1vaj\u00ed \u017e\u00e1dn\u00e9 stopy<\/li>\n<li>snadn\u00e9 \u010dist\u011bn\u00ed vla\u017enou vodou<\/li>\n<li>dlouh\u00e1 \u017eivotnost a vysokou tepelnou odolnost<\/li>\n<li>viditeln\u00e1 a velk\u00e1 plocha pro potisk<\/li>\n<li>praktick\u00fd reklamn\u00ed d\u00e1rek<\/li>\n<li>\u010dist\u00e9 nanopodlo\u017eky udr\u017e\u00ed p\u0159edm\u011bty jako br\u00fdle, mobiln\u00ed telefony, tablety, navigace, mince a dal\u0161\u00ed<\/li>\n<\/ul>\n<h2 style=\"text-align: justify;\">Protiskluzov\u00e9 nanopodlo\u017eky na zak\u00e1zku jako reklamn\u00ed p\u0159edm\u011bt<\/h2>\n<p style=\"text-align: justify;\">Protiskluzov\u00e9 nanopodlo\u017eky jsou mal\u00e9 a praktick\u00e9 reklamn\u00ed p\u0159edm\u011bty, kter\u00e9 ocen\u00ed ka\u017ed\u00fd. Protiskluzov\u00e9 nanopodlo\u017eky jsou gumov\u00e9 podlo\u017eky se speci\u00e1ln\u011b tvarovan\u00fdm povrchem, kter\u00fd zaji\u0161\u0165uje, \u017ee p\u0159edm\u011bt polo\u017een\u00fd na podlo\u017eku je t\u00e9m\u011b\u0159 jako p\u0159ilepen\u00fd.\u00a0Nej\u010dast\u011bji se protiskluzov\u00e9 nanopodlo\u017eky vyu\u017e\u00edvaj\u00ed v autech ( na palubn\u00ed desce), na obrazovk\u00e1ch, oknech, doma nebo v kancel\u00e1\u0159i. Na protiskluzov\u00e9 nanopodlo\u017eky m\u016f\u017eete um\u00edstit mobiln\u00ed telefon, navigaci, tablet, mince, br\u00fdle, iPod nebo jin\u00fd drobn\u00fd p\u0159edm\u011bt, kter\u00fd pot\u0159ebujete m\u00edt p\u0159i \u0159\u00edzen\u00ed po ruce. Protiskluzov\u00e9 nanopodlo\u017eky V\u00e1m na zak\u00e1zku potiskneme logem, sloganem nebo obr\u00e1zkem produktu a Vy jednodu\u0161e z\u00edsk\u00e1te reklamn\u00ed d\u00e1rek pro sv\u00e9 z\u00e1kazn\u00edky na veletrz\u00edch, kongresech \u010di obchodn\u00edch jedn\u00e1n\u00edch. Protiskluzov\u00e9 nanopodlo\u017eky mohou b\u00fdt na zak\u00e1zku ve tvarech a barv\u00e1ch Va\u0161eho firemn\u00edho loga nebo produktu, kter\u00fd pr\u00e1v\u011b propagujete.<\/p>\n<p style=\"text-align: center;\"><em>Protiskluzov\u00e9 nanopodlo\u017eky na zak\u00e1zku zp\u0159\u00edjemn\u00ed cestov\u00e1n\u00ed v aut\u011b!<\/em><\/p>\n<p style=\"text-align: justify;\"><a href=\"http:\/\/predmetyreklamni.eu\/vyrobce\/wp-content\/uploads\/Reklamn\u00ed-protiskluzov\u00e9-podlo\u017eky-do-auta.jpg\"><img decoding=\"async\" loading=\"lazy\" class=\"alignleft  wp-image-3982\" title=\"Reklamn\u00ed protiskluzov\u00e9 podlo\u017eky do auta\" alt=\"Reklamn\u00ed protiskluzov\u00e9 podlo\u017eky do auta\" src=\"http:\/\/predmetyreklamni.eu\/vyrobce\/wp-content\/uploads\/Reklamn\u00ed-protiskluzov\u00e9-podlo\u017eky-do-auta-300x300.jpg\" width=\"243\" height=\"243\" srcset=\"https:\/\/predmetyreklamni.eu\/vyrobce\/wp-content\/uploads\/Reklamn\u00ed-protiskluzov\u00e9-podlo\u017eky-do-auta-300x300.jpg 300w, https:\/\/predmetyreklamni.eu\/vyrobce\/wp-content\/uploads\/Reklamn\u00ed-protiskluzov\u00e9-podlo\u017eky-do-auta-150x150.jpg 150w, https:\/\/predmetyreklamni.eu\/vyrobce\/wp-content\/uploads\/Reklamn\u00ed-protiskluzov\u00e9-podlo\u017eky-do-auta.jpg 420w\" sizes=\"(max-width: 243px) 100vw, 243px\" \/><\/a><a href=\"http:\/\/predmetyreklamni.eu\/vyrobce\/wp-content\/uploads\/Zak\u00e1zkov\u00e1-v\u00fdroba-nanopodlo\u017eek.jpg\"><img decoding=\"async\" loading=\"lazy\" class=\"alignleft\" title=\"Zak\u00e1zkov\u00e1 v\u00fdroba nanopodlo\u017eek\" alt=\"Zak\u00e1zkov\u00e1 v\u00fdroba nanopodlo\u017eek\" src=\"http:\/\/predmetyreklamni.eu\/vyrobce\/wp-content\/uploads\/Zak\u00e1zkov\u00e1-v\u00fdroba-nanopodlo\u017eek-300x300.jpg\" width=\"243\" height=\"243\" \/><\/a><\/p>\n<p style=\"text-align: justify;\">Zaujala V\u00e1s na\u0161e nab\u00eddka a chcete si nechat na zak\u00e1zku vyrobit protiskluzov\u00e9 nanopodlo\u017eky a obdarovat sv\u00e9 z\u00e1kazn\u00edky \u010di obchodn\u00ed partnery? Kontaktujte n\u00e1s pro cenovou nab\u00eddku na emailu:<a href=\"mailto:info@predmetyreklamni.eu\">\u00a0info@predmetyreklamni.eu<\/a><\/p>\n<p style=\"text-align: justify;\"><strong>Do cenov\u00e9 popt\u00e1vky pros\u00edm uve\u010fte pot\u0159ebn\u00e9 informace pro cenovou nab\u00eddku jako<\/strong>: mno\u017estv\u00ed, velikost, barevn\u00e9 proveden\u00ed nebo kombinaci barev, dobu dod\u00e1n\u00ed. V\u0161echny tyto informace n\u00e1m pomohou k rychlej\u0161\u00edmu zpracov\u00e1n\u00ed cenov\u00e9 nab\u00eddky pr\u00e1v\u011b pro V\u00e1s.<\/p>\n<p style=\"text-align: justify;\">T\u011b\u0161\u00edme se na spolupr\u00e1ci! Team Gifts Service<\/p>\n","protected":false},"excerpt":{"rendered":"<p>PROTISKLUZOV\u00c9 NANOPODLO\u017dKY NA ZAK\u00c1ZKU Protiskluzov\u00e9 nanopodlo\u017eky na zak\u00e1zku dle Va\u0161eho zad\u00e1n\u00ed Protiskluzov\u00e9 nanopodlo\u017eky pat\u0159\u00ed st\u00e1le mezi obl\u00edben\u00e9 reklamn\u00ed p\u0159edm\u011bty. Protiskluzov\u00e9 nanopodlo\u017eky pro V\u00e1s vyrob\u00edme na zak\u00e1zku v jak\u00e9mkoliv tvaru, velikosti, barv\u011b a s potiskem. V\u011bnujte sv\u00fdm z\u00e1kazn\u00edk\u016fm nebo obchodn\u00ed partner\u016fm &hellip; <a href=\"https:\/\/predmetyreklamni.eu\/vyrobce\/protiskluzove-nanopodlozky-na-zakazku\/\">Continue reading <span class=\"meta-nav\">&rarr;<\/span><\/a><\/p>\n","protected":false},"author":1,"featured_media":0,"parent":0,"menu_order":28,"comment_status":"closed","ping_status":"open","template":"sidebar-page.php","meta":[],"_links":{"self":[{"href":"https:\/\/predmetyreklamni.eu\/vyrobce\/wp-json\/wp\/v2\/pages\/3860"}],"collection":[{"href":"https:\/\/predmetyreklamni.eu\/vyrobce\/wp-json\/wp\/v2\/pages"}],"about":[{"href":"https:\/\/predmetyreklamni.eu\/vyrobce\/wp-json\/wp\/v2\/types\/page"}],"author":[{"embeddable":true,"href":"https:\/\/predmetyreklamni.eu\/vyrobce\/wp-json\/wp\/v2\/users\/1"}],"replies":[{"embeddable":true,"href":"https:\/\/predmetyreklamni.eu\/vyrobce\/wp-json\/wp\/v2\/comments?post=3860"}],"version-history":[{"count":17,"href":"https:\/\/predmetyreklamni.eu\/vyrobce\/wp-json\/wp\/v2\/pages\/3860\/revisions"}],"predecessor-version":[{"id":3986,"href":"https:\/\/predmetyreklamni.eu\/vyrobce\/wp-json\/wp\/v2\/pages\/3860\/revisions\/3986"}],"wp:attachment":[{"href":"https:\/\/predmetyreklamni.eu\/vyrobce\/wp-json\/wp\/v2\/media?parent=3860"}],"curies":[{"name":"wp","href":"https:\/\/api.w.org\/{rel}","templated":true}]}}