{"id":3868,"date":"2014-07-11T17:45:11","date_gmt":"2014-07-11T17:45:11","guid":{"rendered":"http:\/\/predmetyreklamni.eu\/vyrobce\/?page_id=3868"},"modified":"2014-10-07T20:41:57","modified_gmt":"2014-10-07T20:41:57","slug":"firemni-podlozky-pod-mys","status":"publish","type":"page","link":"https:\/\/predmetyreklamni.eu\/vyrobce\/firemni-podlozky-pod-mys\/","title":{"rendered":"Firemn\u00ed podlo\u017eky pod my\u0161"},"content":{"rendered":"<h1 style=\"text-align: justify;\">FIREMN\u00cd PODLO\u017dKY POD MY\u0160<\/h1>\n<h2 style=\"text-align: justify;\">Speci\u00e1ln\u00ed firemn\u00ed podlo\u017eky pod my\u0161 kvalitn\u011b a levn\u011b!<\/h2>\n<p style=\"text-align: justify;\">Podlo\u017eky pod my\u0161 s firemn\u00edm nebo jin\u00fdm potiskem pat\u0159\u00ed mezi jedny z nejefektivn\u011bj\u0161\u00edch reklamn\u00edch p\u0159edm\u011bt\u016f. Nab\u00edz\u00edme \u0161irok\u00fd v\u00fdb\u011br, z kter\u00e9ho si zajist\u00e9 vyberete a budete svou spole\u010dnost propagovat pomoc\u00ed firemn\u00ed podlo\u017eky pod my\u0161 s vlastn\u00edm potiskem, ve firemn\u00edch barv\u00e1ch, ve tvaru loga \u010di v jin\u00e9m designu. Nab\u00edz\u00edme firemn\u00ed podlo\u017eky pod my\u0161 s odpo\u010d\u00edvadlem pro ruku, s r\u00e1me\u010dkem na fotku, s kalend\u00e1\u0159em nebo kalkula\u010dkou a mnoho dal\u0161\u00edch.<\/p>\n<h2 style=\"text-align: justify;\">Firemn\u00ed podlo\u017eky pod my\u0161 MOQ<\/h2>\n<p style=\"text-align: justify;\">Minim\u00e1ln\u00ed objedn\u00e1vka firemn\u00ed podlo\u017eky pod my\u0161 m\u016f\u017ee za\u010d\u00ednat ji\u017e od 100ks\/design. Podlo\u017eky pod my\u0161 standardn\u00edch barev, tvar\u016f a velikost\u00ed jsou k dispozici skladem u v\u00fdrobce a Vy si pot\u00e9 m\u016f\u017eete podlo\u017eky pod my\u0161 dodate\u010dn\u011b opat\u0159it potiskem v \u010cesk\u00e9 republice. \u00a0Pokud V\u00e1s m\u00e1te z\u00e1jem o firemn\u00edm podlo\u017eky pod my\u0161 vlastn\u00edho designu, tvaru, velikosti a barvy, kontaktujte n\u00e1s pro cenovou nab\u00eddku.<\/p>\n<h2 style=\"text-align: justify;\">Firemn\u00ed podlo\u017eky pod my\u0161 nab\u00eddka<\/h2>\n<p style=\"text-align: justify;\">N\u00ed\u017ee si m\u016f\u017eete prohl\u00e9dnout na\u0161\u00ed nab\u00eddku a mo\u017en\u00e1 si vyberete i Vy a inspirujeme V\u00e1s k v\u00fdrob\u011b firemn\u00ed podlo\u017eky pod my\u0161.<\/p>\n<div style=\"text-align: justify;\">\n<div>\n<h2>Firemn\u00ed podlo\u017eky pod my\u0161 s odpo\u010d\u00edv\u00e1tkem<\/h2>\n<p><a href=\"http:\/\/predmetyreklamni.eu\/vyrobce\/wp-content\/uploads\/Reklamn\u00ed-podlo\u017eky-s-odpo\u010d\u00edv\u00e1tkem.jpg\"><img decoding=\"async\" loading=\"lazy\" class=\"alignleft size-full wp-image-4092\" title=\"Reklamn\u00ed podlo\u017eky s odpo\u010d\u00edv\u00e1tkem\" alt=\"Reklamn\u00ed podlo\u017eky s odpo\u010d\u00edv\u00e1tkem\" src=\"http:\/\/predmetyreklamni.eu\/vyrobce\/wp-content\/uploads\/Reklamn\u00ed-podlo\u017eky-s-odpo\u010d\u00edv\u00e1tkem.jpg\" width=\"200\" height=\"200\" srcset=\"https:\/\/predmetyreklamni.eu\/vyrobce\/wp-content\/uploads\/Reklamn\u00ed-podlo\u017eky-s-odpo\u010d\u00edv\u00e1tkem.jpg 200w, https:\/\/predmetyreklamni.eu\/vyrobce\/wp-content\/uploads\/Reklamn\u00ed-podlo\u017eky-s-odpo\u010d\u00edv\u00e1tkem-150x150.jpg 150w\" sizes=\"(max-width: 200px) 100vw, 200px\" \/><\/a>Jak zajistit, aby zam\u011bstnance na konci pracovn\u00edho dne nebolela ruka od pr\u00e1ce s PC? Po\u0159\u00eddit firemn\u00ed podlo\u017eky pod my\u0161 s gelov\u00fdm odpo\u010d\u00edvadlem pro z\u00e1p\u011bst\u00ed. Povrch je p\u0159\u00edjemn\u00fd a snadno se potiskne.<br \/>\n<strong>Materi\u00e1l<\/strong>: silikon, PVC<br \/>\n<strong>Rozm\u011bry<\/strong>: 195x230x6mm nebo na zak\u00e1zku<br \/>\n<strong>Potisk<\/strong>:\u00a0jednobarevn\u00fd, v\u00edcebarevn\u00fd, plnobarevn\u00fd<br \/>\n<strong>Min. objedn\u00e1vka<\/strong>:\u00a0 500 ks<br \/>\n<strong>Cena<\/strong>:\u00a0<a title=\"ZASLAT POPT\u00c1VKU\" href=\"mailto:info@predmetyreklamni.eu\">ZASLAT POPT\u00c1VKU\u00a0<\/a><\/p>\n<\/div>\n<div>\n<h2>Firemn\u00ed podlo\u017eky pod my\u0161 s foto r\u00e1me\u010dkem<\/h2>\n<p><a href=\"http:\/\/predmetyreklamni.eu\/vyrobce\/wp-content\/uploads\/Reklamn\u00ed-podlo\u017eky-s-foto-r\u00e1me\u010dkem.jpg\"><img decoding=\"async\" loading=\"lazy\" class=\"alignleft size-full wp-image-4093\" title=\"Reklamn\u00ed podlo\u017eky s foto r\u00e1me\u010dkem\" alt=\"Reklamn\u00ed podlo\u017eky s foto r\u00e1me\u010dkem\" src=\"http:\/\/predmetyreklamni.eu\/vyrobce\/wp-content\/uploads\/Reklamn\u00ed-podlo\u017eky-s-foto-r\u00e1me\u010dkem.jpg\" width=\"200\" height=\"200\" srcset=\"https:\/\/predmetyreklamni.eu\/vyrobce\/wp-content\/uploads\/Reklamn\u00ed-podlo\u017eky-s-foto-r\u00e1me\u010dkem.jpg 200w, https:\/\/predmetyreklamni.eu\/vyrobce\/wp-content\/uploads\/Reklamn\u00ed-podlo\u017eky-s-foto-r\u00e1me\u010dkem-150x150.jpg 150w\" sizes=\"(max-width: 200px) 100vw, 200px\" \/><\/a>Poskytn\u011bte sv\u00fdm z\u00e1kazn\u00edk\u016fm \u010di zam\u011bstnanc\u016fm skv\u011blou p\u0159\u00edle\u017eitost vlo\u017eit do firemn\u00ed podlo\u017eky pod my\u0161 fotku sv\u00fdch bl\u00edzk\u00fdch. Pr\u00e1ce v p\u0159\u00edjemn\u00e9m prost\u0159ed\u00ed je d\u016fle\u017eit\u00e1 a firemn\u00ed podlo\u017eky pod my\u0161 s foto r\u00e1me\u010dkem k n\u011bmu jist\u011b p\u0159isp\u011bj\u00ed.<br \/>\n<strong>Materi\u00e1l<\/strong>: l\u00e1tka, PVC\/PP, guma, EVA<br \/>\n<strong>Rozm\u011bry<\/strong>: 180x210x3mm\u00a0nebo na zak\u00e1zku<br \/>\n<strong>Potisk<\/strong>:\u00a0jednobarevn\u00fd, v\u00edcebarevn\u00fd, plnobarevn\u00fd<br \/>\n<strong>Min. objedn\u00e1vka<\/strong>:\u00a0 500 ks<br \/>\n<strong>Cena<\/strong>:\u00a0<a title=\"ZASLAT POPT\u00c1VKU\" href=\"mailto:info@predmetyreklamni.eu\">ZASLAT POPT\u00c1VKU\u00a0<\/a><\/p>\n<\/div>\n<div>\n<h2>Firemn\u00ed podlo\u017eky pod my\u0161 s kalend\u00e1\u0159em<\/h2>\n<p><a href=\"http:\/\/predmetyreklamni.eu\/vyrobce\/wp-content\/uploads\/Reklamn\u00ed-podlo\u017eky-s-kalend\u00e1\u0159em.jpg\"><img decoding=\"async\" loading=\"lazy\" class=\"alignleft size-full wp-image-4094\" alt=\"Reklamn\u00ed podlo\u017eky s kalend\u00e1\u0159em\" src=\"http:\/\/predmetyreklamni.eu\/vyrobce\/wp-content\/uploads\/Reklamn\u00ed-podlo\u017eky-s-kalend\u00e1\u0159em.jpg\" width=\"200\" height=\"200\" srcset=\"https:\/\/predmetyreklamni.eu\/vyrobce\/wp-content\/uploads\/Reklamn\u00ed-podlo\u017eky-s-kalend\u00e1\u0159em.jpg 200w, https:\/\/predmetyreklamni.eu\/vyrobce\/wp-content\/uploads\/Reklamn\u00ed-podlo\u017eky-s-kalend\u00e1\u0159em-150x150.jpg 150w\" sizes=\"(max-width: 200px) 100vw, 200px\" \/><\/a>Firemn\u00ed podlo\u017eky pod my\u0161 mohou snadno fungovat i jako kalend\u00e1\u0159. Stanou se tak velmi popul\u00e1rn\u00edm d\u00e1rkem, kter\u00fd vyu\u017eije ka\u017ed\u00fd. Va\u0161e logo se tak dostane z\u00e1kazn\u00edk\u016fm \u010di obchodn\u00edm partner\u016fm na o\u010di prakticky zadarmo!<br \/>\n<strong>Materi\u00e1l<\/strong>: ll\u00e1tka, PVC\/PP, guma, EVA<br \/>\n<strong>Rozm\u011bry<\/strong>: 210x210x3mm\u00a0nebo na zak\u00e1zku<br \/>\n<strong>Potisk<\/strong>:\u00a0jednobarevn\u00fd, v\u00edcebarevn\u00fd, plnobarevn\u00fd<br \/>\n<strong>Min. objedn\u00e1vka<\/strong>:\u00a0 500 ks<br \/>\n<strong>Cena<\/strong>:\u00a0<a title=\"ZASLAT POPT\u00c1VKU\" href=\"mailto:info@predmetyreklamni.eu\">ZASLAT POPT\u00c1VKU\u00a0<\/a><\/p>\n<\/div>\n<div>\n<h2>Firemn\u00ed podlo\u017eky pod my\u0161 s kalkula\u010dkou<\/h2>\n<p><a href=\"http:\/\/predmetyreklamni.eu\/vyrobce\/wp-content\/uploads\/Reklamn\u00ed-podlo\u017eky-s-kalkula\u010dkou.jpg\"><img decoding=\"async\" loading=\"lazy\" class=\"alignleft size-full wp-image-4095\" title=\"Reklamn\u00ed podlo\u017eky s kalkula\u010dkou\" alt=\"Reklamn\u00ed podlo\u017eky s kalkula\u010dkou\" src=\"http:\/\/predmetyreklamni.eu\/vyrobce\/wp-content\/uploads\/Reklamn\u00ed-podlo\u017eky-s-kalkula\u010dkou.jpg\" width=\"200\" height=\"200\" srcset=\"https:\/\/predmetyreklamni.eu\/vyrobce\/wp-content\/uploads\/Reklamn\u00ed-podlo\u017eky-s-kalkula\u010dkou.jpg 200w, https:\/\/predmetyreklamni.eu\/vyrobce\/wp-content\/uploads\/Reklamn\u00ed-podlo\u017eky-s-kalkula\u010dkou-150x150.jpg 150w\" sizes=\"(max-width: 200px) 100vw, 200px\" \/><\/a>Firemn\u00ed podlo\u017eky pod my\u0161 mohou m\u00edt v sob\u011b zapu\u0161t\u011bnou nap\u0159\u00edklad kalkula\u010dku. Pro lidi, kte\u0159\u00ed pracuj\u00ed s \u010d\u00edsly, budou tyto firemn\u00ed podlo\u017eky pod my\u0161 velice praktick\u00e9. Vyu\u017eijte t\u00e9to v\u00fdhody a oslovte pomoc\u00ed firemn\u00ed podlo\u017eky budouc\u00ed z\u00e1kazn\u00edky!<br \/>\n<strong>Materi\u00e1l<\/strong>: silikon<br \/>\n<strong>Rozm\u011bry<\/strong>: 200x210x4mm\u00a0nebo na zak\u00e1zku<br \/>\n<strong>Potisk<\/strong>:\u00a0jednobarevn\u00fd, v\u00edcebarevn\u00fd<br \/>\n<strong>Min. objedn\u00e1vka<\/strong>:\u00a0 500 ks<br \/>\n<strong>Cena<\/strong>:\u00a0<a title=\"ZASLAT POPT\u00c1VKU\" href=\"mailto:info@predmetyreklamni.eu\">ZASLAT POPT\u00c1VKU\u00a0<\/a><\/p>\n<p>Zaujala V\u00e1s zak\u00e1zkov\u00e1 v\u00fdroba reklamn\u00ed podlo\u017eky a chcete propagovat svou firmu pomoc\u00ed tohoto produktu? Nev\u00e1hejte n\u00e1s kontaktovat pro cenovou nab\u00eddku na emailu:\u00a0<a title=\"info@predmetyreklamni.eu\" href=\"mailto:info@predmetyreklamni.eu\">info@predmetyreklamni.eu<\/a><\/p>\n<p><strong>Do cenov\u00e9 popt\u00e1vky pros\u00edm uve\u010fte pot\u0159ebn\u00e9 informace pro cenovou nab\u00eddku jako<\/strong>: mno\u017estv\u00ed, velikost, barevn\u00e9 proveden\u00ed nebo kombinaci barev, dobu dod\u00e1n\u00ed. V\u0161echny tyto informace n\u00e1m pomohou k rychlej\u0161\u00edmu zpracov\u00e1n\u00ed cenov\u00e9 nab\u00eddky pr\u00e1v\u011b pro V\u00e1s.<\/p>\n<p>T\u011b\u0161\u00edme se na spolupr\u00e1ci! Team Gifts Service<\/p>\n<\/div>\n<\/div>\n","protected":false},"excerpt":{"rendered":"<p>FIREMN\u00cd PODLO\u017dKY POD MY\u0160 Speci\u00e1ln\u00ed firemn\u00ed podlo\u017eky pod my\u0161 kvalitn\u011b a levn\u011b! Podlo\u017eky pod my\u0161 s firemn\u00edm nebo jin\u00fdm potiskem pat\u0159\u00ed mezi jedny z nejefektivn\u011bj\u0161\u00edch reklamn\u00edch p\u0159edm\u011bt\u016f. Nab\u00edz\u00edme \u0161irok\u00fd v\u00fdb\u011br, z kter\u00e9ho si zajist\u00e9 vyberete a budete svou spole\u010dnost propagovat &hellip; <a href=\"https:\/\/predmetyreklamni.eu\/vyrobce\/firemni-podlozky-pod-mys\/\">Continue reading <span class=\"meta-nav\">&rarr;<\/span><\/a><\/p>\n","protected":false},"author":1,"featured_media":0,"parent":0,"menu_order":28,"comment_status":"closed","ping_status":"open","template":"sidebar-page.php","meta":[],"_links":{"self":[{"href":"https:\/\/predmetyreklamni.eu\/vyrobce\/wp-json\/wp\/v2\/pages\/3868"}],"collection":[{"href":"https:\/\/predmetyreklamni.eu\/vyrobce\/wp-json\/wp\/v2\/pages"}],"about":[{"href":"https:\/\/predmetyreklamni.eu\/vyrobce\/wp-json\/wp\/v2\/types\/page"}],"author":[{"embeddable":true,"href":"https:\/\/predmetyreklamni.eu\/vyrobce\/wp-json\/wp\/v2\/users\/1"}],"replies":[{"embeddable":true,"href":"https:\/\/predmetyreklamni.eu\/vyrobce\/wp-json\/wp\/v2\/comments?post=3868"}],"version-history":[{"count":18,"href":"https:\/\/predmetyreklamni.eu\/vyrobce\/wp-json\/wp\/v2\/pages\/3868\/revisions"}],"predecessor-version":[{"id":4112,"href":"https:\/\/predmetyreklamni.eu\/vyrobce\/wp-json\/wp\/v2\/pages\/3868\/revisions\/4112"}],"wp:attachment":[{"href":"https:\/\/predmetyreklamni.eu\/vyrobce\/wp-json\/wp\/v2\/media?parent=3868"}],"curies":[{"name":"wp","href":"https:\/\/api.w.org\/{rel}","templated":true}]}}