{"id":3939,"date":"2014-09-12T07:57:34","date_gmt":"2014-09-12T07:57:34","guid":{"rendered":"http:\/\/predmetyreklamni.eu\/vyrobce\/?page_id=3939"},"modified":"2014-10-09T19:43:08","modified_gmt":"2014-10-09T19:43:08","slug":"reklamni-skrabky-na-led-na-zakazku","status":"publish","type":"page","link":"https:\/\/predmetyreklamni.eu\/vyrobce\/reklamni-skrabky-na-led-na-zakazku\/","title":{"rendered":"Reklamn\u00ed \u0161krabky na led na zak\u00e1zku"},"content":{"rendered":"<h1 style=\"text-align: justify;\">REKLAMN\u00cd \u0160KRABKY NA LED NA ZAK\u00c1ZKU<\/h1>\n<h2 style=\"text-align: justify;\">\u0160krabky na led na zak\u00e1zku jako reklamn\u00ed p\u0159edm\u011bt<\/h2>\n<p style=\"text-align: justify;\"><a href=\"http:\/\/predmetyreklamni.eu\/vyrobce\/wp-content\/uploads\/Reklamn\u00ed-\u0161krabky-na-led-v\u00fdrobce.jpg\"><img decoding=\"async\" loading=\"lazy\" class=\"alignleft  wp-image-4159\" title=\"Reklamn\u00ed \u0161krabky na led v\u00fdrobce\" alt=\"Reklamn\u00ed \u0161krabky na led v\u00fdrobce\" src=\"http:\/\/predmetyreklamni.eu\/vyrobce\/wp-content\/uploads\/Reklamn\u00ed-\u0161krabky-na-led-v\u00fdrobce-300x195.jpg\" width=\"240\" height=\"156\" srcset=\"https:\/\/predmetyreklamni.eu\/vyrobce\/wp-content\/uploads\/Reklamn\u00ed-\u0161krabky-na-led-v\u00fdrobce-300x195.jpg 300w, https:\/\/predmetyreklamni.eu\/vyrobce\/wp-content\/uploads\/Reklamn\u00ed-\u0161krabky-na-led-v\u00fdrobce.jpg 420w\" sizes=\"(max-width: 240px) 100vw, 240px\" \/><\/a>Reklamn\u00ed \u0161krabky na led v zimn\u00edch m\u011bs\u00edc\u00edch najdou zajist\u00e9 vyu\u017eit\u00ed, a proto darovat sv\u00fdm klient\u016fm, obchodn\u00edm partner\u016fm nebo zam\u011bstnanc\u016fm \u0161krabky na led jako reklamn\u00ed d\u00e1rek je jist\u011b dobrou volbou. Nechte si proto vyrobit na zak\u00e1zku reklamn\u00ed \u0161krabky s logem firmy a propagujte svou zna\u010dku efektivn\u011b.<\/p>\n<h2 style=\"text-align: justify;\">Reklamn\u00ed \u0161krabky na led na zak\u00e1zku nab\u00eddka<\/h2>\n<p style=\"text-align: justify;\">Poskytujeme \u0161irokou nab\u00eddku reklamn\u00ed \u0161krabky na led, kterou pro V\u00e1s na zak\u00e1zku vyrob\u00edme dle Va\u0161eho zad\u00e1n\u00ed. Reklamn\u00ed \u0161krabky na led mohou m\u00edt mnoho podob a proto si prohl\u00e9dn\u011bte na\u0161\u00ed nab\u00eddku a nev\u00e1hejte n\u00e1s kontaktovat pro cenovou nab\u00eddku.<\/p>\n<p style=\"text-align: justify;\"><div class=\"aio-button-right\"><div class=\"aio-pulse\"><a href=\"http:\/\/predmetyreklamni.eu\/vyrobce\/propagacni-skrabky-na-led-s-potiskem\/\" class=\"aio-blue\" title=\"\u0160KRABKY NA LED NAB\u00cdDKA &gt;&gt;&gt;\">\u0160KRABKY NA LED NAB\u00cdDKA &gt;&gt;&gt;<\/a><\/div><\/div><\/p>\n<h2 style=\"text-align: justify;\">Reklamn\u00ed \u0161krabky na led na zak\u00e1zku materi\u00e1ly<\/h2>\n<p style=\"text-align: justify;\">Pro v\u00fdrobu reklamn\u00ed \u0161krabky na led na zak\u00e1zku pou\u017e\u00edv\u00e1me kvalitn\u00ed materi\u00e1ly. Reklamn\u00ed \u0161krabky na led se vyr\u00e1b\u00ed p\u0159ev\u00e1\u017en\u011b z tvrzen\u00e9ho plastu, kter\u00fd je velice odoln\u00fd, m\u00e1 vysokou \u017eivotnost a je dob\u0159e tvarovateln\u00fd. Reklamn\u00ed \u0161krabky na led mohou b\u00fdt na zak\u00e1zku vylep\u0161eny tak\u00e9 praktickou gumovou st\u011brkou, parkovac\u00edmi hodinami, smet\u00e1\u010dkem \u010di rukavic\u00ed je\u017e V\u00e1s uchr\u00e1n\u00ed p\u0159ed studen\u00fdm sn\u011bhem a ledem. Sta\u010d\u00ed si jen vybrat.<\/p>\n<p style=\"text-align: justify;\"><a href=\"http:\/\/predmetyreklamni.eu\/vyrobce\/wp-content\/uploads\/reklamn\u00ed-\u0161krabky-na-led-rukavice.jpg\"><img decoding=\"async\" loading=\"lazy\" class=\"alignleft size-thumbnail wp-image-4190\" title=\"reklamn\u00ed \u0161krabky na led rukavice\" alt=\"reklamn\u00ed \u0161krabky na led rukavice\" src=\"http:\/\/predmetyreklamni.eu\/vyrobce\/wp-content\/uploads\/reklamn\u00ed-\u0161krabky-na-led-rukavice-150x150.jpg\" width=\"150\" height=\"150\" \/><\/a><\/p>\n<p style=\"text-align: justify;\"><a href=\"http:\/\/predmetyreklamni.eu\/vyrobce\/wp-content\/uploads\/Firemn\u00ed-\u0161krabky-na-led.jpg\"><img decoding=\"async\" loading=\"lazy\" class=\"alignleft size-thumbnail wp-image-4193\" title=\"Firemn\u00ed \u0161krabky na led\" alt=\"Firemn\u00ed \u0161krabky na led\" src=\"http:\/\/predmetyreklamni.eu\/vyrobce\/wp-content\/uploads\/Firemn\u00ed-\u0161krabky-na-led-150x150.jpg\" width=\"150\" height=\"150\" srcset=\"https:\/\/predmetyreklamni.eu\/vyrobce\/wp-content\/uploads\/Firemn\u00ed-\u0161krabky-na-led-150x150.jpg 150w, https:\/\/predmetyreklamni.eu\/vyrobce\/wp-content\/uploads\/Firemn\u00ed-\u0161krabky-na-led-300x300.jpg 300w, https:\/\/predmetyreklamni.eu\/vyrobce\/wp-content\/uploads\/Firemn\u00ed-\u0161krabky-na-led-299x300.jpg 299w, https:\/\/predmetyreklamni.eu\/vyrobce\/wp-content\/uploads\/Firemn\u00ed-\u0161krabky-na-led.jpg 324w\" sizes=\"(max-width: 150px) 100vw, 150px\" \/><\/a><\/p>\n<p style=\"text-align: justify;\"><a href=\"http:\/\/predmetyreklamni.eu\/vyrobce\/wp-content\/uploads\/Promo-\u0161krabky-na-led-v\u00fdrobce.jpg\"><img decoding=\"async\" loading=\"lazy\" class=\"alignleft size-thumbnail wp-image-4195\" alt=\"Promo \u0161krabky na led v\u00fdrobce\" src=\"http:\/\/predmetyreklamni.eu\/vyrobce\/wp-content\/uploads\/Promo-\u0161krabky-na-led-v\u00fdrobce-150x150.jpg\" width=\"150\" height=\"150\" \/><\/a><\/p>\n<h2 style=\"text-align: justify;\">Reklamn\u00ed \u0161krabky na led potisk na zak\u00e1zku<\/h2>\n<p style=\"text-align: justify;\">Reklamn\u00ed \u0161krabky na led lze na zak\u00e1zku tak\u00e9 potisknout logem, sloganem \u010di jinou grafikou dle zad\u00e1n\u00ed klienta. Pro potisk reklamn\u00ed \u0161krabky na led se nej\u010dast\u011bji vyu\u017e\u00edv\u00e1 s\u00edtotisku a to jednou \u010di v\u00edce barvami. N\u011bkter\u00e9 typy reklamn\u00ed \u0161krabky na led lze na zak\u00e1zku potisknout tak\u00e9 plnobarevn\u00fdm potiskem. Na reklamn\u00ed \u0161krabky na led se na zak\u00e1zku nej\u010dast\u011bji tiskne logo firmy, slogan, kontaktn\u00ed \u00fadaje firmy nebo webov\u00e9 str\u00e1nky.<\/p>\n<h2 style=\"text-align: justify;\">Reklamn\u00ed \u0161krabky na led na zak\u00e1zku pro Va\u0161e z\u00e1kazn\u00edky<\/h2>\n<p style=\"text-align: justify;\">Mal\u00e9 plastov\u00e9 \u0161krabky na led na zak\u00e1zku pat\u0159\u00ed mezi levn\u00e9 reklamn\u00ed p\u0159edm\u011bty, kter\u00e9 p\u0159ili\u0161 nezat\u00ed\u017e\u00ed finan\u010dn\u00ed rozpo\u010det. \u00a0\u0160krabky na led p\u0159itom z\u00e1rove\u0148 nab\u00edz\u00ed pom\u011brn\u011b velkou plochu pro potisk a tud\u00ed\u017e p\u0159\u00edle\u017eitost jak oslovit.\u00a0Va\u0161i z\u00e1kazn\u00edci, obchodn\u00ed partne\u0159i nebo zam\u011bstnanci jist\u011b ocen\u00ed praktick\u00fd d\u00e1rek, kter\u00fd je zachr\u00e1n\u00ed v zim\u011b zachr\u00e1n\u00ed p\u0159ed sv\u00edzelnou situac\u00ed.\u00a0Nenechte si uj\u00edt obrovskou p\u0159\u00edle\u017eitost, kterou reklamn\u00ed\u00a0\u0161krabky na led\u00a0nab\u00edz\u00ed a mo\u017en\u00e1 s jej\u00ed pomoc\u00ed zaujmete a z\u00edsk\u00e1te nov\u00e9 z\u00e1kazn\u00edky.<\/p>\n<p style=\"text-align: justify;\">Zaujala V\u00e1s na\u0161e nab\u00eddka a chcete propagovat svou firmu a zna\u010dku pomoc\u00ed p\u0159edm\u011btu reklamn\u00ed \u0161krabky na led na zak\u00e1zku? Nev\u00e1hejte n\u00e1s kontaktovat pro cenovou nab\u00eddku na emailu:\u00a0<a title=\"info@predmetyreklamni.eu\" href=\"mailto:info@predmetyreklamni.eu\">info@predmetyreklamni.eu<\/a><\/p>\n<p style=\"text-align: justify;\"><strong>Do cenov\u00e9 popt\u00e1vky pros\u00edm uve\u010fte pot\u0159ebn\u00e9 informace pro cenovou nab\u00eddku jako<\/strong>: mno\u017estv\u00ed, velikost, barevn\u00e9 proveden\u00ed nebo kombinaci barev, dobu dod\u00e1n\u00ed. V\u0161echny tyto informace n\u00e1m pomohou k rychlej\u0161\u00edmu zpracov\u00e1n\u00ed cenov\u00e9 nab\u00eddky pr\u00e1v\u011b pro V\u00e1s.<\/p>\n<p style=\"text-align: justify;\">T\u011b\u0161\u00edme se na spolupr\u00e1ci! Team Gifts Service<\/p>\n","protected":false},"excerpt":{"rendered":"<p>REKLAMN\u00cd \u0160KRABKY NA LED NA ZAK\u00c1ZKU \u0160krabky na led na zak\u00e1zku jako reklamn\u00ed p\u0159edm\u011bt Reklamn\u00ed \u0161krabky na led v zimn\u00edch m\u011bs\u00edc\u00edch najdou zajist\u00e9 vyu\u017eit\u00ed, a proto darovat sv\u00fdm klient\u016fm, obchodn\u00edm partner\u016fm nebo zam\u011bstnanc\u016fm \u0161krabky na led jako reklamn\u00ed d\u00e1rek je &hellip; <a href=\"https:\/\/predmetyreklamni.eu\/vyrobce\/reklamni-skrabky-na-led-na-zakazku\/\">Continue reading <span class=\"meta-nav\">&rarr;<\/span><\/a><\/p>\n","protected":false},"author":1,"featured_media":0,"parent":0,"menu_order":30,"comment_status":"closed","ping_status":"open","template":"sidebar-page.php","meta":[],"_links":{"self":[{"href":"https:\/\/predmetyreklamni.eu\/vyrobce\/wp-json\/wp\/v2\/pages\/3939"}],"collection":[{"href":"https:\/\/predmetyreklamni.eu\/vyrobce\/wp-json\/wp\/v2\/pages"}],"about":[{"href":"https:\/\/predmetyreklamni.eu\/vyrobce\/wp-json\/wp\/v2\/types\/page"}],"author":[{"embeddable":true,"href":"https:\/\/predmetyreklamni.eu\/vyrobce\/wp-json\/wp\/v2\/users\/1"}],"replies":[{"embeddable":true,"href":"https:\/\/predmetyreklamni.eu\/vyrobce\/wp-json\/wp\/v2\/comments?post=3939"}],"version-history":[{"count":21,"href":"https:\/\/predmetyreklamni.eu\/vyrobce\/wp-json\/wp\/v2\/pages\/3939\/revisions"}],"predecessor-version":[{"id":4206,"href":"https:\/\/predmetyreklamni.eu\/vyrobce\/wp-json\/wp\/v2\/pages\/3939\/revisions\/4206"}],"wp:attachment":[{"href":"https:\/\/predmetyreklamni.eu\/vyrobce\/wp-json\/wp\/v2\/media?parent=3939"}],"curies":[{"name":"wp","href":"https:\/\/api.w.org\/{rel}","templated":true}]}}