{"id":4211,"date":"2014-10-16T19:54:48","date_gmt":"2014-10-16T19:54:48","guid":{"rendered":"http:\/\/predmetyreklamni.eu\/vyrobce\/?page_id=4211"},"modified":"2020-04-21T06:04:45","modified_gmt":"2020-04-21T06:04:45","slug":"rychla-poptavka","status":"publish","type":"page","link":"https:\/\/predmetyreklamni.eu\/vyrobce\/rychla-poptavka\/","title":{"rendered":"Rychl\u00e1 popt\u00e1vka"},"content":{"rendered":"<h1>RYCHL\u00c1 POPT\u00c1VKA V\u00ddROBY REKLAMN\u00cdCH P\u0158EDM\u011aT\u016e<\/h1>\n<h2>Vypl\u0148te n\u00ed\u017ee uveden\u00fd formul\u00e1\u0159 a rychl\u00e1 popt\u00e1vka n\u00e1m bude ihned odesl\u00e1na!<\/h2>\n<p>N\u00e1\u0161 team se bude Va\u0161\u00ed popt\u00e1vce v\u011bnovat co nejd\u0159\u00edve a budeme V\u00e1s kontaktovat.<\/p>\n<p>[contact-form-7 id=&#8221;4214&#8243; title=&#8221;Rychl\u00e1 popt\u00e1vka&#8221;]<\/p>\n<p>&nbsp;<\/p>\n","protected":false},"excerpt":{"rendered":"<p>RYCHL\u00c1 POPT\u00c1VKA V\u00ddROBY REKLAMN\u00cdCH P\u0158EDM\u011aT\u016e Vypl\u0148te n\u00ed\u017ee uveden\u00fd formul\u00e1\u0159 a rychl\u00e1 popt\u00e1vka n\u00e1m bude ihned odesl\u00e1na! N\u00e1\u0161 team se bude Va\u0161\u00ed popt\u00e1vce v\u011bnovat co nejd\u0159\u00edve a budeme V\u00e1s kontaktovat. [contact-form-7 id=&#8221;4214&#8243; title=&#8221;Rychl\u00e1 popt\u00e1vka&#8221;] &nbsp;<\/p>\n","protected":false},"author":1,"featured_media":0,"parent":0,"menu_order":6,"comment_status":"closed","ping_status":"closed","template":"sidebar-page.php","meta":[],"_links":{"self":[{"href":"https:\/\/predmetyreklamni.eu\/vyrobce\/wp-json\/wp\/v2\/pages\/4211"}],"collection":[{"href":"https:\/\/predmetyreklamni.eu\/vyrobce\/wp-json\/wp\/v2\/pages"}],"about":[{"href":"https:\/\/predmetyreklamni.eu\/vyrobce\/wp-json\/wp\/v2\/types\/page"}],"author":[{"embeddable":true,"href":"https:\/\/predmetyreklamni.eu\/vyrobce\/wp-json\/wp\/v2\/users\/1"}],"replies":[{"embeddable":true,"href":"https:\/\/predmetyreklamni.eu\/vyrobce\/wp-json\/wp\/v2\/comments?post=4211"}],"version-history":[{"count":6,"href":"https:\/\/predmetyreklamni.eu\/vyrobce\/wp-json\/wp\/v2\/pages\/4211\/revisions"}],"predecessor-version":[{"id":4218,"href":"https:\/\/predmetyreklamni.eu\/vyrobce\/wp-json\/wp\/v2\/pages\/4211\/revisions\/4218"}],"wp:attachment":[{"href":"https:\/\/predmetyreklamni.eu\/vyrobce\/wp-json\/wp\/v2\/media?parent=4211"}],"curies":[{"name":"wp","href":"https:\/\/api.w.org\/{rel}","templated":true}]}}