{"id":4354,"date":"2015-08-04T20:54:38","date_gmt":"2015-08-04T20:54:38","guid":{"rendered":"http:\/\/predmetyreklamni.eu\/vyrobce\/?page_id=4354"},"modified":"2015-08-05T07:44:42","modified_gmt":"2015-08-05T07:44:42","slug":"reklamni-silikonove-hodinky","status":"publish","type":"page","link":"https:\/\/predmetyreklamni.eu\/vyrobce\/reklamni-silikonove-hodinky\/","title":{"rendered":"Reklamn\u00ed silikonov\u00e9 hodinky"},"content":{"rendered":"<h1 style=\"text-align: justify;\">REKLAMN\u00cd SILIKONOV\u00c9 HODINKY<\/h1>\n<h2 style=\"text-align: justify;\">Pro\u010d silikonov\u00e9 hodinky jako reklamn\u00ed p\u0159edm\u011bt?<\/h2>\n<p style=\"text-align: justify;\"><a href=\"http:\/\/predmetyreklamni.eu\/vyrobce\/wp-content\/uploads\/reklamn\u00ed-silikonov\u00e9-hodinky-na-zak\u00e1zku.jpg\"><img decoding=\"async\" loading=\"lazy\" class=\"alignleft size-full wp-image-4355\" alt=\"reklamn\u00ed silikonov\u00e9 hodinky na zak\u00e1zku\" src=\"http:\/\/predmetyreklamni.eu\/vyrobce\/wp-content\/uploads\/reklamn\u00ed-silikonov\u00e9-hodinky-na-zak\u00e1zku.jpg\" width=\"275\" height=\"183\" \/><\/a>O doby kdy ODM uvedla na trh hranat\u00e9 silikonov\u00e9 hodiny, st\u00e1vaj\u00ed se v\u00edce a v\u00edce popul\u00e1rn\u00ed. D\u00edky tomu \u017ee silikonov\u00e9 hodinky jsou vyrobeny z m\u011bkk\u00e9ho silikonu a tak\u00e9 d\u00edky nep\u0159ebern\u00e9mu mno\u017estv\u00ed barev si silikonov\u00e9 hodinky z\u00edskaly mnoho p\u0159\u00edznivc\u016f v\u010detn\u011b celebrit. V sou\u010dasn\u00e9 dob\u011b mnoho spole\u010dnost\u00ed vyr\u00e1b\u011bj\u00edc\u00ed hodinky uv\u00e1d\u00ed na trh vlastn\u00ed silikonov\u00e9 hodinky v m\u00f3dn\u00edm jelly stylu.<\/p>\n<p style=\"text-align: justify;\"><div class=\"aio-button-right\"><div class=\"aio-pulse\"><a target=\"_blank\" href=\"http:\/\/predmetyreklamni.eu\/vyrobce\/silikonove-hodinky-na-zakazku\/\" class=\"aio-blue\" title=\"SILIKONOV\u00c9 HODINKY NAB\u00cdDKA &gt;&gt;&gt;\">SILIKONOV\u00c9 HODINKY NAB\u00cdDKA &gt;&gt;&gt;<\/a><\/div><\/div><\/p>\n<h2 style=\"text-align: justify;\">Reklamn\u00ed silikonov\u00e9 hodinky ze 100% silikonu<\/h2>\n<p style=\"text-align: justify;\">Reklamn\u00ed silikonov\u00e9 hodinky jsou vyrobeny ze 100% silikonu, kter\u00fd je zn\u00e1m jako ekologicky \u0161etrn\u00fd materi\u00e1l. Silikon je velmi \u0161etrn\u00fd k \u017eivotn\u00edmu prost\u0159ed\u00ed a nepo\u0161kozuje lidsk\u00e9 zdrav\u00ed. Silikonov\u00e9 hodinky jsou m\u011bkk\u00e9 a velice pohodln\u00e9 a p\u0159\u00edjemn\u00e9 na no\u0161en\u00ed, proto si lid\u00e9 silikonov\u00e9 hodinky velice obl\u00edbili. Nav\u00edc se do p\u00e1sku pro silikonov\u00e9 hodinky m\u016f\u017ee p\u0159idat iont, kter\u00fd m\u016f\u017ee odstra\u0148ovat \u00fanavu, regulovat krevn\u00ed ob\u011bh a tak zlep\u0161ovat lidsk\u00e9 zdrav\u00ed. Silikonov\u00e9 reklamn\u00ed hodinky nemaj\u00ed vysok\u00e9 v\u00fdrobn\u00ed n\u00e1klady. P\u0159esto\u017ee silikonov\u00e9 hodinky jsou velice prod\u00e1van\u00e9 na trhu jejich cena je st\u00e1le p\u0159ekvapiv\u011b n\u00edzk\u00e1 ve srovn\u00e1n\u00ed s jin\u00fdm reklamn\u00edmi p\u0159edm\u011bty tohoto typu. Domn\u00edv\u00e1me se, \u017ee reklamn\u00ed silikonov\u00e9 hodinky maj\u00ed vysokou efektivitu a jsou v\u00fdbornou volbou pokud je vyberete jako reklamn\u00ed d\u00e1rek pro sv\u00e9 z\u00e1kazn\u00edky \u010di obchodn\u00ed partnery.<\/p>\n<h2 style=\"text-align: justify;\">Reklamn\u00ed siliknov\u00e9 hodinky produktov\u00e9 video<\/h2>\n<p style=\"text-align: justify;\">N\u00ed\u017ee V\u00e1m p\u0159edstav\u00edme ty nejjednodu\u0161\u0161\u00ed reklamn\u00ed silikonov\u00e9 hodinky, kter\u00fdmi m\u016f\u017eete propagovat svou firmu.<\/p>\n<p style=\"text-align: justify;\"><iframe loading=\"lazy\" src=\"\/\/www.youtube.com\/embed\/XJ7V7JDmkyI?feature=player_detailpage\" height=\"300\" width=\"440\" frameborder=\"0\"><\/iframe><\/p>\n<h2 style=\"text-align: justify;\">Reklamn\u00ed silikonov\u00e9 hodinky k propagaci firmy<\/h2>\n<p style=\"text-align: justify;\">Zvolit reklamn\u00ed silikonov\u00e9 hodinky jako promo firmy je v\u00fdborn\u00fd tah, proto\u017ee existuje nep\u0159ebern\u00e9 mno\u017estv\u00ed styl\u016f. Reklamn\u00ed silikonov\u00e9 hodinky jsou kvalitn\u00ed a trvanliv\u00e9 a hlavn\u011b m\u00f3dn\u00ed. Reklamn\u00ed silikonov\u00e9 hodinky m\u016f\u017eeme vyrobit dle nejnov\u011bj\u0161\u00edch design\u016f, barev a styl\u016f pro mu\u017ee, \u017eeny a d\u011bti. Nez\u00e1le\u017e\u00ed na velikosti p\u00e1sku vyrob\u00edme siln\u00e9 nebo tenk\u00e9 a cifern\u00edk mal\u00fd nebo velk\u00fd. M\u016f\u017eeme uspokojit t\u00e9m\u011b\u0159 v\u0161echna p\u0159\u00e1n\u00ed a pot\u0159eby. Vyb\u00edrejte ze stovek druh\u016f skv\u011bl\u00fdch hodinek a nechte si vyrobit reklamn\u00ed silikonov\u00e9 hodinky a \u0161okujte origin\u00e1ln\u00edm reklamn\u00edm p\u0159edm\u011btem.<\/p>\n<p style=\"text-align: justify;\">Zaujala V\u00e1s na\u0161e nab\u00eddka a chcete si nechat pro svou firmu vyrobit vlastn\u00ed reklamn\u00ed silikonov\u00e9 hodinky na zak\u00e1zku a propagovat svou firmu efektivn\u011b? Kontaktujte n\u00e1s pro cenovou nab\u00eddku:\u00a0<a href=\"mailto:info@predmetyreklamni.eu\">info@predmetyreklamni.eu<\/a><\/p>\n<p style=\"text-align: justify;\">T\u011b\u0161\u00edme se na spolupr\u00e1ci! Team Gifts Service<\/p>\n","protected":false},"excerpt":{"rendered":"<p>REKLAMN\u00cd SILIKONOV\u00c9 HODINKY Pro\u010d silikonov\u00e9 hodinky jako reklamn\u00ed p\u0159edm\u011bt? O doby kdy ODM uvedla na trh hranat\u00e9 silikonov\u00e9 hodiny, st\u00e1vaj\u00ed se v\u00edce a v\u00edce popul\u00e1rn\u00ed. D\u00edky tomu \u017ee silikonov\u00e9 hodinky jsou vyrobeny z m\u011bkk\u00e9ho silikonu a tak\u00e9 d\u00edky nep\u0159ebern\u00e9mu mno\u017estv\u00ed &hellip; <a href=\"https:\/\/predmetyreklamni.eu\/vyrobce\/reklamni-silikonove-hodinky\/\">Continue reading <span class=\"meta-nav\">&rarr;<\/span><\/a><\/p>\n","protected":false},"author":1,"featured_media":0,"parent":0,"menu_order":31,"comment_status":"closed","ping_status":"open","template":"sidebar-page.php","meta":[],"_links":{"self":[{"href":"https:\/\/predmetyreklamni.eu\/vyrobce\/wp-json\/wp\/v2\/pages\/4354"}],"collection":[{"href":"https:\/\/predmetyreklamni.eu\/vyrobce\/wp-json\/wp\/v2\/pages"}],"about":[{"href":"https:\/\/predmetyreklamni.eu\/vyrobce\/wp-json\/wp\/v2\/types\/page"}],"author":[{"embeddable":true,"href":"https:\/\/predmetyreklamni.eu\/vyrobce\/wp-json\/wp\/v2\/users\/1"}],"replies":[{"embeddable":true,"href":"https:\/\/predmetyreklamni.eu\/vyrobce\/wp-json\/wp\/v2\/comments?post=4354"}],"version-history":[{"count":9,"href":"https:\/\/predmetyreklamni.eu\/vyrobce\/wp-json\/wp\/v2\/pages\/4354\/revisions"}],"predecessor-version":[{"id":4374,"href":"https:\/\/predmetyreklamni.eu\/vyrobce\/wp-json\/wp\/v2\/pages\/4354\/revisions\/4374"}],"wp:attachment":[{"href":"https:\/\/predmetyreklamni.eu\/vyrobce\/wp-json\/wp\/v2\/media?parent=4354"}],"curies":[{"name":"wp","href":"https:\/\/api.w.org\/{rel}","templated":true}]}}