{"id":440,"date":"2013-03-29T10:27:34","date_gmt":"2013-03-29T10:27:34","guid":{"rendered":"http:\/\/predmetyreklamni.eu\/vyrobce\/?page_id=440"},"modified":"2020-04-23T09:01:46","modified_gmt":"2020-04-23T09:01:46","slug":"vyroba-rohozek-s-logem-na-miru","status":"publish","type":"page","link":"https:\/\/predmetyreklamni.eu\/vyrobce\/vyroba-rohozek-s-logem-na-miru\/","title":{"rendered":"V\u00fdroba roho\u017eek s logem na m\u00edru"},"content":{"rendered":"<p><\/p>\n<h1>V\u00ddROBA ROHO\u017dEK S LOGEM NA M\u00cdRU<\/h1>\n<h2>V\u00fdroba roho\u017eek s logem na m\u00edru<\/h2>\n<p style=\"text-align: justify;\">Na\u0161e firma je specialista v oboru v\u00fdroba roho\u017eek na m\u00edru, a to na trz\u00edch evropsk\u00fdch i sv\u011btov\u00fdch. M\u00e1me kontakty na tov\u00e1rny, kde v\u00fdroba roho\u017eek s logem na m\u00edru prob\u00edh\u00e1. Tyto tov\u00e1rny disponuj\u00ed nejmodern\u011bj\u0161\u00edmi technologiemi a efektivn\u00edmi v\u00fdrobn\u00edmi linkami, kter\u00e9 jsou schopn\u00e9 v\u00fdrobu roho\u017eek s logem na m\u00edru zajisti velmi rychle a s men\u0161\u00edmi n\u00e1klady ne\u017e ostatn\u00ed v\u00fdrobci. \u00a0V\u00fdroba roho\u017eek s logem na m\u00edru, m\u016f\u017ee b\u00fdt d\u00edky \u0161irok\u00e9 \u0161k\u00e1le r\u016fzn\u00fdch v\u00fdrobn\u00edch stroj\u016f sestavena na v\u00fdrobn\u00ed lince, tak aby na n\u00ed \u0161ly vyrobit roho\u017ee jak\u00e9hokoliv tvaru, velikosti, typu a barvy. \u00a0V\u00fdroba roho\u017eek s logem a na m\u00edru p\u0159esn\u011b Va\u0161emu zad\u00e1n\u00ed &#8211; kvalitn\u00ed roho\u017ee a za rozumn\u00e9 ceny s v\u00fdrazn\u00fdmi mno\u017estevn\u00edmi slevami.<\/p>\n<div id=\"attachment_4729\" style=\"width: 634px\" class=\"wp-caption alignleft\"><a href=\"http:\/\/predmetyreklamni.eu\/vyrobce\/wp-content\/uploads\/NO1.png\"><img aria-describedby=\"caption-attachment-4729\" decoding=\"async\" loading=\"lazy\" class=\"n\u00edzko z\u00e1t\u011b\u017eov\u00e1 reklmn\u00ed roho\u017eka na zak\u00e1zku wp-image-4729 size-full\" title=\"n\u00edzko z\u00e1t\u011b\u017eov\u00e1 reklmn\u00ed roho\u017eka na zak\u00e1zku\" src=\"http:\/\/predmetyreklamni.eu\/vyrobce\/wp-content\/uploads\/NO1.png\" alt=\"n\u00edzko z\u00e1t\u011b\u017eov\u00e1 reklmn\u00ed roho\u017eka na zak\u00e1zku\" width=\"624\" height=\"482\" srcset=\"https:\/\/predmetyreklamni.eu\/vyrobce\/wp-content\/uploads\/NO1.png 624w, https:\/\/predmetyreklamni.eu\/vyrobce\/wp-content\/uploads\/NO1-300x232.png 300w, https:\/\/predmetyreklamni.eu\/vyrobce\/wp-content\/uploads\/NO1-388x300.png 388w\" sizes=\"(max-width: 624px) 100vw, 624px\" \/><\/a><p id=\"caption-attachment-4729\" class=\"wp-caption-text\">n\u00edzko z\u00e1t\u011b\u017eov\u00e1 reklmn\u00ed roho\u017eka na zak\u00e1zku<\/p><\/div>\n<div id=\"attachment_4730\" style=\"width: 627px\" class=\"wp-caption alignleft\"><a href=\"http:\/\/predmetyreklamni.eu\/vyrobce\/wp-content\/uploads\/NO1-.png\"><img aria-describedby=\"caption-attachment-4730\" decoding=\"async\" loading=\"lazy\" class=\"roho\u017eky se zak\u00e1zkov\u00fdm tiskem n\u00edzko z\u00e1t\u011b\u017eov\u00e1 interierov\u00e1 wp-image-4730 size-full\" title=\"roho\u017eky se zak\u00e1zkov\u00fdm tiskem n\u00edzko z\u00e1t\u011b\u017eov\u00e1 interierov\u00e1\" src=\"http:\/\/predmetyreklamni.eu\/vyrobce\/wp-content\/uploads\/NO1-.png\" alt=\"roho\u017eky se zak\u00e1zkov\u00fdm tiskem n\u00edzko z\u00e1t\u011b\u017eov\u00e1 interierov\u00e1\" width=\"617\" height=\"480\" srcset=\"https:\/\/predmetyreklamni.eu\/vyrobce\/wp-content\/uploads\/NO1-.png 617w, https:\/\/predmetyreklamni.eu\/vyrobce\/wp-content\/uploads\/NO1--300x233.png 300w, https:\/\/predmetyreklamni.eu\/vyrobce\/wp-content\/uploads\/NO1--386x300.png 386w\" sizes=\"(max-width: 617px) 100vw, 617px\" \/><\/a><p id=\"caption-attachment-4730\" class=\"wp-caption-text\">roho\u017eky se zak\u00e1zkov\u00fdm tiskem n\u00edzko z\u00e1t\u011b\u017eov\u00e1 interierov\u00e1<\/p><\/div>\n<div id=\"attachment_4731\" style=\"width: 594px\" class=\"wp-caption alignleft\"><a href=\"http:\/\/predmetyreklamni.eu\/vyrobce\/wp-content\/uploads\/NO1-1.png\"><img aria-describedby=\"caption-attachment-4731\" decoding=\"async\" loading=\"lazy\" class=\"detial povrchu interierov\u00e9 roho\u017eky s logem wp-image-4731 size-large\" title=\"detial povrchu interierov\u00e9 roho\u017eky s logem\" src=\"http:\/\/predmetyreklamni.eu\/vyrobce\/wp-content\/uploads\/NO1-1-1024x563.png\" alt=\"detial povrchu interierov\u00e9 roho\u017eky s logem\" width=\"584\" height=\"321\" srcset=\"https:\/\/predmetyreklamni.eu\/vyrobce\/wp-content\/uploads\/NO1-1-1024x563.png 1024w, https:\/\/predmetyreklamni.eu\/vyrobce\/wp-content\/uploads\/NO1-1-300x165.png 300w, https:\/\/predmetyreklamni.eu\/vyrobce\/wp-content\/uploads\/NO1-1-768x423.png 768w, https:\/\/predmetyreklamni.eu\/vyrobce\/wp-content\/uploads\/NO1-1-500x275.png 500w, https:\/\/predmetyreklamni.eu\/vyrobce\/wp-content\/uploads\/NO1-1.png 1116w\" sizes=\"(max-width: 584px) 100vw, 584px\" \/><\/a><p id=\"caption-attachment-4731\" class=\"wp-caption-text\">detial povrchu interierov\u00e9 roho\u017eky s logem<\/p><\/div>\n<div id=\"attachment_4732\" style=\"width: 945px\" class=\"wp-caption alignleft\"><a href=\"http:\/\/predmetyreklamni.eu\/vyrobce\/wp-content\/uploads\/NO2.png\"><img aria-describedby=\"caption-attachment-4732\" decoding=\"async\" loading=\"lazy\" class=\"z\u00e1t\u011b\u017eov\u00e1 roho\u017eka s logem venkovn\u00ed wp-image-4732 size-full\" title=\"z\u00e1t\u011b\u017eov\u00e1 roho\u017eka s logem venkovn\u00ed\" src=\"http:\/\/predmetyreklamni.eu\/vyrobce\/wp-content\/uploads\/NO2.png\" alt=\"z\u00e1t\u011b\u017eov\u00e1 roho\u017eka s logem venkovn\u00ed\" width=\"935\" height=\"845\" srcset=\"https:\/\/predmetyreklamni.eu\/vyrobce\/wp-content\/uploads\/NO2.png 935w, https:\/\/predmetyreklamni.eu\/vyrobce\/wp-content\/uploads\/NO2-300x271.png 300w, https:\/\/predmetyreklamni.eu\/vyrobce\/wp-content\/uploads\/NO2-768x694.png 768w, https:\/\/predmetyreklamni.eu\/vyrobce\/wp-content\/uploads\/NO2-332x300.png 332w\" sizes=\"(max-width: 935px) 100vw, 935px\" \/><\/a><p id=\"caption-attachment-4732\" class=\"wp-caption-text\">z\u00e1t\u011b\u017eov\u00e1 roho\u017eka s logem venkovn\u00ed<\/p><\/div>\n<div id=\"attachment_4733\" style=\"width: 928px\" class=\"wp-caption alignleft\"><a href=\"http:\/\/predmetyreklamni.eu\/vyrobce\/wp-content\/uploads\/NO2-2.png\"><img aria-describedby=\"caption-attachment-4733\" decoding=\"async\" loading=\"lazy\" class=\"outdoorov\u00e1 reklmn\u00ed roho\u017e wp-image-4733 size-full\" title=\"outdoorov\u00e1 reklmn\u00ed roho\u017e\" src=\"http:\/\/predmetyreklamni.eu\/vyrobce\/wp-content\/uploads\/NO2-2.png\" alt=\"outdoorov\u00e1 reklmn\u00ed roho\u017e\" width=\"918\" height=\"522\" srcset=\"https:\/\/predmetyreklamni.eu\/vyrobce\/wp-content\/uploads\/NO2-2.png 918w, https:\/\/predmetyreklamni.eu\/vyrobce\/wp-content\/uploads\/NO2-2-300x171.png 300w, https:\/\/predmetyreklamni.eu\/vyrobce\/wp-content\/uploads\/NO2-2-768x437.png 768w, https:\/\/predmetyreklamni.eu\/vyrobce\/wp-content\/uploads\/NO2-2-500x284.png 500w\" sizes=\"(max-width: 918px) 100vw, 918px\" \/><\/a><p id=\"caption-attachment-4733\" class=\"wp-caption-text\">outdoorov\u00e1 reklmn\u00ed roho\u017e<\/p><\/div>\n<div id=\"attachment_4734\" style=\"width: 594px\" class=\"wp-caption alignleft\"><a href=\"http:\/\/predmetyreklamni.eu\/vyrobce\/wp-content\/uploads\/no3.png\"><img aria-describedby=\"caption-attachment-4734\" decoding=\"async\" loading=\"lazy\" class=\"z\u00e1t\u011b\u017eov\u00e1 roho\u017e s reliefn\u00edm tiskem wp-image-4734\" title=\"z\u00e1t\u011b\u017eov\u00e1 roho\u017e s reliefn\u00edm tiskem\" src=\"http:\/\/predmetyreklamni.eu\/vyrobce\/wp-content\/uploads\/no3.png\" alt=\"z\u00e1t\u011b\u017eov\u00e1 roho\u017e s reliefn\u00edm tiskem\" width=\"584\" height=\"442\" srcset=\"https:\/\/predmetyreklamni.eu\/vyrobce\/wp-content\/uploads\/no3.png 940w, https:\/\/predmetyreklamni.eu\/vyrobce\/wp-content\/uploads\/no3-300x227.png 300w, https:\/\/predmetyreklamni.eu\/vyrobce\/wp-content\/uploads\/no3-768x582.png 768w, https:\/\/predmetyreklamni.eu\/vyrobce\/wp-content\/uploads\/no3-396x300.png 396w\" sizes=\"(max-width: 584px) 100vw, 584px\" \/><\/a><p id=\"caption-attachment-4734\" class=\"wp-caption-text\">z\u00e1t\u011b\u017eov\u00e1 roho\u017e s reliefn\u00edm tiskem<\/p><\/div>\n<h2>V\u00fdroba roho\u017eek na m\u00edru s logem p\u0159\u00edmo od v\u00fdrobce<\/h2>\n<p style=\"text-align: justify;\">Jako profesion\u00e1ln\u00ed z\u00e1stupce tov\u00e1rny, kde prob\u00edh\u00e1 v\u00fdroba roho\u017eek na m\u00edru s logem se specializujeme p\u0159edev\u0161\u00edm na origin\u00e1ln\u00ed design (tedy zak\u00e1zkovou v\u00fdrobu), proto\u017ee co je origin\u00e1ln\u00ed je zaj\u00edmav\u00e9 a upout\u00e1v\u00e1 pozornost lid\u00ed, co\u017e je hlavn\u00ed \u00fa\u010del reklamn\u00edch roho\u017eek na m\u00edru s logem. V\u00fdroba roho\u017eek na m\u00edru s logem v\u0161ech typ\u016f a tvar\u016f. V\u00fdroba roho\u017eek na m\u00edru prob\u00edh\u00e1 zak\u00e1zkov\u011b a na m\u00edru dle grafick\u00e9 p\u0159edlohy z\u00e1kazn\u00edka &#8211; opat\u0159\u00edme roho\u017ee logem, sloganem, zna\u010dkou, fotografi\u00ed, obr\u00e1zkem &#8211; prost\u011b jak\u00fdmkoliv designem.\u00a0\u00a0Pokud hled\u00e1te v\u00fdrobce, kter\u00fd vyrob\u00ed roho\u017ee p\u0159esn\u011b dle Va\u0161eho n\u00e1vrhu a s logem, tak jste na spr\u00e1vn\u00e9m m\u00edst\u011b. Domn\u00edv\u00e1me se, \u017ee \u00fazk\u00e1 spolupr\u00e1ce se z\u00e1kazn\u00edkem je d\u016fle\u017eit\u00e1, d\u00edky\u00a0\u010demu\u017e zaji\u0161\u0165ujeme, \u017ee roho\u017ee budou odpov\u00eddat Va\u0161\u00ed p\u0159edloze.<\/p>\n<p><a href=\"http:\/\/predmetyreklamni.eu\/vyrobce\/wp-content\/uploads\/v\u00fdroba-roho\u017eek-s-logem-na-m\u00edru.jpg\"><img decoding=\"async\" loading=\"lazy\" title=\"v\u00fdroba roho\u017eek s logem na m\u00edru\" src=\"http:\/\/predmetyreklamni.eu\/vyrobce\/wp-content\/uploads\/v\u00fdroba-roho\u017eek-s-logem-na-m\u00edru.jpg\" alt=\"v\u00fdroba roho\u017eek s logem na m\u00edru\" width=\"548\" height=\"212\" \/><\/a><\/p>\n<h2>\u00a0V\u00fdroba roho\u017eek kvalitn\u011b a levn\u011b s logem na m\u00edru<\/h2>\n<p style=\"text-align: justify;\">V oboru v\u00fdroba roho\u017eek na m\u00edru s logem nab\u00edz\u00edme \u0161irok\u00fd v\u00fdb\u011br typ\u016f, tvar\u016f od standardn\u00edch roho\u017eek, kter\u00e9 m\u00e1 ka\u017ed\u00fd p\u0159ed prahem bytu, a\u017e po roho\u017eky\u00a0pro velk\u00e1 n\u00e1kupn\u00ed centra, vstupn\u00ed haly spole\u010dnost\u00ed nebo p\u0159ij\u00edmac\u00ed m\u00edstnosti firem. Z\u00e1le\u017e\u00ed jen na tom, jak\u00e1 je Va\u0161e c\u00edlov\u00e1 skupina.<\/p>\n<p style=\"text-align: justify;\"><a href=\"http:\/\/predmetyreklamni.eu\/vyrobce\/wp-content\/uploads\/v\u00fdroba-roho\u017eek-s-logem-na-m\u00edru-od-v\u00fdrobce.jpg\"><img decoding=\"async\" loading=\"lazy\" class=\"alignleft\" title=\"v\u00fdroba roho\u017eek s logem na m\u00edru od v\u00fdrobce\" src=\"http:\/\/predmetyreklamni.eu\/vyrobce\/wp-content\/uploads\/v\u00fdroba-roho\u017eek-s-logem-na-m\u00edru-od-v\u00fdrobce-300x300.jpg\" alt=\"v\u00fdroba roho\u017eek s logem na m\u00edru od v\u00fdrobce\" width=\"300\" height=\"300\" \/><\/a>Ji\u017e od roku 2003 na\u0161e firma p\u016fsob\u00ed v oboru v\u00fdroba roho\u017eek s logem na m\u00edru\u00a0a na\u0161\u00ed z\u00e1kazn\u00edci se k n\u00e1m st\u00e1le vrac\u00ed. V\u011bd\u00ed, \u017ee pr\u00e1v\u011b my jim zaru\u010d\u00edme\u00a0vysokou kvalitu, rozumnou cenu a rychl\u00e9 dodac\u00ed lh\u016fty. Nav\u00edc nab\u00edz\u00edme opravdu \u0161irok\u00e9 mo\u017enosti a v\u00fdroba roho\u017eek na m\u00edru s logem je pro n\u00e1s nen\u00ed nezn\u00e1mou. V\u00fdroba roho\u017eek s logem a na m\u00edru je opravdu dobr\u00e1 volba pro prezentaci spole\u010dnosti nebo i jako reklamn\u00ed p\u0159edm\u011bt, kter\u00fd je praktick\u00fd a z\u00e1rove\u0148 efektivn\u00ed.<\/p>\n<p style=\"text-align: justify;\">Chcete zajistit v\u00fdrobu roho\u017eek na m\u00edru a s logem? Kontaktujte n\u00e1s pro cenovou nab\u00eddku na emailu:<a href=\"mailto:info@predmetyreklamni.eu\">\u00a0info@predmetyreklamni.eu<\/a><\/p>\n<p style=\"text-align: justify;\"><strong>Do cenov\u00e9 popt\u00e1vky pros\u00edm uve\u010fte pot\u0159ebn\u00e9 informace pro cenovou nab\u00eddku jako<\/strong>: mno\u017estv\u00ed, materi\u00e1l, velikost roho\u017eek, barevn\u00e9 proveden\u00ed nebo kombinaci barev, dobu dod\u00e1n\u00ed. V\u0161echny tyto informace n\u00e1m pomohou k rychlej\u0161\u00edmu zpracov\u00e1n\u00ed cenov\u00e9 nab\u00eddky pr\u00e1v\u011b pro V\u00e1s.<\/p>\n<p><a href=\"http:\/\/predmetyreklamni.eu\/vyrobce\/wp-content\/uploads\/velkov\u00fdroba-roho\u017eek-na-m\u00edru-s-logem.jpg\"><img decoding=\"async\" loading=\"lazy\" title=\"velkov\u00fdroba roho\u017eek na m\u00edru s logem\" src=\"http:\/\/predmetyreklamni.eu\/vyrobce\/wp-content\/uploads\/velkov\u00fdroba-roho\u017eek-na-m\u00edru-s-logem.jpg\" alt=\"velkov\u00fdroba roho\u017eek na m\u00edru s logem\" width=\"548\" height=\"214\" \/><\/a><\/p>","protected":false},"excerpt":{"rendered":"<p>V\u00ddROBA ROHO\u017dEK S LOGEM NA M\u00cdRU V\u00fdroba roho\u017eek s logem na m\u00edru Na\u0161e firma je specialista v oboru v\u00fdroba roho\u017eek na m\u00edru, a to na trz\u00edch evropsk\u00fdch i sv\u011btov\u00fdch. M\u00e1me kontakty na tov\u00e1rny, kde v\u00fdroba roho\u017eek s logem na m\u00edru &hellip; <a href=\"https:\/\/predmetyreklamni.eu\/vyrobce\/vyroba-rohozek-s-logem-na-miru\/\">Continue reading <span class=\"meta-nav\">&rarr;<\/span><\/a><\/p>\n","protected":false},"author":1,"featured_media":0,"parent":0,"menu_order":24,"comment_status":"closed","ping_status":"open","template":"sidebar-page.php","meta":[],"_links":{"self":[{"href":"https:\/\/predmetyreklamni.eu\/vyrobce\/wp-json\/wp\/v2\/pages\/440"}],"collection":[{"href":"https:\/\/predmetyreklamni.eu\/vyrobce\/wp-json\/wp\/v2\/pages"}],"about":[{"href":"https:\/\/predmetyreklamni.eu\/vyrobce\/wp-json\/wp\/v2\/types\/page"}],"author":[{"embeddable":true,"href":"https:\/\/predmetyreklamni.eu\/vyrobce\/wp-json\/wp\/v2\/users\/1"}],"replies":[{"embeddable":true,"href":"https:\/\/predmetyreklamni.eu\/vyrobce\/wp-json\/wp\/v2\/comments?post=440"}],"version-history":[{"count":18,"href":"https:\/\/predmetyreklamni.eu\/vyrobce\/wp-json\/wp\/v2\/pages\/440\/revisions"}],"predecessor-version":[{"id":4735,"href":"https:\/\/predmetyreklamni.eu\/vyrobce\/wp-json\/wp\/v2\/pages\/440\/revisions\/4735"}],"wp:attachment":[{"href":"https:\/\/predmetyreklamni.eu\/vyrobce\/wp-json\/wp\/v2\/media?parent=440"}],"curies":[{"name":"wp","href":"https:\/\/api.w.org\/{rel}","templated":true}]}}