{"id":4400,"date":"2015-08-05T08:32:41","date_gmt":"2015-08-05T08:32:41","guid":{"rendered":"http:\/\/predmetyreklamni.eu\/vyrobce\/?page_id=4400"},"modified":"2015-08-05T08:43:18","modified_gmt":"2015-08-05T08:43:18","slug":"darkove-reklamni-silikonove-hodinky","status":"publish","type":"page","link":"https:\/\/predmetyreklamni.eu\/vyrobce\/darkove-reklamni-silikonove-hodinky\/","title":{"rendered":"D\u00e1rkov\u00e9 reklamn\u00ed silikonov\u00e9 hodinky"},"content":{"rendered":"<h1 style=\"text-align: justify;\">D\u00c1RKOV\u00c9 REKLAMN\u00cd SILIKONOV\u00c9 HODINKY<\/h1>\n<h2 style=\"text-align: justify;\">D\u00e1rkov\u00e9 reklamn\u00ed silikonov\u00e9 hodinky k propagaci zna\u010dky<\/h2>\n<p style=\"text-align: justify;\"><a href=\"http:\/\/predmetyreklamni.eu\/vyrobce\/wp-content\/uploads\/reklamn\u00ed-silikonov\u00e9-hodinky-poti\u0161t\u011bn\u00e9.jpg\"><img decoding=\"async\" loading=\"lazy\" class=\"alignleft size-medium wp-image-4393\" title=\"D\u00e1rkov\u00e9 propaga\u010dn\u00ed silikonov\u00e9 hodinky\" alt=\"D\u00e1rkov\u00e9 propaga\u010dn\u00ed silikonov\u00e9 hodinky\" src=\"http:\/\/predmetyreklamni.eu\/vyrobce\/wp-content\/uploads\/reklamn\u00ed-silikonov\u00e9-hodinky-poti\u0161t\u011bn\u00e9-300x300.jpg\" width=\"300\" height=\"300\" srcset=\"https:\/\/predmetyreklamni.eu\/vyrobce\/wp-content\/uploads\/reklamn\u00ed-silikonov\u00e9-hodinky-poti\u0161t\u011bn\u00e9-300x300.jpg 300w, https:\/\/predmetyreklamni.eu\/vyrobce\/wp-content\/uploads\/reklamn\u00ed-silikonov\u00e9-hodinky-poti\u0161t\u011bn\u00e9-150x150.jpg 150w, https:\/\/predmetyreklamni.eu\/vyrobce\/wp-content\/uploads\/reklamn\u00ed-silikonov\u00e9-hodinky-poti\u0161t\u011bn\u00e9.jpg 400w\" sizes=\"(max-width: 300px) 100vw, 300px\" \/><\/a>Kruhov\u011b navr\u017een\u00fd cifern\u00edk s jednoduch\u00fdm strojkem Quartz. Tyto d\u00e1rkov\u00e9 reklamn\u00ed silikonov\u00e9 hodinky jsou opravdu designov\u011b vyda\u0159en\u00e9. Pokud zvol\u00edte d\u00e1rkov\u00e9 reklamn\u00ed silikonov\u00e9 hodinky jako propaga\u010dn\u00ed p\u0159edm\u011bt jist\u011b to bude dobr\u00e1 volba. D\u00e1rkov\u00e9 reklamn\u00ed silikonov\u00e9 hodinky jsou vyrobeny ze 100% silikonu. Propaguje svou firmu efektivn\u011b a hlavn\u011b modern\u011b pomoc\u00ed p\u0159edm\u011btu d\u00e1rkov\u00e9 reklamn\u00ed silikonov\u00e9 hodinky a jist\u011b zv\u00fd\u0161\u00edte pov\u011bdom\u00ed a o Va\u0161\u00ed zna\u010dce.<\/p>\n<h2 style=\"text-align: justify;\">D\u00e1rkov\u00e9 reklamn\u00ed silikonov\u00e9 hodinky od n\u00e1s<\/h2>\n<p style=\"text-align: justify;\"><strong>Polo\u017eka \u010d.:\u00a0<\/strong>GS-SW002<br \/>\n<strong>Materi\u00e1l:<\/strong>\u00a0100% silikon, strojek Quartz<br \/>\n<strong>Potisk<\/strong>: potisk p\u00e1sku \u2013 s\u00edtotisk, laser<br \/>\nV\u0161echny barvy k dispozici \u2013 dle Pantone\u00ae\u00a0vzorn\u00edku<br \/>\n<strong>Barva hodinky:<\/strong>\u00a0r\u016f\u017eov\u00e1\/\u017elut\u00e1\/b\u00edl\u00e1\/\/modr\u00e1\/zelen\u00e1\/\u010dern\u00e1\/oran\u017eov\u00e1\/fialov\u00e1\/\u010derven\u00e1 \u010di vlastn\u00ed barva dle PANTONE vzorn\u00edku<br \/>\n<strong>Velikost:\u00a0<\/strong>d\u00e9lka :235mm, \u00d8\u00a0cifern\u00edku 45mm, v\u00fd\u0161ka cifern\u00edku 15mm<br \/>\n<strong>V\u00e1ha:\u00a0<\/strong>47g\/ks<br \/>\n<strong>Minim\u00e1ln\u00ed objedn\u00e1vka:<\/strong>\u00a0100ks pro tento design ve skladov\u00e9 z\u00e1sob\u011b a 500ks p\u0159i zak\u00e1zkov\u00e9 v\u00fdrob\u011b<br \/>\n<strong>Cena<\/strong>:\u00a0<a title=\"ZASLAT POPT\u00c1VKU\" href=\"mailto:info@predmetyreklamni.eu\">ZASLAT POPT\u00c1VKU<\/a><\/p>\n","protected":false},"excerpt":{"rendered":"<p>D\u00c1RKOV\u00c9 REKLAMN\u00cd SILIKONOV\u00c9 HODINKY D\u00e1rkov\u00e9 reklamn\u00ed silikonov\u00e9 hodinky k propagaci zna\u010dky Kruhov\u011b navr\u017een\u00fd cifern\u00edk s jednoduch\u00fdm strojkem Quartz. Tyto d\u00e1rkov\u00e9 reklamn\u00ed silikonov\u00e9 hodinky jsou opravdu designov\u011b vyda\u0159en\u00e9. Pokud zvol\u00edte d\u00e1rkov\u00e9 reklamn\u00ed silikonov\u00e9 hodinky jako propaga\u010dn\u00ed p\u0159edm\u011bt jist\u011b to bude dobr\u00e1 &hellip; <a href=\"https:\/\/predmetyreklamni.eu\/vyrobce\/darkove-reklamni-silikonove-hodinky\/\">Continue reading <span class=\"meta-nav\">&rarr;<\/span><\/a><\/p>\n","protected":false},"author":1,"featured_media":0,"parent":0,"menu_order":31,"comment_status":"closed","ping_status":"open","template":"sidebar-page.php","meta":[],"_links":{"self":[{"href":"https:\/\/predmetyreklamni.eu\/vyrobce\/wp-json\/wp\/v2\/pages\/4400"}],"collection":[{"href":"https:\/\/predmetyreklamni.eu\/vyrobce\/wp-json\/wp\/v2\/pages"}],"about":[{"href":"https:\/\/predmetyreklamni.eu\/vyrobce\/wp-json\/wp\/v2\/types\/page"}],"author":[{"embeddable":true,"href":"https:\/\/predmetyreklamni.eu\/vyrobce\/wp-json\/wp\/v2\/users\/1"}],"replies":[{"embeddable":true,"href":"https:\/\/predmetyreklamni.eu\/vyrobce\/wp-json\/wp\/v2\/comments?post=4400"}],"version-history":[{"count":4,"href":"https:\/\/predmetyreklamni.eu\/vyrobce\/wp-json\/wp\/v2\/pages\/4400\/revisions"}],"predecessor-version":[{"id":4415,"href":"https:\/\/predmetyreklamni.eu\/vyrobce\/wp-json\/wp\/v2\/pages\/4400\/revisions\/4415"}],"wp:attachment":[{"href":"https:\/\/predmetyreklamni.eu\/vyrobce\/wp-json\/wp\/v2\/media?parent=4400"}],"curies":[{"name":"wp","href":"https:\/\/api.w.org\/{rel}","templated":true}]}}