{"id":4414,"date":"2015-08-05T08:52:01","date_gmt":"2015-08-05T08:52:01","guid":{"rendered":"http:\/\/predmetyreklamni.eu\/vyrobce\/?page_id=4414"},"modified":"2015-08-05T08:53:23","modified_gmt":"2015-08-05T08:53:23","slug":"reklamni-silikonove-slap-hodinky","status":"publish","type":"page","link":"https:\/\/predmetyreklamni.eu\/vyrobce\/reklamni-silikonove-slap-hodinky\/","title":{"rendered":"Reklamn\u00ed silikonov\u00e9 slap hodinky"},"content":{"rendered":"<h1 style=\"text-align: justify;\">REKLAMN\u00cd SILIKONOV\u00c9 SLAP HODINKY<\/h1>\n<h2 style=\"text-align: justify;\">Reklamn\u00ed silikonov\u00e9 slap hodinky jsou hit!<\/h2>\n<p style=\"text-align: justify;\"><a href=\"http:\/\/predmetyreklamni.eu\/vyrobce\/wp-content\/uploads\/zak\u00e1zkov\u00e1-v\u00fdroba-slap-hodinky.jpg\"><img decoding=\"async\" loading=\"lazy\" class=\"alignleft size-medium wp-image-4386\" alt=\"silikonov\u00e9 slap hodinky s brandingem\" src=\"http:\/\/predmetyreklamni.eu\/vyrobce\/wp-content\/uploads\/zak\u00e1zkov\u00e1-v\u00fdroba-slap-hodinky-300x300.jpg\" width=\"300\" height=\"300\" srcset=\"https:\/\/predmetyreklamni.eu\/vyrobce\/wp-content\/uploads\/zak\u00e1zkov\u00e1-v\u00fdroba-slap-hodinky.jpg 300w, https:\/\/predmetyreklamni.eu\/vyrobce\/wp-content\/uploads\/zak\u00e1zkov\u00e1-v\u00fdroba-slap-hodinky-150x150.jpg 150w\" sizes=\"(max-width: 300px) 100vw, 300px\" \/><\/a>Reklamn\u00ed silikonov\u00e9 slap hodinky maj\u00ed uvnit\u0159 silikonov\u00e9 p\u00e1sku tenou\u010dk\u00fd ocelov\u00fd pl\u00e1tek, kter\u00fd po lehk\u00e9m \u0165uknut\u00ed o ruku navine kolem z\u00e1p\u011bst\u00ed.\u00a0Reklamn\u00ed silikonov\u00e9 slap hodinky d\u011bti miluj\u00ed a jsou skv\u011bl\u00fdm d\u00e1rkem. Tyto reklamn\u00ed silikonov\u00e9 slap hodinky snadno opat\u0159\u00edte potiskem a jednodu\u0161e tak z\u00edsk\u00e1te unik\u00e1tn\u00ed reklamn\u00ed p\u0159edm\u011bt, kter\u00fdm m\u016f\u017eete zv\u00fd\u0161it pov\u011bdom\u00ed o Va\u0161\u00ed zna\u010dce.<\/p>\n<h2 style=\"text-align: justify;\"><\/h2>\n<h2 style=\"text-align: justify;\">Reklamn\u00ed silikonov\u00e9 slap hodinky jako reklamn\u00ed p\u0159edm\u011bt<\/h2>\n<p style=\"text-align: justify;\"><strong>Polo\u017eka \u010d.:\u00a0<\/strong>GS-SW003<br \/>\n<strong>Materi\u00e1l<\/strong>: 100% silikon, strojek Quartz<br \/>\n<strong>Potisk<\/strong>: potisk p\u00e1sku \u2013 s\u00edtotisk, laser<br \/>\nV\u0161echny barvy k dispozici \u2013 dle Pantone\u00ae\u00a0vzorn\u00edku Standardn\u00ed velikost sed\u00ed ka\u017ed\u00e9mu, vym\u011bniteln\u00e1 baterie,<br \/>\n<strong>Barvy:<\/strong>\u00a0r\u016f\u017eov\u00e1\/\u017elut\u00e1\/b\u00edl\u00e1\/\/modr\u00e1\/zelen\u00e1\/\u010dern\u00e1\/oran\u017eov\u00e1\/fialov\u00e1\/\u010derven\u00e1 \u010di jin\u00e1 barva dle PANTONE vzorn\u00edku<br \/>\nStandardn\u00ed velikost:\u00a0240*45*2mm nebo na zak\u00e1zku<br \/>\n<strong>V\u00e1ha:\u00a0<\/strong>5-8 g\/ks<br \/>\n<strong>Minim\u00e1ln\u00ed objedn\u00e1vka:<\/strong>\u00a0100ks pro tento design ve skladov\u00e9 z\u00e1sob\u011b a 500ks p\u0159i zak\u00e1zkov\u00e9 v\u00fdrob\u011b<br \/>\n<strong>Cena<\/strong>:\u00a0<a title=\"ZASLAT POPT\u00c1VKU\" href=\"mailto:info@predmetyreklamni.eu\">ZASLAT POPT\u00c1VKU<\/a><\/p>\n","protected":false},"excerpt":{"rendered":"<p>REKLAMN\u00cd SILIKONOV\u00c9 SLAP HODINKY Reklamn\u00ed silikonov\u00e9 slap hodinky jsou hit! Reklamn\u00ed silikonov\u00e9 slap hodinky maj\u00ed uvnit\u0159 silikonov\u00e9 p\u00e1sku tenou\u010dk\u00fd ocelov\u00fd pl\u00e1tek, kter\u00fd po lehk\u00e9m \u0165uknut\u00ed o ruku navine kolem z\u00e1p\u011bst\u00ed.\u00a0Reklamn\u00ed silikonov\u00e9 slap hodinky d\u011bti miluj\u00ed a jsou skv\u011bl\u00fdm d\u00e1rkem. Tyto &hellip; <a href=\"https:\/\/predmetyreklamni.eu\/vyrobce\/reklamni-silikonove-slap-hodinky\/\">Continue reading <span class=\"meta-nav\">&rarr;<\/span><\/a><\/p>\n","protected":false},"author":1,"featured_media":0,"parent":0,"menu_order":31,"comment_status":"closed","ping_status":"open","template":"sidebar-page.php","meta":[],"_links":{"self":[{"href":"https:\/\/predmetyreklamni.eu\/vyrobce\/wp-json\/wp\/v2\/pages\/4414"}],"collection":[{"href":"https:\/\/predmetyreklamni.eu\/vyrobce\/wp-json\/wp\/v2\/pages"}],"about":[{"href":"https:\/\/predmetyreklamni.eu\/vyrobce\/wp-json\/wp\/v2\/types\/page"}],"author":[{"embeddable":true,"href":"https:\/\/predmetyreklamni.eu\/vyrobce\/wp-json\/wp\/v2\/users\/1"}],"replies":[{"embeddable":true,"href":"https:\/\/predmetyreklamni.eu\/vyrobce\/wp-json\/wp\/v2\/comments?post=4414"}],"version-history":[{"count":3,"href":"https:\/\/predmetyreklamni.eu\/vyrobce\/wp-json\/wp\/v2\/pages\/4414\/revisions"}],"predecessor-version":[{"id":4419,"href":"https:\/\/predmetyreklamni.eu\/vyrobce\/wp-json\/wp\/v2\/pages\/4414\/revisions\/4419"}],"wp:attachment":[{"href":"https:\/\/predmetyreklamni.eu\/vyrobce\/wp-json\/wp\/v2\/media?parent=4414"}],"curies":[{"name":"wp","href":"https:\/\/api.w.org\/{rel}","templated":true}]}}