{"id":4420,"date":"2015-08-05T11:03:26","date_gmt":"2015-08-05T11:03:26","guid":{"rendered":"http:\/\/predmetyreklamni.eu\/vyrobce\/?page_id=4420"},"modified":"2015-08-05T11:10:46","modified_gmt":"2015-08-05T11:10:46","slug":"silikonove-hodinky-jelly-s-logem","status":"publish","type":"page","link":"https:\/\/predmetyreklamni.eu\/vyrobce\/silikonove-hodinky-jelly-s-logem\/","title":{"rendered":"Silikonov\u00e9 hodinky Jelly s logem"},"content":{"rendered":"<h1 style=\"text-align: justify;\">SILIKONOV\u00c9 HODINKY JELLY \u00a0S LOGEM<\/h1>\n<h2 style=\"text-align: justify;\">Silikonov\u00e9 hodinky Jelly s vlastn\u00edm logem k propagaci<\/h2>\n<p style=\"text-align: justify;\"><a href=\"http:\/\/predmetyreklamni.eu\/vyrobce\/wp-content\/uploads\/silikonov\u00e9-hodinky-s-logem.jpg\"><img decoding=\"async\" loading=\"lazy\" class=\"alignleft size-medium wp-image-4380\" alt=\"propaga\u010dn\u00ed silikonov\u00e9ho hodinky s loge\" src=\"http:\/\/predmetyreklamni.eu\/vyrobce\/wp-content\/uploads\/silikonov\u00e9-hodinky-s-logem-300x300.jpg\" width=\"300\" height=\"300\" srcset=\"https:\/\/predmetyreklamni.eu\/vyrobce\/wp-content\/uploads\/silikonov\u00e9-hodinky-s-logem-300x300.jpg 300w, https:\/\/predmetyreklamni.eu\/vyrobce\/wp-content\/uploads\/silikonov\u00e9-hodinky-s-logem-150x150.jpg 150w, https:\/\/predmetyreklamni.eu\/vyrobce\/wp-content\/uploads\/silikonov\u00e9-hodinky-s-logem.jpg 400w\" sizes=\"(max-width: 300px) 100vw, 300px\" \/><\/a>Silikonov\u00e9 hodinky Jelly zn\u00e1 snad ka\u017ed\u00fd. Silikonov\u00e9 hodinky Jelly maj\u00ed \u010dtvercov\u00fd cifern\u00edk a jejich design je zcela unisex. Silikonov\u00e9 hodinky Jelly snadno opat\u0159\u00edte logem nap\u0159\u00edklad na p\u00e1sku \u010di p\u0159\u00edmo na cifern\u00edk a m\u00e1te perfektn\u00ed reklamn\u00ed p\u0159edm\u011bt, kter\u00fd m\u016f\u017eete propagovat svou zna\u010dku. Silikonov\u00e9 hodinky Jelly s logem si z\u00edskaly oblibu mezi v\u0161emi v\u011bkov\u00fdmi kategoriemi, d\u011btmi, mu\u017ei a \u017eenami. Silikonov\u00e9 hodinky Jelly s kvalitn\u00edm strojkem Quartz.<\/p>\n<h2 style=\"text-align: justify;\">Silikonov\u00e9 \u00a0hodinky Jelly s vlastn\u00edm logem jako reklamn\u00ed p\u0159edm\u011bt<\/h2>\n<p style=\"text-align: justify;\"><strong>Polo\u017eka \u010d.:\u00a0<\/strong>GS-SW001<br \/>\n<strong>Materi\u00e1l:<\/strong>\u00a0100% silikon, strojek Quartz<br \/>\n<strong>Potisk<\/strong>: potisk p\u00e1sku \u2013 s\u00edtotisk, laser<br \/>\nV\u0161echny barvy k dispozici \u2013 dle Pantone\u00ae\u00a0vzorn\u00edku<br \/>\n<strong>Barva:<\/strong>\u00a0\u017elut\u00e1\/b\u00edl\u00e1\/r\u016f\u017eov\u00e1\/modr\u00e1\/zelen\u00e1\/\u010dern\u00e1\/oran\u017eov\u00e1\/fialov\u00e1\/\u010derven\u00e1 nebo jak\u00e1koliv barva dle pantone vzorn\u00edku<br \/>\n<strong>Velikost:<\/strong>\u00a0standardn\u00ed velikost padne ka\u017ed\u00e9mu<br \/>\n<strong>V\u00e1ha:\u00a0<\/strong>47g\/ks<br \/>\n<strong>Minim\u00e1ln\u00ed objedn\u00e1vka:<\/strong>\u00a0100ks pro tento design ve skladov\u00e9 z\u00e1sob\u011b a 500ks p\u0159i zak\u00e1zkov\u00e9 v\u00fdrob\u011b<br \/>\n<strong>Cena<\/strong>:\u00a0<a title=\"ZASLAT POPT\u00c1VKU\" href=\"mailto:info@predmetyreklamni.eu\">ZASLAT POPT\u00c1VKU<\/a><\/p>\n","protected":false},"excerpt":{"rendered":"<p>SILIKONOV\u00c9 HODINKY JELLY \u00a0S LOGEM Silikonov\u00e9 hodinky Jelly s vlastn\u00edm logem k propagaci Silikonov\u00e9 hodinky Jelly zn\u00e1 snad ka\u017ed\u00fd. Silikonov\u00e9 hodinky Jelly maj\u00ed \u010dtvercov\u00fd cifern\u00edk a jejich design je zcela unisex. Silikonov\u00e9 hodinky Jelly snadno opat\u0159\u00edte logem nap\u0159\u00edklad na p\u00e1sku &hellip; <a href=\"https:\/\/predmetyreklamni.eu\/vyrobce\/silikonove-hodinky-jelly-s-logem\/\">Continue reading <span class=\"meta-nav\">&rarr;<\/span><\/a><\/p>\n","protected":false},"author":1,"featured_media":0,"parent":0,"menu_order":31,"comment_status":"closed","ping_status":"open","template":"sidebar-page.php","meta":[],"_links":{"self":[{"href":"https:\/\/predmetyreklamni.eu\/vyrobce\/wp-json\/wp\/v2\/pages\/4420"}],"collection":[{"href":"https:\/\/predmetyreklamni.eu\/vyrobce\/wp-json\/wp\/v2\/pages"}],"about":[{"href":"https:\/\/predmetyreklamni.eu\/vyrobce\/wp-json\/wp\/v2\/types\/page"}],"author":[{"embeddable":true,"href":"https:\/\/predmetyreklamni.eu\/vyrobce\/wp-json\/wp\/v2\/users\/1"}],"replies":[{"embeddable":true,"href":"https:\/\/predmetyreklamni.eu\/vyrobce\/wp-json\/wp\/v2\/comments?post=4420"}],"version-history":[{"count":2,"href":"https:\/\/predmetyreklamni.eu\/vyrobce\/wp-json\/wp\/v2\/pages\/4420\/revisions"}],"predecessor-version":[{"id":4430,"href":"https:\/\/predmetyreklamni.eu\/vyrobce\/wp-json\/wp\/v2\/pages\/4420\/revisions\/4430"}],"wp:attachment":[{"href":"https:\/\/predmetyreklamni.eu\/vyrobce\/wp-json\/wp\/v2\/media?parent=4420"}],"curies":[{"name":"wp","href":"https:\/\/api.w.org\/{rel}","templated":true}]}}