{"id":4439,"date":"2015-08-05T18:36:22","date_gmt":"2015-08-05T18:36:22","guid":{"rendered":"http:\/\/predmetyreklamni.eu\/vyrobce\/?page_id=4439"},"modified":"2015-08-05T18:36:22","modified_gmt":"2015-08-05T18:36:22","slug":"silikonove-hodinky-naramek-s-potiskem","status":"publish","type":"page","link":"https:\/\/predmetyreklamni.eu\/vyrobce\/silikonove-hodinky-naramek-s-potiskem\/","title":{"rendered":"Silikonov\u00e9 hodinky n\u00e1ramek s potiskem"},"content":{"rendered":"<h1 style=\"text-align: justify;\">SILIKONOV\u00c9 HODINKY N\u00c1RAMEK S POTISKEM<\/h1>\n<h2 style=\"text-align: justify;\">Silikonov\u00e9 hodinky n\u00e1ramek s libovoln\u00fdm potiskem<\/h2>\n<p style=\"text-align: justify;\"><a href=\"http:\/\/predmetyreklamni.eu\/vyrobce\/wp-content\/uploads\/silikonov\u00e9-hodinky-n\u00e1ramek.jpg\"><img decoding=\"async\" loading=\"lazy\" class=\"alignleft size-medium wp-image-4383\" alt=\"reklamn\u00ed silikonov\u00fd n\u00e1ramek s hodinkami\" src=\"http:\/\/predmetyreklamni.eu\/vyrobce\/wp-content\/uploads\/silikonov\u00e9-hodinky-n\u00e1ramek-300x300.jpg\" width=\"300\" height=\"300\" srcset=\"https:\/\/predmetyreklamni.eu\/vyrobce\/wp-content\/uploads\/silikonov\u00e9-hodinky-n\u00e1ramek-300x300.jpg 300w, https:\/\/predmetyreklamni.eu\/vyrobce\/wp-content\/uploads\/silikonov\u00e9-hodinky-n\u00e1ramek-150x150.jpg 150w, https:\/\/predmetyreklamni.eu\/vyrobce\/wp-content\/uploads\/silikonov\u00e9-hodinky-n\u00e1ramek.jpg 624w\" sizes=\"(max-width: 300px) 100vw, 300px\" \/><\/a>Tyto silikonov\u00e9 hodinky s mal\u00fdm LCD displejem si m\u016f\u017eete nechat ozdobit libovoln\u00fdm potiskem &#8211; logem firmy, n\u00e1zvem propaga\u010dn\u00ed akce, n\u00e1zvem produktu.. Silikonov\u00e9 hodinky s potiskem jsou vyrobeny ze 100% silikonu a pro jeho potisk lze vyu\u017e\u00edt v\u0161echny technologie jako pro potisk silikonov\u00fdch n\u00e1ramk\u016f. Silikonov\u00e9 hodinky n\u00e1ramek s potiskem jako ide\u00e1ln\u00ed prost\u0159edek Va\u0161\u00ed marketingov\u00e9 strategie. Vyzkou\u0161ejte silikonov\u00e9 hodinky n\u00e1ramek s potiskem za skv\u011bl\u00e9 ceny.<\/p>\n<h2 style=\"text-align: justify;\">Silikonov\u00e9 hodinky s vlastn\u00edm potiskem<\/h2>\n<p style=\"text-align: justify;\"><strong>Polo\u017eka \u010d.:\u00a0<\/strong>GS-SW007<br \/>\n<strong>Materi\u00e1l<\/strong>: 100% silikon, digit\u00e1ln\u00ed displej<br \/>\n<strong>Potisk<\/strong>:\u00a0s\u00edtotisk, laser, ra\u017eba, reli\u00e9fn\u00ed, vybarven\u00e1 ra\u017eba<br \/>\nV\u0161echny barvy k dispozici \u2013 dle Pantone\u00ae\u00a0vzorn\u00edku<br \/>\n<strong>Dosp\u011bl\u00e1 velikost:<\/strong>\u00a0 obvod 202mm,\u00a0\u00d8\u00a012mm \u0161\u00edrka 2mm<br \/>\n<strong>D\u011btsk\u00e1 velikost:<\/strong>\u00a0 obvod 180mm,\u00d8\u00a012mm \u0161\u00edrka 2mm<br \/>\n<strong>V\u00e1ha:<\/strong>\u00a047g\/ks<br \/>\n<strong>Minim\u00e1ln\u00ed objedn\u00e1vka:<\/strong>\u00a0100ks pro tento design ve skladov\u00e9 z\u00e1sob\u011b a 500ks p\u0159i zak\u00e1zkov\u00e9 v\u00fdrob\u011b<br \/>\n<strong>Cena<\/strong>:\u00a0<a title=\"ZASLAT POPT\u00c1VKU\" href=\"mailto:info@predmetyreklamni.eu\">ZASLAT POPT\u00c1VKU<\/a><\/p>\n","protected":false},"excerpt":{"rendered":"<p>SILIKONOV\u00c9 HODINKY N\u00c1RAMEK S POTISKEM Silikonov\u00e9 hodinky n\u00e1ramek s libovoln\u00fdm potiskem Tyto silikonov\u00e9 hodinky s mal\u00fdm LCD displejem si m\u016f\u017eete nechat ozdobit libovoln\u00fdm potiskem &#8211; logem firmy, n\u00e1zvem propaga\u010dn\u00ed akce, n\u00e1zvem produktu.. Silikonov\u00e9 hodinky s potiskem jsou vyrobeny ze 100% &hellip; <a href=\"https:\/\/predmetyreklamni.eu\/vyrobce\/silikonove-hodinky-naramek-s-potiskem\/\">Continue reading <span class=\"meta-nav\">&rarr;<\/span><\/a><\/p>\n","protected":false},"author":1,"featured_media":0,"parent":0,"menu_order":31,"comment_status":"closed","ping_status":"open","template":"sidebar-page.php","meta":[],"_links":{"self":[{"href":"https:\/\/predmetyreklamni.eu\/vyrobce\/wp-json\/wp\/v2\/pages\/4439"}],"collection":[{"href":"https:\/\/predmetyreklamni.eu\/vyrobce\/wp-json\/wp\/v2\/pages"}],"about":[{"href":"https:\/\/predmetyreklamni.eu\/vyrobce\/wp-json\/wp\/v2\/types\/page"}],"author":[{"embeddable":true,"href":"https:\/\/predmetyreklamni.eu\/vyrobce\/wp-json\/wp\/v2\/users\/1"}],"replies":[{"embeddable":true,"href":"https:\/\/predmetyreklamni.eu\/vyrobce\/wp-json\/wp\/v2\/comments?post=4439"}],"version-history":[{"count":3,"href":"https:\/\/predmetyreklamni.eu\/vyrobce\/wp-json\/wp\/v2\/pages\/4439\/revisions"}],"predecessor-version":[{"id":4443,"href":"https:\/\/predmetyreklamni.eu\/vyrobce\/wp-json\/wp\/v2\/pages\/4439\/revisions\/4443"}],"wp:attachment":[{"href":"https:\/\/predmetyreklamni.eu\/vyrobce\/wp-json\/wp\/v2\/media?parent=4439"}],"curies":[{"name":"wp","href":"https:\/\/api.w.org\/{rel}","templated":true}]}}