{"id":4452,"date":"2015-08-05T18:44:58","date_gmt":"2015-08-05T18:44:58","guid":{"rendered":"http:\/\/predmetyreklamni.eu\/vyrobce\/?page_id=4452"},"modified":"2015-08-05T20:07:28","modified_gmt":"2015-08-05T20:07:28","slug":"silikonove-hodinky-vyrobce","status":"publish","type":"page","link":"https:\/\/predmetyreklamni.eu\/vyrobce\/silikonove-hodinky-vyrobce\/","title":{"rendered":"Silikonov\u00e9 hodinky v\u00fdrobce"},"content":{"rendered":"<h1 style=\"text-align: justify;\">SILIKONOV\u00c9 HODINKY V\u00ddROBCE<\/h1>\n<h2 style=\"text-align: justify;\">Jsme profesion\u00e1ln\u00ed v\u00fdrobce pro va\u0161e silikonov\u00e9 hodinky<\/h2>\n<p style=\"text-align: justify;\">Jako profesion\u00e1ln\u00ed v\u00fdrobce pro silikonov\u00e9 hodinky poskytujeme velice v\u00fdhodn\u00e9 ceny, kter\u00e9 jen tak na trhu s propaga\u010dn\u00edm p\u0159edm\u011btem silikonov\u00e9 hodinky nenaleznete. Vzhledem ke sv\u00fdm dlouhodob\u00fdm zku\u0161enostem na pozici v\u00fdrobce pro silikonov\u00e9 hodinky m\u016f\u017eeme zcela p\u0159izp\u016fsobit v\u00fdrobu a nechat vyrobit silikonov\u00e9 hodinky pro r\u016fzn\u00e9 \u00fa\u010dely. M\u016f\u017eeme poskytnout r\u016fzn\u00e9 barvy v z\u00e1vislosti na Pantone\u00ae\u00a0vzorn\u00edku a takt\u00e9\u017e tvary pro n\u00e1s nejsou p\u0159ek\u00e1\u017ekou. Silikonov\u00e9 hodinky m\u016f\u017ee v\u00fdrobce nechat vyrobit ve tvaru hv\u011bzdy, srdce nebo hranat\u00e9 \u010di kulat\u00e9 nebo tvar dle va\u0161eho n\u00e1vrhu. Va\u0161e logo nebo slogan lze natisknout p\u00e1sek. Z pozice v\u00fdrobce pro silikonov\u00e9 hodinky jsme p\u0159esv\u011bd\u010den\u00ed, \u017ee silikonov\u00e9 hodiny p\u0159\u00edmo od v\u00fdrobce v origin\u00e1ln\u00edm designu a barv\u011b jsou v\u00fdborn\u00fdm prost\u0159edkem pro propagaci firmy.<\/p>\n<h2 style=\"text-align: justify;\">Silikonov\u00e9 hodinky p\u0159\u00edmo od v\u00fdrobce<\/h2>\n<p style=\"text-align: justify;\">Nalezen\u00ed toho vhodn\u00e9ho a vyhovuj\u00edc\u00edho tvaru silikonov\u00fdch hodinek nebylo nikdy snadn\u00e9. Zvolit spr\u00e1vnou barvu, design a takt\u00e9\u017e se trefit do moment\u00e1ln\u00edho trendu je t\u011b\u017ek\u00e9 rozhodnut\u00ed. My jsme profesion\u00e1ln\u00ed v\u00fdrobce pro silikonov\u00e9 hodinky a m\u016f\u017eeme v\u00e1m tato \u00faskal\u00ed uleh\u010dit, proto\u017ee v\u00edme co je trendy a vyr\u00e1b\u00ed se. Na na\u0161ich str\u00e1nk\u00e1m m\u016f\u017eete nal\u00e9zt silikonov\u00e9 hodinky, kter\u00e9 jsme jako v\u00fdrobce schopni dodat \u010di vyrobit. Samoz\u0159ejm\u011b lze t\u00e9\u017e vyrobit silikonov\u00e9 hodinky dle Va\u0161eho n\u00e1vrhu, kter\u00fd m\u016f\u017ee b\u00fdt inspirov\u00e1n druhy hodinek na na\u0161ich str\u00e1nk\u00e1ch. Ka\u017ed\u00e9 silikonov\u00e9 hodinky m\u016f\u017ee nechat v\u00fdrobce vyrobit v r\u016fzn\u00fdch kvalit\u00e1ch \u2013 jako odolnost, barva a tvar a samoz\u0159ejm\u011b ka\u017ed\u00e1 zvolen\u00e1 varianta m\u00e1 sv\u00e9 v\u00fdhody a n\u011bkdy bohu\u017eel i nev\u00fdhody. Silikonov\u00e9 hodinky jsou moment\u00e1ln\u011b velk\u00fdm hitem a zasahuj\u00ed i do m\u00f3dn\u00ed sc\u00e9ny a proto jsou jedin\u011b pozitivn\u00ed volba jako reklamn\u00ed p\u0159edm\u011bt. Z\u00e1kazn\u00edci pou\u017e\u00edvaj\u00ed celou \u0159adu hledisek, aby vybrali toho spr\u00e1vn\u00e9ho v\u00fdrobce \u010di dodavatele pro silikonov\u00e9 hodinky. \u00a0 N\u011bkte\u0159\u00ed hledaj\u00ed pohodl\u00ed a flexibilitu v pr\u016fb\u011bhu realizace, zat\u00edmco jin\u00ed p\u0159i v\u00fdb\u011bru v\u00fdrobce pro silikonov\u00e9 hodinky hledaj\u00ed barevn\u00e9 mo\u017enosti a trend. A\u0165 u\u017e u v\u00fdrobce pro sv\u00e9 silikonov\u00e9 hodinky hled\u00e1te cokoliv, my jsme profesion\u00e1ln\u00ed a m\u016f\u017eeme v\u00e1m nab\u00eddnout v\u0161echny druhy silikonov\u00fdch hodinek.<\/p>\n<p style=\"text-align: justify;\"><a href=\"http:\/\/predmetyreklamni.eu\/vyrobce\/wp-content\/uploads\/dry-out-the-inks-on-wristbands1-300x239.jpg\"><img decoding=\"async\" loading=\"lazy\" class=\"alignleft size-full wp-image-4459\" alt=\"silikonov\u00e9 hodinky ze 100% silikonu\" src=\"http:\/\/predmetyreklamni.eu\/vyrobce\/wp-content\/uploads\/dry-out-the-inks-on-wristbands1-300x239.jpg\" width=\"300\" height=\"239\" \/><\/a>Mo\u017en\u00e1 si to nyn\u00ed neuv\u011bdomujete, ale silikon je pom\u011brn\u011b \u0161etrn\u00fd k \u017eivotn\u00edmu prost\u0159ed\u00ed. Tento syntetick\u00fd kau\u010duk je vyr\u00e1b\u011bn pomoc\u00ed kysl\u00edku, kdy za zv\u00fd\u0161en\u00e9 teploty reaguje s k\u0159em\u00edkem, co\u017e je p\u0159irozen\u00fd prvek je\u017e se nach\u00e1z\u00ed se ve sk\u00e1l\u00e1ch \u010di p\u00edsku. Silikon si z\u00edskal popularitu tak\u00e9 v jin\u00fdch podob\u00e1ch ne\u017e silikonov\u00e9 hodinky ale i jako materi\u00e1l pro v\u00fdrobu n\u00e1dob\u00ed zejm\u00e9na kv\u016fli sv\u00e9 nep\u0159ilnavosti, odolnosti v\u016f\u010di zne\u010di\u0161t\u011bn\u00ed \u010di schopnosti sn\u00e1\u0161et extr\u00e9mn\u00ed teploty. P\u0159esto\u017ee silikonov\u00e9 hodinky \u010di silikon samotn\u00fd p\u0159\u00edroda p\u0159irozen\u011b nevst\u0159eb\u00e1 je mo\u017en\u00e9 ho st\u00e1le recyklovat. Proto jako v\u00fdrobce pro silikonov\u00e9 hodinky silikon pova\u017eujeme za vhodn\u00fd materi\u00e1l. Silikon m\u00e1 n\u00edzkou tepelnou vodivost, n\u00edzkou toxicitu, materi\u00e1l je vod\u011b odoln\u00fd a takt\u00e9\u017e odoln\u00fd v\u016f\u010di UV z\u00e1\u0159en\u00ed. Silikonov\u00e9 hodinky m\u016f\u017eeme z pozice v\u00fdrobce doporu\u010dit pro outdoorov\u00e9 vyu\u017eit\u00ed.<\/p>\n<h2 style=\"text-align: justify;\">Silikonov\u00e9 hodinky od v\u00fdrobce<\/h2>\n<p style=\"text-align: justify;\"><a href=\"http:\/\/predmetyreklamni.eu\/vyrobce\/wp-content\/uploads\/imprinted-mashine-300x221.jpg\"><img decoding=\"async\" loading=\"lazy\" class=\"alignleft size-full wp-image-4461\" alt=\"potisk silikonov\u00fdch hodinek na zak\u00e1zku\" src=\"http:\/\/predmetyreklamni.eu\/vyrobce\/wp-content\/uploads\/imprinted-mashine-300x221.jpg\" width=\"300\" height=\"221\" \/><\/a>My jako v\u00fdrobce pro silikonov\u00e9 hodiny nab\u00edz\u00edme nejvy\u0161\u0161\u00ed kvalitu a z\u00e1ruku nejni\u017e\u0161\u00ed ceny. Sv\u011b\u0159te se do p\u00e9\u010de v\u00fdrobce silikonov\u00e9 hodinky a objednejte u n\u00e1s. Pro\u010d platit vy\u0161\u0161\u00ed cenu, kdy\u017e v p\u0159\u00edpad\u011b objedn\u00e1n\u00ed nebo v\u00fdroby p\u0159\u00edmo v tov\u00e1rn\u011b m\u016f\u017eete odstranit zbyte\u010dn\u00e9 n\u00e1klady pro prost\u0159edn\u00edky.<\/p>\n","protected":false},"excerpt":{"rendered":"<p>SILIKONOV\u00c9 HODINKY V\u00ddROBCE Jsme profesion\u00e1ln\u00ed v\u00fdrobce pro va\u0161e silikonov\u00e9 hodinky Jako profesion\u00e1ln\u00ed v\u00fdrobce pro silikonov\u00e9 hodinky poskytujeme velice v\u00fdhodn\u00e9 ceny, kter\u00e9 jen tak na trhu s propaga\u010dn\u00edm p\u0159edm\u011btem silikonov\u00e9 hodinky nenaleznete. Vzhledem ke sv\u00fdm dlouhodob\u00fdm zku\u0161enostem na pozici v\u00fdrobce pro &hellip; <a href=\"https:\/\/predmetyreklamni.eu\/vyrobce\/silikonove-hodinky-vyrobce\/\">Continue reading <span class=\"meta-nav\">&rarr;<\/span><\/a><\/p>\n","protected":false},"author":1,"featured_media":0,"parent":0,"menu_order":31,"comment_status":"closed","ping_status":"open","template":"sidebar-page.php","meta":[],"_links":{"self":[{"href":"https:\/\/predmetyreklamni.eu\/vyrobce\/wp-json\/wp\/v2\/pages\/4452"}],"collection":[{"href":"https:\/\/predmetyreklamni.eu\/vyrobce\/wp-json\/wp\/v2\/pages"}],"about":[{"href":"https:\/\/predmetyreklamni.eu\/vyrobce\/wp-json\/wp\/v2\/types\/page"}],"author":[{"embeddable":true,"href":"https:\/\/predmetyreklamni.eu\/vyrobce\/wp-json\/wp\/v2\/users\/1"}],"replies":[{"embeddable":true,"href":"https:\/\/predmetyreklamni.eu\/vyrobce\/wp-json\/wp\/v2\/comments?post=4452"}],"version-history":[{"count":4,"href":"https:\/\/predmetyreklamni.eu\/vyrobce\/wp-json\/wp\/v2\/pages\/4452\/revisions"}],"predecessor-version":[{"id":4462,"href":"https:\/\/predmetyreklamni.eu\/vyrobce\/wp-json\/wp\/v2\/pages\/4452\/revisions\/4462"}],"wp:attachment":[{"href":"https:\/\/predmetyreklamni.eu\/vyrobce\/wp-json\/wp\/v2\/media?parent=4452"}],"curies":[{"name":"wp","href":"https:\/\/api.w.org\/{rel}","templated":true}]}}