{"id":4463,"date":"2015-08-05T20:14:18","date_gmt":"2015-08-05T20:14:18","guid":{"rendered":"http:\/\/predmetyreklamni.eu\/vyrobce\/?page_id=4463"},"modified":"2015-08-05T20:40:05","modified_gmt":"2015-08-05T20:40:05","slug":"reklamni-silikonove-kapesni-hodinky","status":"publish","type":"page","link":"https:\/\/predmetyreklamni.eu\/vyrobce\/reklamni-silikonove-kapesni-hodinky\/","title":{"rendered":"Reklamn\u00ed silikonov\u00e9 kapesn\u00ed hodinky"},"content":{"rendered":"<h1 style=\"text-align: justify;\">REKLAMN\u00cd SILIKONOV\u00c9 KAPESN\u00cd HODINKY<\/h1>\n<h2 style=\"text-align: justify;\">Reklamn\u00ed silikonov\u00e9 kapesn\u00ed hodinky pro l\u00e9ka\u0159e, sestry, bratry&#8230;<\/h2>\n<p style=\"text-align: justify;\"><a href=\"http:\/\/predmetyreklamni.eu\/vyrobce\/wp-content\/uploads\/siikonov\u00e9-kapesn\u00ed-hodinky-na-zak\u00e1zku.jpg\"><img decoding=\"async\" loading=\"lazy\" class=\"alignleft size-medium wp-image-4395\" alt=\"propaga\u010dn\u00ed pocket hodinky pro l\u00e9ka\u0159e\" src=\"http:\/\/predmetyreklamni.eu\/vyrobce\/wp-content\/uploads\/siikonov\u00e9-kapesn\u00ed-hodinky-na-zak\u00e1zku-300x300.jpg\" width=\"300\" height=\"300\" srcset=\"https:\/\/predmetyreklamni.eu\/vyrobce\/wp-content\/uploads\/siikonov\u00e9-kapesn\u00ed-hodinky-na-zak\u00e1zku-300x300.jpg 300w, https:\/\/predmetyreklamni.eu\/vyrobce\/wp-content\/uploads\/siikonov\u00e9-kapesn\u00ed-hodinky-na-zak\u00e1zku-150x150.jpg 150w, https:\/\/predmetyreklamni.eu\/vyrobce\/wp-content\/uploads\/siikonov\u00e9-kapesn\u00ed-hodinky-na-zak\u00e1zku.jpg 401w\" sizes=\"(max-width: 300px) 100vw, 300px\" \/><\/a>Tyto reklamn\u00ed silikonov\u00e9 kapesn\u00ed hodinky pro V\u00e1s vyrob\u00edme nap\u0159\u00edklad ve tvaru kruhu, \u010dtverce nebo srdce. Na zak\u00e1zku je mo\u017en\u00e9 vyrobit i jin\u00e9 tvary. Nav\u00edc lze tyto kapesn\u00ed silikonov\u00e9 hodinky opat\u0159it potiskem a Vy tak z\u00edsk\u00e1te perfektn\u00ed reklamn\u00ed d\u00e1rek pro l\u00e9ka\u0159e, zdravotn\u00ed setry \u010di bratry. Kapesn\u00ed silikonov\u00e9 hodinky jako ide\u00e1ln\u00ed reklamn\u00ed p\u0159edm\u011bt pro Va\u0161\u00ed propaga\u010dn\u00ed kampa\u0148, kter\u00e1 V\u00e1m pom\u016f\u017ee zv\u00fd\u0161it pov\u011bdom\u00ed o zna\u010dce.<\/p>\n<h2 style=\"text-align: justify;\">Barevn\u00e9 reklamn\u00ed silikonov\u00e9 kapesn\u00ed hodinky za skv\u011bl\u00e9 ceny<\/h2>\n<p style=\"text-align: justify;\"><strong>Polo\u017eka \u010d.:\u00a0<\/strong>GS-SW008<br \/>\n<strong>Materi\u00e1l:<\/strong>\u00a0100% silikon, strojek Quartz<br \/>\n<strong>Potisk<\/strong>: potisk p\u00e1sku \u2013 s\u00edtotisk, laser<br \/>\nV\u0161echny barvy k dispozici \u2013 dle Pantone\u00ae\u00a0vzorn\u00edku<br \/>\n<strong>Velikost:\u00a0<\/strong>celkov\u00e1\u00a0d\u00e9lka 85mm, \u00d8\u00a0cifern\u00edku 40mm<br \/>\nHodinovka\/ Minutovka\/Sekundovka \u2013 displej voliteln\u00fd, vym\u011bniteln\u00e1 baterie<br \/>\n<strong>Celkov\u00e1 v\u00e1ha:<\/strong>\u00a028g\/ks<br \/>\n<strong>Minim\u00e1ln\u00ed objedn\u00e1vka:<\/strong>\u00a0100ks pro tento design ve skladov\u00e9 z\u00e1sob\u011b a 500ks p\u0159i zak\u00e1zkov\u00e9 v\u00fdrob\u011b<br \/>\n<strong>Cena<\/strong>:\u00a0<a title=\"ZASLAT POPT\u00c1VKU\" href=\"mailto:info@predmetyreklamni.eu\">ZASLAT POPT\u00c1VKU<\/a><\/p>\n","protected":false},"excerpt":{"rendered":"<p>REKLAMN\u00cd SILIKONOV\u00c9 KAPESN\u00cd HODINKY Reklamn\u00ed silikonov\u00e9 kapesn\u00ed hodinky pro l\u00e9ka\u0159e, sestry, bratry&#8230; Tyto reklamn\u00ed silikonov\u00e9 kapesn\u00ed hodinky pro V\u00e1s vyrob\u00edme nap\u0159\u00edklad ve tvaru kruhu, \u010dtverce nebo srdce. Na zak\u00e1zku je mo\u017en\u00e9 vyrobit i jin\u00e9 tvary. Nav\u00edc lze tyto kapesn\u00ed silikonov\u00e9 &hellip; <a href=\"https:\/\/predmetyreklamni.eu\/vyrobce\/reklamni-silikonove-kapesni-hodinky\/\">Continue reading <span class=\"meta-nav\">&rarr;<\/span><\/a><\/p>\n","protected":false},"author":1,"featured_media":0,"parent":0,"menu_order":31,"comment_status":"closed","ping_status":"open","template":"sidebar-page.php","meta":[],"_links":{"self":[{"href":"https:\/\/predmetyreklamni.eu\/vyrobce\/wp-json\/wp\/v2\/pages\/4463"}],"collection":[{"href":"https:\/\/predmetyreklamni.eu\/vyrobce\/wp-json\/wp\/v2\/pages"}],"about":[{"href":"https:\/\/predmetyreklamni.eu\/vyrobce\/wp-json\/wp\/v2\/types\/page"}],"author":[{"embeddable":true,"href":"https:\/\/predmetyreklamni.eu\/vyrobce\/wp-json\/wp\/v2\/users\/1"}],"replies":[{"embeddable":true,"href":"https:\/\/predmetyreklamni.eu\/vyrobce\/wp-json\/wp\/v2\/comments?post=4463"}],"version-history":[{"count":4,"href":"https:\/\/predmetyreklamni.eu\/vyrobce\/wp-json\/wp\/v2\/pages\/4463\/revisions"}],"predecessor-version":[{"id":4465,"href":"https:\/\/predmetyreklamni.eu\/vyrobce\/wp-json\/wp\/v2\/pages\/4463\/revisions\/4465"}],"wp:attachment":[{"href":"https:\/\/predmetyreklamni.eu\/vyrobce\/wp-json\/wp\/v2\/media?parent=4463"}],"curies":[{"name":"wp","href":"https:\/\/api.w.org\/{rel}","templated":true}]}}