{"id":4472,"date":"2016-01-18T20:02:41","date_gmt":"2016-01-18T20:02:41","guid":{"rendered":"http:\/\/predmetyreklamni.eu\/vyrobce\/?page_id=4472"},"modified":"2016-01-20T22:36:32","modified_gmt":"2016-01-20T22:36:32","slug":"latkove-podhlavniky-na-zakazku","status":"publish","type":"page","link":"https:\/\/predmetyreklamni.eu\/vyrobce\/latkove-podhlavniky-na-zakazku\/","title":{"rendered":"L\u00e1tkov\u00e9 podhlavn\u00edky na zak\u00e1zku"},"content":{"rendered":"<h1>L\u00c1TKOV\u00c9 PODHLAVN\u00cdKY NA ZAK\u00c1ZKU<\/h1>\n<h2>Vyu\u017eit\u00ed pro l\u00e1tkov\u00e9 podhlavn\u00edky na zak\u00e1zku<\/h2>\n<p>Reklamni podhlavnik je idealni reklamni predmet do dopravnich prostredku .<\/p>\n<p>Idealni jsou hromadne dopravni prostredky jako jsou vlaky, letadla , autobusy taxiky.<\/p>\n<p>Plni praktickou hygienickou roly a jsou pratelne a opetovne pouzitelne. Uvazimeli dobu stravenou v dopravnim prostredku a tim danou dobu sledovani reklamy ktera je na podhlavniku sedadla cestujiciho pred Vami.<\/p>\n<p>Nesporna prakticnost reklamniho podhlavniku ktery jiste neuvita pouze cestujici milujici cistotu ale kazdy s alespon zakladnim smyslem pro hygienu. V zajmu kazdeho provozovatele dopravniho prostredku by mela byt spokojenost a komfort cestujicich. Reklamni podhlavnik tak nabizi prirozenou symbiozu mezi reklamou, cistototou a komfortem.<\/p>\n<h2>Pro\u010d l\u00e1tkov\u00e9 podhlavn\u00edky na zak\u00e1zku<\/h2>\n<p><b>Vykon reklamniho predmetu reklamni podhlavniky.<\/b><\/p>\n<p>&nbsp;<\/p>\n<p>Ve srovnani s ostatnimi reklamnimi predmety ktere jsou vetsinou na jedno pouziti a na nichz zrak jednotlivce z cilove skupiny ulpi jen kratce vyjmecne nebo nezridka konci v odpadu nebo ve spodnim supliku.<\/p>\n<p>U reklamniho podhlavniku je to prave naopak\u00a0 a za minimalni porizovaci cenu je takovato reklama na ocich po celou dobu prepravy ktera se cita nikoli na vteriny jako v reklamnich spotech ale na hodiny a desitky hodin.<\/p>\n<p><b>Cileni reklamy s reklamni operkou hlavy<\/b><\/p>\n<p>&nbsp;<\/p>\n<p>Pokud mate zajem oslovit specifickou skupinu lidi a filtrovat cilovou skupinu dle prijmu dle lokality staci pak zacilit na spravny dopravni prostredek od letadel pres limuziny az po mestskou hromadnou dopravu. Reklamni operka hlavy bude svou hygienickou a hlavne reklamni funkci zastavat zcela nevtirave napric timto spektrem .<\/p>\n<p>Pokud chceme zacilit na konkretni lokalitu neni nic jednodusiho nez se zamerit na dopravni spoje mirici do a z oblasti Vaseho zajmu.<\/p>\n","protected":false},"excerpt":{"rendered":"<p>L\u00c1TKOV\u00c9 PODHLAVN\u00cdKY NA ZAK\u00c1ZKU Vyu\u017eit\u00ed pro l\u00e1tkov\u00e9 podhlavn\u00edky na zak\u00e1zku Reklamni podhlavnik je idealni reklamni predmet do dopravnich prostredku . Idealni jsou hromadne dopravni prostredky jako jsou vlaky, letadla , autobusy taxiky. Plni praktickou hygienickou roly a jsou pratelne a &hellip; <a href=\"https:\/\/predmetyreklamni.eu\/vyrobce\/latkove-podhlavniky-na-zakazku\/\">Continue reading <span class=\"meta-nav\">&rarr;<\/span><\/a><\/p>\n","protected":false},"author":1,"featured_media":0,"parent":0,"menu_order":32,"comment_status":"closed","ping_status":"closed","template":"sidebar-page.php","meta":[],"_links":{"self":[{"href":"https:\/\/predmetyreklamni.eu\/vyrobce\/wp-json\/wp\/v2\/pages\/4472"}],"collection":[{"href":"https:\/\/predmetyreklamni.eu\/vyrobce\/wp-json\/wp\/v2\/pages"}],"about":[{"href":"https:\/\/predmetyreklamni.eu\/vyrobce\/wp-json\/wp\/v2\/types\/page"}],"author":[{"embeddable":true,"href":"https:\/\/predmetyreklamni.eu\/vyrobce\/wp-json\/wp\/v2\/users\/1"}],"replies":[{"embeddable":true,"href":"https:\/\/predmetyreklamni.eu\/vyrobce\/wp-json\/wp\/v2\/comments?post=4472"}],"version-history":[{"count":5,"href":"https:\/\/predmetyreklamni.eu\/vyrobce\/wp-json\/wp\/v2\/pages\/4472\/revisions"}],"predecessor-version":[{"id":4495,"href":"https:\/\/predmetyreklamni.eu\/vyrobce\/wp-json\/wp\/v2\/pages\/4472\/revisions\/4495"}],"wp:attachment":[{"href":"https:\/\/predmetyreklamni.eu\/vyrobce\/wp-json\/wp\/v2\/media?parent=4472"}],"curies":[{"name":"wp","href":"https:\/\/api.w.org\/{rel}","templated":true}]}}