{"id":4497,"date":"2016-02-23T17:42:33","date_gmt":"2016-02-23T17:42:33","guid":{"rendered":"http:\/\/predmetyreklamni.eu\/vyrobce\/?page_id=4497"},"modified":"2016-03-03T12:00:57","modified_gmt":"2016-03-03T12:00:57","slug":"reklamni-kava-s-potiskem","status":"publish","type":"page","link":"https:\/\/predmetyreklamni.eu\/vyrobce\/reklamni-kava-s-potiskem\/","title":{"rendered":"Reklamn\u00ed k\u00e1va s potiskem"},"content":{"rendered":"<h1 style=\"text-align: justify;\">REKLAMN\u00cd K\u00c1VA S POTISKEM<\/h1>\n<h2 style=\"text-align: justify;\">Reklamn\u00ed balen\u00e1 k\u00e1va s potiskem<\/h2>\n<p style=\"text-align: justify;\">V na\u0161\u00ed nab\u00eddce reklamn\u00ed k\u00e1vy s potiskem a nach\u00e1z\u00ed nep\u0159ebern\u00e9 mno\u017estv\u00ed druh\u016f z r\u016fzn\u00fdch kout\u016f sv\u011bta a nejzn\u00e1m\u011bj\u0161\u00edch p\u011bstitelsk\u00fdch oblast\u00ed jako Ekv\u00e1dor, Costa Rica, Cuba, Dominik\u00e1nsk\u00e1 republika, Ke\u0148a, Indie, Indon\u00e9sie, Peru, Braz\u00edlie a dal\u0161\u00ed a dal\u0161\u00ed.<\/p>\n<p style=\"text-align: justify;\"><a href=\"http:\/\/predmetyreklamni.eu\/vyrobce\/wp-content\/uploads\/reklamn\u00ed-k\u00e1va-s-firemn\u00edm-logem.jpg\"><img decoding=\"async\" loading=\"lazy\" class=\"alignleft  wp-image-4532\" title=\"reklamn\u00ed k\u00e1va s firemn\u00edm logem\" alt=\"reklamn\u00ed k\u00e1va s firemn\u00edm logem\" src=\"http:\/\/predmetyreklamni.eu\/vyrobce\/wp-content\/uploads\/reklamn\u00ed-k\u00e1va-s-firemn\u00edm-logem-300x271.jpg\" width=\"216\" height=\"195\" srcset=\"https:\/\/predmetyreklamni.eu\/vyrobce\/wp-content\/uploads\/reklamn\u00ed-k\u00e1va-s-firemn\u00edm-logem-300x271.jpg 300w, https:\/\/predmetyreklamni.eu\/vyrobce\/wp-content\/uploads\/reklamn\u00ed-k\u00e1va-s-firemn\u00edm-logem-331x300.jpg 331w, https:\/\/predmetyreklamni.eu\/vyrobce\/wp-content\/uploads\/reklamn\u00ed-k\u00e1va-s-firemn\u00edm-logem.jpg 424w\" sizes=\"(max-width: 216px) 100vw, 216px\" \/><\/a><\/p>\n<p style=\"text-align: justify;\">Podle obl\u00edben\u00e9 chuti k\u00e1vy m\u016f\u017eete vyb\u00edrat ze 100% Arabik, 100% Robust \u010di Espresso sm\u011bs\u00ed. U Espersso sm\u011bs\u00ed se m\u011bn\u00ed pom\u011br robusty a arabiky a tud\u00ed\u017e i chu\u0165 k\u00e1vy a z\u00e1le\u017e\u00ed jen na Va\u0161ich preferenc\u00edch. Nab\u00edz\u00edme t\u00e9\u017e k\u00e1vu bez kofeinu.<\/p>\n<h2 style=\"text-align: justify;\">Reklamn\u00ed k\u00e1va balen\u00ed s potiskem<\/h2>\n<p style=\"text-align: justify;\">Va\u0161e reklamn\u00ed k\u00e1va a jej\u00ed balen\u00ed s potiskem m\u016f\u017ee vypadat nap\u0159\u00edklad jako na obr\u00e1zku n\u00ed\u017ee. Reklamn\u00ed k\u00e1vu lze zatavit do s\u00e1\u010dk\u016f s polopropustnou membr\u00e1nou nebo bez membr\u00e1ny. S\u00e1\u010dky s reklamn\u00ed k\u00e1vou opat\u0159\u00edme potiskem v podob\u011b etikety dle Va\u0161eho zad\u00e1n\u00ed.<\/p>\n<p style=\"text-align: justify;\"><a href=\"http:\/\/predmetyreklamni.eu\/vyrobce\/wp-content\/uploads\/DSCF5970.jpg\"><img decoding=\"async\" loading=\"lazy\" class=\"alignleft size-medium wp-image-4542\" alt=\"balen\u00ed reklamn\u00ed k\u00e1vy s potiskem\" src=\"http:\/\/predmetyreklamni.eu\/vyrobce\/wp-content\/uploads\/DSCF5970-300x250.jpg\" width=\"300\" height=\"250\" srcset=\"https:\/\/predmetyreklamni.eu\/vyrobce\/wp-content\/uploads\/DSCF5970-300x250.jpg 300w, https:\/\/predmetyreklamni.eu\/vyrobce\/wp-content\/uploads\/DSCF5970-359x300.jpg 359w, https:\/\/predmetyreklamni.eu\/vyrobce\/wp-content\/uploads\/DSCF5970.jpg 575w\" sizes=\"(max-width: 300px) 100vw, 300px\" \/><\/a><br \/>\nU standardn\u00edch velikost\u00ed balen\u00ed a sou\u010dasn\u011b p\u0159i v\u011bt\u0161\u00edm odb\u011bru obdr\u017e\u00edte zak\u00e1zkov\u00fd obal obdr\u017e\u00edte jako bonus.<\/p>\n<p style=\"text-align: justify;\">Balen\u00ed k\u00e1vy poskytujeme ji\u017e od 50g, kter\u00e9 ov\u0161em nepat\u0159\u00ed mezi standardn\u00ed velikosti.<\/p>\n<h2 style=\"text-align: justify;\">Cena reklamn\u00ed k\u00e1vy s potiskem<\/h2>\n<p style=\"text-align: justify;\">Nespornou v\u00fdhodou na\u0161\u00ed nab\u00eddky reklamn\u00ed k\u00e1vy je pom\u011br kvality a ceny. V pra\u017esk\u00fdch kav\u00e1rn\u00e1ch a pra\u017e\u00edrn\u00e1ch, kterou se vezou na m\u00f3dn\u00ed k\u00e1vov\u00e9 vln\u011b je cena za srovnatelnou nebo stejnou kvalitu a druh k\u00e1vy t\u00e9m\u011b\u0159 dvojn\u00e1sobn\u00e1. 100% robusty od 120,- K\u010d\/kg, velmi l\u00edbiv\u00e9 100% arabiky se pak pohybuj\u00ed kolem 380,-K\u010d\/kg. I v t\u00e9 nejni\u017e\u0161\u00ed cenov\u00e9 kategorii je db\u00e1no na dodr\u017een\u00ed kvality. S pod\u0159adn\u00fdmi kvalitami k\u00e1vy neobchodujeme. Za n\u00e1mi dod\u00e1vanou k\u00e1vu nezaplat\u00edte v\u016fbec nic nav\u00edc bude V\u00e1s st\u00e1t stejn\u011b jako kdybyste ji nakoupili p\u0159\u00edmo u dodavatele..<\/p>\n<p style=\"text-align: justify;\"><em><strong>Kompletn\u00ed orienta\u010dn\u00ed maloobchodn\u00ed cen\u00edk za 1kg zrnkov\u00e9 pra\u017een\u00e9 k\u00e1vy naleznete <a title=\"MALOOBCHODN\u00cd CEN\u00cdK A NAB\u00cdDKA REKLAMN\u00cd K\u00c1VY\" href=\"http:\/\/eva-s.eu\/cs\/245-prazena-zrnkova-a-mleta-kava\" target=\"_blank\">ZDE<\/a>.<br \/>\n<\/strong><\/em>M\u00e1te-li z\u00e1jem o cenovou nab\u00eddku, r\u00e1di ji pro V\u00e1s individu\u00e1ln\u011b p\u0159iprav\u00edme. Pro rychlej\u0161\u00ed a p\u0159esn\u011bj\u0161\u00ed zpracov\u00e1n\u00ed nab\u00eddky n\u00e1m pros\u00edm za\u0161lete informace jako po\u010det ks, velikost balen\u00ed, typ balen\u00ed a pokud m\u00e1te n\u00e1hled etikety a dobu dod\u00e1n\u00ed.<\/p>\n<h2 style=\"text-align: justify;\">Vzorky reklamn\u00ed k\u00e1vy s potiskem<\/h2>\n<p style=\"text-align: justify;\">Domluvte si sch\u016fzku s na\u0161im obchodn\u00edm z\u00e1stupcem, kter\u00fd V\u00e1m r\u00e1d za\u0161le nebo p\u0159edstav\u00ed vzorek reklamn\u00ed k\u00e1vy, abyste mohli posoudit chu\u0165, \u010derstvost a kvalitu. Telefonick\u00fd nebo emailov\u00fd kontakt naleznete na na\u0161ich str\u00e1nk\u00e1ch.<\/p>\n<p style=\"text-align: justify;\">Zaujala V\u00e1s na\u0161e nab\u00eddka a chcete propagovat svou firmu a zna\u010dku pomoc\u00ed reklamn\u00ed k\u00e1vy s vlastn\u00edm potiskem?\u00a0Nev\u00e1hejte n\u00e1s kontaktovat pro cenovou nab\u00eddku na emailu:\u00a0<a title=\"info@predmetyreklamni.eu\" href=\"mailto:info@predmetyreklamni.eu\">info@predmetyreklamni.eu<\/a><\/p>\n<p style=\"text-align: justify;\">T\u011b\u0161\u00edme se na spolupr\u00e1ci! Team Gifts Service<\/p>\n","protected":false},"excerpt":{"rendered":"<p>REKLAMN\u00cd K\u00c1VA S POTISKEM Reklamn\u00ed balen\u00e1 k\u00e1va s potiskem V na\u0161\u00ed nab\u00eddce reklamn\u00ed k\u00e1vy s potiskem a nach\u00e1z\u00ed nep\u0159ebern\u00e9 mno\u017estv\u00ed druh\u016f z r\u016fzn\u00fdch kout\u016f sv\u011bta a nejzn\u00e1m\u011bj\u0161\u00edch p\u011bstitelsk\u00fdch oblast\u00ed jako Ekv\u00e1dor, Costa Rica, Cuba, Dominik\u00e1nsk\u00e1 republika, Ke\u0148a, Indie, Indon\u00e9sie, Peru, &hellip; <a href=\"https:\/\/predmetyreklamni.eu\/vyrobce\/reklamni-kava-s-potiskem\/\">Continue reading <span class=\"meta-nav\">&rarr;<\/span><\/a><\/p>\n","protected":false},"author":1,"featured_media":0,"parent":0,"menu_order":33,"comment_status":"closed","ping_status":"open","template":"sidebar-page.php","meta":[],"_links":{"self":[{"href":"https:\/\/predmetyreklamni.eu\/vyrobce\/wp-json\/wp\/v2\/pages\/4497"}],"collection":[{"href":"https:\/\/predmetyreklamni.eu\/vyrobce\/wp-json\/wp\/v2\/pages"}],"about":[{"href":"https:\/\/predmetyreklamni.eu\/vyrobce\/wp-json\/wp\/v2\/types\/page"}],"author":[{"embeddable":true,"href":"https:\/\/predmetyreklamni.eu\/vyrobce\/wp-json\/wp\/v2\/users\/1"}],"replies":[{"embeddable":true,"href":"https:\/\/predmetyreklamni.eu\/vyrobce\/wp-json\/wp\/v2\/comments?post=4497"}],"version-history":[{"count":19,"href":"https:\/\/predmetyreklamni.eu\/vyrobce\/wp-json\/wp\/v2\/pages\/4497\/revisions"}],"predecessor-version":[{"id":4657,"href":"https:\/\/predmetyreklamni.eu\/vyrobce\/wp-json\/wp\/v2\/pages\/4497\/revisions\/4657"}],"wp:attachment":[{"href":"https:\/\/predmetyreklamni.eu\/vyrobce\/wp-json\/wp\/v2\/media?parent=4497"}],"curies":[{"name":"wp","href":"https:\/\/api.w.org\/{rel}","templated":true}]}}