{"id":4615,"date":"2017-01-16T19:11:26","date_gmt":"2017-01-16T19:11:26","guid":{"rendered":"http:\/\/predmetyreklamni.eu\/vyrobce\/?page_id=4615"},"modified":"2017-01-19T10:39:38","modified_gmt":"2017-01-19T10:39:38","slug":"ochranna-rfidnfc-pouzdra-na-zakazku","status":"publish","type":"page","link":"https:\/\/predmetyreklamni.eu\/vyrobce\/ochranna-rfidnfc-pouzdra-na-zakazku\/","title":{"rendered":"Ochrann\u00e1 RFID\/NFC pouzdra na zak\u00e1zku"},"content":{"rendered":"<h1 style=\"text-align: justify;\">OCHRANN\u00c1 RFID\/NFC POUZDRA NA ZAK\u00c1ZKU<\/h1>\n<h2 style=\"text-align: justify;\">Ochrann\u00e1 RFID\/NFC pouzdra na zak\u00e1zku<\/h2>\n<p style=\"text-align: justify;\">Na zak\u00e1zku pro V\u00e1s vyrob\u00edme ochrann\u00e1 RFID\/NFC pouzdra na platebn\u00ed karty, biometrick\u00e9 pasy s RFID \u010dipem \u010di jin\u00e9 ID karty opat\u0159en\u00e9 t\u00edmto \u010dipem. Ochrann\u00e1 pouzdra jsou st\u00edn\u011bn\u00edm v\u0161ech t\u011bchto d\u016fle\u017eit\u00fdch nezbytnost\u00ed a s jejich\u017e prost\u0159ednictv\u00edm znemo\u017en\u00edte v\u0161em bezkontaktn\u00edm \u010dte\u010dk\u00e1m jak\u00e9koliv zneu\u017eit\u00ed.<\/p>\n<p style=\"text-align: justify;\">Ochrann\u00e1 RFID\/NFC pouzdra na zak\u00e1zku se hod\u00ed jako reklamn\u00ed p\u0159edm\u011bt ve v\u0161ech odv\u011btv\u00edch. Ide\u00e1ln\u00edm d\u00e1rkem jsou samoz\u0159ejm\u011b v oblasti bankovnictv\u00ed \u010di cestovn\u00edho ruchu. \u00a0 Ochrann\u00e1 pouzdra na platebn\u00ed bankovn\u00ed karty je \u00fa\u010dinn\u00e9 st\u00edn\u011bn\u00ed\u00a0 platebn\u00ed bankovn\u00ed karty. Odst\u00edn\u011bn\u00edm platebn\u00ed karty pomoc\u00ed ochrann\u00e9ho obalu znemo\u017en\u00edte v\u0161em bezkontaktn\u00edm \u010dte\u010dk\u00e1m se napojit s Va\u0161\u00ed platebn\u00ed kartou a tak nen\u00ed mo\u017en\u00e9 realizovat jak\u00e9koliv transakce. Jedin\u00e9 na co mus\u00edte s na\u0161\u00edm\u00a0 ochrann\u00fdm pouzdrem \u00a0myslet je, \u017ee p\u0159i cht\u011bn\u00fdch transakc\u00edch = p\u0159i placen\u00ed je nutn\u00e9 vyjmout platebn\u00ed kartu z ochrann\u00e9ho pouzdra, jinak nen\u00ed\u00a0 mo\u017en\u00e9 bezkontaktn\u00ed transakci realizovat.<\/p>\n<h1 style=\"text-align: justify;\">Ochrann\u00e1 RFID\/NFC pouzdra na zak\u00e1zku nab\u00eddka<\/h1>\n<p style=\"text-align: justify;\">N\u00ed\u017ee V\u00e1m p\u0159edstav\u00edme p\u0159edstav\u00edme mo\u017enosti v\u00fdroby na zak\u00e1zku produktu ochrann\u00e1 RFID pouzdra a mo\u017en\u00e1 inspirujeme i V\u00e1s a budete propagovat svou firmu pomoc\u00ed tohoto reklamn\u00edho p\u0159edm\u011btu.<\/p>\n<h2 style=\"text-align: justify;\">Ochrann\u00e1 RFID\/NFC pouzdra na zak\u00e1zku na platebn\u00ed karty<\/h2>\n<p style=\"text-align: justify;\"><img decoding=\"async\" loading=\"lazy\" class=\"alignleft\" title=\"bezpe\u010dnostn\u00ed rfid obaly na zak\u00e1zku\" alt=\"bezpe\u010dnostn\u00ed rfid obaly na zak\u00e1zku\" src=\"http:\/\/predmetyreklamni.eu\/vyrobce\/wp-content\/uploads\/bezpe\u010dnostn\u00ed-rfid-obaly-v\u00fdrobce-300x288.jpg\" width=\"210\" height=\"202\" \/><\/p>\n<p style=\"text-align: justify;\">Materi\u00e1l: hlin\u00edkov\u00e1 f\u00f3lie<br \/>\nRozm\u011bry: cca 8.9&#215;5.9cm<br \/>\nHmotnost: cca 5g<br \/>\nPotisk: celoplo\u0161n\u00fd plnobarevn\u00fd potisk obalu (CMYK)<br \/>\nBalen\u00ed: na zak\u00e1zku (nap\u0159. jednotliv\u011b baleno nebo po v\u00edce kusech)<br \/>\n<strong>Min. objedn\u00e1vka: 100ks<\/strong><\/p>\n<p style=\"text-align: justify;\"><strong>Orienta\u010dn\u00ed kalkulace<br \/>\n<\/strong><span style=\"color: #008000;\">ochrann\u00e1 RFID\/NFC pouzdra na platebn\u00ed karty\u00a0<\/span><strong><br \/>\n<\/strong><span style=\"color: #008000;\">celoplo\u0161n\u00fd plnobarevn\u00fd potisk<br \/>\n<\/span>[ultimatetables 7 \/]<\/p>\n<h2 style=\"text-align: justify;\">Ochrann\u00e1 RFID\/NFC pouzdra na zak\u00e1zku na 1 v\u00edce platebn\u00ed karet<\/h2>\n<p style=\"text-align: justify;\"><a href=\"http:\/\/predmetyreklamni.eu\/vyrobce\/wp-content\/uploads\/reklamn\u00ed-ochrann\u00e1-pouzdra-na-platebn\u00ed-karty.jpg\"><img decoding=\"async\" loading=\"lazy\" class=\"alignleft  wp-image-4678\" title=\"reklamn\u00ed ochrann\u00e1 pouzdra na platebn\u00ed karty\" alt=\"reklamn\u00ed ochrann\u00e1 pouzdra na platebn\u00ed karty\" src=\"http:\/\/predmetyreklamni.eu\/vyrobce\/wp-content\/uploads\/reklamn%C3%AD-ochrann%C3%A1-pouzdra-na-platebn%C3%AD-karty-300x300.jpg\" width=\"210\" height=\"210\" \/><\/a>Materi\u00e1l: kov (hlin\u00edk)<br \/>\nRozm\u011bry: cca 9.6x6cm<br \/>\nHmotnost: cca 50g<br \/>\nPotisk: celoplo\u0161n\u00fd plnobarevn\u00fd potisk obalu (CMYK)<br \/>\nBalen\u00ed: na zak\u00e1zku\u00a0(nap\u0159. jednotliv\u011b baleno nebo po v\u00edce kusech)<br \/>\n<strong>Min. objedn\u00e1vka: 5000ks<\/strong><br \/>\nCena:\u00a0<a title=\"ZASLAT POPT\u00c1VKU\" href=\"mailto:info@predmetyreklamni.eu?subject=Popt\u00e1vka z predmetyreklamni.eu\/vyrobce - bezpe\u010dnostn\u00ed obaly\">ZASLAT POPT\u00c1VKU<\/a><\/p>\n<h2 style=\"text-align: justify;\">Ochrann\u00e1 RFID\/NFC pouzdra na zak\u00e1zku na bioemetrick\u00e9 pasy<\/h2>\n<p style=\"text-align: justify;\"><a href=\"http:\/\/predmetyreklamni.eu\/vyrobce\/wp-content\/uploads\/reklamn\u00ed-bezpe\u010dnostn\u00ed-pouzdra-na-biometrick\u00e9-pasy.jpg\"><img decoding=\"async\" loading=\"lazy\" class=\"alignleft  wp-image-4663\" title=\"reklamn\u00ed bezpe\u010dnostn\u00ed pouzdra na biometrick\u00e9 pasy\" alt=\"reklamn\u00ed bezpe\u010dnostn\u00ed pouzdra na biometrick\u00e9 pasy\" src=\"http:\/\/predmetyreklamni.eu\/vyrobce\/wp-content\/uploads\/reklamn%C3%AD-bezpe%C4%8Dnostn%C3%AD-pouzdra-na-biometrick%C3%A9-pasy-300x300.jpg\" width=\"210\" height=\"210\" \/><\/a>Materi\u00e1l: hlin\u00edkov\u00e1 f\u00f3lie<br \/>\nRozm\u011bry: cca 13.5&#215;9.2cm<br \/>\nHmotnost: cca 15g<br \/>\nPotisk: celoplo\u0161n\u00fd plnobarevn\u00fd potisk obalu (CMYK)<br \/>\nBalen\u00ed:\u00a0\u00a0na zak\u00e1zku\u00a0(nap\u0159. jednotliv\u011b baleno nebo po v\u00edce kusech)<br \/>\n<strong>Min. objedn\u00e1vka: 1000ks<\/strong><br \/>\nCena: <a title=\"ZASLAT POPT\u00c1VKU\" href=\"mailto:info@predmetyreklamni.eu?subject=Popt\u00e1vka z predmetyreklamni.eu\/vyrobce - bezpe\u010dnostn\u00ed obaly\">ZASLAT POPT\u00c1VKU<\/a><\/p>\n<h2>Ochrann\u00e1 RFID pouzdra na zak\u00e1zku je ide\u00e1ln\u00ed a levn\u00fd reklamn\u00ed d\u00e1rek<\/h2>\n<p style=\"text-align: justify;\">Ochrann\u00e1 pouzdra na zak\u00e1zku p\u0159in\u00e1\u0161\u00ed koncov\u00e9mu u\u017eivateli vysokou hodnotu, kterou bude zajist\u00e9 velmi vn\u00edmat. \u00a0Ochrann\u00e1 pouzdra s potiskem na zak\u00e1zku jsou perfektn\u00edm d\u00e1rkem, jeliko\u017e Va\u0161e firemn\u00ed logo \u010di jin\u00e9 sd\u011blen\u00ed budou t\u00e9m\u011b\u0159 denn\u011b na o\u010d\u00edch. Dal\u0161\u00ed v\u00fdhodou je, \u017ee ochrann\u00e1 pouzdra na zak\u00e1zku s potiskem lze po\u0159\u00eddit za pom\u011brn\u011b n\u00edzkou cenu a to zejm\u00e9na ve vztahu k potencion\u00e1ln\u00edm \u00faspor\u00e1m.<\/p>\n<p style=\"text-align: justify;\">Jednoduch\u00fdm zp\u016fsobem m\u016f\u017eete ochr\u00e1nit platebn\u00ed karty Va\u0161ich klient\u016f a z\u00e1kazn\u00edk\u016f. Nav\u00edc pokud hled\u00e1te reklamn\u00ed d\u00e1rek s d\u016frazem na pom\u011br v\u00fdkon vs. cena, tak jste ho pr\u00e1v\u011b nalezli. Na ochrann\u00e1 pouzdra lze tisknout \u010di lepit libovoln\u00e9 designy.<\/p>\n<p style=\"text-align: justify;\">Stejn\u011b tak jako Va\u0161\u00ed bankovn\u00ed kartu chr\u00e1n\u00edte p\u0159ed mechanick\u00fdm po\u0161kozen\u00edm, m\u016f\u017eete \u00a0ji chr\u00e1nit podobn\u00fdm obalem i p\u0159ed elektronick\u00fdm \u00fatokem. Ochrann\u00e1 RFID pouzdra na zak\u00e1zku jsou vzhledov\u011b podobn\u00e1 standardn\u00edm na mechanickou ochranu.<\/p>\n<p>Zaujala V\u00e1s na\u0161e nab\u00eddka a chcete propagovat svou firmu a zna\u010dku pomoc\u00ed bezpe\u010dnostn\u00edho obalu na platebn\u00ed karty?\u00a0Nev\u00e1hejte n\u00e1s kontaktovat pro cenovou nab\u00eddku na emailu:\u00a0<a title=\"info@predmetyreklamni.eu\" href=\"mailto:info@predmetyreklamni.eu\">info@predmetyreklamni.eu<\/a><\/p>\n<p><strong>Do cenov\u00e9 popt\u00e1vky pros\u00edm uve\u010fte pot\u0159ebn\u00e9 informace pro cenovou nab\u00eddku jako<\/strong>: mno\u017estv\u00ed, barevn\u00e9 proveden\u00ed nebo kombinaci barev, dobu dod\u00e1n\u00ed. V\u0161echny tyto informace n\u00e1m pomohou k rychlej\u0161\u00edmu zpracov\u00e1n\u00ed cenov\u00e9 nab\u00eddky pr\u00e1v\u011b pro V\u00e1s.<\/p>\n<p>T\u011b\u0161\u00edme se na spolupr\u00e1ci! Team Gifts Service<\/p>\n<h2 style=\"text-align: justify;\"><\/h2>\n<p style=\"text-align: justify;\">\n","protected":false},"excerpt":{"rendered":"<p>OCHRANN\u00c1 RFID\/NFC POUZDRA NA ZAK\u00c1ZKU Ochrann\u00e1 RFID\/NFC pouzdra na zak\u00e1zku Na zak\u00e1zku pro V\u00e1s vyrob\u00edme ochrann\u00e1 RFID\/NFC pouzdra na platebn\u00ed karty, biometrick\u00e9 pasy s RFID \u010dipem \u010di jin\u00e9 ID karty opat\u0159en\u00e9 t\u00edmto \u010dipem. Ochrann\u00e1 pouzdra jsou st\u00edn\u011bn\u00edm v\u0161ech t\u011bchto d\u016fle\u017eit\u00fdch &hellip; <a href=\"https:\/\/predmetyreklamni.eu\/vyrobce\/ochranna-rfidnfc-pouzdra-na-zakazku\/\">Continue reading <span class=\"meta-nav\">&rarr;<\/span><\/a><\/p>\n","protected":false},"author":1,"featured_media":0,"parent":0,"menu_order":34,"comment_status":"closed","ping_status":"open","template":"sidebar-page.php","meta":[],"_links":{"self":[{"href":"https:\/\/predmetyreklamni.eu\/vyrobce\/wp-json\/wp\/v2\/pages\/4615"}],"collection":[{"href":"https:\/\/predmetyreklamni.eu\/vyrobce\/wp-json\/wp\/v2\/pages"}],"about":[{"href":"https:\/\/predmetyreklamni.eu\/vyrobce\/wp-json\/wp\/v2\/types\/page"}],"author":[{"embeddable":true,"href":"https:\/\/predmetyreklamni.eu\/vyrobce\/wp-json\/wp\/v2\/users\/1"}],"replies":[{"embeddable":true,"href":"https:\/\/predmetyreklamni.eu\/vyrobce\/wp-json\/wp\/v2\/comments?post=4615"}],"version-history":[{"count":34,"href":"https:\/\/predmetyreklamni.eu\/vyrobce\/wp-json\/wp\/v2\/pages\/4615\/revisions"}],"predecessor-version":[{"id":4688,"href":"https:\/\/predmetyreklamni.eu\/vyrobce\/wp-json\/wp\/v2\/pages\/4615\/revisions\/4688"}],"wp:attachment":[{"href":"https:\/\/predmetyreklamni.eu\/vyrobce\/wp-json\/wp\/v2\/media?parent=4615"}],"curies":[{"name":"wp","href":"https:\/\/api.w.org\/{rel}","templated":true}]}}