{"id":591,"date":"2013-04-08T12:13:25","date_gmt":"2013-04-08T12:13:25","guid":{"rendered":"http:\/\/predmetyreklamni.eu\/vyrobce\/?page_id=591"},"modified":"2020-04-21T06:04:45","modified_gmt":"2020-04-21T06:04:45","slug":"reklamni-destniky-na-zakazku-s-potiskem","status":"publish","type":"page","link":"https:\/\/predmetyreklamni.eu\/vyrobce\/reklamni-destniky-na-zakazku-s-potiskem\/","title":{"rendered":"Reklamn\u00ed de\u0161tn\u00edky na zak\u00e1zku s potiskem"},"content":{"rendered":"<h1>REKLAMN\u00cd DE\u0160TN\u00cdKY NA ZAK\u00c1ZKU<\/h1>\n<h2>Reklamn\u00ed de\u0161tn\u00edky na zak\u00e1zku<\/h2>\n<p style=\"text-align: justify;\">Vyrob\u00edme pro V\u00e1s reklamn\u00ed de\u0161tn\u00edky na zak\u00e1zku p\u0159esn\u011b dle Va\u0161eho zad\u00e1n\u00ed. Cel\u00e1 v\u00fdroba prob\u00edh\u00e1 na zak\u00e1zku, tud\u00ed\u017e reklamn\u00ed de\u0161tn\u00edky mohou b\u00fdt na zak\u00e1zku poti\u0161t\u011bny a n\u00e9st logo \u010di slogan firmy. Reklamn\u00ed de\u0161tn\u00edky mohou b\u00fdt t\u00e9\u017e ve firemn\u00edch barv\u00e1ch. Reklamn\u00ed de\u0161tn\u00edky na zak\u00e1zku s logem firmy jsou st\u00e1lic\u00ed mezi reklamn\u00edmi p\u0159edm\u011bty. Reklamn\u00ed de\u0161tn\u00edky jsou st\u00e1le popul\u00e1rn\u00ed mezi z\u00e1kazn\u00edky \u010di obchodn\u00edmi partnery a jsou velice efektivn\u00edm prost\u0159edkem pro reklamu.<\/p>\n<p style=\"text-align: justify;\">N\u00ed\u017ee V\u00e1m si pro p\u0159edstavu m\u016f\u017eete prohl\u00e9dnout varianty pro reklamn\u00ed de\u0161tn\u00edky &#8211; jedn\u00e1 se o zak\u00e1zkovou v\u00fdrobu a fantazii se meze nekladou.<\/p>\n<h2 style=\"text-align: justify;\">Reklamn\u00ed de\u0161tn\u00edky skl\u00e1dac\u00ed na zak\u00e1zku s potiskem<\/h2>\n<p><a href=\"http:\/\/predmetyreklamni.eu\/vyrobce\/wp-content\/uploads\/skl\u00e1dac\u00ed-reklamn\u00ed-de\u0161tn\u00edky-na-zak\u00e1zku-s-potiskem.jpg\"><img decoding=\"async\" loading=\"lazy\" class=\"size-thumbnail wp-image-609 alignleft\" title=\"skl\u00e1dac\u00ed reklamn\u00ed de\u0161tn\u00edky na zak\u00e1zku s potiskem\" alt=\"skl\u00e1dac\u00ed reklamn\u00ed de\u0161tn\u00edky na zak\u00e1zku s potiskem\" src=\"http:\/\/predmetyreklamni.eu\/vyrobce\/wp-content\/uploads\/skl\u00e1dac\u00ed-reklamn\u00ed-de\u0161tn\u00edky-na-zak\u00e1zku-s-potiskem-150x150.jpg\" width=\"150\" height=\"150\" \/><\/a> Reklamn\u00ed skl\u00e1dac\u00ed de\u0161tn\u00edky mohou b\u00fdt na zak\u00e1zku opat\u0159eny potiskem &#8211; logo \u010di zna\u010dka firmy. Reklamn\u00ed skl\u00e1dac\u00ed de\u0161tn\u00edky mohou b\u00fdt na zak\u00e1zku vyrobeny z r\u016fzn\u00fdch materi\u00e1l\u016f a v r\u016fzn\u00fdch velikostech. Tyto reklamn\u00ed skl\u00e1dac\u00ed de\u0161tn\u00edky jsou praktick\u00e9 d\u00edky sv\u00e9 velikosti.<br \/>\n<strong>Materi\u00e1ly<\/strong>: polyester, nylon, polyester ponge\u00e9<br \/>\n<strong>Konstrukce<\/strong>: hlin\u00edk, lakovan\u00fd kov<br \/>\n<strong>Rukoje\u0165<\/strong>: plastov\u00e1, p\u011bnov\u00e1, pogumovan\u00e1<br \/>\n<strong>P\u0159\u00edslu\u0161enstv\u00ed<\/strong>: poutko na z\u00e1p\u011bst\u00ed<br \/>\n<a href=\"http:\/\/predmetyreklamni.eu\/vyrobce\/wp-content\/uploads\/skl\u00e1dac\u00ed-reklamn\u00ed-de\u0161tn\u00edky-od-v\u00fdrobce.jpg\"><img decoding=\"async\" loading=\"lazy\" class=\"alignleft size-thumbnail wp-image-2766\" title=\"skl\u00e1dac\u00ed reklamn\u00ed de\u0161tn\u00edky od v\u00fdrobce\" alt=\"skl\u00e1dac\u00ed reklamn\u00ed de\u0161tn\u00edky od v\u00fdrobce\" src=\"http:\/\/predmetyreklamni.eu\/vyrobce\/wp-content\/uploads\/skl\u00e1dac\u00ed-reklamn\u00ed-de\u0161tn\u00edky-od-v\u00fdrobce-150x150.jpg\" width=\"150\" height=\"150\" srcset=\"https:\/\/predmetyreklamni.eu\/vyrobce\/wp-content\/uploads\/skl\u00e1dac\u00ed-reklamn\u00ed-de\u0161tn\u00edky-od-v\u00fdrobce-150x150.jpg 150w, https:\/\/predmetyreklamni.eu\/vyrobce\/wp-content\/uploads\/skl\u00e1dac\u00ed-reklamn\u00ed-de\u0161tn\u00edky-od-v\u00fdrobce.jpg 300w\" sizes=\"(max-width: 150px) 100vw, 150px\" \/><\/a><strong>Otv\u00edr\u00e1n\u00ed<\/strong>: manu\u00e1ln\u00ed nebo automatick\u00e9<br \/>\n<strong>Barva<\/strong>: na zak\u00e1zku<br \/>\n<strong>Potisk<\/strong>: na zak\u00e1zku<br \/>\n<strong>Typ<\/strong>: skl\u00e1dac\u00ed<br \/>\n<strong>Rozm\u011bry<\/strong>: \u00d8 85-130cm\u00a0(nejb\u011b\u017en\u011bj\u0161\u00ed velikost, na zak\u00e1zku i jin\u00e9 velikosti)<br \/>\n<strong>Cena<\/strong>:\u00a0<a title=\"ZASLAT POPT\u00c1VKU\" href=\"mailto:info@predmetyreklamni.eu\">ZASLAT POPT\u00c1VKU\u00a0<\/a><\/p>\n<h2>Reklamn\u00ed de\u0161tn\u00edky na zak\u00e1zku v pouzd\u0159e ve tvaru l\u00e1hve<\/h2>\n<p><a href=\"http:\/\/predmetyreklamni.eu\/vyrobce\/wp-content\/uploads\/reklamn\u00ed-skl\u00e1dac\u00ed-de\u0161tn\u00edk-v-poud\u0159e-ve-tvaru-l\u00e1hve.jpg\"><img decoding=\"async\" loading=\"lazy\" class=\"size-thumbnail wp-image-615 alignleft\" title=\"reklamn\u00ed de\u0161tn\u00edky s potiskem\" alt=\"reklamn\u00ed de\u0161tn\u00edky s potiskem\" src=\"http:\/\/predmetyreklamni.eu\/vyrobce\/wp-content\/uploads\/reklamn\u00ed-skl\u00e1dac\u00ed-de\u0161tn\u00edk-v-poud\u0159e-ve-tvaru-l\u00e1hve-150x150.jpg\" width=\"150\" height=\"150\" srcset=\"https:\/\/predmetyreklamni.eu\/vyrobce\/wp-content\/uploads\/reklamn\u00ed-skl\u00e1dac\u00ed-de\u0161tn\u00edk-v-poud\u0159e-ve-tvaru-l\u00e1hve-150x150.jpg 150w, https:\/\/predmetyreklamni.eu\/vyrobce\/wp-content\/uploads\/reklamn\u00ed-skl\u00e1dac\u00ed-de\u0161tn\u00edk-v-poud\u0159e-ve-tvaru-l\u00e1hve-300x300.jpg 300w, https:\/\/predmetyreklamni.eu\/vyrobce\/wp-content\/uploads\/reklamn\u00ed-skl\u00e1dac\u00ed-de\u0161tn\u00edk-v-poud\u0159e-ve-tvaru-l\u00e1hve.jpg 700w\" sizes=\"(max-width: 150px) 100vw, 150px\" \/><\/a>Tyto reklamn\u00ed de\u0161tn\u00edky jsou na zak\u00e1zku dod\u00e1ny v pouzd\u0159e ve tvaru l\u00e1hve a vypadaj\u00ed velice luxusn\u011b a poutav\u011b. Reklamn\u00ed de\u0161tn\u00edky v pouzd\u0159e ve tvaru l\u00e1hve mohou b\u00fdt poti\u0161t\u011bny logem \u010di zna\u010dkou firmy stejn\u011b tak jako l\u00e1hev m\u016f\u017ee b\u00fdt opat\u0159ena potiskem. Reklamn\u00ed de\u0161tn\u00edky skl\u00e1dac\u00ed na zak\u00e1zku v pouzd\u0159e ve tvaru l\u00e1hve.<br \/>\n<strong>Materi\u00e1ly<\/strong>: polyester, nylon, polyester ponge\u00e9<br \/>\n<strong>Materi\u00e1ly pouzdro<\/strong>: plast, kov<br \/>\n<strong>Konstrukce<\/strong>: hlin\u00edk, lakovan\u00fd kov<br \/>\n<strong><a href=\"http:\/\/predmetyreklamni.eu\/vyrobce\/wp-content\/uploads\/reklamn\u00ed-de\u0161tn\u00edky-na-zak\u00e1zku-v-pouzd\u0159e-ve-tvaru-l\u00e1hve.jpg\"><img decoding=\"async\" loading=\"lazy\" class=\"alignleft size-thumbnail wp-image-625\" title=\"reklamn\u00ed de\u0161tn\u00edky v pouzd\u0159e ve tvaru l\u00e1hve\" alt=\"reklamn\u00ed de\u0161tn\u00edky v pouzd\u0159e ve tvaru l\u00e1hve\" src=\"http:\/\/predmetyreklamni.eu\/vyrobce\/wp-content\/uploads\/reklamn\u00ed-de\u0161tn\u00edky-na-zak\u00e1zku-v-pouzd\u0159e-ve-tvaru-l\u00e1hve-150x150.jpg\" width=\"150\" height=\"150\" srcset=\"https:\/\/predmetyreklamni.eu\/vyrobce\/wp-content\/uploads\/reklamn\u00ed-de\u0161tn\u00edky-na-zak\u00e1zku-v-pouzd\u0159e-ve-tvaru-l\u00e1hve-150x150.jpg 150w, https:\/\/predmetyreklamni.eu\/vyrobce\/wp-content\/uploads\/reklamn\u00ed-de\u0161tn\u00edky-na-zak\u00e1zku-v-pouzd\u0159e-ve-tvaru-l\u00e1hve.jpg 300w\" sizes=\"(max-width: 150px) 100vw, 150px\" \/><\/a>Rukoje\u0165<\/strong>: plast, kov<br \/>\n<strong>P\u0159\u00edslu\u0161enstv\u00ed<\/strong>: poutko na z\u00e1p\u011bst\u00ed<br \/>\n<strong>Otv\u00edr\u00e1n\u00ed<\/strong>: manu\u00e1ln\u00ed nebo automatick\u00e9<br \/>\n<strong>Barva<\/strong>: na zak\u00e1zku<br \/>\n<strong>Potisk<\/strong>: na zak\u00e1zku<br \/>\n<strong>Typ<\/strong>: skl\u00e1dac\u00ed<br \/>\n<strong>Cena<\/strong>:\u00a0<a title=\"ZASLAT POPT\u00c1VKU\" href=\"mailto:info@predmetyreklamni.eu\">ZASLAT POPT\u00c1VKU\u00a0<\/a><\/p>\n<p>&nbsp;<\/p>\n<p><span style=\"color: #000000; font-weight: bold;\">Reklamn\u00ed de\u0161tn\u00edky holov\u00e9 na zak\u00e1zku s potiskem<\/span><\/p>\n<p><a href=\"http:\/\/predmetyreklamni.eu\/vyrobce\/wp-content\/uploads\/reklamn\u00ed-de\u0161tn\u00edky-holov\u00e9-na-zak\u00e1zku-s-potiskem_.jpg\"><img decoding=\"async\" loading=\"lazy\" class=\"alignleft size-thumbnail wp-image-628\" title=\"reklamn\u00ed de\u0161tn\u00edky holov\u00e9 na zak\u00e1zku s potiskem_\" alt=\"reklamn\u00ed de\u0161tn\u00edky holov\u00e9 na zak\u00e1zku s potiskem\" src=\"http:\/\/predmetyreklamni.eu\/vyrobce\/wp-content\/uploads\/reklamn\u00ed-de\u0161tn\u00edky-holov\u00e9-na-zak\u00e1zku-s-potiskem_-150x150.jpg\" width=\"150\" height=\"150\" srcset=\"https:\/\/predmetyreklamni.eu\/vyrobce\/wp-content\/uploads\/reklamn\u00ed-de\u0161tn\u00edky-holov\u00e9-na-zak\u00e1zku-s-potiskem_-150x150.jpg 150w, https:\/\/predmetyreklamni.eu\/vyrobce\/wp-content\/uploads\/reklamn\u00ed-de\u0161tn\u00edky-holov\u00e9-na-zak\u00e1zku-s-potiskem_-300x300.jpg 300w, https:\/\/predmetyreklamni.eu\/vyrobce\/wp-content\/uploads\/reklamn\u00ed-de\u0161tn\u00edky-holov\u00e9-na-zak\u00e1zku-s-potiskem_.jpg 520w\" sizes=\"(max-width: 150px) 100vw, 150px\" \/><\/a><\/p>\n<p style=\"text-align: justify;\">Tyto reklamn\u00ed holov\u00e9 de\u0161tn\u00edky mohou b\u00fdt na zak\u00e1zku opat\u0159eny potiskem. Reklamn\u00ed holov\u00e9 de\u0161tn\u00edky mohou b\u00fdt na zak\u00e1zku v libovoln\u00e9 velikosti, barv\u011b a tvaru. \u00a0Reklamn\u00ed holov\u00e9 de\u0161tn\u00edky na zak\u00e1zku jsou velice obl\u00edben\u00e9 a p\u016fsob\u00ed elegantn\u011b. <strong>Materi\u00e1ly<\/strong>: polyester, nylon, PVC, polyester ponge\u00e9<br \/>\n<strong>Konstrukce<\/strong>: hlin\u00edk, lakovan\u00fd kov, d\u0159evo<br \/>\n<strong>Rukoje\u0165<\/strong>: plast, kov, d\u0159evo, pogumovan\u00e1 \u010di p\u011bnov\u00e1<br \/>\n<strong>P\u0159\u00edslu\u0161enstv\u00ed<\/strong>: poutko na z\u00e1p\u011bst\u00ed<\/p>\n<p style=\"text-align: justify;\"><a href=\"http:\/\/predmetyreklamni.eu\/vyrobce\/wp-content\/uploads\/reklamn\u00ed-de\u0161tn\u00edky-holov\u00e9-na-zak\u00e1zk-z-PVC.jpg\"><img decoding=\"async\" loading=\"lazy\" class=\"alignleft size-thumbnail wp-image-631\" title=\"reklamn\u00ed de\u0161tn\u00edky na zak\u00e1zku z PVC\" alt=\"reklamn\u00ed de\u0161tn\u00edky na zak\u00e1zku z PVC\" src=\"http:\/\/predmetyreklamni.eu\/vyrobce\/wp-content\/uploads\/reklamn\u00ed-de\u0161tn\u00edky-holov\u00e9-na-zak\u00e1zk-z-PVC-150x150.jpg\" width=\"150\" height=\"150\" srcset=\"https:\/\/predmetyreklamni.eu\/vyrobce\/wp-content\/uploads\/reklamn\u00ed-de\u0161tn\u00edky-holov\u00e9-na-zak\u00e1zk-z-PVC-150x150.jpg 150w, https:\/\/predmetyreklamni.eu\/vyrobce\/wp-content\/uploads\/reklamn\u00ed-de\u0161tn\u00edky-holov\u00e9-na-zak\u00e1zk-z-PVC.jpg 220w\" sizes=\"(max-width: 150px) 100vw, 150px\" \/><\/a><strong>Otv\u00edr\u00e1n\u00ed<\/strong>: automatick\u00e9<br \/>\n<strong>Barva<\/strong>: na zak\u00e1zku<br \/>\n<strong>Potisk<\/strong>: na zak\u00e1zku<br \/>\n<strong>Typ<\/strong>: holov\u00e9<br \/>\n<strong>Rozm\u011bry<\/strong>: \u00d8 85-115cm (nejb\u011b\u017en\u011bj\u0161\u00ed velikost, na zak\u00e1zku i jin\u00e9 velikosti)<br \/>\n<strong>Cena<\/strong>:\u00a0<a title=\"ZASLAT POPT\u00c1VKU\" href=\"mailto:info@predmetyreklamni.eu\">ZASLAT POPT\u00c1VKU\u00a0<\/a><\/p>\n<p>&nbsp;<\/p>\n<p><span style=\"color: #000000; font-weight: bold;\">Reklamn\u00ed de\u0161tn\u00edky na zak\u00e1zku \u010dtvercov\u00e9 s potiskem<\/span><\/p>\n<p><a href=\"http:\/\/predmetyreklamni.eu\/vyrobce\/wp-content\/uploads\/reklamn\u00ed-de\u0161tn\u00edky-na-zak\u00e1zku-\u010dtvercov\u00e9-s-potiskem.jpg\"><img decoding=\"async\" loading=\"lazy\" class=\"alignleft size-thumbnail wp-image-633\" title=\"reklamn\u00ed de\u0161tn\u00edky \u010dtvercov\u00e9 od v\u00fdrobce\" alt=\"reklamn\u00ed de\u0161tn\u00edky \u010dtvercov\u00e9 od v\u00fdrobce\" src=\"http:\/\/predmetyreklamni.eu\/vyrobce\/wp-content\/uploads\/reklamn\u00ed-de\u0161tn\u00edky-na-zak\u00e1zku-\u010dtvercov\u00e9-s-potiskem-150x150.jpg\" width=\"150\" height=\"150\" srcset=\"https:\/\/predmetyreklamni.eu\/vyrobce\/wp-content\/uploads\/reklamn\u00ed-de\u0161tn\u00edky-na-zak\u00e1zku-\u010dtvercov\u00e9-s-potiskem-150x150.jpg 150w, https:\/\/predmetyreklamni.eu\/vyrobce\/wp-content\/uploads\/reklamn\u00ed-de\u0161tn\u00edky-na-zak\u00e1zku-\u010dtvercov\u00e9-s-potiskem-300x300.jpg 300w, https:\/\/predmetyreklamni.eu\/vyrobce\/wp-content\/uploads\/reklamn\u00ed-de\u0161tn\u00edky-na-zak\u00e1zku-\u010dtvercov\u00e9-s-potiskem.jpg 550w\" sizes=\"(max-width: 150px) 100vw, 150px\" \/><\/a> Tyto \u010dtvercov\u00e9 reklamn\u00ed de\u0161tn\u00edky na zak\u00e1zku m\u016f\u017eeme opat\u0159it potiskem dle Va\u0161eho zadan\u00ed. Jedine\u010dn\u00e9 a origin\u00e1ln\u00ed reklamn\u00ed de\u0161tn\u00edky vyroben\u00e9 na zak\u00e1zku s potiskem a jeho\u017e v\u0161echny \u010d\u00e1sti jsou \u010dtvercov\u00e9.<br \/>\n<strong>Materi\u00e1ly<\/strong>: polyester, nylon, polyester ponge\u00e9<br \/>\n<strong>Konstrukce<\/strong>: hlin\u00edk<br \/>\n<strong>Rukoje\u0165<\/strong>: plastov\u00e1, p\u011bnov\u00e1, pogumovan\u00e1<br \/>\n<strong>P\u0159\u00edslu\u0161enstv\u00ed<\/strong>: poutko na z\u00e1p\u011bst\u00ed<br \/>\n<strong>Otv\u00edr\u00e1n\u00ed<\/strong>: automatick\u00e9 nebo poloautomatick\u00e9<br \/>\n<strong>Barva<\/strong>: na zak\u00e1zku<br \/>\n<strong>Potisk<\/strong>: na zak\u00e1zku<br \/>\n<strong>Typ<\/strong>: holov\u00e9<br \/>\n<strong>Rozm\u011bry<\/strong>: \u00d8 80-120cm (nejb\u011b\u017en\u011bj\u0161\u00ed velikost, na zak\u00e1zku i jin\u00e9 velikosti)<br \/>\n<strong>Cena<\/strong>:\u00a0<a title=\"ZASLAT POPT\u00c1VKU\" href=\"mailto:info@predmetyreklamni.eu\">ZASLAT POPT\u00c1VKU\u00a0<\/a><\/p>\n<h2>Reklamn\u00ed de\u0161tn\u00edky s potiskem na zak\u00e1zku &#8211; mraky &#8211; clouds<\/h2>\n<p><a href=\"http:\/\/predmetyreklamni.eu\/vyrobce\/wp-content\/uploads\/reklamn\u00ed-de\u0161tn\u00edky-na-zak\u00e1zku-s-potiskem-nebe.jpg\"><img decoding=\"async\" loading=\"lazy\" class=\"alignleft size-thumbnail wp-image-648\" title=\"reklamn\u00ed de\u0161tn\u00edky na zak\u00e1zku - clouds\" alt=\"reklamn\u00ed de\u0161tn\u00edky na zak\u00e1zku  - clouds\" src=\"http:\/\/predmetyreklamni.eu\/vyrobce\/wp-content\/uploads\/reklamn\u00ed-de\u0161tn\u00edky-na-zak\u00e1zku-s-potiskem-nebe-150x150.jpg\" width=\"150\" height=\"150\" srcset=\"https:\/\/predmetyreklamni.eu\/vyrobce\/wp-content\/uploads\/reklamn\u00ed-de\u0161tn\u00edky-na-zak\u00e1zku-s-potiskem-nebe-150x150.jpg 150w, https:\/\/predmetyreklamni.eu\/vyrobce\/wp-content\/uploads\/reklamn\u00ed-de\u0161tn\u00edky-na-zak\u00e1zku-s-potiskem-nebe-300x300.jpg 300w, https:\/\/predmetyreklamni.eu\/vyrobce\/wp-content\/uploads\/reklamn\u00ed-de\u0161tn\u00edky-na-zak\u00e1zku-s-potiskem-nebe.jpg 500w\" sizes=\"(max-width: 150px) 100vw, 150px\" \/><\/a><\/p>\n<p style=\"text-align: justify;\">Tyto reklamn\u00ed de\u0161tn\u00edky mraky n\u011bkdy zvan\u00e9 clouds jsou velice obl\u00edben\u00e9 a mohou b\u00fdt t\u00e9\u017e na zak\u00e1zku opat\u0159eny potiskem. Potah pro reklamn\u00ed de\u0161tn\u00edky m\u016f\u017ee b\u00fdt na zak\u00e1zku cel\u00fd s motivem mraky &#8211; clouds nebo jen vnit\u0159n\u00ed \u010di vn\u011bj\u0161\u00ed strana, kdy se jedn\u00e1 o dvouvrstv\u00fd potah. Reklamn\u00ed de\u0161tn\u00edky mraky &#8211; clouds s potiskem na zak\u00e1zku jsou hit.<br \/>\n<strong>Materi\u00e1ly<\/strong>: polyester,polyester ponge\u00e9<br \/>\n<strong>Konstrukce<\/strong>: hlin\u00edk, lakovan\u00fd kov, d\u0159evo<br \/>\n<strong>Rukoje\u0165<\/strong>: plastov\u00e1, p\u011bnov\u00e1, pogumovan\u00e1, d\u0159ev\u011bn\u00e1<br \/>\n<strong>P\u0159\u00edslu\u0161enstv\u00ed<\/strong>: poutko na z\u00e1p\u011bst\u00ed<br \/>\n<strong>Otv\u00edr\u00e1n\u00ed<\/strong>: automatick\u00e9 nebo poloautomatick\u00e9<br \/>\n<strong>Barva<\/strong>: na zak\u00e1zku<br \/>\n<strong>Potisk<\/strong>: na zak\u00e1zku<br \/>\n<strong>Typ<\/strong>: holov\u00e9<br \/>\n<strong>Rozm\u011bry<\/strong>:\u00a0\u00d8 90-130cm (nejb\u011b\u017en\u011bj\u0161\u00ed velikost, na zak\u00e1zku i jin\u00e9 velikosti)<br \/>\n<strong>Cena<\/strong>:\u00a0<a title=\"ZASLAT POPT\u00c1VKU\" href=\"mailto:info@predmetyreklamni.eu\">ZASLAT POPT\u00c1VKU\u00a0<\/a><\/p>\n<h2 style=\"text-align: justify;\">Reklamn\u00ed de\u0161tn\u00edky na hlavu na zak\u00e1zku a s potiskem<\/h2>\n<p style=\"text-align: justify;\"><a href=\"http:\/\/predmetyreklamni.eu\/vyrobce\/wp-content\/uploads\/reklamn\u00ed-de\u0161tn\u00edky-na-hlavu-na-zak\u00e1zku.jpg\"><img decoding=\"async\" loading=\"lazy\" class=\"alignleft size-thumbnail wp-image-660\" title=\"reklamn\u00ed de\u0161tn\u00edky na hlavu na zak\u00e1zku\" alt=\"reklamn\u00ed de\u0161tn\u00edky na hlavu na zak\u00e1zku\" src=\"http:\/\/predmetyreklamni.eu\/vyrobce\/wp-content\/uploads\/reklamn\u00ed-de\u0161tn\u00edky-na-hlavu-na-zak\u00e1zku-150x150.jpg\" width=\"150\" height=\"150\" \/><\/a>Reklamn\u00ed de\u0161tn\u00edky na hlavu jsou velice popul\u00e1rn\u00ed d\u00edky prakti\u010dnosti. Reklamn\u00ed de\u0161tn\u00edky na hlavu mohou b\u00fdt na zak\u00e1zku opat\u0159eny potiskem. Reklamn\u00ed de\u0161tn\u00edky na hlavu jsou ide\u00e1ln\u00ed pro letn\u00ed festivaly, p\u0159i kter\u00fdch nep\u0159eje po\u010das\u00ed, pro sportovn\u00ed fanou\u0161ky p\u0159i utk\u00e1n\u00ed na nekryt\u00fdch stadionech. Tyto reklamn\u00ed de\u0161tn\u00edky na hlavu vyu\u017eij\u00ed nap\u0159\u00edklad i ryb\u00e1\u0159i \u010di turisti. Hlava a ramena jsou chr\u00e1n\u011bny p\u0159ed de\u0161t\u011bm a Va\u0161e ruce jsou d\u00edky p\u0159edm\u011btu reklamn\u00ed de\u0161tn\u00edky na hlavu voln\u00e9.<\/p>\n<p style=\"text-align: justify;\"><a href=\"http:\/\/predmetyreklamni.eu\/vyrobce\/wp-content\/uploads\/reklamn\u00ed-de\u0161tn\u00edky-na-hlavu-s-potiskem1.jpg\"><img decoding=\"async\" loading=\"lazy\" class=\"size-thumbnail wp-image-665 alignleft\" title=\"reklamn\u00ed de\u0161tn\u00edky na hlavu s potiskem\" alt=\"reklamn\u00ed de\u0161tn\u00edky na hlavu s potiskem\" src=\"http:\/\/predmetyreklamni.eu\/vyrobce\/wp-content\/uploads\/reklamn\u00ed-de\u0161tn\u00edky-na-hlavu-s-potiskem1-150x150.jpg\" width=\"150\" height=\"150\" \/><\/a><strong>Materi\u00e1ly<\/strong>: polyester,polyester ponge\u00e9, nylon<br \/>\n<strong>Konstrukce<\/strong>: plast<br \/>\n<strong>Barva<\/strong>: na zak\u00e1zku<br \/>\n<strong>Potisk<\/strong>: na zak\u00e1zku<br \/>\n<strong>Rozm\u011bry<\/strong>:\u00a0\u00d8 55cm (nejb\u011b\u017en\u011bj\u0161\u00ed velikost, na zak\u00e1zku i jin\u00e9 velikosti) &#8211; uchycen\u00ed na hlavu univerz\u00e1ln\u00ed &#8211; elastick\u00e9<br \/>\n<strong>Cena<\/strong>:\u00a0<a title=\"ZASLAT POPT\u00c1VKU\" href=\"mailto:info@predmetyreklamni.eu\">ZASLAT POPT\u00c1VKU\u00a0<\/a><\/p>\n<h2 style=\"text-align: justify;\">Reklamn\u00ed de\u0161tn\u00edky v d\u00e1rkov\u00e9m balen\u00ed na zak\u00e1zku<\/h2>\n<p style=\"text-align: justify;\">Skl\u00e1dac\u00ed reklamn\u00ed de\u0161tn\u00edky nab\u00edzej\u00ed je\u0161t\u011b dal\u0161\u00ed mo\u017enosti, jak prezentovat tento p\u0159edm\u011bt. Tyto de\u0161tn\u00edky mohou b\u00fdt um\u00edst\u011bny na zak\u00e1zku v d\u00e1rkov\u00e9m balen\u00ed, kdy krom\u011b klasick\u00e9ho standardn\u00edho obalu mohou b\u00fdt nav\u00edc v pap\u00edrov\u00e9 krabi\u010dce, plechov\u00e9 nebo plastov\u00e9 tub\u011b, kter\u00e1 m\u016f\u017ee b\u00fdt t\u00e9\u017e opat\u0159ena potiskem.<\/p>\n<p><a href=\"http:\/\/predmetyreklamni.eu\/vyrobce\/wp-content\/uploads\/reklamn\u00ed-de\u0161tn\u00edky-na-zak\u00e1zku-v-d\u00e1rkov\u00e9m-balen\u00ed.jpg\"><img decoding=\"async\" loading=\"lazy\" class=\"size-thumbnail wp-image-671 alignleft\" title=\"reklamn\u00ed de\u0161tn\u00edky na zak\u00e1zku v d\u00e1rkov\u00e9m balen\u00ed\" alt=\"reklamn\u00ed de\u0161tn\u00edky na zak\u00e1zku v d\u00e1rkov\u00e9m balen\u00ed\" src=\"http:\/\/predmetyreklamni.eu\/vyrobce\/wp-content\/uploads\/reklamn\u00ed-de\u0161tn\u00edky-na-zak\u00e1zku-v-d\u00e1rkov\u00e9m-balen\u00ed-150x150.jpg\" width=\"150\" height=\"150\" srcset=\"https:\/\/predmetyreklamni.eu\/vyrobce\/wp-content\/uploads\/reklamn\u00ed-de\u0161tn\u00edky-na-zak\u00e1zku-v-d\u00e1rkov\u00e9m-balen\u00ed-150x150.jpg 150w, https:\/\/predmetyreklamni.eu\/vyrobce\/wp-content\/uploads\/reklamn\u00ed-de\u0161tn\u00edky-na-zak\u00e1zku-v-d\u00e1rkov\u00e9m-balen\u00ed.jpg 300w\" sizes=\"(max-width: 150px) 100vw, 150px\" \/><\/a><\/p>\n<p><a href=\"http:\/\/predmetyreklamni.eu\/vyrobce\/wp-content\/uploads\/skl\u00e1dac\u00ed-de\u0161tn\u00edky-v-d\u00e1rkov\u00e9m-balen\u00ed-ve-tvaru-lahve.jpg\"><img decoding=\"async\" loading=\"lazy\" class=\"size-thumbnail wp-image-672 alignleft\" title=\"skl\u00e1dac\u00ed de\u0161tn\u00edky v d\u00e1rkov\u00e9m balen\u00ed ve tvaru lahve\" alt=\"skl\u00e1dac\u00ed de\u0161tn\u00edky v d\u00e1rkov\u00e9m balen\u00ed ve tvaru lahve\" src=\"http:\/\/predmetyreklamni.eu\/vyrobce\/wp-content\/uploads\/skl\u00e1dac\u00ed-de\u0161tn\u00edky-v-d\u00e1rkov\u00e9m-balen\u00ed-ve-tvaru-lahve-150x150.jpg\" width=\"150\" height=\"150\" \/><\/a><\/p>\n<p><a href=\"http:\/\/predmetyreklamni.eu\/vyrobce\/wp-content\/uploads\/reklamn\u00ed-de\u0161tn\u00edky-na-zak\u00e1zku-v-d\u00e1rkov\u00e9m-obalu.jpg\"><img decoding=\"async\" loading=\"lazy\" class=\"size-thumbnail wp-image-673 alignleft\" title=\"reklamn\u00ed de\u0161tn\u00edky na zak\u00e1zku v d\u00e1rkov\u00e9m obalu\" alt=\"reklamn\u00ed de\u0161tn\u00edky na zak\u00e1zku v d\u00e1rkov\u00e9m obalu\" src=\"http:\/\/predmetyreklamni.eu\/vyrobce\/wp-content\/uploads\/reklamn\u00ed-de\u0161tn\u00edky-na-zak\u00e1zku-v-d\u00e1rkov\u00e9m-obalu-150x150.jpg\" width=\"150\" height=\"150\" \/><\/a><\/p>\n<p>&nbsp;<\/p>\n<h2>Reklamn\u00ed de\u0161tn\u00edky druhy a materi\u00e1ly na zak\u00e1zku<\/h2>\n<p style=\"text-align: justify;\">Reklamn\u00ed de\u0161tn\u00edky V\u00e1m na zak\u00e1zku vyrob\u00edme v jak\u00e9mkoliv tvaru, velikosti, barv\u011b \u010di typu. Mezi nej\u010dast\u011bji vyr\u00e1b\u011bn\u00e9 druhy jsou reklamn\u00ed de\u0161tn\u00edky skl\u00e1dac\u00ed, holov\u00e9 \u010di reklamn\u00ed de\u0161tn\u00edky na hlavu. P\u0159i v\u00fdb\u011bru typu de\u0161tn\u00edku je nutn\u00e9 se zamyslet, komu budou reklamn\u00ed de\u0161tn\u00edky slou\u017eit. Dal\u0161\u00edm d\u016fle\u017eit\u00fdm prvkem pro reklamn\u00ed de\u0161tn\u00edky na zak\u00e1zku je otv\u00edr\u00e1n\u00ed. To m\u016f\u017ee b\u00fdt automatick\u00e9, poloautomatick\u00e9 nebo manu\u00e1ln\u00ed. Reklamn\u00ed de\u0161tn\u00edky na zak\u00e1zku se nej\u010dast\u011bji pou\u017e\u00edvaj\u00ed materi\u00e1ly jako polyester, polyester ponge\u00e9, nylon \u010di transparentn\u00ed PVC. Rukojeti pro reklamn\u00ed de\u0161tn\u00edky b\u00fdvaj\u00ed na zak\u00e1zku se pou\u017e\u00edvaj\u00ed materi\u00e1ly: plast, d\u0159evo, p\u011bnov\u00e1 guma nebo guma. Konstrukce maj\u00ed reklamn\u00ed de\u0161tn\u00edky z materi\u00e1lu hlin\u00edk, obecn\u00e9ho kovu, kter\u00fd je v\u011bt\u0161inou opat\u0159en lakem nebo d\u0159evo.<\/p>\n<p style=\"text-align: justify;\">Reklamn\u00ed de\u0161tn\u00edky jsou velice efektivn\u00ed reklamn\u00ed p\u0159edm\u011bt a nab\u00edz\u00ed celou \u0159adu barevn\u00fdch variant a typ\u016f. Z\u00e1le\u017e\u00ed jen na Va\u0161\u00ed fantazii a jak chcete na sv\u00e9 z\u00e1kazn\u00edky \u010di obchodn\u00ed partnery zap\u016fsobit. Reklamn\u00ed de\u0161tn\u00edky vyroben\u00e9 na zak\u00e1zku je p\u0159edm\u011bt, kter\u00fd nest\u00e1rne a jedn\u00e1 se o dlouhodobou investici. a pokud si Va\u0161e firma nech\u00e1 vyrobit reklamn\u00ed de\u0161tn\u00edky na zak\u00e1zku<\/p>\n<p style=\"text-align: justify;\">Chcete si nechat vyrobit vlastn\u00ed reklamn\u00ed de\u0161tn\u00edky na zak\u00e1zku a s potiskem? Kontaktujte n\u00e1s pro cenovou nab\u00eddku na emailu:<a href=\"mailto:info@predmetyreklamni.eu\">\u00a0info@predmetyreklamni.eu<\/a><\/p>\n<p style=\"text-align: justify;\"><strong>Do cenov\u00e9 popt\u00e1vky pros\u00edm uve\u010fte pot\u0159ebn\u00e9 informace pro cenovou nab\u00eddku jako<\/strong>: mno\u017estv\u00ed, materi\u00e1l, velikost, barevn\u00e9 proveden\u00ed nebo kombinaci barev, dobu dod\u00e1n\u00ed. V\u0161echny tyto informace n\u00e1m pomohou k rychlej\u0161\u00edmu zpracov\u00e1n\u00ed cenov\u00e9 nab\u00eddky pr\u00e1v\u011b pro V\u00e1s.<\/p>\n<p style=\"text-align: justify;\">T\u011b\u0161\u00edme se na spolupr\u00e1ci! Team Gifts Service<\/p>\n","protected":false},"excerpt":{"rendered":"<p>REKLAMN\u00cd DE\u0160TN\u00cdKY NA ZAK\u00c1ZKU Reklamn\u00ed de\u0161tn\u00edky na zak\u00e1zku Vyrob\u00edme pro V\u00e1s reklamn\u00ed de\u0161tn\u00edky na zak\u00e1zku p\u0159esn\u011b dle Va\u0161eho zad\u00e1n\u00ed. Cel\u00e1 v\u00fdroba prob\u00edh\u00e1 na zak\u00e1zku, tud\u00ed\u017e reklamn\u00ed de\u0161tn\u00edky mohou b\u00fdt na zak\u00e1zku poti\u0161t\u011bny a n\u00e9st logo \u010di slogan firmy. Reklamn\u00ed de\u0161tn\u00edky &hellip; <a href=\"https:\/\/predmetyreklamni.eu\/vyrobce\/reklamni-destniky-na-zakazku-s-potiskem\/\">Continue reading <span class=\"meta-nav\">&rarr;<\/span><\/a><\/p>\n","protected":false},"author":1,"featured_media":0,"parent":0,"menu_order":8,"comment_status":"closed","ping_status":"closed","template":"sidebar-page.php","meta":[],"_links":{"self":[{"href":"https:\/\/predmetyreklamni.eu\/vyrobce\/wp-json\/wp\/v2\/pages\/591"}],"collection":[{"href":"https:\/\/predmetyreklamni.eu\/vyrobce\/wp-json\/wp\/v2\/pages"}],"about":[{"href":"https:\/\/predmetyreklamni.eu\/vyrobce\/wp-json\/wp\/v2\/types\/page"}],"author":[{"embeddable":true,"href":"https:\/\/predmetyreklamni.eu\/vyrobce\/wp-json\/wp\/v2\/users\/1"}],"replies":[{"embeddable":true,"href":"https:\/\/predmetyreklamni.eu\/vyrobce\/wp-json\/wp\/v2\/comments?post=591"}],"version-history":[{"count":74,"href":"https:\/\/predmetyreklamni.eu\/vyrobce\/wp-json\/wp\/v2\/pages\/591\/revisions"}],"predecessor-version":[{"id":2762,"href":"https:\/\/predmetyreklamni.eu\/vyrobce\/wp-json\/wp\/v2\/pages\/591\/revisions\/2762"}],"wp:attachment":[{"href":"https:\/\/predmetyreklamni.eu\/vyrobce\/wp-json\/wp\/v2\/media?parent=591"}],"curies":[{"name":"wp","href":"https:\/\/api.w.org\/{rel}","templated":true}]}}