{"id":751,"date":"2013-04-11T19:26:19","date_gmt":"2013-04-11T19:26:19","guid":{"rendered":"http:\/\/predmetyreklamni.eu\/vyrobce\/?page_id=751"},"modified":"2014-03-13T13:59:44","modified_gmt":"2014-03-13T13:59:44","slug":"darkove-pantofle-na-zakazku","status":"publish","type":"page","link":"https:\/\/predmetyreklamni.eu\/vyrobce\/darkove-pantofle-na-zakazku\/","title":{"rendered":"D\u00e1rkov\u00e9 pantofle na zak\u00e1zku"},"content":{"rendered":"<h1 style=\"text-align: justify;\">D\u00c1RKOV\u00c9 PANTOFLE NA ZAK\u00c1ZKU<\/h1>\n<h2 style=\"text-align: justify;\">D\u00e1rkov\u00e9 pantofle na zak\u00e1zku<\/h2>\n<p style=\"text-align: justify;\">Mezi na\u0161e dal\u0161\u00ed produkty, kter\u00e9 si m\u016f\u017eete nechat na zak\u00e1zku vyrobit pat\u0159\u00ed d\u00e1rkov\u00e9 pantofle. D\u00e1rkov\u00e9 pantofle na zak\u00e1zku jsou vyr\u00e1b\u011bny z hygienick\u00fdmi a velmi lehk\u00fdmi podr\u00e1\u017ekami a jsou velice pohodln\u00e9. Nechte si vyrobit d\u00e1rkov\u00e9 pantofle na zak\u00e1zku a dejte sv\u00fdm host\u016fm pocit pohodl\u00ed a d\u00edky tomu se budou c\u00edtit jako doma. D\u00e1rkov\u00e9 pantofle jsou vyr\u00e1b\u011bny z kvalitn\u00ed bavlny \u010di ru\u010dn\u00edkov\u00e9 tkaniny a mohou b\u00fdt na zak\u00e1zku vycp\u00e1ny nap\u0159\u00edklad molitanem a budou tak je\u0161t\u011b m\u011bk\u010d\u00ed a pohodln\u011bj\u0161\u00ed.<a href=\"http:\/\/predmetyreklamni.eu\/vyrobce\/wp-content\/uploads\/d\u00e1rkov\u00e9-pantofle-na-zak\u00e1zku1.jpg\"><img decoding=\"async\" loading=\"lazy\" class=\"alignleft size-medium wp-image-838\" title=\"d\u00e1rkov\u00e9 pantofle na zak\u00e1zku\" alt=\"d\u00e1rkov\u00e9 pantofle na zak\u00e1zku\" src=\"http:\/\/predmetyreklamni.eu\/vyrobce\/wp-content\/uploads\/d\u00e1rkov\u00e9-pantofle-na-zak\u00e1zku1-300x300.jpg\" width=\"300\" height=\"300\" srcset=\"https:\/\/predmetyreklamni.eu\/vyrobce\/wp-content\/uploads\/d\u00e1rkov\u00e9-pantofle-na-zak\u00e1zku1-300x300.jpg 300w, https:\/\/predmetyreklamni.eu\/vyrobce\/wp-content\/uploads\/d\u00e1rkov\u00e9-pantofle-na-zak\u00e1zku1-150x150.jpg 150w, https:\/\/predmetyreklamni.eu\/vyrobce\/wp-content\/uploads\/d\u00e1rkov\u00e9-pantofle-na-zak\u00e1zku1.jpg 600w\" sizes=\"(max-width: 300px) 100vw, 300px\" \/><\/a>\u00a0 D\u00e1rkov\u00e9 neboli hotelov\u00e9 pantofle jsou z v\u011bt\u0161iny na zak\u00e1zku dod\u00e1v\u00e1ny pro hosty do hotel\u016f, spa a wellness center, mas\u00e1\u017en\u00edch salon\u016f, ale vyu\u017eit\u00ed najdou i doma jako dom\u00e1c\u00ed p\u0159ez\u016fvky a do koupelny. D\u00e1rkov\u00e9 pantofle jsou opravdu velice vd\u011b\u010dn\u00fd propaga\u010dn\u00ed p\u0159edm\u011bt, kter\u00fd bude Va\u0161im z\u00e1kazn\u00edk\u016fm p\u0159ipom\u00ednat Va\u0161\u00ed zna\u010dku a to, jak se u V\u00e1s m\u011bli p\u0159\u00edjemn\u011b. D\u00e1rkov\u00e9 bavln\u011bn\u00e9 pantofle na zak\u00e1zku jsou nej\u010dast\u011bji na zak\u00e1zku vyr\u00e1b\u011bny s plochou podr\u00e1\u017ekou, otev\u0159en\u00e9, zav\u0159en\u00e9 a nebo s p\u00e1skem na such\u00fd zip. D\u00e1rkov\u00e9 pantofle na zak\u00e1zku mohou b\u00fdt opat\u0159eny v\u00fd\u0161ivkou nebo klasick\u00fdm potiskem. Inspirujte se na\u0161\u00ed nab\u00eddkou a nechte si vyrobit na zak\u00e1zku sv\u00e9 vlastn\u00ed d\u00e1rkov\u00e9 pantofle a dejte sv\u00fdm host\u016fm najevo, jak si jich v\u00e1\u017e\u00edte. D\u00e1rkov\u00e9 pantofle vyrob\u00edme v r\u016fzn\u00fdch velikostech a barv\u00e1ch na zak\u00e1zku.<\/p>\n<p style=\"text-align: justify;\"><strong>D\u00e1rkov\u00e9 pantofle na zak\u00e1zku pro spa, hotely, wellness centra!<\/strong><\/p>\n<h2 style=\"text-align: justify;\">D\u00e1rkov\u00e9 pantofle na zak\u00e1zku s potiskem<\/h2>\n<p style=\"text-align: justify;\">Tyto ploch\u00e9 d\u00e1rkov\u00e9 pantofle jsou na zak\u00e1zku vyrobeny z ru\u010dn\u00edkov\u00e9 tkaniny. Pantofle jsou velice pohodln\u00e9 a m\u011bkou\u010dk\u00e9.<\/p>\n<p style=\"text-align: justify;\"><a href=\"http:\/\/predmetyreklamni.eu\/vyrobce\/wp-content\/uploads\/ploch\u00e9-d\u00e1rkov\u00e9-pantofle-na-zak\u00e1zku.jpg\"><img decoding=\"async\" loading=\"lazy\" class=\"alignleft  wp-image-843\" title=\"ploch\u00e9 d\u00e1rkov\u00e9 pantofle na zak\u00e1zku\" alt=\"ploch\u00e9 d\u00e1rkov\u00e9 pantofle na zak\u00e1zku\" src=\"http:\/\/predmetyreklamni.eu\/vyrobce\/wp-content\/uploads\/ploch\u00e9-d\u00e1rkov\u00e9-pantofle-na-zak\u00e1zku-300x300.jpg\" width=\"194\" height=\"194\" srcset=\"https:\/\/predmetyreklamni.eu\/vyrobce\/wp-content\/uploads\/ploch\u00e9-d\u00e1rkov\u00e9-pantofle-na-zak\u00e1zku-300x300.jpg 300w, https:\/\/predmetyreklamni.eu\/vyrobce\/wp-content\/uploads\/ploch\u00e9-d\u00e1rkov\u00e9-pantofle-na-zak\u00e1zku-150x150.jpg 150w, https:\/\/predmetyreklamni.eu\/vyrobce\/wp-content\/uploads\/ploch\u00e9-d\u00e1rkov\u00e9-pantofle-na-zak\u00e1zku.jpg 600w\" sizes=\"(max-width: 194px) 100vw, 194px\" \/><\/a><br \/>\n<strong style=\"text-align: justify;\">Materi\u00e1l <\/strong><span style=\"text-align: justify;\">: ru\u010dn\u00edkov\u00e1 tkanina<br \/>\n<\/span><strong style=\"text-align: justify;\">Dostupn\u00e9 velikosti:<\/strong><span style=\"text-align: justify;\">\u00a0EU 34-43<br \/>\n<\/span><strong style=\"text-align: justify;\">Cena:<\/strong><span style=\"text-align: justify;\">\u00a022.50,- K\u010d\/ks<br \/>\n<\/span><strong style=\"text-align: justify;\">Potisk:<\/strong><span style=\"text-align: justify;\">\u00a0potisk nebo v\u00fd\u0161ivka na zak\u00e1zku<br \/>\n<\/span><strong style=\"text-align: justify;\">Min. objedn\u00e1vka<\/strong><span style=\"text-align: justify;\">: 3000ks<br \/>\n<\/span><strong style=\"text-align: justify;\">P\u0159\u00edslu\u0161enstv\u00ed<\/strong><span style=\"text-align: justify;\">: l\u00e1tkov\u00fd s\u00e1\u010dek (nen\u00ed v cen\u011b)<br \/>\n<\/span><a title=\"ZASLAT POPT\u00c1VKU\" href=\"mailto:info@predmetyreklamni.eu\">ZASLAT POPT\u00c1VKU\u00a0<\/a><\/p>\n<h2 style=\"text-align: justify;\">Uzav\u0159en\u00e9 d\u00e1rkov\u00e9 pantofle na zak\u00e1zku<\/h2>\n<p style=\"text-align: justify;\">Uzav\u0159en\u00e9 d\u00e1rkov\u00e9 pantofle mohou b\u00fdt na zak\u00e1zku opat\u0159eny potiskem loga \u010di zna\u010dky. D\u00e1rkov\u00e9 pantofle na zak\u00e1zku jsou vyrobeny z bavlny a jsou p\u0159\u00edjemn\u00e9 na no\u0161en\u00ed.<\/p>\n<p style=\"text-align: justify;\"><a href=\"http:\/\/predmetyreklamni.eu\/vyrobce\/wp-content\/uploads\/uzav\u0159en\u00e9-d\u00e1rkov\u00e9-pantofle-na-zak\u00e1zku.jpg\"><img decoding=\"async\" loading=\"lazy\" class=\"alignleft  wp-image-846\" title=\"uzav\u0159en\u00e9 d\u00e1rkov\u00e9 pantofle na zak\u00e1zku\" alt=\"uzav\u0159en\u00e9 d\u00e1rkov\u00e9 pantofle na zak\u00e1zku\" src=\"http:\/\/predmetyreklamni.eu\/vyrobce\/wp-content\/uploads\/uzav\u0159en\u00e9-d\u00e1rkov\u00e9-pantofle-na-zak\u00e1zku-300x225.jpg\" width=\"216\" height=\"162\" srcset=\"https:\/\/predmetyreklamni.eu\/vyrobce\/wp-content\/uploads\/uzav\u0159en\u00e9-d\u00e1rkov\u00e9-pantofle-na-zak\u00e1zku-300x225.jpg 300w, https:\/\/predmetyreklamni.eu\/vyrobce\/wp-content\/uploads\/uzav\u0159en\u00e9-d\u00e1rkov\u00e9-pantofle-na-zak\u00e1zku-400x300.jpg 400w, https:\/\/predmetyreklamni.eu\/vyrobce\/wp-content\/uploads\/uzav\u0159en\u00e9-d\u00e1rkov\u00e9-pantofle-na-zak\u00e1zku.jpg 480w\" sizes=\"(max-width: 216px) 100vw, 216px\" \/><\/a><strong style=\"text-align: justify;\"><\/strong><\/p>\n<p style=\"text-align: justify;\"><strong style=\"text-align: justify;\">Materi\u00e1l\u00a0<\/strong><span style=\"text-align: justify;\">: bavlna<br \/>\n<\/span><strong style=\"text-align: justify;\">Dostupn\u00e9 velikosti:<\/strong><span style=\"text-align: justify;\">\u00a0EU 34-43<br \/>\n<\/span><strong style=\"text-align: justify;\">Cena:<\/strong><span style=\"text-align: justify;\">\u00a025,- K\u010d\/ks<br \/>\n<\/span><strong style=\"text-align: justify;\">Potisk:<\/strong><span style=\"text-align: justify;\">\u00a0potisk nebo v\u00fd\u0161ivka na zak\u00e1zku<br \/>\n<\/span><strong style=\"text-align: justify;\">Min. objedn\u00e1vka<\/strong><span style=\"text-align: justify;\">: 3000ks<br \/>\n<\/span><strong style=\"text-align: justify;\">P\u0159\u00edslu\u0161enstv\u00ed<\/strong><span style=\"text-align: justify;\">: l\u00e1tkov\u00fd s\u00e1\u010dek (nen\u00ed v cen\u011b<br \/>\n<\/span><a title=\"ZASLAT POPT\u00c1VKU\" href=\"mailto:info@predmetyreklamni.eu\">ZASLAT POPT\u00c1VKU\u00a0<\/a><\/p>\n<h2 style=\"text-align: justify;\">D\u00e1rkov\u00e9 hotelov\u00e9 pantofle na zak\u00e1zku<\/h2>\n<p style=\"text-align: justify;\">D\u00e1rkov\u00e9 hotelov\u00e9 pantofle na zak\u00e1zku jsou opat\u0159eny potiskem nebo v\u00fd\u0161ivkou. D\u00e1rkov\u00e9 hotelov\u00e9 pantofle by m\u011bli b\u00fdt sou\u010d\u00e1st\u00ed ka\u017ed\u00e9ho pokoje v dobr\u00fdch hotelech. Tyto d\u00e1rkov\u00e9 hotelov\u00e9 pantofle mohou b\u00fdt na zak\u00e1zku dod\u00e1ny v l\u00e1tkov\u00fdch s\u00e1\u010dc\u00edch.<\/p>\n<p style=\"text-align: justify;\"><a href=\"http:\/\/predmetyreklamni.eu\/vyrobce\/wp-content\/uploads\/D\u00e1rkov\u00e9-hotelov\u00e9-pantofle-na-zak\u00e1zku1.jpg\"><img decoding=\"async\" loading=\"lazy\" class=\"alignleft  wp-image-852\" title=\"D\u00e1rkov\u00e9 hotelov\u00e9 pantofle na zak\u00e1zku\" alt=\"D\u00e1rkov\u00e9 hotelov\u00e9 pantofle na zak\u00e1zku\" src=\"http:\/\/predmetyreklamni.eu\/vyrobce\/wp-content\/uploads\/D\u00e1rkov\u00e9-hotelov\u00e9-pantofle-na-zak\u00e1zku1-300x235.jpg\" width=\"240\" height=\"188\" srcset=\"https:\/\/predmetyreklamni.eu\/vyrobce\/wp-content\/uploads\/D\u00e1rkov\u00e9-hotelov\u00e9-pantofle-na-zak\u00e1zku1-300x235.jpg 300w, https:\/\/predmetyreklamni.eu\/vyrobce\/wp-content\/uploads\/D\u00e1rkov\u00e9-hotelov\u00e9-pantofle-na-zak\u00e1zku1-382x300.jpg 382w, https:\/\/predmetyreklamni.eu\/vyrobce\/wp-content\/uploads\/D\u00e1rkov\u00e9-hotelov\u00e9-pantofle-na-zak\u00e1zku1.jpg 455w\" sizes=\"(max-width: 240px) 100vw, 240px\" \/><\/a><\/p>\n<p style=\"text-align: justify;\"><strong><br \/>\nMateri\u00e1l\u00a0<\/strong>: bavlna, ru\u010dn\u00edkov\u00e1 tkanina<br \/>\n<strong>Dostupn\u00e9 velikosti:<\/strong>\u00a0EU 34-43<br \/>\n<strong>Cena:<\/strong>\u00a023,- K\u010d\/ks<br \/>\n<strong>Potisk:<\/strong>\u00a0potisk nebo v\u00fd\u0161ivka na zak\u00e1zku<br \/>\n<strong>Min. objedn\u00e1vka<\/strong>: 3000ks<br \/>\n<strong>P\u0159\u00edslu\u0161enstv\u00ed<\/strong>: l\u00e1tkov\u00fd s\u00e1\u010dek (nen\u00ed v cen\u011b)<br \/>\n<a title=\"ZASLAT POPT\u00c1VKU\" href=\"mailto:info@predmetyreklamni.eu\">ZASLAT POPT\u00c1VKU\u00a0<\/a><\/p>\n<h2 style=\"text-align: justify;\">D\u00e1rkov\u00e9 pantofle na zak\u00e1zku s logem<\/h2>\n<p style=\"text-align: justify;\">Bavln\u011bn\u00e9 d\u00e1rkov\u00e9 pantofle na such\u00fd zip a na zak\u00e1zku opat\u0159en\u00e9 vy\u0161it\u00fdm logem. D\u00e1rkov\u00e9 pantofle jsou vypolstrovan\u00e9 a jsou tak naprosto m\u011bkou\u010dk\u00e9 a pohodln\u00e9.<\/p>\n<p style=\"text-align: justify;\"><a href=\"http:\/\/predmetyreklamni.eu\/vyrobce\/wp-content\/uploads\/d\u00e1rkov\u00e9-pantofle-na-zak\u00e1zku-na-such\u00fd-zip.jpg\"><img decoding=\"async\" loading=\"lazy\" class=\"alignleft size-medium wp-image-848\" title=\"d\u00e1rkov\u00e9 pantofle na zak\u00e1zku s logem\" alt=\"d\u00e1rkov\u00e9 pantofle na zak\u00e1zku s logem\" src=\"http:\/\/predmetyreklamni.eu\/vyrobce\/wp-content\/uploads\/d\u00e1rkov\u00e9-pantofle-na-zak\u00e1zku-na-such\u00fd-zip-300x200.jpg\" width=\"300\" height=\"200\" srcset=\"https:\/\/predmetyreklamni.eu\/vyrobce\/wp-content\/uploads\/d\u00e1rkov\u00e9-pantofle-na-zak\u00e1zku-na-such\u00fd-zip-300x200.jpg 300w, https:\/\/predmetyreklamni.eu\/vyrobce\/wp-content\/uploads\/d\u00e1rkov\u00e9-pantofle-na-zak\u00e1zku-na-such\u00fd-zip-1024x682.jpg 1024w, https:\/\/predmetyreklamni.eu\/vyrobce\/wp-content\/uploads\/d\u00e1rkov\u00e9-pantofle-na-zak\u00e1zku-na-such\u00fd-zip-449x300.jpg 449w\" sizes=\"(max-width: 300px) 100vw, 300px\" \/><\/a><strong style=\"text-align: justify;\">Materi\u00e1l\u00a0<\/strong><span style=\"text-align: justify;\">: bavlna<br \/>\n<\/span><strong style=\"text-align: justify;\">Dostupn\u00e9 velikosti:<\/strong><span style=\"text-align: justify;\">\u00a0EU 34-43<br \/>\n<\/span><strong style=\"text-align: justify;\">Cena:<\/strong><span style=\"text-align: justify;\">\u00a039,- K\u010d\/ks<br \/>\n<\/span><strong style=\"text-align: justify;\">Potisk:<\/strong><span style=\"text-align: justify;\">\u00a0potisk nebo v\u00fd\u0161ivka na zak\u00e1zku<br \/>\n<\/span><strong style=\"text-align: justify;\">Min. objedn\u00e1vka<\/strong><span style=\"text-align: justify;\">: 3000ks<\/span><strong style=\"text-align: justify;\">\u00a0 \u00a0 \u00a0 \u00a0 \u00a0 \u00a0 \u00a0 \u00a0 \u00a0 <\/strong><strong style=\"text-align: justify;\">P\u0159\u00edslu\u0161enstv\u00ed<\/strong><span style=\"text-align: justify;\">: l\u00e1tkov\u00fd s\u00e1\u010dek (nen\u00ed v cen\u011b)<br \/>\n<\/span><a title=\"ZASLAT POPT\u00c1VKU\" href=\"mailto:info@predmetyreklamni.eu\">ZASLAT POPT\u00c1VKU\u00a0<\/a><\/p>\n<p style=\"text-align: justify;\">Chcete si nechat vyrobit vlastn\u00ed reklamn\u00ed d\u00e1rkov\u00e9 pantofle na zak\u00e1zku? Kontaktujte n\u00e1s pro cenovou nab\u00eddku na emailu:<a href=\"mailto:info@predmetyreklamni.eu\">\u00a0info@predmetyreklamni.eu<\/a><\/p>\n<p style=\"text-align: justify;\"><strong>Do cenov\u00e9 popt\u00e1vky pros\u00edm uve\u010fte pot\u0159ebn\u00e9 informace pro cenovou nab\u00eddku jako<\/strong>: mno\u017estv\u00ed, materi\u00e1l, velikost reklamn\u00ed d\u00e1rkov\u00e9 pantofle, barevn\u00e9 proveden\u00ed nebo kombinaci barev, dobu dod\u00e1n\u00ed. V\u0161echny tyto informace n\u00e1m pomohou k rychlej\u0161\u00edmu zpracov\u00e1n\u00ed cenov\u00e9 nab\u00eddky pr\u00e1v\u011b pro V\u00e1s.<\/p>\n<p style=\"text-align: justify;\">T\u011b\u0161\u00edme se na spolupr\u00e1ci! Team Gifts Service<\/p>\n","protected":false},"excerpt":{"rendered":"<p>D\u00c1RKOV\u00c9 PANTOFLE NA ZAK\u00c1ZKU D\u00e1rkov\u00e9 pantofle na zak\u00e1zku Mezi na\u0161e dal\u0161\u00ed produkty, kter\u00e9 si m\u016f\u017eete nechat na zak\u00e1zku vyrobit pat\u0159\u00ed d\u00e1rkov\u00e9 pantofle. D\u00e1rkov\u00e9 pantofle na zak\u00e1zku jsou vyr\u00e1b\u011bny z hygienick\u00fdmi a velmi lehk\u00fdmi podr\u00e1\u017ekami a jsou velice pohodln\u00e9. Nechte si &hellip; <a href=\"https:\/\/predmetyreklamni.eu\/vyrobce\/darkove-pantofle-na-zakazku\/\">Continue reading <span class=\"meta-nav\">&rarr;<\/span><\/a><\/p>\n","protected":false},"author":1,"featured_media":0,"parent":0,"menu_order":22,"comment_status":"closed","ping_status":"open","template":"sidebar-page.php","meta":[],"_links":{"self":[{"href":"https:\/\/predmetyreklamni.eu\/vyrobce\/wp-json\/wp\/v2\/pages\/751"}],"collection":[{"href":"https:\/\/predmetyreklamni.eu\/vyrobce\/wp-json\/wp\/v2\/pages"}],"about":[{"href":"https:\/\/predmetyreklamni.eu\/vyrobce\/wp-json\/wp\/v2\/types\/page"}],"author":[{"embeddable":true,"href":"https:\/\/predmetyreklamni.eu\/vyrobce\/wp-json\/wp\/v2\/users\/1"}],"replies":[{"embeddable":true,"href":"https:\/\/predmetyreklamni.eu\/vyrobce\/wp-json\/wp\/v2\/comments?post=751"}],"version-history":[{"count":24,"href":"https:\/\/predmetyreklamni.eu\/vyrobce\/wp-json\/wp\/v2\/pages\/751\/revisions"}],"predecessor-version":[{"id":2926,"href":"https:\/\/predmetyreklamni.eu\/vyrobce\/wp-json\/wp\/v2\/pages\/751\/revisions\/2926"}],"wp:attachment":[{"href":"https:\/\/predmetyreklamni.eu\/vyrobce\/wp-json\/wp\/v2\/media?parent=751"}],"curies":[{"name":"wp","href":"https:\/\/api.w.org\/{rel}","templated":true}]}}