{"id":828,"date":"2013-04-13T17:22:25","date_gmt":"2013-04-13T17:22:25","guid":{"rendered":"http:\/\/predmetyreklamni.eu\/vyrobce\/?page_id=828"},"modified":"2014-03-13T15:00:23","modified_gmt":"2014-03-13T15:00:23","slug":"reklamni-zabky-vyrobce","status":"publish","type":"page","link":"https:\/\/predmetyreklamni.eu\/vyrobce\/reklamni-zabky-vyrobce\/","title":{"rendered":"Reklamn\u00ed \u017eabky v\u00fdrobce"},"content":{"rendered":"<h1 style=\"text-align: justify;\">REKLAMN\u00cd \u017dABKY V\u00ddROBCE<\/h1>\n<h2 style=\"text-align: justify;\">Reklamn\u00ed \u017eabky p\u0159\u00edmo od v\u00fdrobce za skv\u011bl\u00e9 ceny<\/h2>\n<div style=\"text-align: justify;\">Jsme profesion\u00e1ln\u00ed v\u00fdrobce reklamn\u00ed \u017eabky dle zad\u00e1n\u00ed klienta. Vzhledem k tomu, \u017ee jsme p\u0159\u00edm\u00fd z\u00e1stupce v\u00fdrobce reklamn\u00ed \u017eabky, zam\u011b\u0159ujeme se na firemn\u00ed klientelu a velk\u00e9 objemy v \u0159\u00e1du stovek nikoliv na koncov\u00e9 z\u00e1kazn\u00edky a tedy kusovou v\u00fdrobu reklamn\u00ed \u017eabky. D\u00edky na\u0161\u00ed pozici p\u0159\u00edm\u00e9ho z\u00e1stupce v\u00fdrobce reklamn\u00ed \u017eabky, V\u00e1m m\u016f\u017eeme nab\u00eddnout individu\u00e1ln\u00ed p\u0159\u00edstup, kvalitn\u00ed produkty a v\u00fdhodn\u00e9 ceny.<\/div>\n<div style=\"text-align: justify;\"><\/div>\n<h2 style=\"text-align: justify;\">Reklamn\u00ed \u017eabky postup v\u00fdrobce<\/h2>\n<p style=\"text-align: justify;\"><a href=\"http:\/\/predmetyreklamni.eu\/vyrobce\/wp-content\/uploads\/v\u00fdroba-reklamn\u00ed-\u017eabky-na-zak\u00e1zku.jpg\"><img decoding=\"async\" loading=\"lazy\" class=\"alignleft\" title=\"reklamn\u00ed \u017eabky zak\u00e1zkov\u00e1 v\u00fdroba\" alt=\"reklamn\u00ed \u017eabky zak\u00e1zkov\u00e1 v\u00fdroba\" src=\"http:\/\/predmetyreklamni.eu\/vyrobce\/wp-content\/uploads\/v\u00fdroba-reklamn\u00ed-\u017eabky-na-zak\u00e1zku-300x223.jpg\" width=\"240\" height=\"178\" \/><\/a>Samotn\u00e1 v\u00fdroba reklamn\u00ed \u017eabky za\u010d\u00edn\u00e1 u v\u00fdroby podr\u00e1\u017eky, kter\u00e1 je ve v\u011bt\u0161in\u011b p\u0159\u00edpad\u016f\u00a0z\u00a0p\u011bnov\u00e9\u00a0um\u011bl\u00e9 hmoty, ke kter\u00e9 se p\u0159ichyt\u00ed p\u00e1sky. Tyto p\u00e1sky jsou po stran\u00e1ch v m\u00edst\u011b pobl\u00ed\u017e palce p\u0159ipevn\u011bny k podr\u00e1\u017ece. V\u00fdroba reklamn\u00ed \u017eabky se skl\u00e1d\u00e1 z n\u011bkolika proces\u016f, kter\u00e9 spo\u010d\u00edvaj\u00ed ve\u00a0vysek\u00e1v\u00e1n\u00ed dvou \u010d\u00e1st\u00ed ze syntetick\u00e9ho materi\u00e1lu na v\u00fdrobu vrchn\u00ed \u010d\u00e1sti, v prod\u011brav\u011bn\u00ed vr\u0161ku v \u010d\u00e1sti, kde se poj\u00ed k podr\u00e1\u017ece, stla\u010den\u00ed pot\u0159ebn\u00e9 vrstvy vrchn\u00ed \u010d\u00e1sti alespo\u0148 v oblasti vn\u011bj\u0161\u00edho povrchu kolem ka\u017ed\u00e9 d\u00edrky, um\u00edst\u011bn\u00ed vr\u0161ku do formy pro v\u00fdrobu spodn\u00ed \u010d\u00e1sti, vlit\u00ed plastick\u00e9ho materi\u00e1lu na v\u00fdrobu spodn\u00ed \u010d\u00e1sti, spojen\u00ed spodn\u00ed \u010d\u00e1sti a postrann\u00edch \u010d\u00e1st\u00ed vr\u0161ku, vst\u0159ikov\u00e1n\u00ed plastick\u00e9 hmoty do ka\u017ed\u00e9 d\u00edrky a pln\u011bn\u00ed vznikl\u00fdch prol\u00e1klin.<\/p>\n<p style=\"text-align: justify;\">Jsou r\u016fzn\u00e9 zp\u016fsoby jak v\u00fdrobce m\u016f\u017ee reklamn\u00ed \u017eabky na zak\u00e1zku opat\u0159it logem. Jedn\u00e1 se nap\u0159\u00edklad o potisk, strojovou v\u00fd\u0161ivku nebo na\u017eehlovac\u00ed etaketu. Vyberte si kteroukoliv z variant a v\u00fdrobce reklamn\u00ed \u017eabky na zak\u00e1zku V\u00e1m zhotov\u00ed unik\u00e1tn\u00ed \u017eabky s potiskem loga \u010di zna\u010dky.<\/p>\n<h2 style=\"text-align: justify;\">Reklamn\u00ed \u017eabky &#8211; kontrola kvality u v\u00fdrobce<\/h2>\n<p style=\"text-align: justify;\">Reklamn\u00ed \u017eabky v\u00fdrobce kontroluje po celou dobu pr\u016fb\u011bhu v\u00fdroby, abychom mohli zajistit jejich kvalitu. Na\u0161e firma zastupuje v\u00fdrobce se s\u00eddlem v \u010c\u00edn\u011b, kde disponujeme vlastn\u00ed kancel\u00e1\u0159\u00ed, tud\u00ed\u017e kontrola kvality pro n\u00e1s nen\u00ed slo\u017eit\u00fdm procesem. Pro v\u00fdrobu reklamn\u00ed \u017eabky v\u00fdrobce vyu\u017e\u00edv\u00e1 pouze kvalitn\u00edch materi\u00e1l\u016f &#8211; na\u0161\u00edm c\u00edlem je vyr\u00e1b\u011bt pro sv\u00e9 z\u00e1kazn\u00edky \u017eabky perfektn\u00ed kvality, kter\u00e9 budou pohodln\u00e9 a p\u0159izp\u016fsobiv\u00e9 ka\u017ed\u00e9mu chodidlu.<\/p>\n<p style=\"text-align: justify;\"><a href=\"http:\/\/predmetyreklamni.eu\/vyrobce\/wp-content\/uploads\/v\u00fdroba-reklamn\u00ed-\u017eakby-vst\u0159ikovac\u00ed-stroj.jpg\"><img decoding=\"async\" loading=\"lazy\" class=\" wp-image-869 alignleft\" title=\"v\u00fdroba reklamn\u00ed \u017eakby - vst\u0159ikovac\u00ed stroj\" alt=\"v\u00fdroba reklamn\u00ed \u017eakby - vst\u0159ikovac\u00ed stroj\" src=\"http:\/\/predmetyreklamni.eu\/vyrobce\/wp-content\/uploads\/v\u00fdroba-reklamn\u00ed-\u017eakby-vst\u0159ikovac\u00ed-stroj-300x128.jpg\" width=\"270\" height=\"115\" srcset=\"https:\/\/predmetyreklamni.eu\/vyrobce\/wp-content\/uploads\/v\u00fdroba-reklamn\u00ed-\u017eakby-vst\u0159ikovac\u00ed-stroj-300x128.jpg 300w, https:\/\/predmetyreklamni.eu\/vyrobce\/wp-content\/uploads\/v\u00fdroba-reklamn\u00ed-\u017eakby-vst\u0159ikovac\u00ed-stroj.jpg 437w\" sizes=\"(max-width: 270px) 100vw, 270px\" \/><\/a><\/p>\n<p style=\"text-align: justify;\"><img decoding=\"async\" loading=\"lazy\" class=\" wp-image-869 alignleft\" title=\"reklamn\u00ed \u017eabky dodavatel\" alt=\"reklamn\u00ed \u017eabky dodavatel\" src=\"http:\/\/predmetyreklamni.eu\/vyrobce\/wp-content\/uploads\/v\u00fdroba-reklamn\u00ed-\u017eabky-na-zak\u00e1zku-forma-300x211.jpg\" width=\"175\" height=\"123\" \/><\/p>\n<p style=\"text-align: justify;\">\n<p style=\"text-align: justify;\">\n<p style=\"text-align: justify;\">\n<p style=\"text-align: justify;\">\n<p style=\"text-align: justify;\">Chcete si nechat vyrobit vlastn\u00ed reklamn\u00ed \u017eabky \u010di pantofle na zak\u00e1zku p\u0159\u00edmo od v\u00fdrobce? Kontaktujte n\u00e1s pro cenovou nab\u00eddku na emailu:<a href=\"mailto:info@predmetyreklamni.eu\">\u00a0info@predmetyreklamni.eu<\/a><\/p>\n<p style=\"text-align: justify;\"><strong>Do cenov\u00e9 popt\u00e1vky pros\u00edm uve\u010fte pot\u0159ebn\u00e9 informace pro cenovou nab\u00eddku jako<\/strong>: mno\u017estv\u00ed, materi\u00e1l, velikost reklamn\u00ed pantofle \u010di \u017eabky, barevn\u00e9 proveden\u00ed nebo kombinaci barev, dobu dod\u00e1n\u00ed. V\u0161echny tyto informace n\u00e1m pomohou k rychlej\u0161\u00edmu zpracov\u00e1n\u00ed cenov\u00e9 nab\u00eddky pr\u00e1v\u011b pro V\u00e1s.<\/p>\n<p style=\"text-align: justify;\">T\u011b\u0161\u00edme se na spolupr\u00e1ci! Team Gifts Service<\/p>\n<p style=\"text-align: justify;\">\n","protected":false},"excerpt":{"rendered":"<p>REKLAMN\u00cd \u017dABKY V\u00ddROBCE Reklamn\u00ed \u017eabky p\u0159\u00edmo od v\u00fdrobce za skv\u011bl\u00e9 ceny Jsme profesion\u00e1ln\u00ed v\u00fdrobce reklamn\u00ed \u017eabky dle zad\u00e1n\u00ed klienta. Vzhledem k tomu, \u017ee jsme p\u0159\u00edm\u00fd z\u00e1stupce v\u00fdrobce reklamn\u00ed \u017eabky, zam\u011b\u0159ujeme se na firemn\u00ed klientelu a velk\u00e9 objemy v \u0159\u00e1du stovek &hellip; <a href=\"https:\/\/predmetyreklamni.eu\/vyrobce\/reklamni-zabky-vyrobce\/\">Continue reading <span class=\"meta-nav\">&rarr;<\/span><\/a><\/p>\n","protected":false},"author":1,"featured_media":0,"parent":0,"menu_order":22,"comment_status":"closed","ping_status":"open","template":"sidebar-page.php","meta":[],"_links":{"self":[{"href":"https:\/\/predmetyreklamni.eu\/vyrobce\/wp-json\/wp\/v2\/pages\/828"}],"collection":[{"href":"https:\/\/predmetyreklamni.eu\/vyrobce\/wp-json\/wp\/v2\/pages"}],"about":[{"href":"https:\/\/predmetyreklamni.eu\/vyrobce\/wp-json\/wp\/v2\/types\/page"}],"author":[{"embeddable":true,"href":"https:\/\/predmetyreklamni.eu\/vyrobce\/wp-json\/wp\/v2\/users\/1"}],"replies":[{"embeddable":true,"href":"https:\/\/predmetyreklamni.eu\/vyrobce\/wp-json\/wp\/v2\/comments?post=828"}],"version-history":[{"count":22,"href":"https:\/\/predmetyreklamni.eu\/vyrobce\/wp-json\/wp\/v2\/pages\/828\/revisions"}],"predecessor-version":[{"id":2936,"href":"https:\/\/predmetyreklamni.eu\/vyrobce\/wp-json\/wp\/v2\/pages\/828\/revisions\/2936"}],"wp:attachment":[{"href":"https:\/\/predmetyreklamni.eu\/vyrobce\/wp-json\/wp\/v2\/media?parent=828"}],"curies":[{"name":"wp","href":"https:\/\/api.w.org\/{rel}","templated":true}]}}